{"id":81427,"date":"2021-01-06T16:55:58","date_gmt":"2021-01-06T16:55:58","guid":{"rendered":"https:\/\/www.atlasrleye.com\/principal\/"},"modified":"2026-03-30T12:09:19","modified_gmt":"2026-03-30T12:09:19","slug":"principal","status":"publish","type":"page","link":"https:\/\/www.atlasrleye.com\/fr\/","title":{"rendered":"Principal"},"content":{"rendered":"<div class=\"wpb-content-wrapper\"><p>[vc_row css=\u00a0\u00bb.vc_custom_1731028165986{margin-left: 10px !important;}\u00a0\u00bb][vc_column width=\u00a0\u00bb3\/5&Prime;]<div class=\"ult-spacer spacer-6a06d8fe775ba\" data-id=\"6a06d8fe775ba\" data-height=\"0\" data-height-mobile=\"0\" data-height-tab=\"0\" data-height-tab-portrait=\"\" data-height-mobile-landscape=\"\" style=\"clear:both;display:block;\"><\/div>[vc_column_text css=\u00a0\u00bb\u00a0\u00bb]<\/p>\n<h2><span style=\"color: #b71d71;\">Atlas RL-eye<\/span><\/h2>\n<p>&nbsp;<\/p>\n<h3>Bienvenues!<\/h3>\n<p>&nbsp;<\/p>\n<p style=\"text-align: justify; font-size: 17px;\">L\u2019Atlas RL-eye est une base de donn\u00e9es ophtalmologiques en ligne et en libre acc\u00e8s, \u00e9dit\u00e9e par des sp\u00e9cialistes du Centre chirurgical de Coimbra. Chaque cas clinique est pr\u00e9sent\u00e9 avec tous les examens diagnostiques compl\u00e9mentaires, r\u00e9alis\u00e9s \u00e0 l\u2019aide de la technologie la plus r\u00e9cente (Zeiss, Heidelberg, Sony et Optos).<br \/>\nChaque image est importante et fondamentale pour l\u2019\u00e9valuation, la compr\u00e9hension et le suivi de chaque patient. En plus du diagnostic, le traitement, la chirurgie (si n\u00e9cessaire), l\u2019\u00e9volution et la gu\u00e9rison sont pr\u00e9sent\u00e9s. Il devient donc un atlas unique et puissant dans l\u2019enseignement et l\u2019apprentissage, tant pour le patient, avide d\u2019informations fiables, que pour les \u00e9tudiants, professionnels de sant\u00e9 et surtout pour tout ophtalmologiste.<br \/>\nIl s\u2019agit d\u2019un atlas qui est constamment mis \u00e0 jour et en progression.<\/p>\n<p>[\/vc_column_text][\/vc_column][vc_column css_animation=\u00a0\u00bbnone\u00a0\u00bb width=\u00a0\u00bb2\/5&Prime;]<div class=\"ult-spacer spacer-6a06d8fe7762a\" data-id=\"6a06d8fe7762a\" data-height=\"0\" data-height-mobile=\"0\" data-height-tab=\"0\" data-height-tab-portrait=\"\" data-height-mobile-landscape=\"\" style=\"clear:both;display:block;\"><\/div>[vc_column_text css=\u00a0\u00bb.vc_custom_1734487362076{margin-bottom: 0px !important;}\u00a0\u00bb]<\/p>\n<h2 style=\"text-align: center;\"><span style=\"color: #b71d71;\">Publications R\u00e9centes<br \/>\n<\/span><\/h2>\n<p>[\/vc_column_text][vc_posts_slider count=\u00a0\u00bball\u00a0\u00bb interval=\u00a0\u00bb5&Prime; slides_content=\u00a0\u00bbteaser\u00a0\u00bb slides_title=\u00a0\u00bb1&Prime; link=\u00a0\u00bbcustom_link\u00a0\u00bb custom_links=\u00a0\u00bb#E-8_aHR0cHMlM0ElMkYlMkZ3d3cuYXRsYXNybGV5ZS5jb20lMkZhdGxhcyUyRiUyMzE3NTA1MzA1MTA1MDMtMjkxMDczMGYtMGE2YiUyQ2h0dHBzJTNBJTJGJTJGd3d3LmF0bGFzcmxleWUuY29tJTJGYXRsYXMlMkYlMjMxNzUwNTMwNTEwNTAzLTI5MTA3MzBmLTBhNmIlMkNodHRwcyUzQSUyRiUyRnd3dy5hdGxhc3JsZXllLmNvbSUyRmRvZW5jYXMtdmFzY3VsYXJlcy1kYS1yZXRpbmElMkZvY2x1c2FvLWRhLXZlaWEtY2VudHJhbC1kYS1yZXRpbmElMkZjYXNvLWNsaW5pY28tOSUyRiUyQ2h0dHBzJTNBJTJGJTJGd3d3LmF0bGFzcmxleWUuY29tJTJGc2luZHJvbWFzLWUtZGlzdHJvZmlhcy1yZXRpbmlhbmFzJTJGYXRyb2ZpYS1jb3Jpb3JyZXRpbmlhbmEtcGlnbWVudGFkYS1wYXJhdmVub3NhJTJGY2Fzby1jbGluaWNvLTElMkYlMkNodHRwcyUzQSUyRiUyRnd3dy5hdGxhc3JsZXllLmNvbSUyRnNpbmRyb21hcy1lLWRpc3Ryb2ZpYXMtcmV0aW5pYW5hcyUyRmF0cm9maWEtZ2lyYXRhJTJGY2Fzby1jbGluaWNvLTIlMkYlMkNodHRwcyUzQSUyRiUyRnd3dy5hdGxhc3JsZXllLmNvbSUyRmRvZW5jYXMtbWFjdWxhcmVzJTJGZm92ZW9zY2hpc2lzLW1pb3BpY2ElMkZjYXNvLWNsaW5pY28tNyUyRiUyQ2h0dHBzJTNBJTJGJTJGd3d3LmF0bGFzcmxleWUuY29tJTJGcmV0aW5vcGF0aWFzLXRyYXVtYXRpY2FzLWUtdG94aWNhcyUyRmNvcnBvcy1lc3RyYW5ob3MtaW50cmFvY3VsYXJlcyUyRmNhc28tY2xpbmljby0zJTJGJTJDaHR0cHMlM0ElMkYlMkZ3d3cuYXRsYXNybGV5ZS5jb20lMkZyZXRpbm9wYXRpYXMtdHJhdW1hdGljYXMtZS10b3hpY2FzJTJGcnVwdHVyYS1kYXMtZmlicmFzLXpvbnVsYXJlcyUyRmNhc28tY2xpbmljby0xJTJGJTJDaHR0cHMlM0ElMkYlMkZ3d3cuYXRsYXNybGV5ZS5jb20lMkZkb2VuY2FzLXZhc2N1bGFyZXMtZGEtcmV0aW5hJTJGYW5lbWlhLWRlLWNlbHVsYXMtZmFsY2lmb3JtZXMlMkZjYXNvLWNsaW5pY28tMSUyRiUyQ2h0dHBzJTNBJTJGJTJGd3d3LmF0bGFzcmxleWUuY29tJTJGcmV0aW5vcGF0aWEtZGlhYmV0aWNhJTJGcmV0aW5vcGF0aWEtZGlhYmV0aWNhLXByb2xpZmVyYXRpdmEtdGlwby1pJTJGY2Fzby1jbGluaWNvLTEyJTJGJTJDaHR0cHMlM0ElMkYlMkZ3d3cuYXRsYXNybGV5ZS5jb20lMkZyZXRpbm9wYXRpYS1kaWFiZXRpY2ElMkZyZXRpbm9wYXRpYS1kaWFiZXRpY2EtcHJvbGlmZXJhdGl2YS10aXBvLWlpJTJGY2Fzby1jbGluaWNvLTYlMkYlMkNodHRwcyUzQSUyRiUyRnd3dy5hdGxhc3JsZXllLmNvbSUyRnJldGlub3BhdGlhLWRpYWJldGljYSUyRnJldGlub3BhdGlhLWRpYWJldGljYS1wcm9saWZlcmF0aXZhLXRpcG8taSUyRmNhc28tY2xpbmljby0xMSUyRiUyQ2h0dHBzJTNBJTJGJTJGd3d3LmF0bGFzcmxleWUuY29tJTJGcmV0aW5vcGF0aWFzLXRyYXVtYXRpY2FzLWUtdG94aWNhcyUyRmRlc2NvbGFtZW50by1kYS1yZXRpbmElMkZjYXNvLWNsaW5pY28tNSUyRiUyQ2h0dHBzJTNBJTJGJTJGd3d3LmF0bGFzcmxleWUuY29tJTJGZG9lbmNhcy1tYWN1bGFyZXMlMkZzaW5kcm9tYS1kZS10cmFjY2FvLXZpdHJlb21hY3VsYXIlMkZjYXNvLWNsaW5pY28tOSUyRiUyQ2h0dHBzJTNBJTJGJTJGd3d3LmF0bGFzcmxleWUuY29tJTJGZG9lbmNhcy1kYS1yZXRpbmEtcGVyaWZlcmljYSUyRmRlc2NvbGFtZW50by1yZWdtYXRvZ2VuaW8tZGEtcmV0aW5hJTJGY2Fzby1jbGluaWNvLTE4JTJGJTJDaHR0cHMlM0ElMkYlMkZ3d3cuYXRsYXNybGV5ZS5jb20lMkZkb2VuY2FzLWRhLXJldGluYS1wZXJpZmVyaWNhJTJGZGVzY29sYW1lbnRvLXJlZ21hdG9nZW5pby1kYS1yZXRpbmElMkZjYXNvLWNsaW5pY28tMTclMkYlMkNodHRwcyUzQSUyRiUyRnd3dy5hdGxhc3JsZXllLmNvbSUyRmRvZW5jYXMtbWFjdWxhcmVzJTJGZm92ZW9zY2hpc2lzLW1pb3BpY2ElMkZjYXNvLWNsaW5pY28tNCUyRiUyQ2h0dHBzJTNBJTJGJTJGd3d3LmF0bGFzcmxleWUuY29tJTJGZG9lbmNhcy1tYWN1bGFyZXMlMkZtaW9waWEtZGVnZW5lcmF0aXZhJTJGY2Fzby1jbGluaWNvLTklMkYlMkNodHRwcyUzQSUyRiUyRnd3dy5hdGxhc3JsZXllLmNvbSUyRmRvZW5jYXMtdmFzY3VsYXJlcy1kYS1yZXRpbmElMkZvY2x1c2FvLWRhLXZlaWEtY2VudHJhbC1kYS1yZXRpbmElMkZjYXNvLWNsaW5pY28tOCUyRiUyQ2h0dHBzJTNBJTJGJTJGd3d3LmF0bGFzcmxleWUuY29tJTJGZG9lbmNhcy1kby1uZXJ2by1vcHRpY28lMkZmb3NzZXRhcy1jb25nZW5pdGFzLWRvLWRpc2NvLW9wdGljbyUyRmNhc28tY2xpbmljby01JTJGJTJDaHR0cHMlM0ElMkYlMkZ3d3cuYXRsYXNybGV5ZS5jb20lMkZkb2VuY2FzLW1hY3VsYXJlcyUyRm1lbWJyYW5hcy1lcGlycmV0aW5pYW5hcyUyRmNhc28tY2xpbmljby0xNCUyRiUyQ2h0dHBzJTNBJTJGJTJGd3d3LmF0bGFzcmxleWUuY29tJTJGZG9lbmNhcy1tYWN1bGFyZXMlMkZtZW1icmFuYXMtZXBpcnJldGluaWFuYXMlMkZjYXNvLWNsaW5pY28tMTMlMkYlMkNodHRwcyUzQSUyRiUyRnd3dy5hdGxhc3JsZXllLmNvbSUyRmRvZW5jYXMtY29uZ2VuaXRhcy1lLXBlZGlhdHJpY2FzLWRhLXJldGluYSUyRmNvbG9ib21hLWNvcmlvcnJldGluaWFubyUyRmNhc28tY2xpbmljby0zJTJGJTJDaHR0cHMlM0ElMkYlMkZ3d3cuYXRsYXNybGV5ZS5jb20lMkZkb2VuY2FzLWNvbmdlbml0YXMtZS1wZWRpYXRyaWNhcy1kYS1yZXRpbmElMkZkb2VuY2EtZGUtY29hdHMlMkZjYXNvLWNsaW5pY28tMiUyRg==\u00a0\u00bb orderby=\u00a0\u00bbdate\u00a0\u00bb css=\u00a0\u00bb.vc_custom_1757586123121{margin-bottom: 10px !important;margin-left: 30px !important;}\u00a0\u00bb posttypes=\u00a0\u00bbpost\u00a0\u00bb categories=\u00a0\u00bbPagina Principal,\u00a0\u00bb el_class=\u00a0\u00bbpublicacoes\u00a0\u00bb][\/vc_column][\/vc_row][vc_row content_placement=\u00a0\u00bbmiddle\u00a0\u00bb enable_overlay=\u00a0\u00bbenable_overlay_value\u00a0\u00bb overlay_color=\u00a0\u00bb#8224e3&Prime; css=\u00a0\u00bb.vc_custom_1711628176428{background-image: url(https:\/\/www.atlasrleye.com\/wp-content\/uploads\/2023\/01\/andgodsaid-1-e1675191928496.png?id=77965) !important;background-position: center !important;background-repeat: no-repeat !important;background-size: contain !important;}\u00a0\u00bb el_class=\u00a0\u00bbccc\u00a0\u00bb][vc_column width=\u00a0\u00bb1\/2&Prime;][vc_column_text]<\/p>\n<h1 style=\"text-align: center;\"><div class=\"ult-spacer spacer-6a06d8fe7767c\" data-id=\"6a06d8fe7767c\" data-height=\"10\" data-height-mobile=\"10\" data-height-tab=\"10\" data-height-tab-portrait=\"\" data-height-mobile-landscape=\"\" style=\"clear:both;display:block;\"><\/div>[vc_column_text css_animation=\u00a0\u00bbnone\u00a0\u00bb]<\/h1>\n<div class=\"ult-spacer spacer-6a06d8fe776cb\" data-id=\"6a06d8fe776cb\" data-height=\"10\" data-height-mobile=\"10\" data-height-tab=\"10\" data-height-tab-portrait=\"\" data-height-mobile-landscape=\"\" style=\"clear:both;display:block;\"><\/div>[vc_column_text css_animation=\u00a0\u00bbnone\u00a0\u00bb]<\/p>\n<div class=\"ult-spacer spacer-6a06d8fe77730\" data-id=\"6a06d8fe77730\" data-height=\"10\" data-height-mobile=\"10\" data-height-tab=\"10\" data-height-tab-portrait=\"\" data-height-mobile-landscape=\"\" style=\"clear:both;display:block;\"><\/div>[vc_column_text css_animation=\u00a0\u00bbnone\u00a0\u00bb]<\/p>\n<h1 style=\"text-align: center;\"><\/h1>\n<h1 style=\"text-align: center;\"><\/h1>\n<h1 style=\"text-align: center;\"><\/h1>\n<h1 style=\"text-align: center;\"><\/h1>\n<h1 style=\"text-align: center;\"><\/h1>\n<h1 style=\"text-align: center;\"><\/h1>\n<h1 style=\"text-align: center;\"><\/h1>\n<h1 style=\"text-align: center;\"><\/h1>\n<h1 style=\"text-align: center;\"><\/h1>\n<h1 style=\"text-align: center;\"><\/h1>\n<h1 style=\"text-align: center;\"><\/h1>\n<h1 style=\"text-align: center;\"><\/h1>\n<h1 style=\"text-align: center;\"><\/h1>\n<h1 style=\"text-align: center;\"><\/h1>\n<h1 style=\"text-align: center;\"><\/h1>\n<h1 style=\"text-align: center;\"><\/h1>\n<h1 style=\"text-align: center;\"><\/h1>\n<h1 style=\"text-align: center;\"><\/h1>\n<h1 style=\"text-align: center;\"><\/h1>\n<h1 style=\"text-align: center;\"><\/h1>\n<h1 style=\"text-align: center;\"><\/h1>\n<h1 style=\"text-align: center;\"><\/h1>\n<h1 style=\"text-align: center;\"><\/h1>\n<p>[\/vc_column_text][\/vc_column][vc_column width=\u00a0\u00bb1\/2&Prime;][vc_column_text]<\/p>\n<h1 style=\"text-align: center;\"><div class=\"ult-spacer spacer-6a06d8fe7777d\" data-id=\"6a06d8fe7777d\" data-height=\"10\" data-height-mobile=\"10\" data-height-tab=\"10\" data-height-tab-portrait=\"\" data-height-mobile-landscape=\"\" style=\"clear:both;display:block;\"><\/div>[vc_column_text css_animation=\u00a0\u00bbnone\u00a0\u00bb]<\/h1>\n<div class=\"ult-spacer spacer-6a06d8fe777c4\" data-id=\"6a06d8fe777c4\" data-height=\"10\" data-height-mobile=\"10\" data-height-tab=\"10\" data-height-tab-portrait=\"\" data-height-mobile-landscape=\"\" style=\"clear:both;display:block;\"><\/div>[vc_column_text css_animation=\u00a0\u00bbnone\u00a0\u00bb]<\/p>\n<div class=\"ult-spacer spacer-6a06d8fe7780a\" data-id=\"6a06d8fe7780a\" data-height=\"10\" data-height-mobile=\"10\" data-height-tab=\"10\" data-height-tab-portrait=\"\" data-height-mobile-landscape=\"\" style=\"clear:both;display:block;\"><\/div>[vc_column_text css_animation=\u00a0\u00bbnone\u00a0\u00bb]<\/p>\n<h1 style=\"text-align: center;\"><\/h1>\n<h1 style=\"text-align: center;\"><\/h1>\n<h1 style=\"text-align: center;\"><\/h1>\n<h1 style=\"text-align: center;\"><\/h1>\n<h1 style=\"text-align: center;\"><\/h1>\n<h1 style=\"text-align: center;\"><\/h1>\n<h1 style=\"text-align: center;\"><\/h1>\n<h1 style=\"text-align: center;\"><\/h1>\n<h1 style=\"text-align: center;\"><\/h1>\n<h1 style=\"text-align: center;\"><\/h1>\n<h1 style=\"text-align: center;\"><\/h1>\n<h1 style=\"text-align: center;\"><\/h1>\n<h1 style=\"text-align: center;\"><\/h1>\n<h1 style=\"text-align: center;\"><\/h1>\n<h1 style=\"text-align: center;\"><\/h1>\n<h1 style=\"text-align: center;\"><\/h1>\n<h1 style=\"text-align: center;\"><\/h1>\n<h1 style=\"text-align: center;\"><\/h1>\n<h1 style=\"text-align: center;\"><\/h1>\n<h1 style=\"text-align: center;\"><\/h1>\n<h1 style=\"text-align: center;\"><\/h1>\n<h1 style=\"text-align: center;\"><\/h1>\n<h1 style=\"text-align: center;\"><\/h1>\n<p>[\/vc_column_text][\/vc_column][\/vc_row][vc_row][vc_column width=\u00a0\u00bb1\/3&Prime;][vc_column_text css=\u00a0\u00bb.vc_custom_1734487691189{margin-bottom: 15px !important;}\u00a0\u00bb]<div class=\"ult_pricing_table_wrap ult_design_2  ult-cs-black  \">\n\t\t\t\t\t<div class=\"ult_pricing_table  \" style=\"\"><div id=\"price-table-wrap-3027\" class=\"ult_pricing_heading\" style=\"\">\n\t\t\t\t\t\t\t<h3  data-ultimate-target='#price-table-wrap-3027 .cust-headformat'  data-responsive-json-new='{\"font-size\":\"\",\"line-height\":\"\"}'  class=\"price-heading ult-responsive cust-headformat\" style=\"font-weight:normal;\">Maladies<\/h3><\/div><!--ult_pricing_heading--><div class=\"ult_price_body_block\">\n\t\t\t\t\t\t\t<div class=\"ult_price_body\">\n\t\t\t\t\t\t\t\t<div id=\"price-table-wrap-3353\" class=\"ult_price\">\n\t\t\t\t\t\t\t\t\t<span  data-ultimate-target='#price-table-wrap-3353 .ult_price_figure'  data-responsive-json-new='{\"font-size\":\"\",\"line-height\":\"\"}'  class=\"ult_price_figure ult-responsive\" style=\"font-weight:normal;\">128<\/span>\n\t\t\t\t\t\t\t\t\t<span  data-ultimate-target='#price-table-wrap-3353 .ult_price_term'  data-responsive-json-new='{\"font-size\":\"\",\"line-height\":\"\"}'  class=\"ult_price_term ult-responsive\" style=\"font-weight:normal;\"><\/span>\n\t\t\t\t\t\t\t\t<\/div>\n\t\t\t\t\t\t\t<\/div>\n\t\t\t\t\t\t<\/div><!--ult_price_body_block--><div id=\"price-table-features-wrap-9191\" class=\"ult_price_features ult-responsive\"  data-ultimate-target='#price-table-features-wrap-9191'  data-responsive-json-new='{\"font-size\":\"\",\"line-height\":\"\"}'  style=\"font-weight:normal;\">\n\t\t\t\t\t\t\t\n\t\t\t\t\t\t<\/div><!--ult_price_features--><div class=\"ult_clr\"><\/div>\n\t\t\t<\/div><!--pricing_table-->\n\t\t<\/div><!--pricing_table_wrap-->[\/vc_column_text][\/vc_column][vc_column width=\u00a0\u00bb1\/3&Prime;][vc_column_text css=\u00a0\u00bb.vc_custom_1734487704228{margin-bottom: 15px !important;}\u00a0\u00bb]<div class=\"ult_pricing_table_wrap ult_design_2  ult-cs-black  \">\n\t\t\t\t\t<div class=\"ult_pricing_table  \" style=\"\"><div id=\"price-table-wrap-7446\" class=\"ult_pricing_heading\" style=\"\">\n\t\t\t\t\t\t\t<h3  data-ultimate-target='#price-table-wrap-7446 .cust-headformat'  data-responsive-json-new='{\"font-size\":\"\",\"line-height\":\"\"}'  class=\"price-heading ult-responsive cust-headformat\" style=\"font-weight:normal;\">Cas Cliniques<\/h3><\/div><!--ult_pricing_heading--><div class=\"ult_price_body_block\">\n\t\t\t\t\t\t\t<div class=\"ult_price_body\">\n\t\t\t\t\t\t\t\t<div id=\"price-table-wrap-6766\" class=\"ult_price\">\n\t\t\t\t\t\t\t\t\t<span  data-ultimate-target='#price-table-wrap-6766 .ult_price_figure'  data-responsive-json-new='{\"font-size\":\"\",\"line-height\":\"\"}'  class=\"ult_price_figure ult-responsive\" style=\"font-weight:normal;\">370<\/span>\n\t\t\t\t\t\t\t\t\t<span  data-ultimate-target='#price-table-wrap-6766 .ult_price_term'  data-responsive-json-new='{\"font-size\":\"\",\"line-height\":\"\"}'  class=\"ult_price_term ult-responsive\" style=\"font-weight:normal;\"><\/span>\n\t\t\t\t\t\t\t\t<\/div>\n\t\t\t\t\t\t\t<\/div>\n\t\t\t\t\t\t<\/div><!--ult_price_body_block--><div id=\"price-table-features-wrap-3405\" class=\"ult_price_features ult-responsive\"  data-ultimate-target='#price-table-features-wrap-3405'  data-responsive-json-new='{\"font-size\":\"\",\"line-height\":\"\"}'  style=\"font-weight:normal;\">\n\t\t\t\t\t\t\t\n\t\t\t\t\t\t<\/div><!--ult_price_features--><div class=\"ult_clr\"><\/div>\n\t\t\t<\/div><!--pricing_table-->\n\t\t<\/div><!--pricing_table_wrap-->[\/vc_column_text][\/vc_column][vc_column width=\u00a0\u00bb1\/3&Prime;][vc_column_text css=\u00a0\u00bb.vc_custom_1734487713524{margin-bottom: 15px !important;}\u00a0\u00bb]<div class=\"ult_pricing_table_wrap ult_design_2  ult-cs-black  \">\n\t\t\t\t\t<div class=\"ult_pricing_table  \" style=\"\"><div id=\"price-table-wrap-2485\" class=\"ult_pricing_heading\" style=\"\">\n\t\t\t\t\t\t\t<h3  data-ultimate-target='#price-table-wrap-2485 .cust-headformat'  data-responsive-json-new='{\"font-size\":\"\",\"line-height\":\"\"}'  class=\"price-heading ult-responsive cust-headformat\" style=\"font-weight:normal;\">Vid\u00e9os<\/h3><\/div><!--ult_pricing_heading--><div class=\"ult_price_body_block\">\n\t\t\t\t\t\t\t<div class=\"ult_price_body\">\n\t\t\t\t\t\t\t\t<div id=\"price-table-wrap-2351\" class=\"ult_price\">\n\t\t\t\t\t\t\t\t\t<span  data-ultimate-target='#price-table-wrap-2351 .ult_price_figure'  data-responsive-json-new='{\"font-size\":\"\",\"line-height\":\"\"}'  class=\"ult_price_figure ult-responsive\" style=\"font-weight:normal;\">40<\/span>\n\t\t\t\t\t\t\t\t\t<span  data-ultimate-target='#price-table-wrap-2351 .ult_price_term'  data-responsive-json-new='{\"font-size\":\"\",\"line-height\":\"\"}'  class=\"ult_price_term ult-responsive\" style=\"font-weight:normal;\"><\/span>\n\t\t\t\t\t\t\t\t<\/div>\n\t\t\t\t\t\t\t<\/div>\n\t\t\t\t\t\t<\/div><!--ult_price_body_block--><div id=\"price-table-features-wrap-8399\" class=\"ult_price_features ult-responsive\"  data-ultimate-target='#price-table-features-wrap-8399'  data-responsive-json-new='{\"font-size\":\"\",\"line-height\":\"\"}'  style=\"font-weight:normal;\">\n\t\t\t\t\t\t\t\n\t\t\t\t\t\t<\/div><!--ult_price_features--><div class=\"ult_clr\"><\/div>\n\t\t\t<\/div><!--pricing_table-->\n\t\t<\/div><!--pricing_table_wrap-->[\/vc_column_text][\/vc_column][\/vc_row][vc_row][vc_column][vc_column_text css=\u00a0\u00bb\u00a0\u00bb]<\/p>\n<h2><span style=\"color: #b71d71;\">S\u00e9lection<\/span><\/h2>\n<p>[\/vc_column_text][\/vc_column][\/vc_row][vc_row][vc_column][vc_masonry_grid post_type=\u00a0\u00bbpost\u00a0\u00bb max_items=\u00a0\u00bb3&Prime; gap=\u00a0\u00bb20&Prime; css=\u00a0\u00bb\u00a0\u00bb grid_id=\u00a0\u00bbvc_gid:1774870515305-04f81e52-64e9-9&Prime; taxonomies=\u00a0\u00bb115&Prime;][\/vc_column][\/vc_row][vc_row][vc_column][vc_column_text css=\u00a0\u00bb\u00a0\u00bb][\/vc_column_text][\/vc_column][\/vc_row]<\/p>\n<\/div>","protected":false},"excerpt":{"rendered":"<p>[vc_row css=\u00a0\u00bb.vc_custom_1731028165986{margin-left: 10px !important;}\u00a0\u00bb][vc_column width=\u00a0\u00bb3\/5&Prime;][vc_column_text css=\u00a0\u00bb\u00a0\u00bb] Atlas RL-eye &nbsp; Bienvenues! &nbsp; L\u2019Atlas RL-eye est une base de donn\u00e9es ophtalmologiques en ligne et en libre acc\u00e8s, \u00e9dit\u00e9e par des sp\u00e9cialistes du Centre chirurgical de Coimbra. Chaque cas clinique est pr\u00e9sent\u00e9 avec [&hellip;]<\/p>\n","protected":false},"author":1,"featured_media":114116,"parent":0,"menu_order":0,"comment_status":"closed","ping_status":"closed","template":"","meta":{"_monsterinsights_skip_tracking":false,"_monsterinsights_sitenote_active":false,"_monsterinsights_sitenote_note":"","_monsterinsights_sitenote_category":0,"footnotes":""},"class_list":["post-81427","page","type-page","status-publish","has-post-thumbnail","hentry"],"_links":{"self":[{"href":"https:\/\/www.atlasrleye.com\/fr\/wp-json\/wp\/v2\/pages\/81427","targetHints":{"allow":["GET"]}}],"collection":[{"href":"https:\/\/www.atlasrleye.com\/fr\/wp-json\/wp\/v2\/pages"}],"about":[{"href":"https:\/\/www.atlasrleye.com\/fr\/wp-json\/wp\/v2\/types\/page"}],"author":[{"embeddable":true,"href":"https:\/\/www.atlasrleye.com\/fr\/wp-json\/wp\/v2\/users\/1"}],"replies":[{"embeddable":true,"href":"https:\/\/www.atlasrleye.com\/fr\/wp-json\/wp\/v2\/comments?post=81427"}],"version-history":[{"count":90,"href":"https:\/\/www.atlasrleye.com\/fr\/wp-json\/wp\/v2\/pages\/81427\/revisions"}],"predecessor-version":[{"id":122132,"href":"https:\/\/www.atlasrleye.com\/fr\/wp-json\/wp\/v2\/pages\/81427\/revisions\/122132"}],"wp:featuredmedia":[{"embeddable":true,"href":"https:\/\/www.atlasrleye.com\/fr\/wp-json\/wp\/v2\/media\/114116"}],"wp:attachment":[{"href":"https:\/\/www.atlasrleye.com\/fr\/wp-json\/wp\/v2\/media?parent=81427"}],"curies":[{"name":"wp","href":"https:\/\/api.w.org\/{rel}","templated":true}]}}