{"id":75842,"date":"2022-01-19T16:46:07","date_gmt":"2022-01-19T16:46:07","guid":{"rendered":"https:\/\/www.atlasrleye.com\/occlusion-de-branche-veineuse-retinienne\/cas-clinique-1\/"},"modified":"2024-02-16T00:44:37","modified_gmt":"2024-02-16T00:44:37","slug":"cas-clinique-1","status":"publish","type":"page","link":"https:\/\/www.atlasrleye.com\/fr\/occlusion-de-branche-veineuse-retinienne\/cas-clinique-1\/","title":{"rendered":"Cas clinique 1"},"content":{"rendered":"<div class=\"wpb-content-wrapper\"><p>[vc_row][vc_column][vc_custom_heading text=\u00a0\u00bbMALADIES VASCULAIRES R\u00c9TINIENNES\u00a0\u00bb font_container=\u00a0\u00bbtag:h5|font_size:22px|text_align:center|color:%23000000&Prime; use_theme_fonts=\u00a0\u00bbyes\u00a0\u00bb link=\u00a0\u00bburl:https%3A%2F%2Fwww.atlasrleye.com%2Ffr%2Fatlas%2F%231636632711328-9e751f35-9f1e|\u00a0\u00bb][vc_text_separator title=\u00a0\u00bb\u00a0\u00bb i_icon_fontawesome=\u00a0\u00bbfas fa-eye\u00a0\u00bb i_color=\u00a0\u00bbcustom\u00a0\u00bb i_size=\u00a0\u00bblg\u00a0\u00bb color=\u00a0\u00bbcustom\u00a0\u00bb border_width=\u00a0\u00bb8&Prime; add_icon=\u00a0\u00bbtrue\u00a0\u00bb css=\u00a0\u00bb.vc_custom_1637080776101{margin-bottom: -5px !important;}\u00a0\u00bb accent_color=\u00a0\u00bb#bababa\u00a0\u00bb i_custom_color=\u00a0\u00bb#bababa\u00a0\u00bb][vc_custom_heading text=\u00a0\u00bbOcclusion de Branche Veineuse R\u00e9tinienne &#8211; Cas Clinique 1&Prime; font_container=\u00a0\u00bbtag:h1|text_align:center|color:%235f1b52&Prime; use_theme_fonts=\u00a0\u00bbyes\u00a0\u00bb link=\u00a0\u00bburl:https%3A%2F%2Fwww.atlasrleye.com%2Ffr%2Focclusion-de-branche-veineuse-retinienne%2F|title:OCCLUSION%20DE%20BRANCHE%20VEINEUSE%20R%C3%89TINIENNE|\u00a0\u00bb]<div class=\"ult-spacer spacer-6a03deba867b4\" data-id=\"6a03deba867b4\" data-height=\"70\" data-height-mobile=\"70\" data-height-tab=\"70\" data-height-tab-portrait=\"\" data-height-mobile-landscape=\"\" style=\"clear:both;display:block;\"><\/div>[\/vc_column][\/vc_row][vc_row][vc_column]<div class=\"ult-spacer spacer-6a03deba86823\" data-id=\"6a03deba86823\" data-height=\"10\" data-height-mobile=\"10\" data-height-tab=\"10\" data-height-tab-portrait=\"\" data-height-mobile-landscape=\"\" style=\"clear:both;display:block;\"><\/div><div class=\"ult-spacer spacer-6a03deba86870\" data-id=\"6a03deba86870\" data-height=\"20\" data-height-mobile=\"20\" data-height-tab=\"20\" data-height-tab-portrait=\"\" data-height-mobile-landscape=\"\" style=\"clear:both;display:block;\"><\/div>[\/vc_column][\/vc_row][vc_row gap=\u00a0\u00bb35&Prime; equal_height=\u00a0\u00bbyes\u00a0\u00bb][vc_column width=\u00a0\u00bb1\/2&Prime;][vc_row_inner][vc_column_inner][vc_column_text]<\/p>\n<p style=\"font-size: 18px; text-align: justify;\"><span style=\"color: #000000;\"><img loading=\"lazy\" decoding=\"async\" class=\" wp-image-16575 alignleft\" src=\"https:\/\/www.atlasrleye.com\/wp-content\/uploads\/2022\/01\/o01-ti02-105181-20080609-001-1-300x215.jpg\" alt=\"\" width=\"287\" height=\"206\">R\u00e9tinographie d&rsquo;une occlusion de veine temporale sup\u00e9rieure chez un patient \u00e2g\u00e9 de 65 ans, avec des plaintes de perte de vision au cours des 21 derniers jours. Notez les h\u00e9morragies intrar\u00e9tiniennes sur le territoire de la veine r\u00e9tinienne temporale sup\u00e9rieure, suivant le cours des fibres nerveuses. AV: 20\/100 OG.<\/span><\/p>\n<p>[\/vc_column_text][\/vc_column_inner][\/vc_row_inner][\/vc_column][vc_column width=\u00a0\u00bb1\/2&Prime;][vc_row_inner][vc_column_inner width=\u00a0\u00bb1\/2&Prime;][vc_single_image image=\u00a0\u00bb56584&Prime; img_size=\u00a0\u00bbmedium\u00a0\u00bb alignment=\u00a0\u00bbcenter\u00a0\u00bb onclick=\u00a0\u00bblink_image\u00a0\u00bb][\/vc_column_inner][vc_column_inner width=\u00a0\u00bb1\/2&Prime;][vc_column_text]<\/p>\n<p style=\"text-align: justify; font-size: 18px;\"><span style=\"color: #000000;\">Fundus photograph, 10 months after branch vein occlusion shows absorption of hemorrhages. Notez l&rsquo;oed\u00e8me maculaire.<\/span><\/p>\n<p>[\/vc_column_text][\/vc_column_inner][\/vc_row_inner][\/vc_column][\/vc_row][vc_row][vc_column][vc_column_text]<\/p>\n<h3><span style=\"color: #5f1b52;\">\u00c9valuations<br \/>\n<\/span><\/h3>\n<p>[\/vc_column_text][vc_tta_accordion active_section=\u00a0\u00bb99&Prime; no_fill=\u00a0\u00bbtrue\u00a0\u00bb collapsible_all=\u00a0\u00bbtrue\u00a0\u00bb][vc_tta_section i_icon_fontawesome=\u00a0\u00bbfar fa-calendar-alt\u00a0\u00bb add_icon=\u00a0\u00bbtrue\u00a0\u00bb title=\u00a0\u00bb1\u00e8re \u00c9valuation &#8211; 09 06 2008&Prime; tab_id=\u00a0\u00bb1641394922374-47016b7f-6668&Prime;][vc_row_inner][vc_column_inner][vc_column_text]<\/p>\n<div class=\"row py-1\">\n<div class=\"col-12 border-bottom border-gray-light\">\n<p style=\"font-size: 18px;\">OCT (B-Scan) longitudinal<\/p>\n<div style=\"text-indent: 20px;\">\n<p style=\"font-size: 14px; text-align: justify;\"><span style=\"color: #000000;\">Notez le d\u00e9collement de la r\u00e9tine maculaire.<\/span><\/p>\n<\/div>\n<\/div>\n<\/div>\n<p>[\/vc_column_text][vc_gallery type=\u00a0\u00bbimage_grid\u00a0\u00bb images=\u00a0\u00bb55705,55714,55702,55696,55693,55717,55723,55690&Prime; img_size=\u00a0\u00bb282&#215;143&Prime; css=\u00a0\u00bb.vc_custom_1708042828371{margin-top: -30px !important;}\u00a0\u00bb][\/vc_column_inner][\/vc_row_inner][vc_row_inner][vc_column_inner][vc_column_text]<\/p>\n<div class=\"row py-1\">\n<div class=\"col-12 border-bottom border-gray-light\">\n<p style=\"font-size: 18px;\">R\u00e9tinographie Couleur<\/p>\n<div style=\"text-indent: 20px;\">\n<p style=\"font-size: 14px; text-align: justify;\"><span style=\"color: #000000;\">Absorption partielle des h\u00e9morragies. Remarquez la dilatation et la tortuosit\u00e9 de la veine affect\u00e9e, le nodule cotonneux et les exsudats durs.<\/span><\/p>\n<\/div>\n<\/div>\n<\/div>\n<p>[\/vc_column_text][vc_gallery type=\u00a0\u00bbimage_grid\u00a0\u00bb images=\u00a0\u00bb55687,55720,55684,55708,55699,55711&Prime; img_size=\u00a0\u00bb251&#215;206&Prime; css=\u00a0\u00bb.vc_custom_1708042856128{margin-top: -30px !important;}\u00a0\u00bb][\/vc_column_inner][\/vc_row_inner][\/vc_tta_section][vc_tta_section i_icon_fontawesome=\u00a0\u00bbfar fa-calendar-alt\u00a0\u00bb add_icon=\u00a0\u00bbtrue\u00a0\u00bb title=\u00a0\u00bb2\u00e8me \u00c9valuation &#8211; 13 07 2009&Prime; tab_id=\u00a0\u00bb1642594402981-0a165fc3-b12c\u00a0\u00bb][vc_row_inner][vc_column_inner width=\u00a0\u00bb1\/2&Prime;][vc_column_text]<\/p>\n<div class=\"row py-1\">\n<div class=\"col-12 border-bottom border-gray-light\">\n<p style=\"font-size: 18px;\">Angiographie \u00e0 la Fluoresc\u00e9ine<\/p>\n<\/div>\n<\/div>\n<p>[\/vc_column_text][vc_gallery type=\u00a0\u00bbimage_grid\u00a0\u00bb images=\u00a0\u00bb55774&Prime; img_size=\u00a0\u00bb193&#215;206&Prime;][\/vc_column_inner][vc_column_inner width=\u00a0\u00bb1\/2&Prime;][vc_column_text]<\/p>\n<div class=\"row py-1\">\n<div class=\"col-12 border-bottom border-gray-light\">\n<p style=\"font-size: 18px;\">Tonom\u00e9trie<\/p>\n<\/div>\n<\/div>\n<p>[\/vc_column_text][vc_gallery type=\u00a0\u00bbimage_grid\u00a0\u00bb images=\u00a0\u00bb55741,55753&Prime; img_size=\u00a0\u00bb206&#215;206&Prime;][\/vc_column_inner][\/vc_row_inner][vc_row_inner][vc_column_inner][vc_column_text]<\/p>\n<div class=\"row py-1\">\n<div class=\"col-12 border-bottom border-gray-light\">\n<p style=\"font-size: 18px;\">OCT (B-Scan) longitudinal<\/p>\n<div style=\"text-indent: 20px;\">\n<p style=\"font-size: 14px; text-align: justify;\"><span style=\"color: #000000;\">Oed\u00e8me maculaire.<\/span><\/p>\n<\/div>\n<\/div>\n<\/div>\n<p>[\/vc_column_text][vc_gallery type=\u00a0\u00bbimage_grid\u00a0\u00bb images=\u00a0\u00bb55750,55762,55756,55759,55729,55726&Prime; img_size=\u00a0\u00bb282&#215;143&Prime; css=\u00a0\u00bb.vc_custom_1708042910072{margin-top: -30px !important;}\u00a0\u00bb][vc_gallery type=\u00a0\u00bbimage_grid\u00a0\u00bb images=\u00a0\u00bb55783,55786,55777,55780&Prime; img_size=\u00a0\u00bb400&#215;110&Prime;][\/vc_column_inner][\/vc_row_inner][vc_row_inner][vc_column_inner][vc_column_text]<\/p>\n<div class=\"row py-1\">\n<div class=\"col-12 border-bottom border-gray-light\">\n<p style=\"font-size: 18px;\">R\u00e9tinographie Couleur<\/p>\n<div style=\"text-indent: 20px;\">\n<p style=\"font-size: 14px; text-align: justify;\"><span style=\"color: #000000;\">AV: 20\/40 OG.<\/span><\/p>\n<\/div>\n<\/div>\n<\/div>\n<p>[\/vc_column_text][vc_gallery type=\u00a0\u00bbimage_grid\u00a0\u00bb images=\u00a0\u00bb55735,55732,55765,55744,55768,55771,55738,55747&Prime; img_size=\u00a0\u00bb251&#215;206&Prime; css=\u00a0\u00bb.vc_custom_1708042885201{margin-top: -30px !important;}\u00a0\u00bb][\/vc_column_inner][\/vc_row_inner][\/vc_tta_section][vc_tta_section i_icon_fontawesome=\u00a0\u00bbfar fa-calendar-alt\u00a0\u00bb add_icon=\u00a0\u00bbtrue\u00a0\u00bb title=\u00a0\u00bb3\u00e8me \u00c9valuation &#8211; 19 03 2010&Prime; tab_id=\u00a0\u00bb1642595056692-a3ee74b0-cbc7&Prime;][vc_row_inner][vc_column_inner][vc_column_text]<\/p>\n<div class=\"row py-1\">\n<div class=\"col-12 border-bottom border-gray-light\">\n<p style=\"font-size: 18px;\">Angiographie \u00e0 la Fluoresc\u00e9ine<\/p>\n<\/div>\n<\/div>\n<p>[\/vc_column_text][vc_gallery type=\u00a0\u00bbimage_grid\u00a0\u00bb images=\u00a0\u00bb55828,55825,55822&Prime; img_size=\u00a0\u00bb193&#215;206&Prime;][\/vc_column_inner][\/vc_row_inner][vc_row_inner][vc_column_inner][vc_column_text]<\/p>\n<div class=\"row py-1\">\n<div class=\"col-12 border-bottom border-gray-light\">\n<p style=\"font-size: 18px;\">OCT (B-Scan) longitudinal<\/p>\n<div style=\"text-indent: 20px;\">\n<p style=\"font-size: 14px; text-align: justify;\"><span style=\"color: #000000;\">Notez l&rsquo;oed\u00e8me maculaire.<\/span><\/p>\n<\/div>\n<\/div>\n<\/div>\n<p>[\/vc_column_text][vc_gallery type=\u00a0\u00bbimage_grid\u00a0\u00bb images=\u00a0\u00bb55819,55816,55813,55804,55807,55810&Prime; img_size=\u00a0\u00bb282&#215;143&Prime; css=\u00a0\u00bb.vc_custom_1708042937956{margin-top: -30px !important;}\u00a0\u00bb][\/vc_column_inner][\/vc_row_inner][vc_row_inner][vc_column_inner][vc_column_text]<\/p>\n<div class=\"row py-1\">\n<div class=\"col-12 border-bottom border-gray-light\">\n<p style=\"font-size: 18px;\">R\u00e9tinographie Couleur<\/p>\n<div style=\"text-indent: 20px;\">\n<p style=\"font-size: 14px; text-align: justify;\"><span style=\"color: #000000;\">Apr\u00e8s traitement au laser.<\/span><\/p>\n<\/div>\n<\/div>\n<\/div>\n<p>[\/vc_column_text][vc_gallery type=\u00a0\u00bbimage_grid\u00a0\u00bb images=\u00a0\u00bb55798,55795,55831,55792,55789,55801&Prime; img_size=\u00a0\u00bb245&#215;206&Prime; css=\u00a0\u00bb.vc_custom_1708042962621{margin-top: -30px !important;}\u00a0\u00bb][\/vc_column_inner][\/vc_row_inner][\/vc_tta_section][vc_tta_section i_icon_fontawesome=\u00a0\u00bbfar fa-calendar-alt\u00a0\u00bb add_icon=\u00a0\u00bbtrue\u00a0\u00bb title=\u00a0\u00bb4\u00e8me \u00c9valuation &#8211; 17 02 2012&Prime; tab_id=\u00a0\u00bb1642608296482-645ae8c8-708b\u00a0\u00bb][vc_row_inner][vc_column_inner width=\u00a0\u00bb1\/3&Prime;][vc_column_text]<\/p>\n<div class=\"row py-1\">\n<div class=\"col-12 border-bottom border-gray-light\">\n<p style=\"font-size: 18px;\">Autofluorescence<\/p>\n<\/div>\n<\/div>\n<p>[\/vc_column_text][vc_gallery type=\u00a0\u00bbimage_grid\u00a0\u00bb images=\u00a0\u00bb55858&Prime; img_size=\u00a0\u00bb193&#215;206&Prime;][\/vc_column_inner][vc_column_inner width=\u00a0\u00bb1\/3&Prime;][vc_column_text]<\/p>\n<div class=\"row py-1\">\n<div class=\"col-12 border-bottom border-gray-light\">\n<p style=\"font-size: 18px;\">Infrarouge<\/p>\n<\/div>\n<\/div>\n<p>[\/vc_column_text][vc_gallery type=\u00a0\u00bbimage_grid\u00a0\u00bb images=\u00a0\u00bb55840&Prime; img_size=\u00a0\u00bb193&#215;206&Prime;][\/vc_column_inner][vc_column_inner width=\u00a0\u00bb1\/3&Prime;][vc_column_text]<\/p>\n<div class=\"row py-1\">\n<div class=\"col-12 border-bottom border-gray-light\">\n<p style=\"font-size: 18px;\">Red-free<\/p>\n<\/div>\n<\/div>\n<p>[\/vc_column_text][vc_gallery type=\u00a0\u00bbimage_grid\u00a0\u00bb images=\u00a0\u00bb55834&Prime; img_size=\u00a0\u00bb193&#215;206&Prime;][\/vc_column_inner][\/vc_row_inner][vc_row_inner][vc_column_inner][vc_column_text]<\/p>\n<div class=\"row py-1\">\n<div class=\"col-12 border-bottom border-gray-light\">\n<p style=\"font-size: 18px;\">OCT (B-Scan) longitudinal<\/p>\n<\/div>\n<\/div>\n<p>[\/vc_column_text][vc_gallery type=\u00a0\u00bbimage_grid\u00a0\u00bb images=\u00a0\u00bb55843,55846,55852,55849&Prime; img_size=\u00a0\u00bb307&#215;110&Prime;][\/vc_column_inner][\/vc_row_inner][vc_row_inner][vc_column_inner][vc_column_text]<\/p>\n<div class=\"row py-1\">\n<div class=\"col-12 border-bottom border-gray-light\">\n<p style=\"font-size: 18px;\">R\u00e9tinographie Couleur<\/p>\n<div style=\"text-indent: 20px;\">\n<p style=\"font-size: 14px; text-align: justify;\"><span style=\"color: #000000;\">AV: 20\/50 OG.<\/span><\/p>\n<\/div>\n<\/div>\n<\/div>\n<p>[\/vc_column_text][\/vc_column_inner][\/vc_row_inner][vc_row_inner][vc_column_inner width=\u00a0\u00bb1\/3&Prime;][vc_gallery type=\u00a0\u00bbimage_grid\u00a0\u00bb images=\u00a0\u00bb55837&Prime; img_size=\u00a0\u00bb251&#215;206&Prime; css=\u00a0\u00bb.vc_custom_1708042991780{margin-top: -30px !important;}\u00a0\u00bb][\/vc_column_inner][vc_column_inner width=\u00a0\u00bb1\/3&Prime;][vc_gallery type=\u00a0\u00bbimage_grid\u00a0\u00bb images=\u00a0\u00bb55855&Prime; img_size=\u00a0\u00bb251&#215;250&Prime; css=\u00a0\u00bb.vc_custom_1708042997892{margin-top: -30px !important;}\u00a0\u00bb][\/vc_column_inner][vc_column_inner width=\u00a0\u00bb1\/3&Prime;][\/vc_column_inner][\/vc_row_inner][\/vc_tta_section][\/vc_tta_accordion][\/vc_column][\/vc_row]<\/p>\n<\/div>","protected":false},"excerpt":{"rendered":"<p>[vc_row][vc_column][vc_custom_heading text=\u00a0\u00bbMALADIES VASCULAIRES R\u00c9TINIENNES\u00a0\u00bb font_container=\u00a0\u00bbtag:h5|font_size:22px|text_align:center|color:%23000000&Prime; use_theme_fonts=\u00a0\u00bbyes\u00a0\u00bb link=\u00a0\u00bburl:https%3A%2F%2Fwww.atlasrleye.com%2Ffr%2Fatlas%2F%231636632711328-9e751f35-9f1e|\u00a0\u00bb][vc_text_separator title=\u00a0\u00bb\u00a0\u00bb i_icon_fontawesome=\u00a0\u00bbfas fa-eye\u00a0\u00bb i_color=\u00a0\u00bbcustom\u00a0\u00bb i_size=\u00a0\u00bblg\u00a0\u00bb color=\u00a0\u00bbcustom\u00a0\u00bb border_width=\u00a0\u00bb8&Prime; add_icon=\u00a0\u00bbtrue\u00a0\u00bb css=\u00a0\u00bb.vc_custom_1637080776101{margin-bottom: -5px !important;}\u00a0\u00bb accent_color=\u00a0\u00bb#bababa\u00a0\u00bb i_custom_color=\u00a0\u00bb#bababa\u00a0\u00bb][vc_custom_heading text=\u00a0\u00bbOcclusion de Branche Veineuse R\u00e9tinienne &#8211; Cas Clinique 1&Prime; font_container=\u00a0\u00bbtag:h1|text_align:center|color:%235f1b52&Prime; use_theme_fonts=\u00a0\u00bbyes\u00a0\u00bb link=\u00a0\u00bburl:https%3A%2F%2Fwww.atlasrleye.com%2Ffr%2Focclusion-de-branche-veineuse-retinienne%2F|title:OCCLUSION%20DE%20BRANCHE%20VEINEUSE%20R%C3%89TINIENNE|\u00a0\u00bb][\/vc_column][\/vc_row][vc_row][vc_column][\/vc_column][\/vc_row][vc_row gap=\u00a0\u00bb35&Prime; equal_height=\u00a0\u00bbyes\u00a0\u00bb][vc_column width=\u00a0\u00bb1\/2&Prime;][vc_row_inner][vc_column_inner][vc_column_text] R\u00e9tinographie d&rsquo;une occlusion de veine [&hellip;]<\/p>\n","protected":false},"author":3,"featured_media":0,"parent":75830,"menu_order":0,"comment_status":"closed","ping_status":"closed","template":"","meta":{"_monsterinsights_skip_tracking":false,"_monsterinsights_sitenote_active":false,"_monsterinsights_sitenote_note":"","_monsterinsights_sitenote_category":0,"footnotes":""},"class_list":["post-75842","page","type-page","status-publish","hentry"],"_links":{"self":[{"href":"https:\/\/www.atlasrleye.com\/fr\/wp-json\/wp\/v2\/pages\/75842","targetHints":{"allow":["GET"]}}],"collection":[{"href":"https:\/\/www.atlasrleye.com\/fr\/wp-json\/wp\/v2\/pages"}],"about":[{"href":"https:\/\/www.atlasrleye.com\/fr\/wp-json\/wp\/v2\/types\/page"}],"author":[{"embeddable":true,"href":"https:\/\/www.atlasrleye.com\/fr\/wp-json\/wp\/v2\/users\/3"}],"replies":[{"embeddable":true,"href":"https:\/\/www.atlasrleye.com\/fr\/wp-json\/wp\/v2\/comments?post=75842"}],"version-history":[{"count":13,"href":"https:\/\/www.atlasrleye.com\/fr\/wp-json\/wp\/v2\/pages\/75842\/revisions"}],"predecessor-version":[{"id":96398,"href":"https:\/\/www.atlasrleye.com\/fr\/wp-json\/wp\/v2\/pages\/75842\/revisions\/96398"}],"up":[{"embeddable":true,"href":"https:\/\/www.atlasrleye.com\/fr\/wp-json\/wp\/v2\/pages\/75830"}],"wp:attachment":[{"href":"https:\/\/www.atlasrleye.com\/fr\/wp-json\/wp\/v2\/media?parent=75842"}],"curies":[{"name":"wp","href":"https:\/\/api.w.org\/{rel}","templated":true}]}}