{"id":75830,"date":"2021-11-19T16:12:28","date_gmt":"2021-11-19T16:12:28","guid":{"rendered":"https:\/\/www.atlasrleye.com\/occlusion-de-branche-veineuse-retinienne\/"},"modified":"2025-07-15T23:03:39","modified_gmt":"2025-07-15T23:03:39","slug":"occlusion-de-branche-veineuse-retinienne","status":"publish","type":"page","link":"https:\/\/www.atlasrleye.com\/fr\/occlusion-de-branche-veineuse-retinienne\/","title":{"rendered":"OCCLUSION DE BRANCHE VEINEUSE R\u00c9TINIENNE"},"content":{"rendered":"<div class=\"wpb-content-wrapper\"><p>[vc_row][vc_column][vc_custom_heading text=\u00a0\u00bbMALADIES VASCULAIRES R\u00c9TINIENNES\u00a0\u00bb font_container=\u00a0\u00bbtag:h5|font_size:22px|text_align:center|color:%23000000&Prime; use_theme_fonts=\u00a0\u00bbyes\u00a0\u00bb link=\u00a0\u00bburl:https%3A%2F%2Fwww.atlasrleye.com%2Ffr%2Fatlas%2F%231636632711328-9e751f35-9f1ehttps%3A%2F%2Fwww.atlasrleye.com%2Fatlas%2F|\u00a0\u00bb][vc_text_separator title=\u00a0\u00bb\u00a0\u00bb i_icon_fontawesome=\u00a0\u00bbfas fa-eye\u00a0\u00bb i_color=\u00a0\u00bbcustom\u00a0\u00bb i_size=\u00a0\u00bblg\u00a0\u00bb color=\u00a0\u00bbcustom\u00a0\u00bb border_width=\u00a0\u00bb8&Prime; css=\u00a0\u00bb.vc_custom_1637080776101{margin-bottom: -5px !important;}\u00a0\u00bb add_icon=\u00a0\u00bbtrue\u00a0\u00bb accent_color=\u00a0\u00bb#bababa\u00a0\u00bb i_custom_color=\u00a0\u00bb#bababa\u00a0\u00bb][vc_custom_heading source=\u00a0\u00bbpost_title\u00a0\u00bb font_container=\u00a0\u00bbtag:h1|font_size:44px|text_align:center|color:%235f1b52&Prime; use_theme_fonts=\u00a0\u00bbyes\u00a0\u00bb]<div class=\"ult-spacer spacer-69df3cab035ce\" data-id=\"69df3cab035ce\" data-height=\"30\" data-height-mobile=\"0\" data-height-tab=\"\" data-height-tab-portrait=\"\" data-height-mobile-landscape=\"\" style=\"clear:both;display:block;\"><\/div>[\/vc_column][\/vc_row][vc_row][vc_column width=\u00a0\u00bb3\/4&Prime;][vc_column_text css=\u00a0\u00bb\u00a0\u00bb]<\/p>\n<div class=\"w-100 middle-subtext text-justify hidden-text\">\n<p style=\"text-align: justify; font-size: 16px;\">L\u2019occlusion de branche de la veine centrale de la r\u00e9tine est caract\u00e9ris\u00e9e par la dilatation et la tortuosit\u00e9 de la veine affect\u00e9e, associ\u00e9e \u00e0 des h\u00e9morragies r\u00e9tiniennes, nodules cotonneux et l\u2019\u0153d\u00e8me de la r\u00e9tine de la zone drain\u00e9 par la veine.<\/p>\n<p style=\"text-align: justify; font-size: 16px;\">Elle est g\u00e9n\u00e9ralement caus\u00e9e par un thrombus dans les franchissements art\u00e9rio-veineux, o\u00f9 une art\u00e8re \u00e9paissie comprime la paroi sous-jacente.<\/p>\n<p style=\"text-align: justify; font-size: 16px;\">Les complications de l\u2019occlusion de branche de la veine qui sont les plus communes et potentiellement limitantes de la vision, comprennent l&rsquo;\u0153d\u00e8me maculaire et la n\u00e9ovascularisation r\u00e9tinienne.<\/p>\n<p style=\"font-size: 16px;\">Diagnostic diff\u00e9rentiel<\/p>\n<ul>\n<li style=\"font-size: 16px;\">R\u00e9tinopathie diab\u00e9tique<\/li>\n<li style=\"font-size: 16px;\">R\u00e9tinopathie hypertensive<\/li>\n<li style=\"font-size: 16px;\">Leuc\u00e9mie<\/li>\n<li style=\"font-size: 16px;\">Syndrome d\u2019isch\u00e9mie oculaire<\/li>\n<li style=\"font-size: 16px;\">\u0152d\u00e8me du disque optique<\/li>\n<li style=\"font-size: 16px;\">An\u00e9mie<\/li>\n<li style=\"font-size: 16px;\">R\u00e9tinopathie par la stase veineuse<\/li>\n<\/ul>\n<\/div>\n<p>[\/vc_column_text][\/vc_column][vc_column width=\u00a0\u00bb1\/4&Prime;][vc_images_carousel images=\u00a0\u00bb16576,16575,16574,16573,16572,16571&Prime; img_size=\u00a0\u00bbmedium\u00a0\u00bb speed=\u00a0\u00bb2000&Prime; autoplay=\u00a0\u00bbyes\u00a0\u00bb hide_pagination_control=\u00a0\u00bbyes\u00a0\u00bb wrap=\u00a0\u00bbyes\u00a0\u00bb css=\u00a0\u00bb.vc_custom_1751650082994{margin-bottom: 10px !important;}\u00a0\u00bb]<div class=\"stats-block stats-left  \"><div class=\"aio-icon-left\"><div class=\"ult-just-icon-wrapper  \"><div class=\"align-icon\" style=\"text-align:center;\">\n<div class=\"aio-icon square \"  style=\"color:#333333;background:#ffffff;font-size:32px;display:inline-block;\">\n\t<i class=\"Defaults-eye\"><\/i>\n<\/div><\/div><\/div><\/div><div class=\"stats-desc\" id=\"counter-responsv-wrap-3042\"><div id=\"counter_254414290669df3cab03867\" data-id=\"counter_254414290669df3cab03867\"  data-ultimate-target='#counter-responsv-wrap-3042 .stats-number'  data-responsive-json-new='{\"font-size\":\"\",\"line-height\":\"\"}'  class=\"stats-number ult-responsive\" style=\"font-size:28px;  \" data-speed=\"3\" data-counter-value=\"3\" data-separator=\",\" data-decimal=\".\">0<\/div><div id=\"title-counter_254414290669df3cab03867\"  data-ultimate-target='#counter-responsv-wrap-3042 .stats-text'  data-responsive-json-new='{\"font-size\":\"desktop:16px;\",\"line-height\":\"\"}'  class=\"stats-text ult-responsive\" style=\"font-size:px;  font-weight:bold;\">Cas Cliniques<\/div><\/div><\/div>[\/vc_column][\/vc_row][vc_row][vc_column][vc_column_text css=\u00a0\u00bb.vc_custom_1751650094984{margin-bottom: 10px !important;}\u00a0\u00bb]<\/p>\n<h1><strong><span style=\"color: #5f1b52;\">Cas Cliniques<\/span><\/strong><\/h1>\n<p>[\/vc_column_text][\/vc_column][\/vc_row][vc_row][vc_column width=\u00a0\u00bb1\/4&Prime;][vc_column_text css=\u00a0\u00bb.vc_custom_1751650122413{margin-bottom: 0px !important;}\u00a0\u00bb]<\/p>\n<h4 style=\"text-align: left;\"><a href=\"https:\/\/www.atlasrleye.com\/fr\/occlusion-de-branche-veineuse-retinienne\/cas-clinique-1\/\">Cas Clinique 1<\/a><\/h4>\n<p>[\/vc_column_text][vc_gallery type=\u00a0\u00bbimage_grid\u00a0\u00bb images=\u00a0\u00bb16575,16574&Prime; img_size=\u00a0\u00bb140&Prime; css=\u00a0\u00bb.vc_custom_1752620519431{margin-bottom: 10px !important;margin-left: -20px !important;}\u00a0\u00bb][vc_row_inner][vc_column_inner width=\u00a0\u00bb1\/5&Prime; offset=\u00a0\u00bbvc_col-xs-1\/5&Prime;]<div class=\"aio-icon-component    style_1\"><div id=\"Info-box-wrap-4676\" class=\"aio-icon-box default-icon\" style=\"\"  ><div class=\"aio-icon-default\"><div class=\"ult-just-icon-wrapper  \"><div class=\"align-icon\" style=\"text-align:center;\">\n<div class=\"aio-icon none \"  style=\"color:#5f1b52;font-size:16px;display:inline-block;\">\n\t<i class=\"Defaults-calendar\"><\/i>\n<\/div><\/div><\/div><\/div><div class=\"aio-icon-header\" ><h3 class=\"aio-icon-title ult-responsive\"  data-ultimate-target='#Info-box-wrap-4676 .aio-icon-title'  data-responsive-json-new='{\"font-size\":\"\",\"line-height\":\"\"}'  style=\"color:#5f1b52;\">4<\/h3><\/div> <!-- header --><\/div> <!-- aio-icon-box --><\/div> <!-- aio-icon-component -->[\/vc_column_inner][vc_column_inner width=\u00a0\u00bb1\/5&Prime; offset=\u00a0\u00bbvc_col-xs-1\/5&Prime;]<div class=\"aio-icon-component    style_1\"><div id=\"Info-box-wrap-3253\" class=\"aio-icon-box default-icon\" style=\"\"  ><div class=\"aio-icon-default\"><div class=\"ult-just-icon-wrapper  \"><div class=\"align-icon\" style=\"text-align:center;\">\n<div class=\"aio-icon none \"  style=\"color:#5f1b52;font-size:16px;display:inline-block;\">\n\t<i class=\"Defaults-camera\"><\/i>\n<\/div><\/div><\/div><\/div><div class=\"aio-icon-header\" ><h3 class=\"aio-icon-title ult-responsive\"  data-ultimate-target='#Info-box-wrap-3253 .aio-icon-title'  data-responsive-json-new='{\"font-size\":\"\",\"line-height\":\"\"}'  style=\"color:#5f1b52;\">59<\/h3><\/div> <!-- header --><\/div> <!-- aio-icon-box --><\/div> <!-- aio-icon-component -->[\/vc_column_inner][vc_column_inner width=\u00a0\u00bb1\/5&Prime; offset=\u00a0\u00bbvc_col-xs-1\/5&Prime;]<div class=\"aio-icon-component    style_1\"><div id=\"Info-box-wrap-5200\" class=\"aio-icon-box default-icon\" style=\"\"  ><div class=\"aio-icon-default\"><div class=\"ult-just-icon-wrapper  \"><div class=\"align-icon\" style=\"text-align:center;\">\n<div class=\"aio-icon none \"  style=\"color:#5f1b52;font-size:16px;display:inline-block;\">\n\t<i class=\"Defaults-film\"><\/i>\n<\/div><\/div><\/div><\/div><div class=\"aio-icon-header\" ><h3 class=\"aio-icon-title ult-responsive\"  data-ultimate-target='#Info-box-wrap-5200 .aio-icon-title'  data-responsive-json-new='{\"font-size\":\"\",\"line-height\":\"\"}'  style=\"color:#5f1b52;\">0<\/h3><\/div> <!-- header --><\/div> <!-- aio-icon-box --><\/div> <!-- aio-icon-component -->[\/vc_column_inner][\/vc_row_inner][\/vc_column][vc_column width=\u00a0\u00bb1\/4&Prime;][vc_column_text css=\u00a0\u00bb.vc_custom_1751650129144{margin-bottom: 0px !important;}\u00a0\u00bb]<\/p>\n<h4 style=\"text-align: left;\"><a href=\"https:\/\/www.atlasrleye.com\/fr\/occlusion-de-branche-veineuse-retinienne\/cas-clinique-2\/\">Cas Clinique 2<\/a><\/h4>\n<p>[\/vc_column_text][vc_gallery type=\u00a0\u00bbimage_grid\u00a0\u00bb images=\u00a0\u00bb16573,16572&Prime; img_size=\u00a0\u00bb140&Prime; css=\u00a0\u00bb.vc_custom_1752620529232{margin-bottom: 10px !important;margin-left: -20px !important;}\u00a0\u00bb][vc_row_inner][vc_column_inner width=\u00a0\u00bb1\/5&Prime; offset=\u00a0\u00bbvc_col-xs-1\/5&Prime;]<div class=\"aio-icon-component    style_1\"><div id=\"Info-box-wrap-5984\" class=\"aio-icon-box default-icon\" style=\"\"  ><div class=\"aio-icon-default\"><div class=\"ult-just-icon-wrapper  \"><div class=\"align-icon\" style=\"text-align:center;\">\n<div class=\"aio-icon none \"  style=\"color:#5f1b52;font-size:16px;display:inline-block;\">\n\t<i class=\"Defaults-calendar\"><\/i>\n<\/div><\/div><\/div><\/div><div class=\"aio-icon-header\" ><h3 class=\"aio-icon-title ult-responsive\"  data-ultimate-target='#Info-box-wrap-5984 .aio-icon-title'  data-responsive-json-new='{\"font-size\":\"\",\"line-height\":\"\"}'  style=\"color:#5f1b52;\">12<\/h3><\/div> <!-- header --><\/div> <!-- aio-icon-box --><\/div> <!-- aio-icon-component -->[\/vc_column_inner][vc_column_inner width=\u00a0\u00bb1\/5&Prime; offset=\u00a0\u00bbvc_col-xs-1\/5&Prime;]<div class=\"aio-icon-component    style_1\"><div id=\"Info-box-wrap-1362\" class=\"aio-icon-box default-icon\" style=\"\"  ><div class=\"aio-icon-default\"><div class=\"ult-just-icon-wrapper  \"><div class=\"align-icon\" style=\"text-align:center;\">\n<div class=\"aio-icon none \"  style=\"color:#5f1b52;font-size:16px;display:inline-block;\">\n\t<i class=\"Defaults-camera\"><\/i>\n<\/div><\/div><\/div><\/div><div class=\"aio-icon-header\" ><h3 class=\"aio-icon-title ult-responsive\"  data-ultimate-target='#Info-box-wrap-1362 .aio-icon-title'  data-responsive-json-new='{\"font-size\":\"\",\"line-height\":\"\"}'  style=\"color:#5f1b52;\">170<\/h3><\/div> <!-- header --><\/div> <!-- aio-icon-box --><\/div> <!-- aio-icon-component -->[\/vc_column_inner][vc_column_inner width=\u00a0\u00bb1\/5&Prime; offset=\u00a0\u00bbvc_col-xs-1\/5&Prime;]<div class=\"aio-icon-component    style_1\"><div id=\"Info-box-wrap-4793\" class=\"aio-icon-box default-icon\" style=\"\"  ><div class=\"aio-icon-default\"><div class=\"ult-just-icon-wrapper  \"><div class=\"align-icon\" style=\"text-align:center;\">\n<div class=\"aio-icon none \"  style=\"color:#5f1b52;font-size:16px;display:inline-block;\">\n\t<i class=\"Defaults-film\"><\/i>\n<\/div><\/div><\/div><\/div><div class=\"aio-icon-header\" ><h3 class=\"aio-icon-title ult-responsive\"  data-ultimate-target='#Info-box-wrap-4793 .aio-icon-title'  data-responsive-json-new='{\"font-size\":\"\",\"line-height\":\"\"}'  style=\"color:#5f1b52;\">0<\/h3><\/div> <!-- header --><\/div> <!-- aio-icon-box --><\/div> <!-- aio-icon-component -->[\/vc_column_inner][\/vc_row_inner][\/vc_column][vc_column width=\u00a0\u00bb1\/4&Prime;][vc_column_text css=\u00a0\u00bb.vc_custom_1751650135905{margin-bottom: 0px !important;}\u00a0\u00bb]<\/p>\n<h4 style=\"text-align: left;\"><a href=\"https:\/\/www.atlasrleye.com\/fr\/occlusion-de-branche-veineuse-retinienne\/cas-clinique-3\/\">Cas Clinique 3<\/a><\/h4>\n<p>[\/vc_column_text][vc_gallery type=\u00a0\u00bbimage_grid\u00a0\u00bb images=\u00a0\u00bb16571,16576&Prime; img_size=\u00a0\u00bb140&Prime; css=\u00a0\u00bb.vc_custom_1752620538080{margin-bottom: 10px !important;margin-left: -20px !important;}\u00a0\u00bb][vc_row_inner][vc_column_inner width=\u00a0\u00bb1\/5&Prime; offset=\u00a0\u00bbvc_col-xs-1\/5&Prime;]<div class=\"aio-icon-component    style_1\"><div id=\"Info-box-wrap-9579\" class=\"aio-icon-box default-icon\" style=\"\"  ><div class=\"aio-icon-default\"><div class=\"ult-just-icon-wrapper  \"><div class=\"align-icon\" style=\"text-align:center;\">\n<div class=\"aio-icon none \"  style=\"color:#5f1b52;font-size:16px;display:inline-block;\">\n\t<i class=\"Defaults-calendar\"><\/i>\n<\/div><\/div><\/div><\/div><div class=\"aio-icon-header\" ><h3 class=\"aio-icon-title ult-responsive\"  data-ultimate-target='#Info-box-wrap-9579 .aio-icon-title'  data-responsive-json-new='{\"font-size\":\"\",\"line-height\":\"\"}'  style=\"color:#5f1b52;\">4<\/h3><\/div> <!-- header --><\/div> <!-- aio-icon-box --><\/div> <!-- aio-icon-component -->[\/vc_column_inner][vc_column_inner width=\u00a0\u00bb1\/5&Prime; offset=\u00a0\u00bbvc_col-xs-1\/5&Prime;]<div class=\"aio-icon-component    style_1\"><div id=\"Info-box-wrap-9316\" class=\"aio-icon-box default-icon\" style=\"\"  ><div class=\"aio-icon-default\"><div class=\"ult-just-icon-wrapper  \"><div class=\"align-icon\" style=\"text-align:center;\">\n<div class=\"aio-icon none \"  style=\"color:#5f1b52;font-size:16px;display:inline-block;\">\n\t<i class=\"Defaults-camera\"><\/i>\n<\/div><\/div><\/div><\/div><div class=\"aio-icon-header\" ><h3 class=\"aio-icon-title ult-responsive\"  data-ultimate-target='#Info-box-wrap-9316 .aio-icon-title'  data-responsive-json-new='{\"font-size\":\"\",\"line-height\":\"\"}'  style=\"color:#5f1b52;\">50<\/h3><\/div> <!-- header --><\/div> <!-- aio-icon-box --><\/div> <!-- aio-icon-component -->[\/vc_column_inner][vc_column_inner width=\u00a0\u00bb1\/5&Prime; offset=\u00a0\u00bbvc_col-xs-1\/5&Prime;]<div class=\"aio-icon-component    style_1\"><div id=\"Info-box-wrap-5933\" class=\"aio-icon-box default-icon\" style=\"\"  ><div class=\"aio-icon-default\"><div class=\"ult-just-icon-wrapper  \"><div class=\"align-icon\" style=\"text-align:center;\">\n<div class=\"aio-icon none \"  style=\"color:#5f1b52;font-size:16px;display:inline-block;\">\n\t<i class=\"Defaults-film\"><\/i>\n<\/div><\/div><\/div><\/div><div class=\"aio-icon-header\" ><h3 class=\"aio-icon-title ult-responsive\"  data-ultimate-target='#Info-box-wrap-5933 .aio-icon-title'  data-responsive-json-new='{\"font-size\":\"\",\"line-height\":\"\"}'  style=\"color:#5f1b52;\">0<\/h3><\/div> <!-- header --><\/div> <!-- aio-icon-box --><\/div> <!-- aio-icon-component -->[\/vc_column_inner][\/vc_row_inner][\/vc_column][\/vc_row]<\/p>\n<\/div>","protected":false},"excerpt":{"rendered":"<p>[vc_row][vc_column][vc_custom_heading text=\u00a0\u00bbMALADIES VASCULAIRES R\u00c9TINIENNES\u00a0\u00bb font_container=\u00a0\u00bbtag:h5|font_size:22px|text_align:center|color:%23000000&Prime; use_theme_fonts=\u00a0\u00bbyes\u00a0\u00bb link=\u00a0\u00bburl:https%3A%2F%2Fwww.atlasrleye.com%2Ffr%2Fatlas%2F%231636632711328-9e751f35-9f1ehttps%3A%2F%2Fwww.atlasrleye.com%2Fatlas%2F|\u00a0\u00bb][vc_text_separator title=\u00a0\u00bb\u00a0\u00bb i_icon_fontawesome=\u00a0\u00bbfas fa-eye\u00a0\u00bb i_color=\u00a0\u00bbcustom\u00a0\u00bb i_size=\u00a0\u00bblg\u00a0\u00bb color=\u00a0\u00bbcustom\u00a0\u00bb border_width=\u00a0\u00bb8&Prime; css=\u00a0\u00bb.vc_custom_1637080776101{margin-bottom: -5px !important;}\u00a0\u00bb add_icon=\u00a0\u00bbtrue\u00a0\u00bb accent_color=\u00a0\u00bb#bababa\u00a0\u00bb i_custom_color=\u00a0\u00bb#bababa\u00a0\u00bb][vc_custom_heading source=\u00a0\u00bbpost_title\u00a0\u00bb font_container=\u00a0\u00bbtag:h1|font_size:44px|text_align:center|color:%235f1b52&Prime; use_theme_fonts=\u00a0\u00bbyes\u00a0\u00bb][\/vc_column][\/vc_row][vc_row][vc_column width=\u00a0\u00bb3\/4&Prime;][vc_column_text css=\u00a0\u00bb\u00a0\u00bb] L\u2019occlusion de branche de la veine centrale de la r\u00e9tine est caract\u00e9ris\u00e9e par la dilatation [&hellip;]<\/p>\n","protected":false},"author":3,"featured_media":0,"parent":0,"menu_order":0,"comment_status":"closed","ping_status":"closed","template":"","meta":{"_monsterinsights_skip_tracking":false,"_monsterinsights_sitenote_active":false,"_monsterinsights_sitenote_note":"","_monsterinsights_sitenote_category":0,"footnotes":""},"class_list":["post-75830","page","type-page","status-publish","hentry"],"_links":{"self":[{"href":"https:\/\/www.atlasrleye.com\/fr\/wp-json\/wp\/v2\/pages\/75830","targetHints":{"allow":["GET"]}}],"collection":[{"href":"https:\/\/www.atlasrleye.com\/fr\/wp-json\/wp\/v2\/pages"}],"about":[{"href":"https:\/\/www.atlasrleye.com\/fr\/wp-json\/wp\/v2\/types\/page"}],"author":[{"embeddable":true,"href":"https:\/\/www.atlasrleye.com\/fr\/wp-json\/wp\/v2\/users\/3"}],"replies":[{"embeddable":true,"href":"https:\/\/www.atlasrleye.com\/fr\/wp-json\/wp\/v2\/comments?post=75830"}],"version-history":[{"count":11,"href":"https:\/\/www.atlasrleye.com\/fr\/wp-json\/wp\/v2\/pages\/75830\/revisions"}],"predecessor-version":[{"id":118445,"href":"https:\/\/www.atlasrleye.com\/fr\/wp-json\/wp\/v2\/pages\/75830\/revisions\/118445"}],"wp:attachment":[{"href":"https:\/\/www.atlasrleye.com\/fr\/wp-json\/wp\/v2\/media?parent=75830"}],"curies":[{"name":"wp","href":"https:\/\/api.w.org\/{rel}","templated":true}]}}