{"id":75773,"date":"2021-11-19T17:07:30","date_gmt":"2021-11-19T17:07:30","guid":{"rendered":"https:\/\/www.atlasrleye.com\/syndrome-dischemie-oculaire\/"},"modified":"2025-07-15T23:18:02","modified_gmt":"2025-07-15T23:18:02","slug":"syndrome-dischemie-oculaire","status":"publish","type":"page","link":"https:\/\/www.atlasrleye.com\/fr\/syndrome-dischemie-oculaire\/","title":{"rendered":"SYNDROME D&rsquo;ISCH\u00c9MIE OCULAIRE"},"content":{"rendered":"<div class=\"wpb-content-wrapper\"><p>[vc_row][vc_column][vc_custom_heading text=\u00a0\u00bbMALADIES VASCULAIRES R\u00c9TINIENNES\u00a0\u00bb font_container=\u00a0\u00bbtag:h5|font_size:22px|text_align:center|color:%23000000&Prime; use_theme_fonts=\u00a0\u00bbyes\u00a0\u00bb link=\u00a0\u00bburl:https%3A%2F%2Fwww.atlasrleye.com%2Ffr%2Fatlas%2F%231636632711328-9e751f35-9f1e|\u00a0\u00bb][vc_text_separator title=\u00a0\u00bb\u00a0\u00bb i_icon_fontawesome=\u00a0\u00bbfas fa-eye\u00a0\u00bb i_color=\u00a0\u00bbcustom\u00a0\u00bb i_size=\u00a0\u00bblg\u00a0\u00bb color=\u00a0\u00bbcustom\u00a0\u00bb border_width=\u00a0\u00bb8&Prime; css=\u00a0\u00bb.vc_custom_1637080776101{margin-bottom: -5px !important;}\u00a0\u00bb add_icon=\u00a0\u00bbtrue\u00a0\u00bb accent_color=\u00a0\u00bb#bababa\u00a0\u00bb i_custom_color=\u00a0\u00bb#bababa\u00a0\u00bb][vc_custom_heading source=\u00a0\u00bbpost_title\u00a0\u00bb font_container=\u00a0\u00bbtag:h1|font_size:44px|text_align:center|color:%235f1b52&Prime; use_theme_fonts=\u00a0\u00bbyes\u00a0\u00bb]<div class=\"ult-spacer spacer-6a04d598922a8\" data-id=\"6a04d598922a8\" data-height=\"30\" data-height-mobile=\"0\" data-height-tab=\"\" data-height-tab-portrait=\"\" data-height-mobile-landscape=\"\" style=\"clear:both;display:block;\"><\/div>[\/vc_column][\/vc_row][vc_row][vc_column width=\u00a0\u00bb3\/4&Prime;][vc_column_text]<\/p>\n<div class=\"w-100 middle-subtext text-justify hidden-text\">\n<p style=\"text-align: justify; font-size: 16px;\">Le syndrome d\u2019isch\u00e9mie oculaire (OIS) est un \u00e9tat d&rsquo;hypoperfusion caus\u00e9 par une maladie vasculaire. La cause la plus fr\u00e9quente est l&rsquo;ath\u00e9roscl\u00e9rose de l\u2019art\u00e8re carotide ipsilat\u00e9rale laquelle produit st\u00e9nose. Les an\u00e9vrysmes diss\u00e9quants des carotides, aussi bien que l&rsquo;art\u00e9rite \u00e0 cellules g\u00e9ants, ont \u00e9t\u00e9 rapport\u00e9s pour causer une st\u00e9nose s\u00e9v\u00e8re des carotides internes et communes. Lorsque la st\u00e9nose atteint le 70% de lumen vasculaire, les anomalies dans l\u2019\u00e9coulement son visibles. Lorsque la st\u00e9nose atteint le 90% de lumen de la carotide, la perfusion de l\u2019art\u00e8re centrale de la r\u00e9tine ipsilat\u00e9rale est r\u00e9duite \u00e0 50%. Certains cas OIS peuvent \u00eatre caus\u00e9s par l\u2019occlusion de l\u2019art\u00e8re ophtalmique ipsilat\u00e9rale. L\u2019occlusion chronique de l&rsquo;art\u00e8re centrale de la r\u00e9tine peut reproduire les conclusions de l\u2019OIS.<\/p>\n<p style=\"text-align: justify; font-size: 16px;\">L&rsquo;OIS est plus fr\u00e9quent chez les hommes (2:1). L&rsquo;\u00e2ge moyen au moment du diagnostic est 65 ans, apparaissant g\u00e9n\u00e9ralement entre la 6e et la 9e d\u00e9cennie de vie. C\u2019est bilat\u00e9ral chez 20% des patients.<\/p>\n<p style=\"text-align: justify; font-size: 16px;\">Il se manifeste cliniquement par une diminution progressive de l&rsquo;acuit\u00e9 visuelle le long de jours ou semaines (80%), amaurose fugace (15%) ou perte soudaine de la vision (12%). Autre plainte fr\u00e9quente est une r\u00e9cup\u00e9ration prolong\u00e9e de la vision apr\u00e8s une exposition \u00e0 une lumi\u00e8re intense. La douleur oculaire et p\u00e9riorbitaire est pr\u00e9sente chez 40% des patients (due \u00e0 l\u2019isch\u00e9mie du globe oculaire, l\u2019augmentation de la pression intraoculaire ou l\u2019isch\u00e9mie des m\u00e9ninges ipsilat\u00e9rales).<\/p>\n<p style=\"text-align: justify; font-size: 16px;\">Les signes comprennent la diminution de l&rsquo;acuit\u00e9 visuelle et des vaisseaux collat\u00e9raux importants du syst\u00e8me de l\u2019art\u00e8re carotide externe \u00e0 l\u2019interne. L\u2019observation \u00e0 la lampe \u00e0 fente peut montrer l&rsquo;\u0153d\u00e8me de la corn\u00e9e, cellules dans la chambre ant\u00e9rieure et flare, pupille fix\u00e9e et rub\u00e9ose de l\u2019iris. La pression intraoculaire peut \u00eatre \u00e9lev\u00e9e (compromis de sortie) ou bas (diminution de la perfusion du corps ciliaire). Les signes cliniques du segment post\u00e9rieur comprennent le r\u00e9tr\u00e9cissement des art\u00e8res r\u00e9tiniennes, veines r\u00e9tiniennes dilat\u00e9es, h\u00e9morragies, microan\u00e9vrysmes et n\u00e9ovascularisation du disque optique ou de l\u2019autre zone de la r\u00e9tine.<\/p>\n<\/div>\n<p>[\/vc_column_text][\/vc_column][vc_column width=\u00a0\u00bb1\/4&Prime;][vc_images_carousel images=\u00a0\u00bb16578,16577&Prime; img_size=\u00a0\u00bbmedium\u00a0\u00bb speed=\u00a0\u00bb2000&Prime; autoplay=\u00a0\u00bbyes\u00a0\u00bb hide_pagination_control=\u00a0\u00bbyes\u00a0\u00bb wrap=\u00a0\u00bbyes\u00a0\u00bb css=\u00a0\u00bb.vc_custom_1751652343811{margin-bottom: 10px !important;}\u00a0\u00bb]<div class=\"stats-block stats-left  \"><div class=\"aio-icon-left\"><div class=\"ult-just-icon-wrapper  \"><div class=\"align-icon\" style=\"text-align:center;\">\n<div class=\"aio-icon square \"  style=\"color:#333333;background:#ffffff;font-size:32px;display:inline-block;\">\n\t<i class=\"Defaults-eye\"><\/i>\n<\/div><\/div><\/div><\/div><div class=\"stats-desc\" id=\"counter-responsv-wrap-8631\"><div id=\"counter_12660210666a04d59892445\" data-id=\"counter_12660210666a04d59892445\"  data-ultimate-target='#counter-responsv-wrap-8631 .stats-number'  data-responsive-json-new='{\"font-size\":\"\",\"line-height\":\"\"}'  class=\"stats-number ult-responsive\" style=\"font-size:28px;  \" data-speed=\"3\" data-counter-value=\"1\" data-separator=\",\" data-decimal=\".\">0<\/div><div id=\"title-counter_12660210666a04d59892445\"  data-ultimate-target='#counter-responsv-wrap-8631 .stats-text'  data-responsive-json-new='{\"font-size\":\"desktop:16px;\",\"line-height\":\"\"}'  class=\"stats-text ult-responsive\" style=\"font-size:px;  font-weight:bold;\">Cas Cliniques<\/div><\/div><\/div>[\/vc_column][\/vc_row][vc_row][vc_column][vc_column_text]<\/p>\n<div class=\"w-100 middle-subtext text-justify hidden-text\">\n<p style=\"text-align: justify; font-size: 16px;\">L\u2019angiographie \u00e0 la fluoresc\u00e9ine montre habituellement un remplissage retard\u00e9e de la choro\u00efde (&gt;5 secondes \u00e0 partir du premi\u00e8re aper\u00e7u du colorant jusqu&rsquo;\u00e0 le remplissage complet de la choro\u00efde). Un retard \u00e0 l&rsquo;impr\u00e9gnation art\u00e9rielle est aussi un signe fr\u00e9quent.<\/p>\n<p style=\"text-align: justify; font-size: 16px;\">L\u2019ophtalmodynamom\u00e9trie est positif dans les cas unilat\u00e9raux. Une bonne alternative \u00e0 cet examen est une l\u00e9g\u00e8re compression digitale sur le globe, causant pulsation art\u00e9rielle r\u00e9tinienne (si tel n&rsquo;est pas spontan\u00e9ment pr\u00e9sent).<\/p>\n<p style=\"text-align: justify; font-size: 16px;\">Le traitement comprend la photocoagulation pan-r\u00e9tinienne s&rsquo;il n&rsquo;y a pas n\u00e9ovascularisation de l\u2019iris. L\u2019endart\u00e9riectomie carotidienne syst\u00e9mique peut b\u00e9n\u00e9ficier les patients symptomatiques (infarctus, accident isch\u00e9mique transitoire et amaurose fugace), ou avec une implication sup\u00e9rieur a 70% du lumen art\u00e9riolaire. L&rsquo;utilisation de l&rsquo;aspirine doit \u00eatre prise en consid\u00e9ration.<\/p>\n<\/div>\n<p>[\/vc_column_text][\/vc_column][\/vc_row][vc_row][vc_column][vc_column_text css=\u00a0\u00bb.vc_custom_1751652360391{margin-bottom: 10px !important;}\u00a0\u00bb]<\/p>\n<h1><strong><span style=\"color: #5f1b52;\">Cas Cliniques<\/span><\/strong><\/h1>\n<p>[\/vc_column_text][\/vc_column][\/vc_row][vc_row][vc_column width=\u00a0\u00bb1\/4&Prime;][vc_column_text css=\u00a0\u00bb.vc_custom_1751652385361{margin-bottom: 0px !important;}\u00a0\u00bb]<\/p>\n<h4 style=\"text-align: left;\"><a href=\"https:\/\/www.atlasrleye.com\/fr\/syndrome-dischemie-oculaire\/cas-clinique-1\/\">Cas Clinique 1<\/a><\/h4>\n<p>[\/vc_column_text][vc_gallery type=\u00a0\u00bbimage_grid\u00a0\u00bb images=\u00a0\u00bb16578,16577&Prime; img_size=\u00a0\u00bb140&Prime; css=\u00a0\u00bb.vc_custom_1752621424651{margin-bottom: 10px !important;margin-left: -20px !important;}\u00a0\u00bb][vc_row_inner][vc_column_inner width=\u00a0\u00bb1\/5&Prime; offset=\u00a0\u00bbvc_col-xs-1\/5&Prime;]<div class=\"aio-icon-component    style_1\"><div id=\"Info-box-wrap-3824\" class=\"aio-icon-box default-icon\" style=\"\"  ><div class=\"aio-icon-default\"><div class=\"ult-just-icon-wrapper  \"><div class=\"align-icon\" style=\"text-align:center;\">\n<div class=\"aio-icon none \"  style=\"color:#5f1b52;font-size:16px;display:inline-block;\">\n\t<i class=\"Defaults-calendar\"><\/i>\n<\/div><\/div><\/div><\/div><div class=\"aio-icon-header\" ><h3 class=\"aio-icon-title ult-responsive\"  data-ultimate-target='#Info-box-wrap-3824 .aio-icon-title'  data-responsive-json-new='{\"font-size\":\"\",\"line-height\":\"\"}'  style=\"color:#5f1b52;\">1<\/h3><\/div> <!-- header --><\/div> <!-- aio-icon-box --><\/div> <!-- aio-icon-component -->[\/vc_column_inner][vc_column_inner width=\u00a0\u00bb1\/5&Prime; offset=\u00a0\u00bbvc_col-xs-1\/5&Prime;]<div class=\"aio-icon-component    style_1\"><div id=\"Info-box-wrap-5560\" class=\"aio-icon-box default-icon\" style=\"\"  ><div class=\"aio-icon-default\"><div class=\"ult-just-icon-wrapper  \"><div class=\"align-icon\" style=\"text-align:center;\">\n<div class=\"aio-icon none \"  style=\"color:#5f1b52;font-size:16px;display:inline-block;\">\n\t<i class=\"Defaults-camera\"><\/i>\n<\/div><\/div><\/div><\/div><div class=\"aio-icon-header\" ><h3 class=\"aio-icon-title ult-responsive\"  data-ultimate-target='#Info-box-wrap-5560 .aio-icon-title'  data-responsive-json-new='{\"font-size\":\"\",\"line-height\":\"\"}'  style=\"color:#5f1b52;\">31<\/h3><\/div> <!-- header --><\/div> <!-- aio-icon-box --><\/div> <!-- aio-icon-component -->[\/vc_column_inner][vc_column_inner width=\u00a0\u00bb1\/5&Prime; offset=\u00a0\u00bbvc_col-xs-1\/5&Prime;]<div class=\"aio-icon-component    style_1\"><div id=\"Info-box-wrap-1749\" class=\"aio-icon-box default-icon\" style=\"\"  ><div class=\"aio-icon-default\"><div class=\"ult-just-icon-wrapper  \"><div class=\"align-icon\" style=\"text-align:center;\">\n<div class=\"aio-icon none \"  style=\"color:#5f1b52;font-size:16px;display:inline-block;\">\n\t<i class=\"Defaults-film\"><\/i>\n<\/div><\/div><\/div><\/div><div class=\"aio-icon-header\" ><h3 class=\"aio-icon-title ult-responsive\"  data-ultimate-target='#Info-box-wrap-1749 .aio-icon-title'  data-responsive-json-new='{\"font-size\":\"\",\"line-height\":\"\"}'  style=\"color:#5f1b52;\">0<\/h3><\/div> <!-- header --><\/div> <!-- aio-icon-box --><\/div> <!-- aio-icon-component -->[\/vc_column_inner][\/vc_row_inner][\/vc_column][\/vc_row]<\/p>\n<\/div>","protected":false},"excerpt":{"rendered":"<p>[vc_row][vc_column][vc_custom_heading text=\u00a0\u00bbMALADIES VASCULAIRES R\u00c9TINIENNES\u00a0\u00bb font_container=\u00a0\u00bbtag:h5|font_size:22px|text_align:center|color:%23000000&Prime; use_theme_fonts=\u00a0\u00bbyes\u00a0\u00bb link=\u00a0\u00bburl:https%3A%2F%2Fwww.atlasrleye.com%2Ffr%2Fatlas%2F%231636632711328-9e751f35-9f1e|\u00a0\u00bb][vc_text_separator title=\u00a0\u00bb\u00a0\u00bb i_icon_fontawesome=\u00a0\u00bbfas fa-eye\u00a0\u00bb i_color=\u00a0\u00bbcustom\u00a0\u00bb i_size=\u00a0\u00bblg\u00a0\u00bb color=\u00a0\u00bbcustom\u00a0\u00bb border_width=\u00a0\u00bb8&Prime; css=\u00a0\u00bb.vc_custom_1637080776101{margin-bottom: -5px !important;}\u00a0\u00bb add_icon=\u00a0\u00bbtrue\u00a0\u00bb accent_color=\u00a0\u00bb#bababa\u00a0\u00bb i_custom_color=\u00a0\u00bb#bababa\u00a0\u00bb][vc_custom_heading source=\u00a0\u00bbpost_title\u00a0\u00bb font_container=\u00a0\u00bbtag:h1|font_size:44px|text_align:center|color:%235f1b52&Prime; use_theme_fonts=\u00a0\u00bbyes\u00a0\u00bb][\/vc_column][\/vc_row][vc_row][vc_column width=\u00a0\u00bb3\/4&Prime;][vc_column_text] Le syndrome d\u2019isch\u00e9mie oculaire (OIS) est un \u00e9tat d&rsquo;hypoperfusion caus\u00e9 par une maladie vasculaire. La cause [&hellip;]<\/p>\n","protected":false},"author":3,"featured_media":0,"parent":0,"menu_order":0,"comment_status":"closed","ping_status":"closed","template":"","meta":{"_monsterinsights_skip_tracking":false,"_monsterinsights_sitenote_active":false,"_monsterinsights_sitenote_note":"","_monsterinsights_sitenote_category":0,"footnotes":""},"class_list":["post-75773","page","type-page","status-publish","hentry"],"_links":{"self":[{"href":"https:\/\/www.atlasrleye.com\/fr\/wp-json\/wp\/v2\/pages\/75773","targetHints":{"allow":["GET"]}}],"collection":[{"href":"https:\/\/www.atlasrleye.com\/fr\/wp-json\/wp\/v2\/pages"}],"about":[{"href":"https:\/\/www.atlasrleye.com\/fr\/wp-json\/wp\/v2\/types\/page"}],"author":[{"embeddable":true,"href":"https:\/\/www.atlasrleye.com\/fr\/wp-json\/wp\/v2\/users\/3"}],"replies":[{"embeddable":true,"href":"https:\/\/www.atlasrleye.com\/fr\/wp-json\/wp\/v2\/comments?post=75773"}],"version-history":[{"count":6,"href":"https:\/\/www.atlasrleye.com\/fr\/wp-json\/wp\/v2\/pages\/75773\/revisions"}],"predecessor-version":[{"id":118465,"href":"https:\/\/www.atlasrleye.com\/fr\/wp-json\/wp\/v2\/pages\/75773\/revisions\/118465"}],"wp:attachment":[{"href":"https:\/\/www.atlasrleye.com\/fr\/wp-json\/wp\/v2\/media?parent=75773"}],"curies":[{"name":"wp","href":"https:\/\/api.w.org\/{rel}","templated":true}]}}