{"id":74897,"date":"2021-11-22T15:29:57","date_gmt":"2021-11-22T15:29:57","guid":{"rendered":"https:\/\/www.atlasrleye.com\/traumatismes-oculaires-perforants-et-penetrants\/"},"modified":"2026-03-02T17:09:38","modified_gmt":"2026-03-02T17:09:38","slug":"traumatismes-oculaires-perforants-et-penetrants","status":"publish","type":"page","link":"https:\/\/www.atlasrleye.com\/fr\/traumatismes-oculaires-perforants-et-penetrants\/","title":{"rendered":"TRAUMATISMES OCULAIRES P\u00c9RFORANTS ET P\u00c9NETRANTS"},"content":{"rendered":"<div class=\"wpb-content-wrapper\"><p>[vc_row][vc_column][vc_custom_heading text=\u00a0\u00bbR\u00c9TINOPATHIES TRAUMATIQUES ET TOXIQUES\u00a0\u00bb font_container=\u00a0\u00bbtag:h5|font_size:22px|text_align:center|color:%23000000&Prime; use_theme_fonts=\u00a0\u00bbyes\u00a0\u00bb link=\u00a0\u00bburl:https%3A%2F%2Fwww.atlasrleye.com%2Ffr%2Fatlas%2F%231636632808103-ebb9ab69-b1fc|\u00a0\u00bb][vc_text_separator title=\u00a0\u00bb\u00a0\u00bb i_icon_fontawesome=\u00a0\u00bbfas fa-eye\u00a0\u00bb i_color=\u00a0\u00bbcustom\u00a0\u00bb i_size=\u00a0\u00bblg\u00a0\u00bb color=\u00a0\u00bbcustom\u00a0\u00bb border_width=\u00a0\u00bb8&Prime; css=\u00a0\u00bb.vc_custom_1637080776101{margin-bottom: -5px !important;}\u00a0\u00bb add_icon=\u00a0\u00bbtrue\u00a0\u00bb accent_color=\u00a0\u00bb#bababa\u00a0\u00bb i_custom_color=\u00a0\u00bb#bababa\u00a0\u00bb][vc_custom_heading source=\u00a0\u00bbpost_title\u00a0\u00bb font_container=\u00a0\u00bbtag:h1|font_size:44px|text_align:center|color:%235f1b52&Prime; use_theme_fonts=\u00a0\u00bbyes\u00a0\u00bb]<div class=\"ult-spacer spacer-6a03954af1898\" data-id=\"6a03954af1898\" data-height=\"30\" data-height-mobile=\"30\" data-height-tab=\"30\" data-height-tab-portrait=\"\" data-height-mobile-landscape=\"0\" style=\"clear:both;display:block;\"><\/div>[\/vc_column][\/vc_row][vc_row][vc_column width=\u00a0\u00bb3\/4&Prime;][vc_column_text]<\/p>\n<div class=\"w-100 middle-subtext text-justify hidden-text\">\n<p style=\"text-align: justify; font-size: 16px;\">Les traumatismes oculaires p\u00e9n\u00e9trants et perforants sont caus\u00e9s par des objets pointus et tranchants, g\u00e9n\u00e9ralement des aiguilles, des cure-dents, des crayons, des couteaux, des stylos et des verres.<\/p>\n<p style=\"text-align: justify; font-size: 16px;\">Aux traumatismes p\u00e9n\u00e9trants, par d\u00e9finition, les objets provoquent une blessure d&rsquo;entr\u00e9e. Aux traumatismes perforants, ils provoquent une blessure d\u2019entr\u00e9e et autre de sortie.<\/p>\n<p style=\"text-align: justify; font-size: 16px;\">Ces blessures peuvent provoquer rupture du globe oculaire, h\u00e9morragie sous-conjonctivale, lac\u00e9rations corn\u00e9ennes, hyph\u00e8me, d\u00e9formations de l&rsquo;iris, alt\u00e9rations du cristallin, h\u00e9morragie du vitr\u00e9, d\u00e9chirures de r\u00e9tine et d\u00e9collement de r\u00e9tine.<\/p>\n<p style=\"text-align: justify; font-size: 16px;\">Les complications peuvent inclure cicatrisation de la corn\u00e9e, ophtalmie sympathique, glaucome post-traumatique, cataracte, d\u00e9collement de r\u00e9tine, endophtalmie et l&rsquo;\u00e9nucl\u00e9ation.<\/p>\n<p style=\"text-align: justify; font-size: 16px;\">Ce type de blessure requiert un examen et une manipulation soign\u00e9e de toutes les structures oculaires et les pi\u00e8ces jointes oculaires et il n\u00e9cessite un traitement imm\u00e9diat.<\/p>\n<\/div>\n<p>[\/vc_column_text][\/vc_column][vc_column width=\u00a0\u00bb1\/4&Prime;][vc_images_carousel images=\u00a0\u00bb66642,66639,120018,120022,120142,120198&Prime; img_size=\u00a0\u00bbmedium\u00a0\u00bb speed=\u00a0\u00bb2000&Prime; autoplay=\u00a0\u00bbyes\u00a0\u00bb hide_pagination_control=\u00a0\u00bbyes\u00a0\u00bb css=\u00a0\u00bb\u00a0\u00bb]<div class=\"stats-block stats-left  \"><div class=\"aio-icon-left\"><div class=\"ult-just-icon-wrapper  \"><div class=\"align-icon\" style=\"text-align:center;\">\n<div class=\"aio-icon square \"  style=\"color:#333333;background:#ffffff;font-size:32px;display:inline-block;\">\n\t<i class=\"Defaults-eye\"><\/i>\n<\/div><\/div><\/div><\/div><div class=\"stats-desc\" id=\"counter-responsv-wrap-3950\"><div id=\"counter_2723069416a03954af1ad5\" data-id=\"counter_2723069416a03954af1ad5\"  data-ultimate-target='#counter-responsv-wrap-3950 .stats-number'  data-responsive-json-new='{\"font-size\":\"\",\"line-height\":\"\"}'  class=\"stats-number ult-responsive\" style=\"font-size:28px;  \" data-speed=\"3\" data-counter-value=\"3\" data-separator=\",\" data-decimal=\".\">0<\/div><div id=\"title-counter_2723069416a03954af1ad5\"  data-ultimate-target='#counter-responsv-wrap-3950 .stats-text'  data-responsive-json-new='{\"font-size\":\"desktop:16px;\",\"line-height\":\"\"}'  class=\"stats-text ult-responsive\" style=\"font-size:px;  font-weight:bold;\">Cas Cliniques<\/div><\/div><\/div>[\/vc_column][\/vc_row][vc_row][vc_column][vc_column_text css=\u00a0\u00bb.vc_custom_1752606183021{margin-bottom: 10px !important;}\u00a0\u00bb]<\/p>\n<h1><strong><span style=\"color: #5f1b52;\">Cas Cliniques<\/span><\/strong><\/h1>\n<p>[\/vc_column_text][\/vc_column][\/vc_row][vc_row][vc_column width=\u00a0\u00bb1\/4&Prime;][vc_column_text css=\u00a0\u00bb.vc_custom_1752606196503{margin-bottom: 0px !important;}\u00a0\u00bb]<\/p>\n<h4 style=\"text-align: left;\"><a href=\"https:\/\/www.atlasrleye.com\/fr\/traumatismes-oculaires-perforants-et-penetrants\/cas-clinique-1\/\">Cas Clinique 1<\/a><\/h4>\n<p>[\/vc_column_text][vc_gallery type=\u00a0\u00bbimage_grid\u00a0\u00bb images=\u00a0\u00bb66642,66639&Prime; img_size=\u00a0\u00bb140&Prime; css=\u00a0\u00bb.vc_custom_1752606206824{margin-bottom: 10px !important;margin-left: -20px !important;}\u00a0\u00bb][vc_row_inner][vc_column_inner width=\u00a0\u00bb1\/5&Prime; offset=\u00a0\u00bbvc_col-xs-1\/5&Prime;]<div class=\"aio-icon-component    style_1\"><div id=\"Info-box-wrap-5286\" class=\"aio-icon-box default-icon\" style=\"\"  ><div class=\"aio-icon-default\"><div class=\"ult-just-icon-wrapper  \"><div class=\"align-icon\" style=\"text-align:center;\">\n<div class=\"aio-icon none \"  style=\"color:#5f1b52;font-size:16px;display:inline-block;\">\n\t<i class=\"Defaults-calendar\"><\/i>\n<\/div><\/div><\/div><\/div><div class=\"aio-icon-header\" ><h3 class=\"aio-icon-title ult-responsive\"  data-ultimate-target='#Info-box-wrap-5286 .aio-icon-title'  data-responsive-json-new='{\"font-size\":\"\",\"line-height\":\"\"}'  style=\"color:#5f1b52;\">3<\/h3><\/div> <!-- header --><\/div> <!-- aio-icon-box --><\/div> <!-- aio-icon-component -->[\/vc_column_inner][vc_column_inner width=\u00a0\u00bb1\/5&Prime; offset=\u00a0\u00bbvc_col-xs-1\/5&Prime;]<div class=\"aio-icon-component    style_1\"><div id=\"Info-box-wrap-3291\" class=\"aio-icon-box default-icon\" style=\"\"  ><div class=\"aio-icon-default\"><div class=\"ult-just-icon-wrapper  \"><div class=\"align-icon\" style=\"text-align:center;\">\n<div class=\"aio-icon none \"  style=\"color:#5f1b52;font-size:16px;display:inline-block;\">\n\t<i class=\"Defaults-camera\"><\/i>\n<\/div><\/div><\/div><\/div><div class=\"aio-icon-header\" ><h3 class=\"aio-icon-title ult-responsive\"  data-ultimate-target='#Info-box-wrap-3291 .aio-icon-title'  data-responsive-json-new='{\"font-size\":\"\",\"line-height\":\"\"}'  style=\"color:#5f1b52;\">24<\/h3><\/div> <!-- header --><\/div> <!-- aio-icon-box --><\/div> <!-- aio-icon-component -->[\/vc_column_inner][vc_column_inner width=\u00a0\u00bb1\/5&Prime; offset=\u00a0\u00bbvc_col-xs-1\/5&Prime;]<div class=\"aio-icon-component    style_1\"><div id=\"Info-box-wrap-1060\" class=\"aio-icon-box default-icon\" style=\"\"  ><div class=\"aio-icon-default\"><div class=\"ult-just-icon-wrapper  \"><div class=\"align-icon\" style=\"text-align:center;\">\n<div class=\"aio-icon none \"  style=\"color:#5f1b52;font-size:16px;display:inline-block;\">\n\t<i class=\"Defaults-film\"><\/i>\n<\/div><\/div><\/div><\/div><div class=\"aio-icon-header\" ><h3 class=\"aio-icon-title ult-responsive\"  data-ultimate-target='#Info-box-wrap-1060 .aio-icon-title'  data-responsive-json-new='{\"font-size\":\"\",\"line-height\":\"\"}'  style=\"color:#5f1b52;\">0<\/h3><\/div> <!-- header --><\/div> <!-- aio-icon-box --><\/div> <!-- aio-icon-component -->[\/vc_column_inner][\/vc_row_inner][\/vc_column][vc_column width=\u00a0\u00bb1\/4&Prime;][vc_column_text css=\u00a0\u00bb.vc_custom_1771982105450{margin-bottom: 0px !important;}\u00a0\u00bb]<\/p>\n<h4 style=\"text-align: left;\"><a href=\"https:\/\/www.atlasrleye.com\/fr\/traumatismes-oculaires-perforants-et-penetrants\/cas-clinique-2\/\">Cas Clinique 2<\/a><\/h4>\n<p>[\/vc_column_text][vc_gallery type=\u00a0\u00bbimage_grid\u00a0\u00bb images=\u00a0\u00bb120018,120022&Prime; img_size=\u00a0\u00bb140&Prime; css=\u00a0\u00bb.vc_custom_1771982127525{margin-bottom: 10px !important;margin-left: -20px !important;}\u00a0\u00bb][vc_row_inner][vc_column_inner width=\u00a0\u00bb1\/5&Prime; offset=\u00a0\u00bbvc_col-xs-1\/5&Prime;]<div class=\"aio-icon-component    style_1\"><div id=\"Info-box-wrap-5152\" class=\"aio-icon-box default-icon\" style=\"\"  ><div class=\"aio-icon-default\"><div class=\"ult-just-icon-wrapper  \"><div class=\"align-icon\" style=\"text-align:center;\">\n<div class=\"aio-icon none \"  style=\"color:#5f1b52;font-size:16px;display:inline-block;\">\n\t<i class=\"Defaults-calendar\"><\/i>\n<\/div><\/div><\/div><\/div><div class=\"aio-icon-header\" ><h3 class=\"aio-icon-title ult-responsive\"  data-ultimate-target='#Info-box-wrap-5152 .aio-icon-title'  data-responsive-json-new='{\"font-size\":\"\",\"line-height\":\"\"}'  style=\"color:#5f1b52;\">3<\/h3><\/div> <!-- header --><\/div> <!-- aio-icon-box --><\/div> <!-- aio-icon-component -->[\/vc_column_inner][vc_column_inner width=\u00a0\u00bb1\/5&Prime; offset=\u00a0\u00bbvc_col-xs-1\/5&Prime;]<div class=\"aio-icon-component    style_1\"><div id=\"Info-box-wrap-2474\" class=\"aio-icon-box default-icon\" style=\"\"  ><div class=\"aio-icon-default\"><div class=\"ult-just-icon-wrapper  \"><div class=\"align-icon\" style=\"text-align:center;\">\n<div class=\"aio-icon none \"  style=\"color:#5f1b52;font-size:16px;display:inline-block;\">\n\t<i class=\"Defaults-camera\"><\/i>\n<\/div><\/div><\/div><\/div><div class=\"aio-icon-header\" ><h3 class=\"aio-icon-title ult-responsive\"  data-ultimate-target='#Info-box-wrap-2474 .aio-icon-title'  data-responsive-json-new='{\"font-size\":\"\",\"line-height\":\"\"}'  style=\"color:#5f1b52;\">22<\/h3><\/div> <!-- header --><\/div> <!-- aio-icon-box --><\/div> <!-- aio-icon-component -->[\/vc_column_inner][vc_column_inner width=\u00a0\u00bb1\/5&Prime; offset=\u00a0\u00bbvc_col-xs-1\/5&Prime;]<div class=\"aio-icon-component    style_1\"><div id=\"Info-box-wrap-2475\" class=\"aio-icon-box default-icon\" style=\"\"  ><div class=\"aio-icon-default\"><div class=\"ult-just-icon-wrapper  \"><div class=\"align-icon\" style=\"text-align:center;\">\n<div class=\"aio-icon none \"  style=\"color:#5f1b52;font-size:16px;display:inline-block;\">\n\t<i class=\"Defaults-film\"><\/i>\n<\/div><\/div><\/div><\/div><div class=\"aio-icon-header\" ><h3 class=\"aio-icon-title ult-responsive\"  data-ultimate-target='#Info-box-wrap-2475 .aio-icon-title'  data-responsive-json-new='{\"font-size\":\"\",\"line-height\":\"\"}'  style=\"color:#5f1b52;\">0<\/h3><\/div> <!-- header --><\/div> <!-- aio-icon-box --><\/div> <!-- aio-icon-component -->[\/vc_column_inner][\/vc_row_inner][\/vc_column][vc_column width=\u00a0\u00bb1\/4&Prime;][vc_column_text css=\u00a0\u00bb.vc_custom_1772384487349{margin-bottom: 0px !important;}\u00a0\u00bb]<\/p>\n<h4 style=\"text-align: left;\"><a href=\"https:\/\/www.atlasrleye.com\/fr\/traumatismes-oculaires-perforants-et-penetrants\/cas-clinique-3\/\">Cas Clinique 3<\/a><\/h4>\n<p>[\/vc_column_text][vc_gallery type=\u00a0\u00bbimage_grid\u00a0\u00bb images=\u00a0\u00bb120142,120198&Prime; img_size=\u00a0\u00bb140&Prime; css=\u00a0\u00bb.vc_custom_1772384554535{margin-bottom: 10px !important;margin-left: -20px !important;}\u00a0\u00bb][vc_row_inner][vc_column_inner width=\u00a0\u00bb1\/5&Prime; offset=\u00a0\u00bbvc_col-xs-1\/5&Prime;]<div class=\"aio-icon-component    style_1\"><div id=\"Info-box-wrap-9258\" class=\"aio-icon-box default-icon\" style=\"\"  ><div class=\"aio-icon-default\"><div class=\"ult-just-icon-wrapper  \"><div class=\"align-icon\" style=\"text-align:center;\">\n<div class=\"aio-icon none \"  style=\"color:#5f1b52;font-size:16px;display:inline-block;\">\n\t<i class=\"Defaults-calendar\"><\/i>\n<\/div><\/div><\/div><\/div><div class=\"aio-icon-header\" ><h3 class=\"aio-icon-title ult-responsive\"  data-ultimate-target='#Info-box-wrap-9258 .aio-icon-title'  data-responsive-json-new='{\"font-size\":\"\",\"line-height\":\"\"}'  style=\"color:#5f1b52;\">7<\/h3><\/div> <!-- header --><\/div> <!-- aio-icon-box --><\/div> <!-- aio-icon-component -->[\/vc_column_inner][vc_column_inner width=\u00a0\u00bb1\/5&Prime; offset=\u00a0\u00bbvc_col-xs-1\/5&Prime;]<div class=\"aio-icon-component    style_1\"><div id=\"Info-box-wrap-3680\" class=\"aio-icon-box default-icon\" style=\"\"  ><div class=\"aio-icon-default\"><div class=\"ult-just-icon-wrapper  \"><div class=\"align-icon\" style=\"text-align:center;\">\n<div class=\"aio-icon none \"  style=\"color:#5f1b52;font-size:16px;display:inline-block;\">\n\t<i class=\"Defaults-camera\"><\/i>\n<\/div><\/div><\/div><\/div><div class=\"aio-icon-header\" ><h3 class=\"aio-icon-title ult-responsive\"  data-ultimate-target='#Info-box-wrap-3680 .aio-icon-title'  data-responsive-json-new='{\"font-size\":\"\",\"line-height\":\"\"}'  style=\"color:#5f1b52;\">61<\/h3><\/div> <!-- header --><\/div> <!-- aio-icon-box --><\/div> <!-- aio-icon-component -->[\/vc_column_inner][vc_column_inner width=\u00a0\u00bb1\/5&Prime; offset=\u00a0\u00bbvc_col-xs-1\/5&Prime;]<div class=\"aio-icon-component    style_1\"><div id=\"Info-box-wrap-3162\" class=\"aio-icon-box default-icon\" style=\"\"  ><div class=\"aio-icon-default\"><div class=\"ult-just-icon-wrapper  \"><div class=\"align-icon\" style=\"text-align:center;\">\n<div class=\"aio-icon none \"  style=\"color:#5f1b52;font-size:16px;display:inline-block;\">\n\t<i class=\"Defaults-film\"><\/i>\n<\/div><\/div><\/div><\/div><div class=\"aio-icon-header\" ><h3 class=\"aio-icon-title ult-responsive\"  data-ultimate-target='#Info-box-wrap-3162 .aio-icon-title'  data-responsive-json-new='{\"font-size\":\"\",\"line-height\":\"\"}'  style=\"color:#5f1b52;\">0<\/h3><\/div> <!-- header --><\/div> <!-- aio-icon-box --><\/div> <!-- aio-icon-component -->[\/vc_column_inner][\/vc_row_inner][\/vc_column][\/vc_row]<\/p>\n<\/div>","protected":false},"excerpt":{"rendered":"<p>[vc_row][vc_column][vc_custom_heading text=\u00a0\u00bbR\u00c9TINOPATHIES TRAUMATIQUES ET TOXIQUES\u00a0\u00bb font_container=\u00a0\u00bbtag:h5|font_size:22px|text_align:center|color:%23000000&Prime; use_theme_fonts=\u00a0\u00bbyes\u00a0\u00bb link=\u00a0\u00bburl:https%3A%2F%2Fwww.atlasrleye.com%2Ffr%2Fatlas%2F%231636632808103-ebb9ab69-b1fc|\u00a0\u00bb][vc_text_separator title=\u00a0\u00bb\u00a0\u00bb i_icon_fontawesome=\u00a0\u00bbfas fa-eye\u00a0\u00bb i_color=\u00a0\u00bbcustom\u00a0\u00bb i_size=\u00a0\u00bblg\u00a0\u00bb color=\u00a0\u00bbcustom\u00a0\u00bb border_width=\u00a0\u00bb8&Prime; css=\u00a0\u00bb.vc_custom_1637080776101{margin-bottom: -5px !important;}\u00a0\u00bb add_icon=\u00a0\u00bbtrue\u00a0\u00bb accent_color=\u00a0\u00bb#bababa\u00a0\u00bb i_custom_color=\u00a0\u00bb#bababa\u00a0\u00bb][vc_custom_heading source=\u00a0\u00bbpost_title\u00a0\u00bb font_container=\u00a0\u00bbtag:h1|font_size:44px|text_align:center|color:%235f1b52&Prime; use_theme_fonts=\u00a0\u00bbyes\u00a0\u00bb][\/vc_column][\/vc_row][vc_row][vc_column width=\u00a0\u00bb3\/4&Prime;][vc_column_text] Les traumatismes oculaires p\u00e9n\u00e9trants et perforants sont caus\u00e9s par des objets pointus et tranchants, g\u00e9n\u00e9ralement [&hellip;]<\/p>\n","protected":false},"author":3,"featured_media":0,"parent":0,"menu_order":0,"comment_status":"closed","ping_status":"closed","template":"","meta":{"_monsterinsights_skip_tracking":false,"_monsterinsights_sitenote_active":false,"_monsterinsights_sitenote_note":"","_monsterinsights_sitenote_category":0,"footnotes":""},"class_list":["post-74897","page","type-page","status-publish","hentry"],"_links":{"self":[{"href":"https:\/\/www.atlasrleye.com\/fr\/wp-json\/wp\/v2\/pages\/74897","targetHints":{"allow":["GET"]}}],"collection":[{"href":"https:\/\/www.atlasrleye.com\/fr\/wp-json\/wp\/v2\/pages"}],"about":[{"href":"https:\/\/www.atlasrleye.com\/fr\/wp-json\/wp\/v2\/types\/page"}],"author":[{"embeddable":true,"href":"https:\/\/www.atlasrleye.com\/fr\/wp-json\/wp\/v2\/users\/3"}],"replies":[{"embeddable":true,"href":"https:\/\/www.atlasrleye.com\/fr\/wp-json\/wp\/v2\/comments?post=74897"}],"version-history":[{"count":33,"href":"https:\/\/www.atlasrleye.com\/fr\/wp-json\/wp\/v2\/pages\/74897\/revisions"}],"predecessor-version":[{"id":121958,"href":"https:\/\/www.atlasrleye.com\/fr\/wp-json\/wp\/v2\/pages\/74897\/revisions\/121958"}],"wp:attachment":[{"href":"https:\/\/www.atlasrleye.com\/fr\/wp-json\/wp\/v2\/media?parent=74897"}],"curies":[{"name":"wp","href":"https:\/\/api.w.org\/{rel}","templated":true}]}}