{"id":73712,"date":"2022-01-06T16:28:41","date_gmt":"2022-01-06T16:28:41","guid":{"rendered":"https:\/\/www.atlasrleye.com\/trou-maculaire-idiopathique\/cas-clinique-4\/"},"modified":"2024-02-19T23:58:02","modified_gmt":"2024-02-19T23:58:02","slug":"cas-clinique-4","status":"publish","type":"page","link":"https:\/\/www.atlasrleye.com\/fr\/trou-maculaire-idiopathique\/cas-clinique-4\/","title":{"rendered":"Cas clinique 4"},"content":{"rendered":"<div class=\"wpb-content-wrapper\"><p>[vc_row][vc_column][vc_custom_heading text=\u00a0\u00bbMALADIES MACULAIRES\u00a0\u00bb font_container=\u00a0\u00bbtag:h5|font_size:22px|text_align:center|color:%23000000&Prime; use_theme_fonts=\u00a0\u00bbyes\u00a0\u00bb link=\u00a0\u00bburl:https%3A%2F%2Fwww.atlasrleye.com%2Ffr%2Fatlas%2F%231636632711938-40a9cd41-6444|\u00a0\u00bb][vc_text_separator title=\u00a0\u00bb\u00a0\u00bb i_icon_fontawesome=\u00a0\u00bbfas fa-eye\u00a0\u00bb i_color=\u00a0\u00bbcustom\u00a0\u00bb i_size=\u00a0\u00bblg\u00a0\u00bb color=\u00a0\u00bbcustom\u00a0\u00bb border_width=\u00a0\u00bb8&Prime; add_icon=\u00a0\u00bbtrue\u00a0\u00bb css=\u00a0\u00bb.vc_custom_1637080776101{margin-bottom: -5px !important;}\u00a0\u00bb accent_color=\u00a0\u00bb#bababa\u00a0\u00bb i_custom_color=\u00a0\u00bb#bababa\u00a0\u00bb][vc_custom_heading text=\u00a0\u00bbTROU MACULAIRE IDIOPATHIQUE &#8211; Cas clinique 4&Prime; font_container=\u00a0\u00bbtag:h1|text_align:center|color:%235f1b52&Prime; use_theme_fonts=\u00a0\u00bbyes\u00a0\u00bb link=\u00a0\u00bburl:https%3A%2F%2Fwww.atlasrleye.com%2Ffr%2Ftrou-maculaire-idiopathique%2F|title:TROU%20MACULAIRE%20IDIOPATHIQUE|\u00a0\u00bb]<div class=\"ult-spacer spacer-6a058ea0cc61f\" data-id=\"6a058ea0cc61f\" data-height=\"70\" data-height-mobile=\"70\" data-height-tab=\"70\" data-height-tab-portrait=\"\" data-height-mobile-landscape=\"\" style=\"clear:both;display:block;\"><\/div>[\/vc_column][\/vc_row][vc_row][vc_column]<div class=\"ult-spacer spacer-6a058ea0cc6ce\" data-id=\"6a058ea0cc6ce\" data-height=\"10\" data-height-mobile=\"10\" data-height-tab=\"10\" data-height-tab-portrait=\"\" data-height-mobile-landscape=\"\" style=\"clear:both;display:block;\"><\/div><div class=\"ult-spacer spacer-6a058ea0cc72a\" data-id=\"6a058ea0cc72a\" data-height=\"20\" data-height-mobile=\"20\" data-height-tab=\"20\" data-height-tab-portrait=\"\" data-height-mobile-landscape=\"\" style=\"clear:both;display:block;\"><\/div>[\/vc_column][\/vc_row][vc_row gap=\u00a0\u00bb35&Prime; equal_height=\u00a0\u00bbyes\u00a0\u00bb][vc_column width=\u00a0\u00bb1\/2&Prime;][vc_row_inner][vc_column_inner width=\u00a0\u00bb1\/2&Prime;][vc_single_image image=\u00a0\u00bb46021&Prime; img_size=\u00a0\u00bb280&#215;90&Prime; alignment=\u00a0\u00bbcenter\u00a0\u00bb onclick=\u00a0\u00bblink_image\u00a0\u00bb][\/vc_column_inner][vc_column_inner width=\u00a0\u00bb1\/2&Prime;][vc_column_text]<\/p>\n<p style=\"font-size: 18px; text-align: justify;\"><span style=\"color: #000000;\">L&rsquo;OCT montre un trou maculaire avec un opercule et drusen subfov\u00e9olaires, chez un patient \u00e2g\u00e9 de 66 ans. AV 20\/200 OD.<\/span><\/p>\n<p>[\/vc_column_text][\/vc_column_inner][\/vc_row_inner][\/vc_column][vc_column width=\u00a0\u00bb1\/2&Prime;][vc_row_inner][vc_column_inner width=\u00a0\u00bb1\/2&Prime;][vc_single_image image=\u00a0\u00bb51532&Prime; img_size=\u00a0\u00bb280&#215;90&Prime; alignment=\u00a0\u00bbcenter\u00a0\u00bb onclick=\u00a0\u00bblink_image\u00a0\u00bb][\/vc_column_inner][vc_column_inner width=\u00a0\u00bb1\/2&Prime;][vc_column_text]<\/p>\n<p style=\"text-align: justify; font-size: 18px;\"><span style=\"color: #000000;\">L&rsquo;OCT, 10 mois apr\u00e9s la chirurgie de trou maculaire, montre la r\u00e9cup\u00e9ration de la structure de la r\u00e9tine. AV: 20\/25 OD.<\/span><\/p>\n<p>[\/vc_column_text][\/vc_column_inner][\/vc_row_inner][\/vc_column][\/vc_row][vc_row][vc_column][vc_column_text]<\/p>\n<h3><span style=\"color: #5f1b52;\">\u00c9valuations<br \/>\n<\/span><\/h3>\n<p>[\/vc_column_text][vc_tta_accordion active_section=\u00a0\u00bb99&Prime; no_fill=\u00a0\u00bbtrue\u00a0\u00bb collapsible_all=\u00a0\u00bbtrue\u00a0\u00bb][vc_tta_section i_icon_fontawesome=\u00a0\u00bbfar fa-calendar-alt\u00a0\u00bb add_icon=\u00a0\u00bbtrue\u00a0\u00bb title=\u00a0\u00bb1\u00e8re \u00c9valuation &#8211; 07 01 2010&Prime; tab_id=\u00a0\u00bb1641394922374-47016b7f-6668&Prime;][vc_row_inner][vc_column_inner width=\u00a0\u00bb1\/5&Prime;][vc_column_text]<\/p>\n<div class=\"row py-1\">\n<div class=\"col-12 border-bottom border-gray-light\">\n<p style=\"font-size: 18px;\">Autofluorescence<\/p>\n<\/div>\n<\/div>\n<p>[\/vc_column_text][vc_gallery type=\u00a0\u00bbimage_grid\u00a0\u00bb images=\u00a0\u00bb46048&Prime; img_size=\u00a0\u00bb193&#215;206&Prime;][\/vc_column_inner][vc_column_inner width=\u00a0\u00bb1\/5&Prime;][vc_column_text]<\/p>\n<div class=\"row py-1\">\n<div class=\"col-12 border-bottom border-gray-light\">\n<p style=\"font-size: 18px;\">Infrarouge<\/p>\n<\/div>\n<\/div>\n<p>[\/vc_column_text][vc_gallery type=\u00a0\u00bbimage_grid\u00a0\u00bb images=\u00a0\u00bb46027&Prime; img_size=\u00a0\u00bb193&#215;206&Prime;][\/vc_column_inner][vc_column_inner width=\u00a0\u00bb1\/5&Prime;][vc_column_text]<\/p>\n<div class=\"row py-1\">\n<div class=\"col-12 border-bottom border-gray-light\">\n<p style=\"font-size: 18px;\">Red-free<\/p>\n<\/div>\n<\/div>\n<p>[\/vc_column_text][vc_gallery type=\u00a0\u00bbimage_grid\u00a0\u00bb images=\u00a0\u00bb46054&Prime; img_size=\u00a0\u00bb193&#215;206&Prime;][\/vc_column_inner][vc_column_inner width=\u00a0\u00bb1\/5&Prime;][vc_column_text]<\/p>\n<div class=\"row py-1\">\n<div class=\"col-12 border-bottom border-gray-light\">\n<p style=\"font-size: 18px;\">Photographie du Segment Ant\u00e9rieur<\/p>\n<\/div>\n<\/div>\n<p>[\/vc_column_text][vc_gallery type=\u00a0\u00bbimage_grid\u00a0\u00bb images=\u00a0\u00bb46051&Prime; img_size=\u00a0\u00bb280&#215;206&Prime;][\/vc_column_inner][vc_column_inner width=\u00a0\u00bb1\/5&Prime;][vc_column_text]<\/p>\n<div class=\"row py-1\">\n<div class=\"col-12 border-bottom border-gray-light\">\n<p style=\"font-size: 18px;\">Microp\u00e9rim\u00e9trie<\/p>\n<\/div>\n<\/div>\n<p>[\/vc_column_text][vc_gallery type=\u00a0\u00bbimage_grid\u00a0\u00bb images=\u00a0\u00bb46042&Prime; img_size=\u00a0\u00bb280&#215;206&Prime;][\/vc_column_inner][\/vc_row_inner][vc_row_inner][vc_column_inner][vc_column_text]<\/p>\n<div class=\"row py-1\">\n<div class=\"col-12 border-bottom border-gray-light\">\n<p style=\"font-size: 18px;\">OCT (B-Scan) longitudinal<\/p>\n<\/div>\n<\/div>\n<p>[\/vc_column_text][vc_gallery type=\u00a0\u00bbimage_grid\u00a0\u00bb images=\u00a0\u00bb46021,46024,46033,46030&Prime; img_size=\u00a0\u00bb410&#215;110&Prime;][\/vc_column_inner][\/vc_row_inner][vc_row_inner][vc_column_inner width=\u00a0\u00bb1\/2&Prime;][vc_column_text]<\/p>\n<div class=\"row py-1\">\n<div class=\"col-12 border-bottom border-gray-light\">\n<p style=\"font-size: 18px;\">R\u00e9tinographie Couleur<\/p>\n<\/div>\n<\/div>\n<p>[\/vc_column_text][vc_gallery type=\u00a0\u00bbimage_grid\u00a0\u00bb images=\u00a0\u00bb46039,46036&Prime; img_size=\u00a0\u00bb251&#215;250&Prime;][\/vc_column_inner][vc_column_inner width=\u00a0\u00bb1\/2&Prime;][vc_column_text]<\/p>\n<div class=\"row py-1\">\n<div class=\"col-12 border-bottom border-gray-light\">\n<p style=\"font-size: 18px;\">Tonom\u00e9trie<\/p>\n<\/div>\n<\/div>\n<p>[\/vc_column_text][vc_gallery type=\u00a0\u00bbimage_grid\u00a0\u00bb images=\u00a0\u00bb46045&Prime; img_size=\u00a0\u00bb206&#215;206&Prime;][\/vc_column_inner][\/vc_row_inner][\/vc_tta_section][vc_tta_section i_icon_fontawesome=\u00a0\u00bbfar fa-calendar-alt\u00a0\u00bb add_icon=\u00a0\u00bbtrue\u00a0\u00bb title=\u00a0\u00bb2\u00e8me \u00c9valuation -postop\u00e9ratoire- 28 01 2010&Prime; tab_id=\u00a0\u00bb1641474772469-8c7e7552-9953&Prime;][vc_row_inner][vc_column_inner width=\u00a0\u00bb2\/3&Prime;][vc_column_text]<\/p>\n<div class=\"row py-1\">\n<div class=\"col-12 border-bottom border-gray-light\">\n<p style=\"font-size: 18px;\">Photographie du Segment Ant\u00e9rieur<\/p>\n<\/div>\n<\/div>\n<p>[\/vc_column_text][vc_gallery type=\u00a0\u00bbimage_grid\u00a0\u00bb images=\u00a0\u00bb46072,46069&Prime; img_size=\u00a0\u00bb285&#215;206&Prime;][\/vc_column_inner][vc_column_inner width=\u00a0\u00bb1\/3&Prime;][vc_column_text]<\/p>\n<div class=\"row py-1\">\n<div class=\"col-12 border-bottom border-gray-light\">\n<p style=\"font-size: 18px;\">R\u00e9tinographie Couleur<\/p>\n<\/div>\n<\/div>\n<p>[\/vc_column_text][vc_gallery type=\u00a0\u00bbimage_grid\u00a0\u00bb images=\u00a0\u00bb46075&Prime; img_size=\u00a0\u00bb251&#215;206&Prime;][\/vc_column_inner][\/vc_row_inner][vc_row_inner][vc_column_inner][vc_column_text]<\/p>\n<div class=\"row py-1\">\n<div class=\"col-12 border-bottom border-gray-light\">\n<p style=\"font-size: 18px;\">OCT (B-Scan) longitudinal<\/p>\n<div style=\"text-indent: 20px;\">\n<p style=\"font-size: 14px; text-align: justify;\"><span style=\"color: #000000;\">R\u00e9cup\u00e9ration partielle de la structure de la r\u00e9tine et des drusen subfov\u00e9olaires.<\/span><\/p>\n<\/div>\n<\/div>\n<\/div>\n<p>[\/vc_column_text][vc_gallery type=\u00a0\u00bbimage_grid\u00a0\u00bb images=\u00a0\u00bb46066,46057,46063,46060&Prime; img_size=\u00a0\u00bb282&#215;143&Prime; css=\u00a0\u00bb.vc_custom_1708386547441{margin-top: -30px !important;}\u00a0\u00bb][\/vc_column_inner][\/vc_row_inner][\/vc_tta_section][vc_tta_section i_icon_fontawesome=\u00a0\u00bbfar fa-calendar-alt\u00a0\u00bb add_icon=\u00a0\u00bbtrue\u00a0\u00bb title=\u00a0\u00bb3\u00e8me \u00c9valuation &#8211; 24 11 2010&Prime; tab_id=\u00a0\u00bb1641486111512-f7629700-388d\u00a0\u00bb][vc_row_inner][vc_column_inner width=\u00a0\u00bb1\/3&Prime;][vc_column_text]<\/p>\n<div class=\"row py-1\">\n<div class=\"col-12 border-bottom border-gray-light\">\n<p style=\"font-size: 18px;\">Autofluorescence<\/p>\n<\/div>\n<\/div>\n<p>[\/vc_column_text][vc_gallery type=\u00a0\u00bbimage_grid\u00a0\u00bb images=\u00a0\u00bb46099&Prime; img_size=\u00a0\u00bb193&#215;206&Prime;][\/vc_column_inner][vc_column_inner width=\u00a0\u00bb1\/3&Prime;][vc_column_text]<\/p>\n<div class=\"row py-1\">\n<div class=\"col-12 border-bottom border-gray-light\">\n<p style=\"font-size: 18px;\">Infrarouge<\/p>\n<\/div>\n<\/div>\n<p>[\/vc_column_text][vc_gallery type=\u00a0\u00bbimage_grid\u00a0\u00bb images=\u00a0\u00bb46081&Prime; img_size=\u00a0\u00bb193&#215;206&Prime;][\/vc_column_inner][vc_column_inner width=\u00a0\u00bb1\/3&Prime;][vc_column_text]<\/p>\n<div class=\"row py-1\">\n<div class=\"col-12 border-bottom border-gray-light\">\n<p style=\"font-size: 18px;\">Red-free<\/p>\n<\/div>\n<\/div>\n<p>[\/vc_column_text][vc_gallery type=\u00a0\u00bbimage_grid\u00a0\u00bb images=\u00a0\u00bb46078&Prime; img_size=\u00a0\u00bb193&#215;206&Prime;][\/vc_column_inner][\/vc_row_inner][vc_row_inner][vc_column_inner][vc_column_text]<\/p>\n<div class=\"row py-1\">\n<div class=\"col-12 border-bottom border-gray-light\">\n<p style=\"font-size: 18px;\">OCT (B-Scan) longitudinal<\/p>\n<\/div>\n<\/div>\n<p>[\/vc_column_text][vc_gallery type=\u00a0\u00bbimage_grid\u00a0\u00bb images=\u00a0\u00bb46087,46090,46093,46084&Prime; img_size=\u00a0\u00bb410&#215;110&Prime;][\/vc_column_inner][\/vc_row_inner][vc_row_inner][vc_column_inner width=\u00a0\u00bb1\/2&Prime;][vc_column_text]<\/p>\n<div class=\"row py-1\">\n<div class=\"col-12 border-bottom border-gray-light\">\n<p style=\"font-size: 18px;\">R\u00e9tinographie Couleur<\/p>\n<\/div>\n<\/div>\n<p>[\/vc_column_text][vc_gallery type=\u00a0\u00bbimage_grid\u00a0\u00bb images=\u00a0\u00bb46096,46102&Prime; img_size=\u00a0\u00bb251&#215;250&Prime;][\/vc_column_inner][\/vc_row_inner][\/vc_tta_section][vc_tta_section i_icon_fontawesome=\u00a0\u00bbfar fa-calendar-alt\u00a0\u00bb add_icon=\u00a0\u00bbtrue\u00a0\u00bb title=\u00a0\u00bb4\u00e8me \u00c9valuation &#8211; 11 07 2011&Prime; tab_id=\u00a0\u00bb1641486202837-f1a80e6d-1b1c\u00a0\u00bb][vc_row_inner][vc_column_inner][vc_column_text]<\/p>\n<div class=\"row py-1\">\n<div class=\"col-12 border-bottom border-gray-light\">\n<p style=\"font-size: 18px;\">Angiographie \u00e0 la Fluoresc\u00e9ine<\/p>\n<\/div>\n<\/div>\n<p>[\/vc_column_text][vc_gallery type=\u00a0\u00bbimage_grid\u00a0\u00bb images=\u00a0\u00bb46129,46105,46141&Prime; img_size=\u00a0\u00bb193&#215;206&Prime;][\/vc_column_inner][\/vc_row_inner][vc_row_inner][vc_column_inner width=\u00a0\u00bb1\/4&Prime;][vc_column_text]<\/p>\n<div class=\"row py-1\">\n<div class=\"col-12 border-bottom border-gray-light\">\n<p style=\"font-size: 18px;\">Autofluorescence<\/p>\n<\/div>\n<\/div>\n<p>[\/vc_column_text][vc_gallery type=\u00a0\u00bbimage_grid\u00a0\u00bb images=\u00a0\u00bb46132&Prime; img_size=\u00a0\u00bb193&#215;206&Prime;][\/vc_column_inner][vc_column_inner width=\u00a0\u00bb1\/4&Prime;][vc_column_text]<\/p>\n<div class=\"row py-1\">\n<div class=\"col-12 border-bottom border-gray-light\">\n<p style=\"font-size: 18px;\">Infrarouge<\/p>\n<\/div>\n<\/div>\n<p>[\/vc_column_text][vc_gallery type=\u00a0\u00bbimage_grid\u00a0\u00bb images=\u00a0\u00bb46108&Prime; img_size=\u00a0\u00bb193&#215;206&Prime;][\/vc_column_inner][vc_column_inner width=\u00a0\u00bb1\/4&Prime;][vc_column_text]<\/p>\n<div class=\"row py-1\">\n<div class=\"col-12 border-bottom border-gray-light\">\n<p style=\"font-size: 18px;\">Red-free<\/p>\n<\/div>\n<\/div>\n<p>[\/vc_column_text][vc_gallery type=\u00a0\u00bbimage_grid\u00a0\u00bb images=\u00a0\u00bb46138&Prime; img_size=\u00a0\u00bb193&#215;206&Prime;][\/vc_column_inner][vc_column_inner width=\u00a0\u00bb1\/4&Prime;][vc_column_text]<\/p>\n<div class=\"row py-1\">\n<div class=\"col-12 border-bottom border-gray-light\">\n<p style=\"font-size: 18px;\"> Photographie du Segment Ant\u00e9rieur<\/p>\n<div style=\"text-indent: 20px;\">\n<p style=\"font-size: 14px; text-align: justify;\"><span style=\"color: #000000;\">AV: 20\/50 OD.<\/span><\/p>\n<\/div>\n<\/div>\n<\/div>\n<p>[\/vc_column_text][vc_gallery type=\u00a0\u00bbimage_grid\u00a0\u00bb images=\u00a0\u00bb46126&Prime; img_size=\u00a0\u00bb323&#215;206&Prime; css=\u00a0\u00bb.vc_custom_1708386576999{margin-top: -30px !important;}\u00a0\u00bb][\/vc_column_inner][\/vc_row_inner][vc_row_inner][vc_column_inner][vc_column_text]<\/p>\n<div class=\"row py-1\">\n<div class=\"col-12 border-bottom border-gray-light\">\n<p style=\"font-size: 18px;\">OCT (B-Scan) longitudinal<\/p>\n<\/div>\n<\/div>\n<p>[\/vc_column_text][vc_gallery type=\u00a0\u00bbimage_grid\u00a0\u00bb images=\u00a0\u00bb46120,46117,46114,46123&Prime; img_size=\u00a0\u00bb307&#215;110&Prime;][\/vc_column_inner][\/vc_row_inner][vc_row_inner][vc_column_inner][vc_column_text]<\/p>\n<div class=\"row py-1\">\n<div class=\"col-12 border-bottom border-gray-light\">\n<p style=\"font-size: 18px;\">R\u00e9tinographie Couleur<\/p>\n<\/div>\n<\/div>\n<p>[\/vc_column_text][\/vc_column_inner][\/vc_row_inner][vc_row_inner][vc_column_inner width=\u00a0\u00bb1\/3&Prime;][vc_gallery type=\u00a0\u00bbimage_grid\u00a0\u00bb images=\u00a0\u00bb46135&Prime; img_size=\u00a0\u00bb251&#215;250&Prime;][\/vc_column_inner][vc_column_inner width=\u00a0\u00bb1\/3&Prime;][vc_gallery type=\u00a0\u00bbimage_grid\u00a0\u00bb images=\u00a0\u00bb46111&Prime; img_size=\u00a0\u00bb251&#215;250&Prime;][\/vc_column_inner][vc_column_inner width=\u00a0\u00bb1\/3&Prime;][\/vc_column_inner][\/vc_row_inner][\/vc_tta_section][vc_tta_section i_icon_fontawesome=\u00a0\u00bbfar fa-calendar-alt\u00a0\u00bb add_icon=\u00a0\u00bbtrue\u00a0\u00bb title=\u00a0\u00bb5\u00e8me \u00c9valuation &#8211; 16 04 2015&Prime; tab_id=\u00a0\u00bb1641486215161-77c7fa35-e20e\u00a0\u00bb][vc_row_inner][vc_column_inner width=\u00a0\u00bb1\/3&Prime;][vc_column_text]<\/p>\n<div class=\"row py-1\">\n<div class=\"col-12 border-bottom border-gray-light\">\n<p style=\"font-size: 18px;\">Autofluorescence<\/p>\n<\/div>\n<\/div>\n<p>[\/vc_column_text][vc_gallery type=\u00a0\u00bbimage_grid\u00a0\u00bb images=\u00a0\u00bb46156&Prime; img_size=\u00a0\u00bb193&#215;206&Prime;][\/vc_column_inner][vc_column_inner width=\u00a0\u00bb1\/3&Prime;][vc_column_text]<\/p>\n<div class=\"row py-1\">\n<div class=\"col-12 border-bottom border-gray-light\">\n<p style=\"font-size: 18px;\">Infrarouge<\/p>\n<\/div>\n<\/div>\n<p>[\/vc_column_text][vc_gallery type=\u00a0\u00bbimage_grid\u00a0\u00bb images=\u00a0\u00bb46147&Prime; img_size=\u00a0\u00bb193&#215;206&Prime;][\/vc_column_inner][vc_column_inner width=\u00a0\u00bb1\/3&Prime;][vc_column_text]<\/p>\n<div class=\"row py-1\">\n<div class=\"col-12 border-bottom border-gray-light\">\n<p style=\"font-size: 18px;\">Red-free<\/p>\n<\/div>\n<\/div>\n<p>[\/vc_column_text][vc_gallery type=\u00a0\u00bbimage_grid\u00a0\u00bb images=\u00a0\u00bb46144&Prime; img_size=\u00a0\u00bb193&#215;206&Prime;][\/vc_column_inner][\/vc_row_inner][vc_row_inner][vc_column_inner][vc_column_text]<\/p>\n<div class=\"row py-1\">\n<div class=\"col-12 border-bottom border-gray-light\">\n<p style=\"font-size: 18px;\">OCT (B-Scan) longitudinal<\/p>\n<div style=\"text-indent: 20px;\">\n<p style=\"font-size: 14px; text-align: justify;\"><span style=\"color: #000000;\">AV: 20\/25 OD.<\/span><\/p>\n<\/div>\n<\/div>\n<\/div>\n<p>[\/vc_column_text][vc_gallery type=\u00a0\u00bbimage_grid\u00a0\u00bb images=\u00a0\u00bb46153,46150&Prime; img_size=\u00a0\u00bb307&#215;110&Prime; css=\u00a0\u00bb.vc_custom_1708386603770{margin-top: -30px !important;}\u00a0\u00bb][\/vc_column_inner][\/vc_row_inner][vc_row_inner][vc_column_inner width=\u00a0\u00bb1\/2&Prime;][vc_column_text]<\/p>\n<div class=\"row py-1\">\n<div class=\"col-12 border-bottom border-gray-light\">\n<p style=\"font-size: 18px;\">R\u00e9tinographie Couleur<\/p>\n<\/div>\n<\/div>\n<p>[\/vc_column_text][vc_gallery type=\u00a0\u00bbimage_grid\u00a0\u00bb images=\u00a0\u00bb46159&Prime; img_size=\u00a0\u00bb251&#215;250&Prime;][\/vc_column_inner][\/vc_row_inner][\/vc_tta_section][vc_tta_section i_icon_fontawesome=\u00a0\u00bbfar fa-calendar-alt\u00a0\u00bb add_icon=\u00a0\u00bbtrue\u00a0\u00bb title=\u00a0\u00bb6\u00e8me \u00c9valuation &#8211; 20 08 2019&Prime; tab_id=\u00a0\u00bb1641486464771-31ea6354-4a46&Prime;][vc_row_inner][vc_column_inner width=\u00a0\u00bb1\/2&Prime;][vc_column_text]<\/p>\n<div class=\"row py-1\">\n<div class=\"col-12 border-bottom border-gray-light\">\n<p style=\"font-size: 18px;\">Infrarouge<\/p>\n<\/div>\n<\/div>\n<p>[\/vc_column_text][vc_gallery type=\u00a0\u00bbimage_grid\u00a0\u00bb images=\u00a0\u00bb46177&Prime; img_size=\u00a0\u00bb193&#215;206&Prime;][\/vc_column_inner][vc_column_inner width=\u00a0\u00bb1\/2&Prime;][vc_column_text]<\/p>\n<div class=\"row py-1\">\n<div class=\"col-12 border-bottom border-gray-light\">\n<p style=\"font-size: 18px;\">R\u00e9tinographie Couleur<\/p>\n<\/div>\n<\/div>\n<p>[\/vc_column_text][vc_gallery type=\u00a0\u00bbimage_grid\u00a0\u00bb images=\u00a0\u00bb46174&Prime; img_size=\u00a0\u00bb251&#215;206&Prime;][\/vc_column_inner][\/vc_row_inner][vc_row_inner][vc_column_inner][vc_column_text]<\/p>\n<div class=\"row py-1\">\n<div class=\"col-12 border-bottom border-gray-light\">\n<p style=\"font-size: 18px;\">OCT (B-Scan) longitudinal<\/p>\n<\/div>\n<\/div>\n<p>[\/vc_column_text][vc_gallery type=\u00a0\u00bbimage_grid\u00a0\u00bb images=\u00a0\u00bb46168,46165,46162,46171&Prime; img_size=\u00a0\u00bb307&#215;110&Prime;][\/vc_column_inner][\/vc_row_inner][\/vc_tta_section][vc_tta_section i_icon_fontawesome=\u00a0\u00bbfar fa-calendar-alt\u00a0\u00bb add_icon=\u00a0\u00bbtrue\u00a0\u00bb title=\u00a0\u00bb7\u00e8me \u00c9valuation &#8211; 15 09 2023&Prime; tab_id=\u00a0\u00bb1708340541729-342559d4-8786&Prime;][vc_row_inner][vc_column_inner width=\u00a0\u00bb1\/3&Prime;][vc_column_text]<\/p>\n<div class=\"row py-1\">\n<div class=\"col-12 border-bottom border-gray-light\">\n<p style=\"font-size: 18px;\">Autofluorescence<\/p>\n<\/div>\n<\/div>\n<p>[\/vc_column_text][vc_gallery type=\u00a0\u00bbimage_grid\u00a0\u00bb images=\u00a0\u00bb88541&Prime; img_size=\u00a0\u00bb193&#215;206&Prime;][\/vc_column_inner][vc_column_inner width=\u00a0\u00bb1\/3&Prime;][vc_column_text]<\/p>\n<div class=\"row py-1\">\n<div class=\"col-12 border-bottom border-gray-light\">\n<p style=\"font-size: 18px;\">Infrarouge<\/p>\n<\/div>\n<\/div>\n<p>[\/vc_column_text][vc_gallery type=\u00a0\u00bbimage_grid\u00a0\u00bb images=\u00a0\u00bb88521&Prime; img_size=\u00a0\u00bb193&#215;206&Prime;][\/vc_column_inner][vc_column_inner width=\u00a0\u00bb1\/3&Prime;][vc_column_text]<\/p>\n<div class=\"row py-1\">\n<div class=\"col-12 border-bottom border-gray-light\">\n<p style=\"font-size: 18px;\">Photographie du Segment Ant\u00e9rieur<\/p>\n<div style=\"text-indent: 20px;\">\n<p style=\"font-size: 14px; text-align: justify;\"><span style=\"color: #000000;\">MAVC: 20\/40 OD.<\/span><\/p>\n<\/div>\n<\/div>\n<\/div>\n<p>[\/vc_column_text][vc_gallery type=\u00a0\u00bbimage_grid\u00a0\u00bb images=\u00a0\u00bb88533&Prime; img_size=\u00a0\u00bb323&#215;206&Prime; css=\u00a0\u00bb.vc_custom_1708348086653{margin-top: -30px !important;}\u00a0\u00bb][\/vc_column_inner][\/vc_row_inner][vc_row_inner][vc_column_inner][vc_column_text]<\/p>\n<div class=\"row py-1\">\n<div class=\"col-12 border-bottom border-gray-light\">\n<p style=\"font-size: 18px;\">RNFL \u2013 Carte d\u2019\u00e9paisseur<\/p>\n<\/div>\n<\/div>\n<p>[\/vc_column_text][vc_gallery type=\u00a0\u00bbimage_grid\u00a0\u00bb images=\u00a0\u00bb88525&Prime; img_size=\u00a0\u00bb323&#215;206&Prime;][\/vc_column_inner][\/vc_row_inner][vc_row_inner][vc_column_inner][vc_column_text]<\/p>\n<div class=\"row py-1\">\n<div class=\"col-12 border-bottom border-gray-light\">\n<p style=\"font-size: 18px;\">OCT (B-Scan) longitudinal<\/p>\n<\/div>\n<\/div>\n<p>[\/vc_column_text][vc_gallery type=\u00a0\u00bbimage_grid\u00a0\u00bb images=\u00a0\u00bb88545,88549,88553,88513&Prime; img_size=\u00a0\u00bb307&#215;110&Prime;][\/vc_column_inner][\/vc_row_inner][vc_row_inner][vc_column_inner][vc_column_text]<\/p>\n<div class=\"row py-1\">\n<div class=\"col-12 border-bottom border-gray-light\">\n<p style=\"font-size: 18px;\">R\u00e9tinographie Couleur<\/p>\n<div style=\"text-indent: 20px;\">\n<p style=\"font-size: 14px; text-align: justify;\"><span style=\"color: #000000;\">D\u00e9g\u00e9n\u00e9rescence Maculaire Li\u00e9e \u00e0 l\u00b4\u00c2ge. Drusen maculaires. Absorption de d\u00e9p\u00f4ts sous-fov\u00e9olaires observ\u00e9s dans les examens en 2015.<\/span><\/p>\n<\/div>\n<\/div>\n<\/div>\n<p>[\/vc_column_text][vc_gallery type=\u00a0\u00bbimage_grid\u00a0\u00bb images=\u00a0\u00bb88537&Prime; img_size=\u00a0\u00bb251&#215;250&Prime; css=\u00a0\u00bb.vc_custom_1708348057239{margin-top: -30px !important;}\u00a0\u00bb][\/vc_column_inner][\/vc_row_inner][\/vc_tta_section][\/vc_tta_accordion][\/vc_column][\/vc_row]<\/p>\n<\/div>","protected":false},"excerpt":{"rendered":"<p>[vc_row][vc_column][vc_custom_heading text=\u00a0\u00bbMALADIES MACULAIRES\u00a0\u00bb font_container=\u00a0\u00bbtag:h5|font_size:22px|text_align:center|color:%23000000&Prime; use_theme_fonts=\u00a0\u00bbyes\u00a0\u00bb link=\u00a0\u00bburl:https%3A%2F%2Fwww.atlasrleye.com%2Ffr%2Fatlas%2F%231636632711938-40a9cd41-6444|\u00a0\u00bb][vc_text_separator title=\u00a0\u00bb\u00a0\u00bb i_icon_fontawesome=\u00a0\u00bbfas fa-eye\u00a0\u00bb i_color=\u00a0\u00bbcustom\u00a0\u00bb i_size=\u00a0\u00bblg\u00a0\u00bb color=\u00a0\u00bbcustom\u00a0\u00bb border_width=\u00a0\u00bb8&Prime; add_icon=\u00a0\u00bbtrue\u00a0\u00bb css=\u00a0\u00bb.vc_custom_1637080776101{margin-bottom: -5px !important;}\u00a0\u00bb accent_color=\u00a0\u00bb#bababa\u00a0\u00bb i_custom_color=\u00a0\u00bb#bababa\u00a0\u00bb][vc_custom_heading text=\u00a0\u00bbTROU MACULAIRE IDIOPATHIQUE &#8211; Cas clinique 4&Prime; font_container=\u00a0\u00bbtag:h1|text_align:center|color:%235f1b52&Prime; use_theme_fonts=\u00a0\u00bbyes\u00a0\u00bb link=\u00a0\u00bburl:https%3A%2F%2Fwww.atlasrleye.com%2Ffr%2Ftrou-maculaire-idiopathique%2F|title:TROU%20MACULAIRE%20IDIOPATHIQUE|\u00a0\u00bb][\/vc_column][\/vc_row][vc_row][vc_column][\/vc_column][\/vc_row][vc_row gap=\u00a0\u00bb35&Prime; equal_height=\u00a0\u00bbyes\u00a0\u00bb][vc_column width=\u00a0\u00bb1\/2&Prime;][vc_row_inner][vc_column_inner width=\u00a0\u00bb1\/2&Prime;][vc_single_image image=\u00a0\u00bb46021&Prime; img_size=\u00a0\u00bb280&#215;90&Prime; alignment=\u00a0\u00bbcenter\u00a0\u00bb onclick=\u00a0\u00bblink_image\u00a0\u00bb][\/vc_column_inner][vc_column_inner width=\u00a0\u00bb1\/2&Prime;][vc_column_text] L&rsquo;OCT montre [&hellip;]<\/p>\n","protected":false},"author":3,"featured_media":0,"parent":73685,"menu_order":0,"comment_status":"closed","ping_status":"closed","template":"","meta":{"_monsterinsights_skip_tracking":false,"_monsterinsights_sitenote_active":false,"_monsterinsights_sitenote_note":"","_monsterinsights_sitenote_category":0,"footnotes":""},"class_list":["post-73712","page","type-page","status-publish","hentry"],"_links":{"self":[{"href":"https:\/\/www.atlasrleye.com\/fr\/wp-json\/wp\/v2\/pages\/73712","targetHints":{"allow":["GET"]}}],"collection":[{"href":"https:\/\/www.atlasrleye.com\/fr\/wp-json\/wp\/v2\/pages"}],"about":[{"href":"https:\/\/www.atlasrleye.com\/fr\/wp-json\/wp\/v2\/types\/page"}],"author":[{"embeddable":true,"href":"https:\/\/www.atlasrleye.com\/fr\/wp-json\/wp\/v2\/users\/3"}],"replies":[{"embeddable":true,"href":"https:\/\/www.atlasrleye.com\/fr\/wp-json\/wp\/v2\/comments?post=73712"}],"version-history":[{"count":26,"href":"https:\/\/www.atlasrleye.com\/fr\/wp-json\/wp\/v2\/pages\/73712\/revisions"}],"predecessor-version":[{"id":97864,"href":"https:\/\/www.atlasrleye.com\/fr\/wp-json\/wp\/v2\/pages\/73712\/revisions\/97864"}],"up":[{"embeddable":true,"href":"https:\/\/www.atlasrleye.com\/fr\/wp-json\/wp\/v2\/pages\/73685"}],"wp:attachment":[{"href":"https:\/\/www.atlasrleye.com\/fr\/wp-json\/wp\/v2\/media?parent=73712"}],"curies":[{"name":"wp","href":"https:\/\/api.w.org\/{rel}","templated":true}]}}