{"id":73140,"date":"2022-02-01T13:25:57","date_gmt":"2022-02-01T13:25:57","guid":{"rendered":"https:\/\/www.atlasrleye.com\/retinopathie-radio-induite\/cas-clinique-1\/"},"modified":"2023-05-04T19:31:23","modified_gmt":"2023-05-04T19:31:23","slug":"cas-clinique-1","status":"publish","type":"page","link":"https:\/\/www.atlasrleye.com\/fr\/retinopathie-radio-induite\/cas-clinique-1\/","title":{"rendered":"Cas clinique 1"},"content":{"rendered":"<div class=\"wpb-content-wrapper\"><p>[vc_row][vc_column][vc_custom_heading text=\u00a0\u00bbTUMEURS R\u00c9TINIENS ET CHOROIDIENS\u00a0\u00bb font_container=\u00a0\u00bbtag:h5|font_size:22px|text_align:center|color:%23000000&Prime; use_theme_fonts=\u00a0\u00bbyes\u00a0\u00bb link=\u00a0\u00bburl:https%3A%2F%2Fwww.atlasrleye.com%2Ffr%2Fatlas%2F%231636632883096-c2c9ed67-9b78|\u00a0\u00bb][vc_text_separator title=\u00a0\u00bb\u00a0\u00bb i_icon_fontawesome=\u00a0\u00bbfas fa-eye\u00a0\u00bb i_color=\u00a0\u00bbcustom\u00a0\u00bb i_size=\u00a0\u00bblg\u00a0\u00bb color=\u00a0\u00bbcustom\u00a0\u00bb border_width=\u00a0\u00bb8&Prime; add_icon=\u00a0\u00bbtrue\u00a0\u00bb css=\u00a0\u00bb.vc_custom_1637080776101{margin-bottom: -5px !important;}\u00a0\u00bb accent_color=\u00a0\u00bb#bababa\u00a0\u00bb i_custom_color=\u00a0\u00bb#bababa\u00a0\u00bb][vc_custom_heading text=\u00a0\u00bbR\u00e9tinopathie radio-induite &#8211; Cas clinique 1&Prime; font_container=\u00a0\u00bbtag:h1|text_align:center|color:%235f1b52&Prime; use_theme_fonts=\u00a0\u00bbyes\u00a0\u00bb link=\u00a0\u00bburl:https%3A%2F%2Fwww.atlasrleye.com%2Ffr%2Fretinopathie-radio-induite%2F|title:R%C3%89TINOPATHIE%20RADIO-INDUITE|\u00a0\u00bb]<div class=\"ult-spacer spacer-69f69937b16e9\" data-id=\"69f69937b16e9\" data-height=\"70\" data-height-mobile=\"70\" data-height-tab=\"70\" data-height-tab-portrait=\"\" data-height-mobile-landscape=\"\" style=\"clear:both;display:block;\"><\/div>[\/vc_column][\/vc_row][vc_row][vc_column]<div class=\"ult-spacer spacer-69f69937b1753\" data-id=\"69f69937b1753\" data-height=\"10\" data-height-mobile=\"10\" data-height-tab=\"10\" data-height-tab-portrait=\"\" data-height-mobile-landscape=\"\" style=\"clear:both;display:block;\"><\/div><div class=\"ult-spacer spacer-69f69937b1795\" data-id=\"69f69937b1795\" data-height=\"20\" data-height-mobile=\"20\" data-height-tab=\"20\" data-height-tab-portrait=\"\" data-height-mobile-landscape=\"\" style=\"clear:both;display:block;\"><\/div>[\/vc_column][\/vc_row][vc_row gap=\u00a0\u00bb35&Prime; equal_height=\u00a0\u00bbyes\u00a0\u00bb][vc_column width=\u00a0\u00bb1\/2&Prime;][vc_row_inner][vc_column_inner width=\u00a0\u00bb1\/2&Prime;][vc_single_image image=\u00a0\u00bb71216&Prime; img_size=\u00a0\u00bbmedium\u00a0\u00bb alignment=\u00a0\u00bbcenter\u00a0\u00bb onclick=\u00a0\u00bblink_image\u00a0\u00bb][\/vc_column_inner][vc_column_inner width=\u00a0\u00bb1\/2&Prime;][vc_column_text]<\/p>\n<p style=\"font-size: 18px; text-align: justify;\"><span style=\"color: #000000;\">R\u00e9tinopathie de Radio-induite chez une patiente \u00e2g\u00e9e de 56 ans. Elle avait un m\u00e9lanome choro\u00efdien et a subi radioth\u00e9rapie. La patiente a rapport\u00e9 vasculite. AV: &lt; 20\/40 OD; 20\/20 OG<\/span><\/p>\n<p>[\/vc_column_text][\/vc_column_inner][\/vc_row_inner][\/vc_column][vc_column width=\u00a0\u00bb1\/2&Prime;][vc_row_inner][vc_column_inner width=\u00a0\u00bb1\/2&Prime;][vc_single_image image=\u00a0\u00bb71213&Prime; img_size=\u00a0\u00bb220&#215;230&Prime; alignment=\u00a0\u00bbcenter\u00a0\u00bb onclick=\u00a0\u00bblink_image\u00a0\u00bb][\/vc_column_inner][vc_column_inner width=\u00a0\u00bb1\/2&Prime;][vc_column_text css=\u00a0\u00bb.vc_custom_1644842320676{margin-left: -20px !important;}\u00a0\u00bb]<\/p>\n<p style=\"text-align: justify; font-size: 18px;\"><span style=\"color: #000000;\">Autofluorescence de la R\u00e9tinopathie Radio-induite, montrant l\u00e9sions chorior\u00e9tiniennes.<\/span><\/p>\n<p>[\/vc_column_text][\/vc_column_inner][\/vc_row_inner][\/vc_column][\/vc_row][vc_row][vc_column][vc_column_text]<\/p>\n<h3><span style=\"color: #5f1b52;\">\u00c9valuations<br \/>\n<\/span><\/h3>\n<p>[\/vc_column_text][vc_tta_accordion active_section=\u00a0\u00bb99&Prime; no_fill=\u00a0\u00bbtrue\u00a0\u00bb collapsible_all=\u00a0\u00bbtrue\u00a0\u00bb][vc_tta_section i_icon_fontawesome=\u00a0\u00bbfar fa-calendar-alt\u00a0\u00bb add_icon=\u00a0\u00bbtrue\u00a0\u00bb title=\u00a0\u00bb1\u00e8re \u00e9valuation &#8211; 19 07 2012&Prime; tab_id=\u00a0\u00bb1643640245052-658959f9-bf42&Prime;][vc_row_inner][vc_column_inner][vc_column_text]<\/p>\n<div class=\"row py-1\">\n<div class=\"col-12 border-bottom border-gray-light\">\n<p style=\"font-size: 18px;\">Angiographie \u00e0 la Fluoresc\u00e9ine<\/p>\n<\/div>\n<\/div>\n<p>[\/vc_column_text][vc_gallery type=\u00a0\u00bbimage_grid\u00a0\u00bb images=\u00a0\u00bb70940,70946,70949,70964,70967,70958,70976,70970,70982,71072,71069,71063,71075&Prime; img_size=\u00a0\u00bb193&#215;206&Prime;][\/vc_column_inner][\/vc_row_inner][vc_row_inner][vc_column_inner width=\u00a0\u00bb3\/5&Prime;][vc_column_text]<\/p>\n<div class=\"row py-1\">\n<div class=\"col-12 border-bottom border-gray-light\">\n<p style=\"font-size: 18px;\">Autofluorescence<\/p>\n<\/div>\n<\/div>\n<p>[\/vc_column_text][vc_gallery type=\u00a0\u00bbimage_grid\u00a0\u00bb images=\u00a0\u00bb71066,71060,70943&Prime; img_size=\u00a0\u00bb193&#215;206&Prime;][\/vc_column_inner][vc_column_inner width=\u00a0\u00bb2\/5&Prime;][vc_column_text]<\/p>\n<div class=\"row py-1\">\n<div class=\"col-12 border-bottom border-gray-light\">\n<p style=\"font-size: 18px;\">Infrarouge<\/p>\n<\/div>\n<\/div>\n<p>[\/vc_column_text][vc_gallery type=\u00a0\u00bbimage_grid\u00a0\u00bb images=\u00a0\u00bb70985,70979&Prime; img_size=\u00a0\u00bb193&#215;206&Prime;][\/vc_column_inner][\/vc_row_inner][vc_row_inner][vc_column_inner width=\u00a0\u00bb1\/5&Prime;][vc_column_text]<\/p>\n<div class=\"row py-1\">\n<div class=\"col-12 border-bottom border-gray-light\">\n<p style=\"font-size: 18px;\">Biom\u00e9trie<\/p>\n<\/div>\n<\/div>\n<p>[\/vc_column_text][vc_gallery type=\u00a0\u00bbimage_grid\u00a0\u00bb images=\u00a0\u00bb71015&Prime; img_size=\u00a0\u00bb200&#215;206&Prime;][\/vc_column_inner][vc_column_inner width=\u00a0\u00bb2\/5&Prime;][vc_column_text]<\/p>\n<div class=\"row py-1\">\n<div class=\"col-12 border-bottom border-gray-light\">\n<p style=\"font-size: 18px;\">\u00c9chographie<\/p>\n<\/div>\n<\/div>\n<p>[\/vc_column_text][vc_gallery type=\u00a0\u00bbimage_grid\u00a0\u00bb images=\u00a0\u00bb71057,71054&Prime; img_size=\u00a0\u00bb230&#215;206&Prime;][\/vc_column_inner][vc_column_inner width=\u00a0\u00bb2\/5&Prime;][vc_column_text]<\/p>\n<div class=\"row py-1\">\n<div class=\"col-12 border-bottom border-gray-light\">\n<p style=\"font-size: 18px;\">Red-free<\/p>\n<\/div>\n<\/div>\n<p>[\/vc_column_text][vc_gallery type=\u00a0\u00bbimage_grid\u00a0\u00bb images=\u00a0\u00bb70961,70973&Prime; img_size=\u00a0\u00bb170&#215;206&Prime;][\/vc_column_inner][\/vc_row_inner][vc_row_inner][vc_column_inner width=\u00a0\u00bb1\/2&Prime;][vc_column_text]<\/p>\n<div class=\"row py-1\">\n<div class=\"col-12 border-bottom border-gray-light\">\n<p style=\"font-size: 18px;\">Photographie du Segment Ant\u00e9rieur<\/p>\n<\/div>\n<\/div>\n<p>[\/vc_column_text][vc_gallery type=\u00a0\u00bbimage_grid\u00a0\u00bb images=\u00a0\u00bb70934,70937&Prime; img_size=\u00a0\u00bb285&#215;206&Prime;][\/vc_column_inner][vc_column_inner width=\u00a0\u00bb1\/2&Prime;][vc_column_text]<\/p>\n<div class=\"row py-1\">\n<div class=\"col-12 border-bottom border-gray-light\">\n<p style=\"font-size: 18px;\">Microp\u00e9rim\u00e9trie<\/p>\n<\/div>\n<\/div>\n<p>[\/vc_column_text][vc_gallery type=\u00a0\u00bbimage_grid\u00a0\u00bb images=\u00a0\u00bb71039,71033&Prime; img_size=\u00a0\u00bb287&#215;206&Prime;][\/vc_column_inner][\/vc_row_inner][vc_row_inner][vc_column_inner][vc_column_text]<\/p>\n<div class=\"row py-1\">\n<div class=\"col-12 border-bottom border-gray-light\">\n<p style=\"font-size: 18px;\">OCT B-Scan (Longitudinal)<\/p>\n<\/div>\n<\/div>\n<p>[\/vc_column_text][vc_gallery type=\u00a0\u00bbimage_grid\u00a0\u00bb images=\u00a0\u00bb70991,71012,71003,70997&Prime; img_size=\u00a0\u00bb307&#215;110&Prime;][vc_gallery type=\u00a0\u00bbimage_grid\u00a0\u00bb images=\u00a0\u00bb70988,70994,71000,71051,71030,71024,71048,71045,71021,71042,71006,71027,71018,71036,71009&Prime; img_size=\u00a0\u00bb259&#215;110&Prime;][\/vc_column_inner][\/vc_row_inner][vc_row_inner][vc_column_inner][vc_column_text]<\/p>\n<div class=\"row py-1\">\n<div class=\"col-12 border-bottom border-gray-light\">\n<p style=\"font-size: 18px;\">R\u00e9tinographie Couleur<\/p>\n<\/div>\n<\/div>\n<p>[\/vc_column_text][vc_gallery type=\u00a0\u00bbimage_grid\u00a0\u00bb images=\u00a0\u00bb70925,70928,70952,70955&Prime; img_size=\u00a0\u00bb251&#215;206&Prime;][vc_gallery type=\u00a0\u00bbimage_grid\u00a0\u00bb images=\u00a0\u00bb70931&Prime; img_size=\u00a0\u00bb251&#215;250&Prime;][\/vc_column_inner][\/vc_row_inner][\/vc_tta_section][\/vc_tta_accordion][\/vc_column][\/vc_row]<\/p>\n<\/div>","protected":false},"excerpt":{"rendered":"<p>[vc_row][vc_column][vc_custom_heading text=\u00a0\u00bbTUMEURS R\u00c9TINIENS ET CHOROIDIENS\u00a0\u00bb font_container=\u00a0\u00bbtag:h5|font_size:22px|text_align:center|color:%23000000&Prime; use_theme_fonts=\u00a0\u00bbyes\u00a0\u00bb link=\u00a0\u00bburl:https%3A%2F%2Fwww.atlasrleye.com%2Ffr%2Fatlas%2F%231636632883096-c2c9ed67-9b78|\u00a0\u00bb][vc_text_separator title=\u00a0\u00bb\u00a0\u00bb i_icon_fontawesome=\u00a0\u00bbfas fa-eye\u00a0\u00bb i_color=\u00a0\u00bbcustom\u00a0\u00bb i_size=\u00a0\u00bblg\u00a0\u00bb color=\u00a0\u00bbcustom\u00a0\u00bb border_width=\u00a0\u00bb8&Prime; add_icon=\u00a0\u00bbtrue\u00a0\u00bb css=\u00a0\u00bb.vc_custom_1637080776101{margin-bottom: -5px !important;}\u00a0\u00bb accent_color=\u00a0\u00bb#bababa\u00a0\u00bb i_custom_color=\u00a0\u00bb#bababa\u00a0\u00bb][vc_custom_heading text=\u00a0\u00bbR\u00e9tinopathie radio-induite &#8211; Cas clinique 1&Prime; font_container=\u00a0\u00bbtag:h1|text_align:center|color:%235f1b52&Prime; use_theme_fonts=\u00a0\u00bbyes\u00a0\u00bb link=\u00a0\u00bburl:https%3A%2F%2Fwww.atlasrleye.com%2Ffr%2Fretinopathie-radio-induite%2F|title:R%C3%89TINOPATHIE%20RADIO-INDUITE|\u00a0\u00bb][\/vc_column][\/vc_row][vc_row][vc_column][\/vc_column][\/vc_row][vc_row gap=\u00a0\u00bb35&Prime; equal_height=\u00a0\u00bbyes\u00a0\u00bb][vc_column width=\u00a0\u00bb1\/2&Prime;][vc_row_inner][vc_column_inner width=\u00a0\u00bb1\/2&Prime;][vc_single_image image=\u00a0\u00bb71216&Prime; img_size=\u00a0\u00bbmedium\u00a0\u00bb alignment=\u00a0\u00bbcenter\u00a0\u00bb onclick=\u00a0\u00bblink_image\u00a0\u00bb][\/vc_column_inner][vc_column_inner width=\u00a0\u00bb1\/2&Prime;][vc_column_text] R\u00e9tinopathie [&hellip;]<\/p>\n","protected":false},"author":3,"featured_media":0,"parent":73128,"menu_order":0,"comment_status":"closed","ping_status":"closed","template":"","meta":{"_monsterinsights_skip_tracking":false,"_monsterinsights_sitenote_active":false,"_monsterinsights_sitenote_note":"","_monsterinsights_sitenote_category":0,"footnotes":""},"class_list":["post-73140","page","type-page","status-publish","hentry"],"_links":{"self":[{"href":"https:\/\/www.atlasrleye.com\/fr\/wp-json\/wp\/v2\/pages\/73140","targetHints":{"allow":["GET"]}}],"collection":[{"href":"https:\/\/www.atlasrleye.com\/fr\/wp-json\/wp\/v2\/pages"}],"about":[{"href":"https:\/\/www.atlasrleye.com\/fr\/wp-json\/wp\/v2\/types\/page"}],"author":[{"embeddable":true,"href":"https:\/\/www.atlasrleye.com\/fr\/wp-json\/wp\/v2\/users\/3"}],"replies":[{"embeddable":true,"href":"https:\/\/www.atlasrleye.com\/fr\/wp-json\/wp\/v2\/comments?post=73140"}],"version-history":[{"count":11,"href":"https:\/\/www.atlasrleye.com\/fr\/wp-json\/wp\/v2\/pages\/73140\/revisions"}],"predecessor-version":[{"id":80081,"href":"https:\/\/www.atlasrleye.com\/fr\/wp-json\/wp\/v2\/pages\/73140\/revisions\/80081"}],"up":[{"embeddable":true,"href":"https:\/\/www.atlasrleye.com\/fr\/wp-json\/wp\/v2\/pages\/73128"}],"wp:attachment":[{"href":"https:\/\/www.atlasrleye.com\/fr\/wp-json\/wp\/v2\/media?parent=73140"}],"curies":[{"name":"wp","href":"https:\/\/api.w.org\/{rel}","templated":true}]}}