{"id":71889,"date":"2021-12-17T10:42:13","date_gmt":"2021-12-17T10:42:13","guid":{"rendered":"https:\/\/www.atlasrleye.com\/vitreoretinopathie-familiale-exsudative\/cas-clinique-1\/"},"modified":"2024-10-31T12:54:00","modified_gmt":"2024-10-31T12:54:00","slug":"cas-clinique-1","status":"publish","type":"page","link":"https:\/\/www.atlasrleye.com\/fr\/vitreoretinopathie-familiale-exsudative\/cas-clinique-1\/","title":{"rendered":"Cas clinique 1"},"content":{"rendered":"<div class=\"wpb-content-wrapper\"><p>[vc_row][vc_column][vc_custom_heading text=\u00a0\u00bbMALADIES CONG\u00c9NITALES ET P\u00c9DIATRIQUES\u00a0\u00bb font_container=\u00a0\u00bbtag:h5|font_size:22px|text_align:center|color:%23000000&Prime; use_theme_fonts=\u00a0\u00bbyes\u00a0\u00bb link=\u00a0\u00bburl:https%3A%2F%2Fwww.atlasrleye.com%2Ffr%2Fatlas%2F%231635506431806-afc59564-1028|\u00a0\u00bb][vc_text_separator title=\u00a0\u00bb\u00a0\u00bb i_icon_fontawesome=\u00a0\u00bbfas fa-eye\u00a0\u00bb i_color=\u00a0\u00bbcustom\u00a0\u00bb i_size=\u00a0\u00bblg\u00a0\u00bb color=\u00a0\u00bbcustom\u00a0\u00bb border_width=\u00a0\u00bb8&Prime; css=\u00a0\u00bb.vc_custom_1637080776101{margin-bottom: -5px !important;}\u00a0\u00bb add_icon=\u00a0\u00bbtrue\u00a0\u00bb accent_color=\u00a0\u00bb#bababa\u00a0\u00bb i_custom_color=\u00a0\u00bb#bababa\u00a0\u00bb][vc_custom_heading text=\u00a0\u00bbVitr\u00e9or\u00e9tinopathie Familiale Exsudative &#8211; Cas clinique 1&Prime; font_container=\u00a0\u00bbtag:h1|text_align:center|color:%235f1b52&Prime; use_theme_fonts=\u00a0\u00bbyes\u00a0\u00bb link=\u00a0\u00bburl:https%3A%2F%2Fwww.atlasrleye.com%2Ffr%2Fvitreoretinopathie-familiale-exsudative%2F|title:%20Vitr%C3%A9or%C3%A9tinopathie%20familiale%20exsudative%20|\u00a0\u00bb]<div class=\"ult-spacer spacer-6a03dc763c732\" data-id=\"6a03dc763c732\" data-height=\"70\" data-height-mobile=\"70\" data-height-tab=\"70\" data-height-tab-portrait=\"\" data-height-mobile-landscape=\"\" style=\"clear:both;display:block;\"><\/div>[\/vc_column][\/vc_row][vc_row][vc_column]<div class=\"ult-spacer spacer-6a03dc763c793\" data-id=\"6a03dc763c793\" data-height=\"10\" data-height-mobile=\"10\" data-height-tab=\"10\" data-height-tab-portrait=\"\" data-height-mobile-landscape=\"\" style=\"clear:both;display:block;\"><\/div><div class=\"ult-spacer spacer-6a03dc763c7dc\" data-id=\"6a03dc763c7dc\" data-height=\"20\" data-height-mobile=\"20\" data-height-tab=\"20\" data-height-tab-portrait=\"\" data-height-mobile-landscape=\"\" style=\"clear:both;display:block;\"><\/div>[\/vc_column][\/vc_row][vc_row gap=\u00a0\u00bb35&Prime; equal_height=\u00a0\u00bbyes\u00a0\u00bb][vc_column width=\u00a0\u00bb1\/2&Prime;][vc_row_inner][vc_column_inner width=\u00a0\u00bb1\/2&Prime;][vc_single_image image=\u00a0\u00bb4959&Prime; img_size=\u00a0\u00bbmedium\u00a0\u00bb alignment=\u00a0\u00bbcenter\u00a0\u00bb onclick=\u00a0\u00bblink_image\u00a0\u00bb][\/vc_column_inner][vc_column_inner width=\u00a0\u00bb1\/2&Prime;][vc_column_text]<\/p>\n<p style=\"font-size: 18px; text-align: justify;\"><span style=\"color: #000000;\">Angiographie \u00e0 la fluoresc\u00e9ine en phase pr\u00e9coce d&rsquo;une Vitr\u00e9or\u00e9tinopathie Familiale Exsudative, chez un enfant \u00e2g\u00e9 de 6 mois. Il a un d\u00e9collement de la r\u00e9tine exsudative<\/span><\/p>\n<p>[\/vc_column_text][\/vc_column_inner][\/vc_row_inner][\/vc_column][vc_column width=\u00a0\u00bb1\/2&Prime;][vc_row_inner][vc_column_inner width=\u00a0\u00bb1\/2&Prime;][vc_single_image image=\u00a0\u00bb4958&Prime; img_size=\u00a0\u00bbmedium\u00a0\u00bb alignment=\u00a0\u00bbcenter\u00a0\u00bb onclick=\u00a0\u00bblink_image\u00a0\u00bb][\/vc_column_inner][vc_column_inner width=\u00a0\u00bb1\/2&Prime;][vc_column_text]<\/p>\n<p style=\"text-align: justify; font-size: 18px;\"><span style=\"color: #000000;\">Angiographie \u00e0 la fluoresc\u00e9ine, 4 mois plus tard. Le d\u00e9collement de la r\u00e9tine exsudative est r\u00e9solu.<\/span><\/p>\n<p>[\/vc_column_text][\/vc_column_inner][\/vc_row_inner][\/vc_column][\/vc_row][vc_row][vc_column][vc_column_text]<\/p>\n<h3><span style=\"color: #5f1b52;\">\u00c9valuations <\/span><\/h3>\n<p>[\/vc_column_text][vc_tta_accordion active_section=\u00a0\u00bb99&Prime; no_fill=\u00a0\u00bbtrue\u00a0\u00bb collapsible_all=\u00a0\u00bbtrue\u00a0\u00bb][vc_tta_section i_icon_fontawesome=\u00a0\u00bbfar fa-calendar-alt\u00a0\u00bb add_icon=\u00a0\u00bbtrue\u00a0\u00bb title=\u00a0\u00bb1\u00e8re \u00c9valuation &#8211; 20 07 2009&Prime; tab_id=\u00a0\u00bb1636641179216-cb4f444c-b7b1&Prime;][vc_row_inner][vc_column_inner][vc_column_text]<\/p>\n<div class=\"row py-1\">\n<div class=\"col-12 border-bottom border-gray-light\">\n<p style=\"font-size: 18px;\">Angiographie \u00e0 la Fluoresc\u00e9ine<\/p>\n<\/div>\n<\/div>\n<p>[\/vc_column_text][vc_gallery type=\u00a0\u00bbimage_grid\u00a0\u00bb images=\u00a0\u00bb4966,4967,4963&Prime; img_size=\u00a0\u00bb251&#215;206&Prime;][\/vc_column_inner][\/vc_row_inner][vc_row_inner][vc_column_inner][vc_column_text]<\/p>\n<div class=\"row py-1\">\n<div class=\"col-12 border-bottom border-gray-light\">\n<p style=\"font-size: 18px;\">R\u00e9tinographie Couleur<\/p>\n<\/div>\n<\/div>\n<p>[\/vc_column_text][vc_gallery type=\u00a0\u00bbimage_grid\u00a0\u00bb images=\u00a0\u00bb4964,4965&Prime; img_size=\u00a0\u00bb251&#215;206&Prime;][\/vc_column_inner][\/vc_row_inner][\/vc_tta_section][vc_tta_section i_icon_fontawesome=\u00a0\u00bbfar fa-calendar-alt\u00a0\u00bb add_icon=\u00a0\u00bbtrue\u00a0\u00bb title=\u00a0\u00bb2\u00e8me \u00c9valuation &#8211; 07 10 2009&Prime; tab_id=\u00a0\u00bb1639737950297-d30d6c47-1ebd\u00a0\u00bb][vc_row_inner][vc_column_inner][vc_column_text]<\/p>\n<div class=\"row py-1\">\n<div class=\"col-12 border-bottom border-gray-light\">\n<p style=\"font-size: 18px;\">Angiographie \u00e0 la Fluoresc\u00e9ine<\/p>\n<div style=\"text-indent: 20px;\">\n<p style=\"font-size: 14px; text-align: justify;\"><span style=\"color: #000000;\">Angiographie \u00e0 la fluoresc\u00e9ine apr\u00e8s traitement au laser et injection intraoculaire de bevacizumab.<\/span><\/p>\n<\/div>\n<\/div>\n<\/div>\n<p>[\/vc_column_text][vc_gallery type=\u00a0\u00bbimage_grid\u00a0\u00bb images=\u00a0\u00bb4969,4970,4973,4974,4968&Prime; img_size=\u00a0\u00bb235&#215;206&Prime; css=\u00a0\u00bb.vc_custom_1706398820428{margin-top: -30px !important;}\u00a0\u00bb][\/vc_column_inner][\/vc_row_inner][vc_row_inner][vc_column_inner][vc_column_text]<\/p>\n<div class=\"row py-1\">\n<div class=\"col-12 border-bottom border-gray-light\">\n<p style=\"font-size: 18px;\">R\u00e9tinographie Couleur<\/p>\n<div style=\"text-indent: 20px;\">\n<p style=\"font-size: 14px; text-align: justify;\"><span style=\"color: #000000;\">R\u00e9tinographie apr\u00e8s traitement au laser et injection intraoculaire de bevacizumab.<\/span><\/p>\n<\/div>\n<\/div>\n<\/div>\n<p>[\/vc_column_text][vc_gallery type=\u00a0\u00bbimage_grid\u00a0\u00bb images=\u00a0\u00bb4971,4972&Prime; img_size=\u00a0\u00bb251&#215;206&Prime; css=\u00a0\u00bb.vc_custom_1706398876636{margin-top: -30px !important;}\u00a0\u00bb][\/vc_column_inner][\/vc_row_inner][\/vc_tta_section][vc_tta_section i_icon_fontawesome=\u00a0\u00bbfar fa-calendar-alt\u00a0\u00bb add_icon=\u00a0\u00bbtrue\u00a0\u00bb title=\u00a0\u00bb3\u00e8me \u00c9valuation &#8211; 02 01 2012&Prime; tab_id=\u00a0\u00bb1639738028656-87cac0d1-bda1&Prime;][vc_row_inner][vc_column_inner][vc_column_text]<\/p>\n<div class=\"row py-1\">\n<div class=\"col-12 border-bottom border-gray-light\">\n<p style=\"font-size: 18px;\">Angiographie \u00e0 la Fluoresc\u00e9ine<\/p>\n<\/div>\n<\/div>\n<p>[\/vc_column_text][vc_gallery type=\u00a0\u00bbimage_grid\u00a0\u00bb images=\u00a0\u00bb4978,4979,4980,4981,4982,4983,4984,4975&Prime; img_size=\u00a0\u00bb251&#215;206&Prime;][\/vc_column_inner][\/vc_row_inner][vc_row_inner][vc_column_inner][vc_column_text]<\/p>\n<div class=\"row py-1\">\n<div class=\"col-12 border-bottom border-gray-light\">\n<p style=\"font-size: 18px;\">R\u00e9tinographie Couleur<\/p>\n<div style=\"text-indent: 20px;\">\n<p style=\"font-size: 14px; text-align: justify;\"><span style=\"color: #000000;\">La r\u00e9tine reste coll\u00e9e et une fibrose sous-r\u00e9tinienne est visible \u00e0 la p\u00e9riph\u00e9rie.<\/span><\/p>\n<\/div>\n<\/div>\n<\/div>\n<p>[\/vc_column_text][vc_gallery type=\u00a0\u00bbimage_grid\u00a0\u00bb images=\u00a0\u00bb4976,4977&Prime; img_size=\u00a0\u00bb251&#215;206&Prime; css=\u00a0\u00bb.vc_custom_1706398910236{margin-top: -30px !important;}\u00a0\u00bb][\/vc_column_inner][\/vc_row_inner][\/vc_tta_section][vc_tta_section i_icon_fontawesome=\u00a0\u00bbfar fa-calendar-alt\u00a0\u00bb add_icon=\u00a0\u00bbtrue\u00a0\u00bb title=\u00a0\u00bb4\u00e8me \u00c9valuation &#8211; 05 01 2015&Prime; tab_id=\u00a0\u00bb1709166104677-09d151da-b182&Prime;][vc_row_inner][vc_column_inner width=\u00a0\u00bb1\/2&Prime;][vc_column_text]<\/p>\n<div class=\"row py-1\">\n<div class=\"col-12 border-bottom border-gray-light\">\n<p style=\"font-size: 18px;\">Infrarouge<\/p>\n<\/div>\n<\/div>\n<p>[\/vc_column_text][vc_gallery type=\u00a0\u00bbimage_grid\u00a0\u00bb images=\u00a0\u00bb100212&Prime; img_size=\u00a0\u00bb193&#215;206&Prime;][\/vc_column_inner][vc_column_inner width=\u00a0\u00bb1\/2&Prime;][vc_column_text]<\/p>\n<div class=\"row py-1\">\n<div class=\"col-12 border-bottom border-gray-light\">\n<p style=\"font-size: 18px;\">Red-free<\/p>\n<\/div>\n<\/div>\n<p>[\/vc_column_text][vc_gallery type=\u00a0\u00bbimage_grid\u00a0\u00bb images=\u00a0\u00bb100205&Prime; img_size=\u00a0\u00bb193&#215;206&Prime;][\/vc_column_inner][\/vc_row_inner][vc_row_inner][vc_column_inner][vc_column_text]<\/p>\n<div class=\"row py-1\">\n<div class=\"col-12 border-bottom border-gray-light\">\n<p style=\"font-size: 18px;\">Photographie du Segment Ant\u00e9rieur<\/p>\n<div style=\"text-indent: 20px;\">\n<p style=\"font-size: 14px; text-align: justify;\"><span style=\"color: #000000;\">MAVC: 20\/100 OD, 20\/100 OG. Hyperm\u00e9tropie forte bilat\u00e9rale.<\/span><\/p>\n<\/div>\n<\/div>\n<\/div>\n<p>[\/vc_column_text][vc_gallery type=\u00a0\u00bbimage_grid\u00a0\u00bb images=\u00a0\u00bb100186,100190&Prime; img_size=\u00a0\u00bb300&#215;206&Prime; css=\u00a0\u00bb.vc_custom_1709166453853{margin-top: -30px !important;}\u00a0\u00bb][\/vc_column_inner][\/vc_row_inner][vc_row_inner][vc_column_inner][vc_column_text]<\/p>\n<div class=\"row py-1\">\n<div class=\"col-12 border-bottom border-gray-light\">\n<p style=\"font-size: 18px;\">OCT (B-Scan) longitudinal<\/p>\n<\/div>\n<\/div>\n<p>[\/vc_column_text][vc_gallery type=\u00a0\u00bbimage_grid\u00a0\u00bb images=\u00a0\u00bb100217,100174,100178,100182&Prime; img_size=\u00a0\u00bb207&#215;110&Prime;][\/vc_column_inner][\/vc_row_inner][vc_row_inner][vc_column_inner][vc_column_text css=\u00a0\u00bb\u00a0\u00bb]<\/p>\n<div class=\"row py-1\">\n<div class=\"col-12 border-bottom border-gray-light\">\n<p style=\"font-size: 18px;\">R\u00e9tinographie Couleur<\/p>\n<div style=\"text-indent: 20px;\">\n<p style=\"font-size: 14px; text-align: justify;\"><span style=\"color: #000000;\">Vitr\u00e9or\u00e9tinopathie Exsudative Familial trait\u00e9 au laser et bevacizumab. D\u00e9collement exsudatif bilat\u00e9ral.<\/span><\/p>\n<\/div>\n<\/div>\n<\/div>\n<p>[\/vc_column_text][vc_gallery type=\u00a0\u00bbimage_grid\u00a0\u00bb images=\u00a0\u00bb100194,100198&Prime; img_size=\u00a0\u00bb251&#215;206&Prime; css=\u00a0\u00bb.vc_custom_1709166541849{margin-top: -30px !important;}\u00a0\u00bb][\/vc_column_inner][\/vc_row_inner][\/vc_tta_section][vc_tta_section i_icon_fontawesome=\u00a0\u00bbfar fa-calendar-alt\u00a0\u00bb add_icon=\u00a0\u00bbtrue\u00a0\u00bb title=\u00a0\u00bb5\u00e8me \u00c9valuation &#8211; 25 11 2022&Prime; tab_id=\u00a0\u00bb1709166569373-15a0ea18-1815&Prime;][vc_row_inner][vc_column_inner][vc_column_text]<\/p>\n<div class=\"row py-1\">\n<div class=\"col-12 border-bottom border-gray-light\">\n<p style=\"font-size: 18px;\">Infrarouge<\/p>\n<\/div>\n<\/div>\n<p>[\/vc_column_text][vc_gallery type=\u00a0\u00bbimage_grid\u00a0\u00bb images=\u00a0\u00bb100236,100240&Prime; img_size=\u00a0\u00bb193&#215;206&Prime;][\/vc_column_inner][\/vc_row_inner][vc_row_inner][vc_column_inner][vc_column_text]<\/p>\n<div class=\"row py-1\">\n<div class=\"col-12 border-bottom border-gray-light\">\n<p style=\"font-size: 18px;\">OCT (B-Scan) longitudinal<\/p>\n<\/div>\n<\/div>\n<p>[\/vc_column_text][vc_gallery type=\u00a0\u00bbimage_grid\u00a0\u00bb images=\u00a0\u00bb100253,100224,100228,100232&Prime; img_size=\u00a0\u00bb207&#215;110&Prime;][\/vc_column_inner][\/vc_row_inner][vc_row_inner][vc_column_inner][vc_column_text]<\/p>\n<div class=\"row py-1\">\n<div class=\"col-12 border-bottom border-gray-light\">\n<p style=\"font-size: 18px;\">R\u00e9tinographie Couleur<\/p>\n<div style=\"text-indent: 20px;\">\n<p style=\"font-size: 14px; text-align: justify;\"><span style=\"color: #000000;\">MAVC: 20\/100 OD, 20\/100 OG. Hyperm\u00e9tropie forte bilat\u00e9rale. OD: cataracte polaire ant\u00e9rieure. OG: opacification capsulaire ant\u00e9rieure du cristallin.<\/span><\/p>\n<\/div>\n<\/div>\n<\/div>\n<p>[\/vc_column_text][vc_gallery type=\u00a0\u00bbimage_grid\u00a0\u00bb images=\u00a0\u00bb100244,100249&Prime; img_size=\u00a0\u00bb251&#215;206&Prime; css=\u00a0\u00bb.vc_custom_1709166643677{margin-top: -30px !important;}\u00a0\u00bb][\/vc_column_inner][\/vc_row_inner][\/vc_tta_section][\/vc_tta_accordion][\/vc_column][\/vc_row]<\/p>\n<\/div>","protected":false},"excerpt":{"rendered":"<p>[vc_row][vc_column][vc_custom_heading text=\u00a0\u00bbMALADIES CONG\u00c9NITALES ET P\u00c9DIATRIQUES\u00a0\u00bb font_container=\u00a0\u00bbtag:h5|font_size:22px|text_align:center|color:%23000000&Prime; use_theme_fonts=\u00a0\u00bbyes\u00a0\u00bb link=\u00a0\u00bburl:https%3A%2F%2Fwww.atlasrleye.com%2Ffr%2Fatlas%2F%231635506431806-afc59564-1028|\u00a0\u00bb][vc_text_separator title=\u00a0\u00bb\u00a0\u00bb i_icon_fontawesome=\u00a0\u00bbfas fa-eye\u00a0\u00bb i_color=\u00a0\u00bbcustom\u00a0\u00bb i_size=\u00a0\u00bblg\u00a0\u00bb color=\u00a0\u00bbcustom\u00a0\u00bb border_width=\u00a0\u00bb8&Prime; css=\u00a0\u00bb.vc_custom_1637080776101{margin-bottom: -5px !important;}\u00a0\u00bb add_icon=\u00a0\u00bbtrue\u00a0\u00bb accent_color=\u00a0\u00bb#bababa\u00a0\u00bb i_custom_color=\u00a0\u00bb#bababa\u00a0\u00bb][vc_custom_heading text=\u00a0\u00bbVitr\u00e9or\u00e9tinopathie Familiale Exsudative &#8211; Cas clinique 1&Prime; font_container=\u00a0\u00bbtag:h1|text_align:center|color:%235f1b52&Prime; use_theme_fonts=\u00a0\u00bbyes\u00a0\u00bb link=\u00a0\u00bburl:https%3A%2F%2Fwww.atlasrleye.com%2Ffr%2Fvitreoretinopathie-familiale-exsudative%2F|title:%20Vitr%C3%A9or%C3%A9tinopathie%20familiale%20exsudative%20|\u00a0\u00bb][\/vc_column][\/vc_row][vc_row][vc_column][\/vc_column][\/vc_row][vc_row gap=\u00a0\u00bb35&Prime; equal_height=\u00a0\u00bbyes\u00a0\u00bb][vc_column width=\u00a0\u00bb1\/2&Prime;][vc_row_inner][vc_column_inner width=\u00a0\u00bb1\/2&Prime;][vc_single_image image=\u00a0\u00bb4959&Prime; img_size=\u00a0\u00bbmedium\u00a0\u00bb alignment=\u00a0\u00bbcenter\u00a0\u00bb onclick=\u00a0\u00bblink_image\u00a0\u00bb][\/vc_column_inner][vc_column_inner width=\u00a0\u00bb1\/2&Prime;][vc_column_text] [&hellip;]<\/p>\n","protected":false},"author":3,"featured_media":0,"parent":71885,"menu_order":0,"comment_status":"closed","ping_status":"closed","template":"","meta":{"_monsterinsights_skip_tracking":false,"_monsterinsights_sitenote_active":false,"_monsterinsights_sitenote_note":"","_monsterinsights_sitenote_category":0,"footnotes":""},"class_list":["post-71889","page","type-page","status-publish","hentry"],"_links":{"self":[{"href":"https:\/\/www.atlasrleye.com\/fr\/wp-json\/wp\/v2\/pages\/71889","targetHints":{"allow":["GET"]}}],"collection":[{"href":"https:\/\/www.atlasrleye.com\/fr\/wp-json\/wp\/v2\/pages"}],"about":[{"href":"https:\/\/www.atlasrleye.com\/fr\/wp-json\/wp\/v2\/types\/page"}],"author":[{"embeddable":true,"href":"https:\/\/www.atlasrleye.com\/fr\/wp-json\/wp\/v2\/users\/3"}],"replies":[{"embeddable":true,"href":"https:\/\/www.atlasrleye.com\/fr\/wp-json\/wp\/v2\/comments?post=71889"}],"version-history":[{"count":26,"href":"https:\/\/www.atlasrleye.com\/fr\/wp-json\/wp\/v2\/pages\/71889\/revisions"}],"predecessor-version":[{"id":112941,"href":"https:\/\/www.atlasrleye.com\/fr\/wp-json\/wp\/v2\/pages\/71889\/revisions\/112941"}],"up":[{"embeddable":true,"href":"https:\/\/www.atlasrleye.com\/fr\/wp-json\/wp\/v2\/pages\/71885"}],"wp:attachment":[{"href":"https:\/\/www.atlasrleye.com\/fr\/wp-json\/wp\/v2\/media?parent=71889"}],"curies":[{"name":"wp","href":"https:\/\/api.w.org\/{rel}","templated":true}]}}