{"id":108118,"date":"2024-05-14T15:18:14","date_gmt":"2024-05-14T15:18:14","guid":{"rendered":"https:\/\/www.atlasrleye.com\/?page_id=108118"},"modified":"2024-05-16T12:14:30","modified_gmt":"2024-05-16T12:14:30","slug":"cas-clinique-11","status":"publish","type":"page","link":"https:\/\/www.atlasrleye.com\/fr\/retinopathie-diabetique-proliferative-type-1\/cas-clinique-11\/","title":{"rendered":"Cas clinique 11"},"content":{"rendered":"<div class=\"wpb-content-wrapper\"><p>[vc_row][vc_column][vc_custom_heading text=\u00a0\u00bbR\u00c9TINOPATHIE DIAB\u00c9TIQUE\u00a0\u00bb font_container=\u00a0\u00bbtag:h5|font_size:22px|text_align:center|color:%23000000&Prime; use_theme_fonts=\u00a0\u00bbyes\u00a0\u00bb link=\u00a0\u00bburl:https%3A%2F%2Fwww.atlasrleye.com%2Fretinopatia-diabetica%2F|title:R%C3%A9tinopathie%20Diab%C3%A9tique|\u00a0\u00bb][vc_text_separator title=\u00a0\u00bb\u00a0\u00bb i_icon_fontawesome=\u00a0\u00bbfas fa-eye\u00a0\u00bb i_color=\u00a0\u00bbcustom\u00a0\u00bb i_size=\u00a0\u00bblg\u00a0\u00bb color=\u00a0\u00bbcustom\u00a0\u00bb border_width=\u00a0\u00bb8&Prime; css=\u00a0\u00bb.vc_custom_1637080776101{margin-bottom: -5px !important;}\u00a0\u00bb add_icon=\u00a0\u00bbtrue\u00a0\u00bb accent_color=\u00a0\u00bb#bababa\u00a0\u00bb i_custom_color=\u00a0\u00bb#bababa\u00a0\u00bb][vc_custom_heading text=\u00a0\u00bbR\u00e9tinopathie Diab\u00e9tique Prolif\u00e9rative \u2013 Type 1- Cas Clinique 11&Prime; font_container=\u00a0\u00bbtag:h1|text_align:center|color:%235f1b52&Prime; use_theme_fonts=\u00a0\u00bbyes\u00a0\u00bb css=\u00a0\u00bb\u00a0\u00bb link=\u00a0\u00bburl:https%3A%2F%2Fwww.atlasrleye.com%2Ffr%2Fretinopathie-diabetique-proliferative-type-1%2F|title:R%C3%89TINOPATHIE%20DIAB%C3%89TIQUE%20PROLIF%C3%89RATIVE%20%E2%80%93%20TYPE%201|\u00a0\u00bb]<div class=\"ult-spacer spacer-6a044d884a54d\" data-id=\"6a044d884a54d\" data-height=\"70\" data-height-mobile=\"70\" data-height-tab=\"70\" data-height-tab-portrait=\"\" data-height-mobile-landscape=\"\" style=\"clear:both;display:block;\"><\/div>[\/vc_column][\/vc_row][vc_row][vc_column]<div class=\"ult-spacer spacer-6a044d884a5cc\" data-id=\"6a044d884a5cc\" data-height=\"10\" data-height-mobile=\"10\" data-height-tab=\"10\" data-height-tab-portrait=\"\" data-height-mobile-landscape=\"\" style=\"clear:both;display:block;\"><\/div><div class=\"ult-spacer spacer-6a044d884a626\" data-id=\"6a044d884a626\" data-height=\"20\" data-height-mobile=\"20\" data-height-tab=\"20\" data-height-tab-portrait=\"\" data-height-mobile-landscape=\"\" style=\"clear:both;display:block;\"><\/div>[\/vc_column][\/vc_row][vc_row gap=\u00a0\u00bb35&Prime; equal_height=\u00a0\u00bbyes\u00a0\u00bb][vc_column width=\u00a0\u00bb1\/2&Prime;][vc_row_inner][vc_column_inner width=\u00a0\u00bb1\/2&Prime;][vc_single_image image=\u00a0\u00bb107805&Prime; img_size=\u00a0\u00bbmedium\u00a0\u00bb alignment=\u00a0\u00bbcenter\u00a0\u00bb onclick=\u00a0\u00bblink_image\u00a0\u00bb css=\u00a0\u00bb\u00a0\u00bb][\/vc_column_inner][vc_column_inner width=\u00a0\u00bb1\/2&Prime;][vc_column_text css=\u00a0\u00bb\u00a0\u00bb]<\/p>\n<p style=\"font-size: 18px; text-align: justify;\"><span style=\"color: #000000;\">R\u00e9tinopathie diab\u00e9tique prolif\u00e9rative (ODG) chez un patient de 43 ans. L&rsquo;OG a un d\u00e9collement de la r\u00e9tine tractionnelle et des membranes fibrovasculaires de la r\u00e9tine nasale. L\u2019OD contient de l\u2019huile de silicone dans le cavit\u00e9 vitr\u00e9e et pr\u00e9sente des membranes fibrovasculaires. MAVC: 20\/400 OD; 20\/50 OG. HbA1c=10,5%.<\/span><\/p>\n<p>[\/vc_column_text][\/vc_column_inner][\/vc_row_inner][\/vc_column][vc_column width=\u00a0\u00bb1\/2&Prime;][vc_row_inner][vc_column_inner width=\u00a0\u00bb1\/2&Prime;][vc_single_image image=\u00a0\u00bb107816&Prime; img_size=\u00a0\u00bbmedium\u00a0\u00bb alignment=\u00a0\u00bbcenter\u00a0\u00bb onclick=\u00a0\u00bblink_image\u00a0\u00bb css=\u00a0\u00bb\u00a0\u00bb][\/vc_column_inner][vc_column_inner width=\u00a0\u00bb1\/2&Prime;][vc_column_text css=\u00a0\u00bb\u00a0\u00bb]<\/p>\n<p style=\"text-align: justify; font-size: 18px;\"><span style=\"color: #000000;\">15 ans apr\u00e8s la chirurgie. Traitement par photocoagulation au laser. HbA1c=6,1%. MAVC: SPL OD; 8\/10 OG. <\/span><\/p>\n<p>[\/vc_column_text][\/vc_column_inner][\/vc_row_inner][\/vc_column][\/vc_row][vc_row][vc_column][vc_column_text]<\/p>\n<h3><span style=\"color: #5f1b52;\">\u00c9valuations<br \/>\n<\/span><\/h3>\n<p>[\/vc_column_text][vc_tta_accordion active_section=\u00a0\u00bb99&Prime; no_fill=\u00a0\u00bbtrue\u00a0\u00bb collapsible_all=\u00a0\u00bbtrue\u00a0\u00bb][vc_tta_section i_icon_fontawesome=\u00a0\u00bbfar fa-calendar-alt\u00a0\u00bb add_icon=\u00a0\u00bbtrue\u00a0\u00bb title=\u00a0\u00bb1\u00e8re \u00c9valuation &#8211; 30 04 2009&Prime; tab_id=\u00a0\u00bb1671795919289-748acc60-ba6d\u00a0\u00bb][vc_row_inner][vc_column_inner][vc_column_text]<\/p>\n<div class=\"row py-1\">\n<div class=\"col-12 border-bottom border-gray-light\">\n<p style=\"font-size: 18px;\">Photographie du Segment Ant\u00e9rieur<\/p>\n<\/div>\n<\/div>\n<p>[\/vc_column_text][vc_gallery type=\u00a0\u00bbimage_grid\u00a0\u00bb images=\u00a0\u00bb107603,107607&Prime; img_size=\u00a0\u00bb300&#215;206&Prime; css=\u00a0\u00bb\u00a0\u00bb][\/vc_column_inner][\/vc_row_inner][vc_row_inner][vc_column_inner][vc_column_text]<\/p>\n<div class=\"row py-1\">\n<div class=\"col-12 border-bottom border-gray-light\">\n<p style=\"font-size: 18px;\">OCT (B-Scan) longitudinal<\/p>\n<\/div>\n<\/div>\n<p>[\/vc_column_text][vc_gallery type=\u00a0\u00bbimage_grid\u00a0\u00bb images=\u00a0\u00bb107611,107615,107619,107623,107583,107587,107591,107595&Prime; img_size=\u00a0\u00bb307&#215;110&Prime; css=\u00a0\u00bb\u00a0\u00bb][\/vc_column_inner][\/vc_row_inner][vc_row_inner][vc_column_inner][vc_column_text css=\u00a0\u00bb\u00a0\u00bb]<\/p>\n<div class=\"row py-1\">\n<div class=\"col-12 border-bottom border-gray-light\">\n<p style=\"font-size: 18px;\">R\u00e9tinographie Couleur<\/p>\n<div style=\"text-indent: 20px;\">\n<p style=\"font-size: 14px; text-align: justify;\"><span style=\"color: #000000;\">OG: d\u00e9collement de la r\u00e9tine par traction. OD: huile de silicone dans la cavit\u00e9 vitr\u00e9e; zones de fibrose.<\/span><\/p>\n<\/div>\n<\/div>\n<\/div>\n<p>[\/vc_column_text][vc_gallery type=\u00a0\u00bbimage_grid\u00a0\u00bb images=\u00a0\u00bb107599&Prime; img_size=\u00a0\u00bb280&#215;206&Prime; css=\u00a0\u00bb.vc_custom_1715699868693{margin-top: -30px !important;}\u00a0\u00bb][\/vc_column_inner][\/vc_row_inner][\/vc_tta_section][vc_tta_section i_icon_fontawesome=\u00a0\u00bbfar fa-calendar-alt\u00a0\u00bb add_icon=\u00a0\u00bbtrue\u00a0\u00bb title=\u00a0\u00bb2\u00e8me \u00c9valuation &#8211; postop\u00e9ratoire &#8211; 25 05 2009&Prime; tab_id=\u00a0\u00bb1671731979894-a1c6e53a-7f91&Prime;][vc_row_inner][vc_column_inner][vc_column_text css=\u00a0\u00bb\u00a0\u00bb]<\/p>\n<div class=\"row py-1\">\n<div class=\"col-12 border-bottom border-gray-light\">\n<p style=\"font-size: 18px;\">Photographie du Segment Ant\u00e9rieur<\/p>\n<div style=\"text-indent: 20px;\">\n<p style=\"font-size: 14px; text-align: justify;\"><span style=\"color: #000000;\">OG apr\u00e8s chirurgie de la cataracte et OD avec cataracte totale.<\/span><\/p>\n<\/div>\n<\/div>\n<\/div>\n<p>[\/vc_column_text][vc_gallery type=\u00a0\u00bbimage_grid\u00a0\u00bb images=\u00a0\u00bb107639,107643&Prime; img_size=\u00a0\u00bb320*206&Prime; css=\u00a0\u00bb.vc_custom_1715788493335{margin-top: -30px !important;}\u00a0\u00bb][\/vc_column_inner][\/vc_row_inner][vc_row_inner][vc_column_inner][vc_column_text css=\u00a0\u00bb\u00a0\u00bb]<\/p>\n<div class=\"row py-1\">\n<div class=\"col-12 border-bottom border-gray-light\">\n<p style=\"font-size: 18px;\">OCT (B-Scan) longitudinal<\/p>\n<div style=\"text-indent: 20px;\">\n<p style=\"font-size: 14px; text-align: justify;\"><span style=\"color: #000000;\">OCT, 2 semaines apr\u00e8s la chirurgie (OG): phaco\u00e9mulsification avec implantation de LIO; VPP vitrectomie et extraction de membranes fibrovasculaires. HbA1c 6.6%.<\/span><\/p>\n<\/div>\n<\/div>\n<\/div>\n<p>[\/vc_column_text][vc_gallery type=\u00a0\u00bbimage_grid\u00a0\u00bb images=\u00a0\u00bb107647,107651,107627,107631&Prime; img_size=\u00a0\u00bb307&#215;110&Prime; css=\u00a0\u00bb.vc_custom_1715788658542{margin-top: -30px !important;}\u00a0\u00bb][\/vc_column_inner][\/vc_row_inner][vc_row_inner][vc_column_inner][vc_column_text css=\u00a0\u00bb\u00a0\u00bb]<\/p>\n<div class=\"row py-1\">\n<div class=\"col-12 border-bottom border-gray-light\">\n<p style=\"font-size: 18px;\">R\u00e9tinographie Couleur<\/p>\n<\/div>\n<\/div>\n<p>[\/vc_column_text][vc_gallery type=\u00a0\u00bbimage_grid\u00a0\u00bb images=\u00a0\u00bb107635&Prime; img_size=\u00a0\u00bb251&#215;206&Prime; css=\u00a0\u00bb.vc_custom_1715788437882{margin-top: -30px !important;}\u00a0\u00bb][\/vc_column_inner][\/vc_row_inner][\/vc_tta_section][vc_tta_section i_icon_fontawesome=\u00a0\u00bbfar fa-calendar-alt\u00a0\u00bb add_icon=\u00a0\u00bbtrue\u00a0\u00bb title=\u00a0\u00bb3\u00e8me \u00c9valuation &#8211; 14 05 2012&Prime; tab_id=\u00a0\u00bb1671796344565-355b72b4-8691&Prime;][vc_row_inner][vc_column_inner width=\u00a0\u00bb2\/3&Prime;][vc_column_text css=\u00a0\u00bb\u00a0\u00bb]<\/p>\n<div class=\"row py-1\">\n<div class=\"col-12 border-bottom border-gray-light\">\n<p style=\"font-size: 18px;\"> Photographie du Segment Ant\u00e9rieur<\/p>\n<div style=\"text-indent: 20px;\">\n<p style=\"font-size: 14px; text-align: justify;\"><span style=\"color: #000000;\">OG: lentille intraoculaire opacifi\u00e9e par des d\u00e9p\u00f4ts de CaCO3.<\/span><\/p>\n<\/div>\n<\/div>\n<\/div>\n<p>[\/vc_column_text][vc_gallery type=\u00a0\u00bbimage_grid\u00a0\u00bb images=\u00a0\u00bb107667,107671&Prime; img_size=\u00a0\u00bb320&#215;206&Prime; css=\u00a0\u00bb.vc_custom_1715788916208{margin-top: -30px !important;}\u00a0\u00bb][\/vc_column_inner][vc_column_inner width=\u00a0\u00bb1\/3&Prime;][vc_column_text css=\u00a0\u00bb\u00a0\u00bb]<\/p>\n<div class=\"row py-1\">\n<div class=\"col-12 border-bottom border-gray-light\">\n<p style=\"font-size: 18px;\">Visum\u00e9trie<\/p>\n<\/div>\n<\/div>\n<p>[\/vc_column_text][vc_gallery type=\u00a0\u00bbimage_grid\u00a0\u00bb images=\u00a0\u00bb107679&Prime; img_size=\u00a0\u00bb400*206&Prime; css=\u00a0\u00bb\u00a0\u00bb][\/vc_column_inner][\/vc_row_inner][vc_row_inner][vc_column_inner][vc_column_text css=\u00a0\u00bb\u00a0\u00bb]<\/p>\n<div class=\"row py-1\">\n<div class=\"col-12 border-bottom border-gray-light\">\n<p style=\"font-size: 18px;\">OCT (B-Scan) longitudinal<\/p>\n<\/div>\n<\/div>\n<p>[\/vc_column_text][vc_gallery type=\u00a0\u00bbimage_grid\u00a0\u00bb images=\u00a0\u00bb107687,107655,107659,107663&Prime; img_size=\u00a0\u00bb307&#215;110&Prime; css=\u00a0\u00bb\u00a0\u00bb][\/vc_column_inner][\/vc_row_inner][vc_row_inner][vc_column_inner][vc_column_text]<\/p>\n<div class=\"row py-1\">\n<div class=\"col-12 border-bottom border-gray-light\">\n<p style=\"font-size: 18px;\">R\u00e9tinographie Couleur<\/p>\n<\/div>\n<\/div>\n<p>[\/vc_column_text][vc_gallery type=\u00a0\u00bbimage_grid\u00a0\u00bb images=\u00a0\u00bb107675,107683&Prime; img_size=\u00a0\u00bb251&#215;206&Prime; css=\u00a0\u00bb\u00a0\u00bb][\/vc_column_inner][\/vc_row_inner][\/vc_tta_section][vc_tta_section i_icon_fontawesome=\u00a0\u00bbfar fa-calendar-alt\u00a0\u00bb add_icon=\u00a0\u00bbtrue\u00a0\u00bb title=\u00a0\u00bb4\u00e8me \u00c9valuation &#8211; postop\u00e9ratoire &#8211; 22 05 2012&Prime; tab_id=\u00a0\u00bb1671796840330-e71e9361-6fd6&Prime;][vc_row_inner][vc_column_inner width=\u00a0\u00bb2\/4&Prime;][vc_column_text]<\/p>\n<div class=\"row py-1\">\n<div class=\"col-12 border-bottom border-gray-light\">\n<p style=\"font-size: 18px;\">Autofluorescence<\/p>\n<\/div>\n<\/div>\n<p>[\/vc_column_text][vc_gallery type=\u00a0\u00bbimage_grid\u00a0\u00bb images=\u00a0\u00bb107715,107699&Prime; img_size=\u00a0\u00bb193&#215;206&Prime; css=\u00a0\u00bb\u00a0\u00bb][\/vc_column_inner][vc_column_inner width=\u00a0\u00bb1\/4&Prime;][vc_column_text]<\/p>\n<div class=\"row py-1\">\n<div class=\"col-12 border-bottom border-gray-light\">\n<p style=\"font-size: 18px;\">Infrarouge<\/p>\n<\/div>\n<\/div>\n<p>[\/vc_column_text][vc_gallery type=\u00a0\u00bbimage_grid\u00a0\u00bb images=\u00a0\u00bb107703&Prime; img_size=\u00a0\u00bb193&#215;206&Prime; css=\u00a0\u00bb\u00a0\u00bb][\/vc_column_inner][vc_column_inner width=\u00a0\u00bb1\/4&Prime;][vc_column_text]<\/p>\n<div class=\"row py-1\">\n<div class=\"col-12 border-bottom border-gray-light\">\n<p style=\"font-size: 18px;\">Red-free<\/p>\n<\/div>\n<\/div>\n<p>[\/vc_column_text][vc_gallery type=\u00a0\u00bbimage_grid\u00a0\u00bb images=\u00a0\u00bb107695&Prime; img_size=\u00a0\u00bb193&#215;206&Prime; css=\u00a0\u00bb\u00a0\u00bb][\/vc_column_inner][\/vc_row_inner][vc_row_inner][vc_column_inner][vc_column_text css=\u00a0\u00bb\u00a0\u00bb]<\/p>\n<div class=\"row py-1\">\n<div class=\"col-12 border-bottom border-gray-light\">\n<p style=\"font-size: 18px;\">Photographie du Segment Ant\u00e9rieur<\/p>\n<div style=\"text-indent: 20px;\">\n<p style=\"font-size: 14px; text-align: justify;\"><span style=\"color: #000000;\">Une semaine apr\u00e8s remplacement de la lentille intraoculaire.<\/span><\/p>\n<\/div>\n<\/div>\n<\/div>\n<p>[\/vc_column_text][vc_gallery type=\u00a0\u00bbimage_grid\u00a0\u00bb images=\u00a0\u00bb107707&Prime; img_size=\u00a0\u00bb320&#215;206&Prime; css=\u00a0\u00bb.vc_custom_1715789817232{margin-top: -30px !important;}\u00a0\u00bb][\/vc_column_inner][\/vc_row_inner][vc_row_inner][vc_column_inner][vc_column_text]<\/p>\n<div class=\"row py-1\">\n<div class=\"col-12 border-bottom border-gray-light\">\n<p style=\"font-size: 18px;\">OCT (B-Scan) longitudinal<\/p>\n<\/div>\n<\/div>\n<p>[\/vc_column_text][vc_gallery type=\u00a0\u00bbimage_grid\u00a0\u00bb images=\u00a0\u00bb107719,107691&Prime; img_size=\u00a0\u00bb307&#215;110&Prime; css=\u00a0\u00bb\u00a0\u00bb][\/vc_column_inner][\/vc_row_inner][vc_row_inner][vc_column_inner][vc_column_text]<\/p>\n<div class=\"row py-1\">\n<div class=\"col-12 border-bottom border-gray-light\">\n<p style=\"font-size: 18px;\">R\u00e9tinographie Couleur<\/p>\n<\/div>\n<\/div>\n<p>[\/vc_column_text][vc_gallery type=\u00a0\u00bbimage_grid\u00a0\u00bb images=\u00a0\u00bb107711&Prime; img_size=\u00a0\u00bb251&#215;206&Prime; css=\u00a0\u00bb\u00a0\u00bb][\/vc_column_inner][\/vc_row_inner][\/vc_tta_section][vc_tta_section i_icon_fontawesome=\u00a0\u00bbfar fa-calendar-alt\u00a0\u00bb add_icon=\u00a0\u00bbtrue\u00a0\u00bb title=\u00a0\u00bb5\u00e8me \u00c9valuation &#8211; 15 01 2020&Prime; tab_id=\u00a0\u00bb1671798147691-bfbf7c13-be8d\u00a0\u00bb][vc_row_inner][vc_column_inner width=\u00a0\u00bb2\/4&Prime;][vc_column_text]<\/p>\n<div class=\"row py-1\">\n<div class=\"col-12 border-bottom border-gray-light\">\n<p style=\"font-size: 18px;\">Autofluorescence<\/p>\n<\/div>\n<\/div>\n<p>[\/vc_column_text][vc_gallery type=\u00a0\u00bbimage_grid\u00a0\u00bb images=\u00a0\u00bb107743,107735&Prime; img_size=\u00a0\u00bb193&#215;206&Prime; css=\u00a0\u00bb\u00a0\u00bb][\/vc_column_inner][vc_column_inner width=\u00a0\u00bb1\/4&Prime;][vc_column_text]<\/p>\n<div class=\"row py-1\">\n<div class=\"col-12 border-bottom border-gray-light\">\n<p style=\"font-size: 18px;\">Infrarouge<\/p>\n<\/div>\n<\/div>\n<p>[\/vc_column_text][vc_gallery type=\u00a0\u00bbimage_grid\u00a0\u00bb images=\u00a0\u00bb107731&Prime; img_size=\u00a0\u00bb193&#215;206&Prime; css=\u00a0\u00bb\u00a0\u00bb][\/vc_column_inner][vc_column_inner width=\u00a0\u00bb1\/4&Prime;][vc_column_text]<\/p>\n<div class=\"row py-1\">\n<div class=\"col-12 border-bottom border-gray-light\">\n<p style=\"font-size: 18px;\">Red-free<\/p>\n<\/div>\n<\/div>\n<p>[\/vc_column_text][vc_gallery type=\u00a0\u00bbimage_grid\u00a0\u00bb images=\u00a0\u00bb107727&Prime; img_size=\u00a0\u00bb193&#215;206&Prime; css=\u00a0\u00bb\u00a0\u00bb][\/vc_column_inner][\/vc_row_inner][vc_row_inner][vc_column_inner][vc_column_text]<\/p>\n<div class=\"row py-1\">\n<div class=\"col-12 border-bottom border-gray-light\">\n<p style=\"font-size: 18px;\">OCT (B-Scan) longitudinal<\/p>\n<\/div>\n<\/div>\n<p>[\/vc_column_text][vc_gallery type=\u00a0\u00bbimage_grid\u00a0\u00bb images=\u00a0\u00bb107751,107755,107759,107723&Prime; img_size=\u00a0\u00bb307&#215;110&Prime; css=\u00a0\u00bb\u00a0\u00bb][\/vc_column_inner][\/vc_row_inner][vc_row_inner][vc_column_inner][vc_column_text css=\u00a0\u00bb\u00a0\u00bb]<\/p>\n<div class=\"row py-1\">\n<div class=\"col-12 border-bottom border-gray-light\">\n<p style=\"font-size: 18px;\">R\u00e9tinographie Couleur<\/p>\n<div style=\"text-indent: 20px;\">\n<p style=\"font-size: 14px; text-align: justify;\"><span style=\"color: #000000;\">MAVC: SPL OD; 8\/10 OG. Traitement par photocoagulation au laser. <\/span><\/p>\n<\/div>\n<\/div>\n<\/div>\n<p>[\/vc_column_text][vc_gallery type=\u00a0\u00bbimage_grid\u00a0\u00bb images=\u00a0\u00bb107739,107747&Prime; img_size=\u00a0\u00bb251&#215;206&Prime; css=\u00a0\u00bb.vc_custom_1715790313620{margin-top: -30px !important;}\u00a0\u00bb][\/vc_column_inner][\/vc_row_inner][\/vc_tta_section][vc_tta_section i_icon_fontawesome=\u00a0\u00bbfar fa-calendar-alt\u00a0\u00bb add_icon=\u00a0\u00bbtrue\u00a0\u00bb title=\u00a0\u00bb6\u00e8me \u00c9valuation &#8211; 03 04 2024&Prime; tab_id=\u00a0\u00bb1671798295597-df6d0c8d-714a\u00a0\u00bb][vc_row_inner][vc_column_inner width=\u00a0\u00bb1\/4&Prime;][vc_column_text]<\/p>\n<div class=\"row py-1\">\n<div class=\"col-12 border-bottom border-gray-light\">\n<p style=\"font-size: 18px;\">Autofluorescence<\/p>\n<\/div>\n<\/div>\n<p>[\/vc_column_text][vc_gallery type=\u00a0\u00bbimage_grid\u00a0\u00bb images=\u00a0\u00bb107784&Prime; img_size=\u00a0\u00bb193&#215;206&Prime; css=\u00a0\u00bb\u00a0\u00bb][\/vc_column_inner][vc_column_inner width=\u00a0\u00bb1\/4&Prime;][vc_column_text]<\/p>\n<div class=\"row py-1\">\n<div class=\"col-12 border-bottom border-gray-light\">\n<p style=\"font-size: 18px;\">Infrarouge<\/p>\n<\/div>\n<\/div>\n<p>[\/vc_column_text][vc_gallery type=\u00a0\u00bbimage_grid\u00a0\u00bb images=\u00a0\u00bb107772&Prime; img_size=\u00a0\u00bb193&#215;206&Prime; css=\u00a0\u00bb\u00a0\u00bb][\/vc_column_inner][vc_column_inner width=\u00a0\u00bb2\/4&Prime;][vc_column_text css=\u00a0\u00bb\u00a0\u00bb]<\/p>\n<div class=\"row py-1\">\n<div class=\"col-12 border-bottom border-gray-light\">\n<p style=\"font-size: 18px;\">Photographie du Segment Ant\u00e9rieur<\/p>\n<div style=\"text-indent: 20px;\">\n<p style=\"font-size: 14px; text-align: justify;\"><span style=\"color: #000000;\">MAVC: SPL OD; 8\/10 OG. HbA1c=6,1%.<\/span><\/p>\n<\/div>\n<\/div>\n<\/div>\n<p>[\/vc_column_text][vc_gallery type=\u00a0\u00bbimage_grid\u00a0\u00bb images=\u00a0\u00bb107776&Prime; img_size=\u00a0\u00bb320&#215;206&Prime; css=\u00a0\u00bb.vc_custom_1715790551574{margin-top: -30px !important;}\u00a0\u00bb][\/vc_column_inner][\/vc_row_inner][vc_row_inner][vc_column_inner][vc_column_text]<\/p>\n<div class=\"row py-1\">\n<div class=\"col-12 border-bottom border-gray-light\">\n<p style=\"font-size: 18px;\">OCT (B-Scan) longitudinal<\/p>\n<\/div>\n<\/div>\n<p>[\/vc_column_text][vc_gallery type=\u00a0\u00bbimage_grid\u00a0\u00bb images=\u00a0\u00bb107787,107792,107763,107767&Prime; img_size=\u00a0\u00bb307&#215;110&Prime; css=\u00a0\u00bb\u00a0\u00bb][\/vc_column_inner][\/vc_row_inner][vc_row_inner][vc_column_inner][vc_column_text css=\u00a0\u00bb\u00a0\u00bb]<\/p>\n<div class=\"row py-1\">\n<div class=\"col-12 border-bottom border-gray-light\">\n<p style=\"font-size: 18px;\">R\u00e9tinographie Couleur<\/p>\n<p>[\/vc_column_text][vc_gallery type=\u00a0\u00bbimage_grid\u00a0\u00bb images=\u00a0\u00bb107779&Prime; img_size=\u00a0\u00bb251&#215;250&Prime; css=\u00a0\u00bb\u00a0\u00bb][\/vc_column_inner][\/vc_row_inner][\/vc_tta_section][\/vc_tta_accordion][\/vc_column][\/vc_row][vc_row][vc_column][vc_column_text]<\/p>\n<\/div>\n<\/div>\n<p>[\/vc_column_text][\/vc_column][\/vc_row]<\/p>\n<\/div>","protected":false},"excerpt":{"rendered":"<p>[vc_row][vc_column][vc_custom_heading text=\u00a0\u00bbR\u00c9TINOPATHIE DIAB\u00c9TIQUE\u00a0\u00bb font_container=\u00a0\u00bbtag:h5|font_size:22px|text_align:center|color:%23000000&Prime; use_theme_fonts=\u00a0\u00bbyes\u00a0\u00bb link=\u00a0\u00bburl:https%3A%2F%2Fwww.atlasrleye.com%2Fretinopatia-diabetica%2F|title:R%C3%A9tinopathie%20Diab%C3%A9tique|\u00a0\u00bb][vc_text_separator title=\u00a0\u00bb\u00a0\u00bb i_icon_fontawesome=\u00a0\u00bbfas fa-eye\u00a0\u00bb i_color=\u00a0\u00bbcustom\u00a0\u00bb i_size=\u00a0\u00bblg\u00a0\u00bb color=\u00a0\u00bbcustom\u00a0\u00bb border_width=\u00a0\u00bb8&Prime; css=\u00a0\u00bb.vc_custom_1637080776101{margin-bottom: -5px !important;}\u00a0\u00bb add_icon=\u00a0\u00bbtrue\u00a0\u00bb accent_color=\u00a0\u00bb#bababa\u00a0\u00bb i_custom_color=\u00a0\u00bb#bababa\u00a0\u00bb][vc_custom_heading text=\u00a0\u00bbR\u00e9tinopathie Diab\u00e9tique Prolif\u00e9rative \u2013 Type 1- Cas Clinique 11&Prime; font_container=\u00a0\u00bbtag:h1|text_align:center|color:%235f1b52&Prime; use_theme_fonts=\u00a0\u00bbyes\u00a0\u00bb css=\u00a0\u00bb\u00a0\u00bb link=\u00a0\u00bburl:https%3A%2F%2Fwww.atlasrleye.com%2Ffr%2Fretinopathie-diabetique-proliferative-type-1%2F|title:R%C3%89TINOPATHIE%20DIAB%C3%89TIQUE%20PROLIF%C3%89RATIVE%20%E2%80%93%20TYPE%201|\u00a0\u00bb][\/vc_column][\/vc_row][vc_row][vc_column][\/vc_column][\/vc_row][vc_row gap=\u00a0\u00bb35&Prime; equal_height=\u00a0\u00bbyes\u00a0\u00bb][vc_column width=\u00a0\u00bb1\/2&Prime;][vc_row_inner][vc_column_inner width=\u00a0\u00bb1\/2&Prime;][vc_single_image image=\u00a0\u00bb107805&Prime; img_size=\u00a0\u00bbmedium\u00a0\u00bb alignment=\u00a0\u00bbcenter\u00a0\u00bb onclick=\u00a0\u00bblink_image\u00a0\u00bb [&hellip;]<\/p>\n","protected":false},"author":3,"featured_media":0,"parent":75357,"menu_order":0,"comment_status":"closed","ping_status":"closed","template":"","meta":{"_monsterinsights_skip_tracking":false,"_monsterinsights_sitenote_active":false,"_monsterinsights_sitenote_note":"","_monsterinsights_sitenote_category":0,"footnotes":""},"class_list":["post-108118","page","type-page","status-publish","hentry"],"_links":{"self":[{"href":"https:\/\/www.atlasrleye.com\/fr\/wp-json\/wp\/v2\/pages\/108118","targetHints":{"allow":["GET"]}}],"collection":[{"href":"https:\/\/www.atlasrleye.com\/fr\/wp-json\/wp\/v2\/pages"}],"about":[{"href":"https:\/\/www.atlasrleye.com\/fr\/wp-json\/wp\/v2\/types\/page"}],"author":[{"embeddable":true,"href":"https:\/\/www.atlasrleye.com\/fr\/wp-json\/wp\/v2\/users\/3"}],"replies":[{"embeddable":true,"href":"https:\/\/www.atlasrleye.com\/fr\/wp-json\/wp\/v2\/comments?post=108118"}],"version-history":[{"count":7,"href":"https:\/\/www.atlasrleye.com\/fr\/wp-json\/wp\/v2\/pages\/108118\/revisions"}],"predecessor-version":[{"id":108373,"href":"https:\/\/www.atlasrleye.com\/fr\/wp-json\/wp\/v2\/pages\/108118\/revisions\/108373"}],"up":[{"embeddable":true,"href":"https:\/\/www.atlasrleye.com\/fr\/wp-json\/wp\/v2\/pages\/75357"}],"wp:attachment":[{"href":"https:\/\/www.atlasrleye.com\/fr\/wp-json\/wp\/v2\/media?parent=108118"}],"curies":[{"name":"wp","href":"https:\/\/api.w.org\/{rel}","templated":true}]}}