{"id":106808,"date":"2024-04-22T15:09:05","date_gmt":"2024-04-22T15:09:05","guid":{"rendered":"https:\/\/www.atlasrleye.com\/?page_id=106808"},"modified":"2024-04-26T14:56:41","modified_gmt":"2024-04-26T14:56:41","slug":"fosse-du-disque-optique-une-approche-therapeutique-et-chirurgicale-innovante-au-centro-cirurgico-de-coimbra","status":"publish","type":"page","link":"https:\/\/www.atlasrleye.com\/fr\/fosse-du-disque-optique-une-approche-therapeutique-et-chirurgicale-innovante-au-centro-cirurgico-de-coimbra\/","title":{"rendered":"Fosse du Disque Optique: une Approche Th\u00e9rapeutique et Chirurgicale Innovante au Centro Cir\u00fargico de Coimbra"},"content":{"rendered":"<div class=\"wpb-content-wrapper\"><p>[vc_row][vc_column][vc_custom_heading text=\u00a0\u00bbFOSSE DU DISQUE OPTIQUE: UNE APPROCHE TH\u00c9RAPEUTIQUE ET CHIRURGICALE INNOVANTE AU CENTRO CIR\u00daRGICO DE COIMBRA\u00a0\u00bb font_container=\u00a0\u00bbtag:h5|font_size:44px|text_align:center|color:%235f1b52&Prime; google_fonts=\u00a0\u00bbfont_family:Average%20Sans%3Aregular|font_style:400%20regular%3A400%3Anormal\u00a0\u00bb]<div class=\"ult-spacer spacer-69e22da5573ad\" data-id=\"69e22da5573ad\" data-height=\"70\" data-height-mobile=\"70\" data-height-tab=\"70\" data-height-tab-portrait=\"\" data-height-mobile-landscape=\"\" style=\"clear:both;display:block;\"><\/div>[\/vc_column][\/vc_row][vc_row][vc_column width=\u00a0\u00bb2\/3&Prime;][vc_column_text]<\/p>\n<div class=\"w-100 middle-subtext text-justify hidden-text\">\n<p style=\"text-align: justify; font-size: 16px;\">La Fosse du Disque Optique est une anomalie rare de la papille, d\u2019\u00e9tiopathogen\u00e8se inconnue, qui se manifeste fr\u00e9quemment par un d\u00e9collement s\u00e9reux de la r\u00e9tine dans la r\u00e9gion maculaire et par des alt\u00e9rations r\u00e9tiniennes de type schisis, et il semble y avoir une communication entre la r\u00e9tine et la fosse.<\/p>\n<p style=\"text-align: justify; font-size: 16px;\">\u00c0 ce jour, la faible incidence et la complexit\u00e9 de cette pathologie n\u2019ont pas permis de s\u00e9lectionner un traitement optimal.<\/p>\n<p style=\"text-align: justify; font-size: 16px;\">Une nouvelle approche chirurgicale a permis la r\u00e9cup\u00e9ration anatomique et fonctionnelle de la r\u00e9tine de ces patients: la vitrectomie et la tamponnage de gaz, qui sont essentielles au drainage du liquide sous-r\u00e9tinien \u00e0 travers la fosse; scellement de la fosse avec un fragment de scl\u00e9rotique pour emp\u00eacher l\u2019entr\u00e9e de liquide dans la r\u00e9tine.<\/p>\n<p style=\"text-align: justify; font-size: 16px;\">Au vu des r\u00e9sultats obtenus, pr\u00e9sent\u00e9s dans cet atlas et dans les articles indiqu\u00e9s ci-dessous, la technique utilis\u00e9e ici est, \u00e0 notre avis, plus efficace dans certains cas de Fosse du Disque Optique.<\/p>\n<p style=\"text-align: justify; font-size: 16px;\"><a href=\"https:\/\/www.atlasrleye.com\/fr\/fosses-du-disque-optique-et-decollements-maculaires-sereux-associes\/\">FOSSES DU DISQUE OPTIQUE ET D\u00c9COLLEMENTS MACULAIRES S\u00c9REUX ASSOCI\u00c9S \u2013 Atlas RL Eye<\/a><\/p>\n<p style=\"text-align: justify; font-size: 16px;\"><a href=\"https:\/\/spoftalmologia.pt\/wp-content\/uploads\/2011\/07\/revista_spo_n3_2011_pp.273-282.pdf\">Optic PIT: Revis\u00e3o de Casos Cir\u00fargicos e Abordagem Terap\u00eautica Inovadora . Ana Travassos, Isaura Regadas, Robert van Velze, M\u00e1rio Alfaiate, Eduardo Silva, Rui Proen\u00e7a, Rufino Silva, Ant\u00f3nio Travassos. Hospitais da Universidade de Coimbra, Centro Cir\u00fargico de Coimbra. Revista da Sociedade Portuguesa de Oftalmologia \u2013 2012, Vol35: pp 273-282. Figura1 (spoftalmologia.pt)<\/a><\/p>\n<p style=\"text-align: justify; font-size: 16px;\"><a href=\"https:\/\/journals.lww.com\/retinajournal\/citation\/2013\/09000\/optic_pit__novel_surgical_management_of.27.aspx\">Travassos AS, Regadas I, Alfaiate M, Silva ED, Proen\u00e7a R, Travassos A. Optic pit: novel surgical management of complicated cases. Retina. 2013 Sep;33(8):1708-14. DOI: 10.1097\/IAE.0b013e31828e699c PMID: 23644559.<\/a><\/p>\n<p>&nbsp;<\/p>\n<\/div>\n<p>[\/vc_column_text][\/vc_column][vc_column css_animation=\u00a0\u00bbnone\u00a0\u00bb width=\u00a0\u00bb1\/3&Prime;][vc_single_image image=\u00a0\u00bb106787&Prime; img_size=\u00a0\u00bbfull\u00a0\u00bb onclick=\u00a0\u00bbcustom_link\u00a0\u00bb img_link_target=\u00a0\u00bb_blank\u00a0\u00bb link=\u00a0\u00bbhttps:\/\/www.atlasrleye.com\/wp-content\/uploads\/2024\/03\/WP_Glaucoma-Automatic-Diagnosis-1.pdf\u00a0\u00bb][\/vc_column][\/vc_row]<\/p>\n<\/div>","protected":false},"excerpt":{"rendered":"<p>[vc_row][vc_column][vc_custom_heading text=\u00a0\u00bbFOSSE DU DISQUE OPTIQUE: UNE APPROCHE TH\u00c9RAPEUTIQUE ET CHIRURGICALE INNOVANTE AU CENTRO CIR\u00daRGICO DE COIMBRA\u00a0\u00bb font_container=\u00a0\u00bbtag:h5|font_size:44px|text_align:center|color:%235f1b52&Prime; google_fonts=\u00a0\u00bbfont_family:Average%20Sans%3Aregular|font_style:400%20regular%3A400%3Anormal\u00a0\u00bb][\/vc_column][\/vc_row][vc_row][vc_column width=\u00a0\u00bb2\/3&Prime;][vc_column_text] La Fosse du Disque Optique est une anomalie rare de la papille, d\u2019\u00e9tiopathogen\u00e8se inconnue, qui se manifeste fr\u00e9quemment par un d\u00e9collement [&hellip;]<\/p>\n","protected":false},"author":3,"featured_media":0,"parent":0,"menu_order":0,"comment_status":"closed","ping_status":"closed","template":"","meta":{"_monsterinsights_skip_tracking":false,"_monsterinsights_sitenote_active":false,"_monsterinsights_sitenote_note":"","_monsterinsights_sitenote_category":0,"footnotes":""},"class_list":["post-106808","page","type-page","status-publish","hentry"],"_links":{"self":[{"href":"https:\/\/www.atlasrleye.com\/fr\/wp-json\/wp\/v2\/pages\/106808","targetHints":{"allow":["GET"]}}],"collection":[{"href":"https:\/\/www.atlasrleye.com\/fr\/wp-json\/wp\/v2\/pages"}],"about":[{"href":"https:\/\/www.atlasrleye.com\/fr\/wp-json\/wp\/v2\/types\/page"}],"author":[{"embeddable":true,"href":"https:\/\/www.atlasrleye.com\/fr\/wp-json\/wp\/v2\/users\/3"}],"replies":[{"embeddable":true,"href":"https:\/\/www.atlasrleye.com\/fr\/wp-json\/wp\/v2\/comments?post=106808"}],"version-history":[{"count":10,"href":"https:\/\/www.atlasrleye.com\/fr\/wp-json\/wp\/v2\/pages\/106808\/revisions"}],"predecessor-version":[{"id":107141,"href":"https:\/\/www.atlasrleye.com\/fr\/wp-json\/wp\/v2\/pages\/106808\/revisions\/107141"}],"wp:attachment":[{"href":"https:\/\/www.atlasrleye.com\/fr\/wp-json\/wp\/v2\/media?parent=106808"}],"curies":[{"name":"wp","href":"https:\/\/api.w.org\/{rel}","templated":true}]}}