{"id":106794,"date":"2024-04-22T14:52:29","date_gmt":"2024-04-22T14:52:29","guid":{"rendered":"https:\/\/www.atlasrleye.com\/?page_id=106794"},"modified":"2024-04-23T10:08:36","modified_gmt":"2024-04-23T10:08:36","slug":"altice-labs-centro-cirurgico-de-coimbra","status":"publish","type":"page","link":"https:\/\/www.atlasrleye.com\/fr\/altice-labs-centro-cirurgico-de-coimbra\/","title":{"rendered":"ALTICE LABS \u2013 CENTRO CIR\u00daRGICO DE COIMBRA"},"content":{"rendered":"<div class=\"wpb-content-wrapper\"><p>[vc_row][vc_column][vc_custom_heading text=\u00a0\u00bbALTICE LABS \u2013 CENTRO CIR\u00daRGICO DE COIMBRA\u00a0\u00bb font_container=\u00a0\u00bbtag:h5|font_size:44px|text_align:center|color:%235f1b52&Prime; google_fonts=\u00a0\u00bbfont_family:Average%20Sans%3Aregular|font_style:400%20regular%3A400%3Anormal\u00a0\u00bb]<div class=\"ult-spacer spacer-6a03a7b260dce\" data-id=\"6a03a7b260dce\" data-height=\"70\" data-height-mobile=\"70\" data-height-tab=\"70\" data-height-tab-portrait=\"\" data-height-mobile-landscape=\"\" style=\"clear:both;display:block;\"><\/div>[\/vc_column][\/vc_row][vc_row][vc_column width=\u00a0\u00bb2\/3&Prime;][vc_column_text]<\/p>\n<div class=\"w-100 middle-subtext text-justify hidden-text\">\n<p style=\"text-align: justify; font-size: 16px;\">L&rsquo;Altice Labs en collaboration avec le Centro Cir\u00fargico de Coimbra d\u00e9veloppe actuellement un software pour le diagnostic du Glaucome \u00e0 son d\u00e9but, qui est d\u00e9crit dans l\u2019article pr\u00e9sent\u00e9.<\/p>\n<p style=\"text-align: justify; font-size: 16px;\">Cette maladie passe souvent inaper\u00e7ue en raison de l\u2019absence de sympt\u00f4mes perceptibles \u00e0 un stade pr\u00e9coce. Le Glaucome est de nature progressive et entra\u00eene une perte progressive de la vision p\u00e9riph\u00e9rique et, lorsqu\u2019elle n\u2019est pas trait\u00e9e, elle peut \u00e9voluer vers une c\u00e9cit\u00e9 totale et irr\u00e9versible.<\/p>\n<p style=\"text-align: justify; font-size: 16px;\">Le travail d\u00e9velopp\u00e9 vise \u00e0 cr\u00e9er un syst\u00e8me de \u00ab\u00a0Machine Learning\u00a0\u00bb, par des algorithmes qui extraient des motifs de grandes quantit\u00e9s d information pr\u00e9sentes dans les examens \u00f3culaires de patients anonymis\u00e9s du CCC. L\u2019int\u00e9gration de cette technique d\u2019Intelligence Artificielle dans la pratique clinique, a un grand potentiel pour r\u00e9volutionner la d\u00e9tection pr\u00e9coce et le traitement de cette maladie.<\/p>\n<p style=\"text-align: justify; font-size: 16px;\">Note: Le Centro Cir\u00fargico de Coimbra participe \u00e0 cette \u00e9tude sur une base non lucrative.<\/p>\n<\/div>\n<p>[\/vc_column_text][\/vc_column][vc_column css_animation=\u00a0\u00bbnone\u00a0\u00bb width=\u00a0\u00bb1\/3&Prime;][vc_single_image image=\u00a0\u00bb102783&Prime; img_size=\u00a0\u00bbfull\u00a0\u00bb onclick=\u00a0\u00bbcustom_link\u00a0\u00bb img_link_target=\u00a0\u00bb_blank\u00a0\u00bb link=\u00a0\u00bbhttps:\/\/www.atlasrleye.com\/wp-content\/uploads\/2024\/03\/WP_Glaucoma-Automatic-Diagnosis-1.pdf\u00a0\u00bb][vc_custom_heading text=\u00a0\u00bbPlus d&apos;informations (PDF)\u00a0\u00bb font_container=\u00a0\u00bbtag:h1|font_size:14|text_align:center\u00a0\u00bb css=\u00a0\u00bb.vc_custom_1709680347374{margin-top: -30px !important;}\u00a0\u00bb][\/vc_column][\/vc_row]<\/p>\n<\/div>","protected":false},"excerpt":{"rendered":"<p>[vc_row][vc_column][vc_custom_heading text=\u00a0\u00bbALTICE LABS \u2013 CENTRO CIR\u00daRGICO DE COIMBRA\u00a0\u00bb font_container=\u00a0\u00bbtag:h5|font_size:44px|text_align:center|color:%235f1b52&Prime; google_fonts=\u00a0\u00bbfont_family:Average%20Sans%3Aregular|font_style:400%20regular%3A400%3Anormal\u00a0\u00bb][\/vc_column][\/vc_row][vc_row][vc_column width=\u00a0\u00bb2\/3&Prime;][vc_column_text] L&rsquo;Altice Labs en collaboration avec le Centro Cir\u00fargico de Coimbra d\u00e9veloppe actuellement un software pour le diagnostic du Glaucome \u00e0 son d\u00e9but, qui est d\u00e9crit dans l\u2019article pr\u00e9sent\u00e9. Cette [&hellip;]<\/p>\n","protected":false},"author":3,"featured_media":0,"parent":0,"menu_order":0,"comment_status":"closed","ping_status":"closed","template":"","meta":{"_monsterinsights_skip_tracking":false,"_monsterinsights_sitenote_active":false,"_monsterinsights_sitenote_note":"","_monsterinsights_sitenote_category":0,"footnotes":""},"class_list":["post-106794","page","type-page","status-publish","hentry"],"_links":{"self":[{"href":"https:\/\/www.atlasrleye.com\/fr\/wp-json\/wp\/v2\/pages\/106794","targetHints":{"allow":["GET"]}}],"collection":[{"href":"https:\/\/www.atlasrleye.com\/fr\/wp-json\/wp\/v2\/pages"}],"about":[{"href":"https:\/\/www.atlasrleye.com\/fr\/wp-json\/wp\/v2\/types\/page"}],"author":[{"embeddable":true,"href":"https:\/\/www.atlasrleye.com\/fr\/wp-json\/wp\/v2\/users\/3"}],"replies":[{"embeddable":true,"href":"https:\/\/www.atlasrleye.com\/fr\/wp-json\/wp\/v2\/comments?post=106794"}],"version-history":[{"count":10,"href":"https:\/\/www.atlasrleye.com\/fr\/wp-json\/wp\/v2\/pages\/106794\/revisions"}],"predecessor-version":[{"id":106858,"href":"https:\/\/www.atlasrleye.com\/fr\/wp-json\/wp\/v2\/pages\/106794\/revisions\/106858"}],"wp:attachment":[{"href":"https:\/\/www.atlasrleye.com\/fr\/wp-json\/wp\/v2\/media?parent=106794"}],"curies":[{"name":"wp","href":"https:\/\/api.w.org\/{rel}","templated":true}]}}