{"id":106638,"date":"2024-04-04T16:28:44","date_gmt":"2024-04-04T16:28:44","guid":{"rendered":"https:\/\/www.atlasrleye.com\/?page_id=106638"},"modified":"2026-02-28T20:37:29","modified_gmt":"2026-02-28T20:37:29","slug":"innovation","status":"publish","type":"page","link":"https:\/\/www.atlasrleye.com\/fr\/innovation\/","title":{"rendered":"Innovation"},"content":{"rendered":"<div class=\"wpb-content-wrapper\"><p>[vc_row gap=\u00a0\u00bb20&Prime; equal_height=\u00a0\u00bbyes\u00a0\u00bb][vc_column width=\u00a0\u00bb1\/3&Prime; css=\u00a0\u00bb.vc_custom_1772214758078{background-color: #f9f9f9 !important;}\u00a0\u00bb offset=\u00a0\u00bbvc_col-lg-4 vc_col-md-4&Prime;][vc_column_text css=\u00a0\u00bb.vc_custom_1772310736984{background-color: #f9f9f9 !important;}\u00a0\u00bb]<\/p>\n<div class=\"w-100 middle-subtext text-justify hidden-text\">\n<h5 style=\"text-align: center;\"><a href=\"https:\/\/www.atlasrleye.com\/fr\/dans-la-retinopathie-du-premature\/\">DANS LA R\u00c9TINOPATHIE DU PR\u00c9MATUR\u00c9<\/a><\/h5>\n<p>&nbsp;<\/p>\n<\/div>\n<p>[\/vc_column_text][vc_column_text css=\u00a0\u00bb\u00a0\u00bb]<a href=\"https:\/\/www.atlasrleye.com\/fr\/dans-la-retinopathie-du-premature\/\"><img loading=\"lazy\" decoding=\"async\" class=\"wp-image-106667 size-medium aligncenter\" src=\"https:\/\/www.atlasrleye.com\/wp-content\/uploads\/2025\/09\/Dr.-Antonio-Travassos-2-582x446-1.jpg\" alt=\"\" width=\"301\" height=\"298\"><\/a>[\/vc_column_text][\/vc_column][vc_column width=\u00a0\u00bb1\/3&Prime; css=\u00a0\u00bb.vc_custom_1772214628545{background-color: #f9f9f9 !important;}\u00a0\u00bb offset=\u00a0\u00bbvc_col-lg-4 vc_col-md-4&Prime;][vc_column_text css=\u00a0\u00bb.vc_custom_1713825634589{background-color: #f9f9f9 !important;}\u00a0\u00bb]<\/p>\n<div class=\"w-100 middle-subtext text-justify hidden-text\">\n<h5 style=\"text-align: center;\"><a href=\"https:\/\/www.atlasrleye.com\/fr\/altice-labs-centro-cirurgico-de-coimbra\/\">ALTICE LABS<\/a><\/h5>\n<h5 style=\"text-align: center;\"><a href=\"https:\/\/www.atlasrleye.com\/fr\/altice-labs-centro-cirurgico-de-coimbra\/\">CENTRO CIR\u00daRGICO DE COIMBRA<\/a><\/h5>\n<\/div>\n<p>[\/vc_column_text][vc_column_text css=\u00a0\u00bb.vc_custom_1713797470034{background-color: #f9f9f9 !important;}\u00a0\u00bb]<a href=\"https:\/\/www.atlasrleye.com\/wp-content\/uploads\/2024\/03\/WP_Glaucoma-Automatic-Diagnosis-1.pdf\" target=\"_blank\" rel=\"noopener\"><img loading=\"lazy\" decoding=\"async\" class=\"wp-image-102781 size-medium aligncenter\" src=\"https:\/\/www.atlasrleye.com\/wp-content\/uploads\/2024\/03\/WP_Glaucoma-Automatic-Diagnosis-249x300.jpg\" alt=\"\" width=\"249\" height=\"300\"><\/a>[\/vc_column_text][\/vc_column][vc_column width=\u00a0\u00bb1\/3&Prime; css=\u00a0\u00bb.vc_custom_1772214602158{background-color: #f9f9f9 !important;}\u00a0\u00bb offset=\u00a0\u00bbvc_col-lg-4 vc_col-md-4&Prime;][vc_column_text css=\u00a0\u00bb.vc_custom_1772214563737{background-color: #f9f9f9 !important;}\u00a0\u00bb]<\/p>\n<div class=\"w-100 middle-subtext text-justify hidden-text\">\n<h5 style=\"text-align: center;\"><a href=\"https:\/\/www.atlasrleye.com\/fr\/cd-interactif-macular-surgery\/\">CD INTERACTIF<\/a><\/h5>\n<h5 style=\"text-align: center;\"><a href=\"https:\/\/www.atlasrleye.com\/fr\/cd-interactif-macular-surgery\/\">\u00ab\u00a0MACULAR SURGERY\u00a0\u00bb<\/a><\/h5>\n<\/div>\n<p>[\/vc_column_text][vc_column_text]<a href=\"https:\/\/www.atlasrleye.com\/fr\/cd-interactif-macular-surgery\/\"><img loading=\"lazy\" decoding=\"async\" class=\"wp-image-106667 size-medium aligncenter\" src=\"https:\/\/www.atlasrleye.com\/wp-content\/uploads\/2024\/04\/CAPA-CD-MS-300x298.jpg\" alt=\"\" width=\"300\" height=\"298\"><\/a>[\/vc_column_text][\/vc_column][\/vc_row][vc_row gap=\u00a0\u00bb20&Prime;][vc_column width=\u00a0\u00bb1\/3&Prime;][vc_column_text css=\u00a0\u00bb.vc_custom_1772286231655{background-color: #f9f9f9 !important;}\u00a0\u00bb]<\/p>\n<div class=\"w-100 middle-subtext text-justify hidden-text\">\n<h5 style=\"text-align: center;\"><a href=\"https:\/\/www.atlasrleye.com\/fr\/fosse-du-disque-optique-une-approche-therapeutique-et-chirurgicale-innovante-au-centro-cirurgico-de-coimbra\/\">FOSSE DU DISQUE OPTIQUE: <\/a><\/h5>\n<h5 style=\"text-align: center;\"><a href=\"https:\/\/www.atlasrleye.com\/fr\/fosse-du-disque-optique-une-approche-therapeutique-et-chirurgicale-innovante-au-centro-cirurgico-de-coimbra\/\">UNE APPROCHE TH\u00c9RAPEUTIQUE ET CHIRURGICALE INNOVANTE<\/a><\/h5>\n<\/div>\n<p>[\/vc_column_text][vc_column_text css=\u00a0\u00bb.vc_custom_1772219933683{background-color: #f9f9f9 !important;}\u00a0\u00bb]<br \/>\n<a href=\"https:\/\/www.atlasrleye.com\/fr\/fosse-du-disque-optique-une-approche-therapeutique-et-chirurgicale-innovante-au-centro-cirurgico-de-coimbra\/\"><img loading=\"lazy\" decoding=\"async\" class=\"wp-image-106667 size-medium aligncenter\" src=\"https:\/\/www.atlasrleye.com\/wp-content\/uploads\/2024\/04\/Fossetas-Congenitas-do-Disco-Optico-Caso-Clinico-5-300x167.jpg\" alt=\"\" width=\"300\" height=\"167\"><\/a>[\/vc_column_text][\/vc_column][vc_column width=\u00a0\u00bb1\/3&Prime; css=\u00a0\u00bb.vc_custom_1713202946300{background-color: #f9f9f9 !important;}\u00a0\u00bb][vc_column_text css=\u00a0\u00bb.vc_custom_1726157295565{background-color: #f9f9f9 !important;}\u00a0\u00bb]<\/p>\n<div class=\"w-100 middle-subtext text-justify hidden-text\">\n<h5 style=\"text-align: center;\"><a href=\"https:\/\/www.atlasrleye.com\/fr\/?page_id=111832\">EXPOSITION<\/a><\/h5>\n<h5 style=\"text-align: center;\"><a href=\"https:\/\/www.atlasrleye.com\/fr\/?page_id=111832\">\u00ab\u00a0VISIONS &#8211; L&rsquo;INT\u00c9RIEUR DE L&rsquo;OEIL HUMAIN\u00a0\u00bb<\/a><\/h5>\n<\/div>\n<p>[\/vc_column_text][vc_column_text css=\u00a0\u00bb\u00a0\u00bb]<img loading=\"lazy\" decoding=\"async\" class=\"wp-image-111876 size-medium aligncenter\" src=\"https:\/\/www.atlasrleye.com\/wp-content\/uploads\/2024\/09\/Vila-Nova-de-Foz-Coa-Centro-Cultural-2019-Portugal-300x201.jpg\" alt=\"\" width=\"300\" height=\"201\">[\/vc_column_text][\/vc_column][vc_column width=\u00a0\u00bb1\/3&Prime;][\/vc_column][\/vc_row]<\/p>\n<\/div>","protected":false},"excerpt":{"rendered":"<p>[vc_row gap=\u00a0\u00bb20&Prime; equal_height=\u00a0\u00bbyes\u00a0\u00bb][vc_column width=\u00a0\u00bb1\/3&Prime; css=\u00a0\u00bb.vc_custom_1772214758078{background-color: #f9f9f9 !important;}\u00a0\u00bb offset=\u00a0\u00bbvc_col-lg-4 vc_col-md-4&Prime;][vc_column_text css=\u00a0\u00bb.vc_custom_1772310736984{background-color: #f9f9f9 !important;}\u00a0\u00bb] DANS LA R\u00c9TINOPATHIE DU PR\u00c9MATUR\u00c9 &nbsp; [\/vc_column_text][vc_column_text css=\u00a0\u00bb\u00a0\u00bb][\/vc_column_text][\/vc_column][vc_column width=\u00a0\u00bb1\/3&Prime; css=\u00a0\u00bb.vc_custom_1772214628545{background-color: #f9f9f9 !important;}\u00a0\u00bb offset=\u00a0\u00bbvc_col-lg-4 vc_col-md-4&Prime;][vc_column_text css=\u00a0\u00bb.vc_custom_1713825634589{background-color: #f9f9f9 !important;}\u00a0\u00bb] ALTICE LABS CENTRO CIR\u00daRGICO DE COIMBRA [\/vc_column_text][vc_column_text css=\u00a0\u00bb.vc_custom_1713797470034{background-color: #f9f9f9 !important;}\u00a0\u00bb][\/vc_column_text][\/vc_column][vc_column width=\u00a0\u00bb1\/3&Prime; [&hellip;]<\/p>\n","protected":false},"author":3,"featured_media":0,"parent":0,"menu_order":0,"comment_status":"closed","ping_status":"closed","template":"","meta":{"_monsterinsights_skip_tracking":false,"_monsterinsights_sitenote_active":false,"_monsterinsights_sitenote_note":"","_monsterinsights_sitenote_category":0,"footnotes":""},"class_list":["post-106638","page","type-page","status-publish","hentry"],"_links":{"self":[{"href":"https:\/\/www.atlasrleye.com\/fr\/wp-json\/wp\/v2\/pages\/106638","targetHints":{"allow":["GET"]}}],"collection":[{"href":"https:\/\/www.atlasrleye.com\/fr\/wp-json\/wp\/v2\/pages"}],"about":[{"href":"https:\/\/www.atlasrleye.com\/fr\/wp-json\/wp\/v2\/types\/page"}],"author":[{"embeddable":true,"href":"https:\/\/www.atlasrleye.com\/fr\/wp-json\/wp\/v2\/users\/3"}],"replies":[{"embeddable":true,"href":"https:\/\/www.atlasrleye.com\/fr\/wp-json\/wp\/v2\/comments?post=106638"}],"version-history":[{"count":24,"href":"https:\/\/www.atlasrleye.com\/fr\/wp-json\/wp\/v2\/pages\/106638\/revisions"}],"predecessor-version":[{"id":121826,"href":"https:\/\/www.atlasrleye.com\/fr\/wp-json\/wp\/v2\/pages\/106638\/revisions\/121826"}],"wp:attachment":[{"href":"https:\/\/www.atlasrleye.com\/fr\/wp-json\/wp\/v2\/media?parent=106638"}],"curies":[{"name":"wp","href":"https:\/\/api.w.org\/{rel}","templated":true}]}}