{"id":81448,"date":"2021-12-17T17:20:56","date_gmt":"2021-12-17T17:20:56","guid":{"rendered":"https:\/\/www.atlasrleye.com\/videos\/"},"modified":"2025-09-19T12:03:36","modified_gmt":"2025-09-19T12:03:36","slug":"videos","status":"publish","type":"page","link":"https:\/\/www.atlasrleye.com\/es\/videos\/","title":{"rendered":"V\u00eddeos"},"content":{"rendered":"<div class=\"wpb-content-wrapper\"><p>[vc_row][vc_column width=\u00bb1\/3&#8243;]<div class=\"ult-spacer spacer-6a039472434c1\" data-id=\"6a039472434c1\" data-height=\"50\" data-height-mobile=\"50\" data-height-tab=\"50\" data-height-tab-portrait=\"\" data-height-mobile-landscape=\"\" style=\"clear:both;display:block;\"><\/div>[vc_column_text css=\u00bb\u00bb]<img loading=\"lazy\" decoding=\"async\" class=\"alignnone size-medium wp-image-114101\" src=\"https:\/\/www.atlasrleye.com\/wp-content\/uploads\/2024\/11\/2-1024x683-Copia-300x200.jpg\" alt=\"\" width=\"400\" height=\"300\">[\/vc_column_text][\/vc_column][vc_column width=\u00bb2\/3&#8243;][vc_tta_accordion style=\u00bbmodern\u00bb shape=\u00bbsquare\u00bb gap=\u00bb3&#8243; c_icon=\u00bbchevron\u00bb active_section=\u00bb90&#8243; collapsible_all=\u00bbtrue\u00bb title=\u00bbV\u00eddeos\u00bb][vc_tta_section title=\u00bb1 &#8211; ENFERMEDADES MACULARES\u00bb tab_id=\u00bb1636632711938-40a9cd41-6444&#8243;][vc_column_text css=\u00bb.vc_custom_1758282145546{padding-left: 25px !important;}\u00bb]<a class=\"small-bold-text\" href=\"https:\/\/www.atlasrleye.com\/es\/membranas-epirretinianas\/membranas-epirretinianas-videos\/\"> <span class=\"mr-1 text-gray\">1.1 &#8211; Membranas Epirretinianas<\/span><\/a><br \/><a class=\"small-bold-text\" href=\"https:\/\/www.atlasrleye.com\/es\/membranas-epirretinianas-en-ninos\/membranas-epirretinianas-en-ninos-videos\/\"> <span class=\"mr-1 text-gray\">1.2 &#8211; Membranas Epirretinianas en Ni\u00f1os<\/span><\/a><br \/><a class=\"small-bold-text\" href=\"https:\/\/www.atlasrleye.com\/es\/agujero-macular-idiopatico\/agujero-macular-idiopatico-videos\/\"> <span class=\"mr-1 text-gray\">1.3 &#8211; Agujero Macular Idiop\u00e1tico<\/span><\/a><br \/><a class=\"small-bold-text\" href=\"https:\/\/www.atlasrleye.com\/es\/sindrome-de-traccion-vitreorretiniana\/sindrome-de-traccion-vitreorretiniana-videos\/\"> <span class=\"mr-1 text-gray\">1.4 &#8211; S\u00edndrome de Tracci\u00f3n V\u00edtreorretiniana<\/span><\/a>[\/vc_column_text][\/vc_tta_section][vc_tta_section title=\u00bb2 &#8211; DEGENERACI\u00d3N MACULAR SENIL\u00bb tab_id=\u00bb1635506431773-0d8d0743-1f0b\u00bb][vc_column_text css=\u00bb.vc_custom_1757343061466{padding-left: 25px !important;}\u00bb]<a class=\"small-bold-text\" href=\"https:\/\/www.atlasrleye.com\/es\/dms-exudativa\/videos-dmi\/\"> <span class=\"mr-1 text-gray\">2.2 &#8211; DMS Exudativa<\/span><br \/><\/a>[\/vc_column_text][\/vc_tta_section][vc_tta_section title=\u00bb3 &#8211; RETINOPATIA DIAB\u00c9TICA\u00bb tab_id=\u00bb1645628560757-9425740a-d7ca\u00bb][vc_column_text css=\u00bb.vc_custom_1757343094617{padding-left: 25px !important;}\u00bb]<a class=\"small-bold-text\" href=\"https:\/\/www.atlasrleye.com\/es\/retinopatia-diabetica-proliferativa-tipo-1\/retinopatia-diabetica-proliferativa-tipo-1-videos\/\"> <span class=\"mr-1 text-gray\">3.2 &#8211; Retinopatia Diab\u00e9tica Proliferativa Tipo I<\/span><\/a><br \/><a class=\"small-bold-text\" href=\"https:\/\/www.atlasrleye.com\/es\/retinopatia-diabetica-proliferativa-tipo-2\/retinopatia-diabetica-proliferativa-tipo-2-videos\/\"> <span class=\"mr-1 text-gray\">3.3 &#8211; Retinopatia Diab\u00e9tica Proliferativa Tipo II<\/span><\/a>[\/vc_column_text][\/vc_tta_section][vc_tta_section title=\u00bb4 &#8211; ENFERMEDADES VASCULARES DE LA RETINA\u00bb tab_id=\u00bb1636632711328-9e751f35-9f1e\u00bb][vc_column_text css=\u00bb.vc_custom_1757343140284{padding-left: 25px !important;}\u00bb]<a class=\"small-bold-text\" href=\"https:\/\/www.atlasrleye.com\/es\/oclusion-de-rama-venosa-de-la-retina-2\/oclusion-de-rama-arterial-de-la-retina-videos\/\"> <span class=\"mr-1 text-gray\">4.4 &#8211; Oclusi\u00f3n de Rama de la Art\u00e9ria Central de la Retina<\/span><\/a><br \/><a class=\"small-bold-text\" href=\"https:\/\/www.atlasrleye.com\/es\/oclusion-de-la-vena-central-de-la-retina\/oclusion-de-la-vena-central-de-la-retina-videos\/\"> <span class=\"mr-1 text-gray\">4.7 &#8211; Oclusi\u00f3n de la Vena Central da Retina<\/span><\/a><br \/><a class=\"small-bold-text\" href=\"https:\/\/www.atlasrleye.com\/es\/macroaneurismas-arteriales-de-la-retina\/macroaneurismas-arteriales-de-la-retina-videos\/\"> <span class=\"mr-1 text-gray\">4.9 &#8211; Macroaneurismas Arteriais de la Retina<\/span><\/a>[\/vc_column_text][\/vc_tta_section][vc_tta_section title=\u00bb5 &#8211; ENFERMEDADES INFLAMAT\u00d3RIAS CORIORRETINIANAS \u2013 CAUSAS INFECCIOSAS\u00bb tab_id=\u00bb1636632631784-8a806fcb-acbc\u00bb][\/vc_tta_section][vc_tta_section title=\u00bb6 &#8211; ENFERMEDADES INFLAMAT\u00d3RIAS CORIORRETINIANAS \u2013 CAUSAS N0 INFECCIOSAS\u00bb tab_id=\u00bb1645628058817-7c0d8aed-6ea0&#8243;][vc_column_text css=\u00bb.vc_custom_1757343176780{padding-left: 25px !important;}\u00bb]<a class=\"small-bold-text\" href=\"https:\/\/www.atlasrleye.com\/es\/uveitis\/uveitis-videos\/\"> <span class=\"mr-1 text-gray\">6.5 &#8211; Uveitis<\/span><\/a>[\/vc_column_text][\/vc_tta_section][vc_tta_section title=\u00bb7 &#8211; S\u00cdNDROMES y DISTROFIAS RETINIANAS\u00bb tab_id=\u00bb1645628630075-dd600fec-60d7&#8243;][vc_column_text][\/vc_column_text][\/vc_tta_section][vc_tta_section title=\u00bb8 &#8211; ENFERMEDADES CONG\u00c9NITAS Y PEDI\u00c1TRICAS DE LA RETINA\u00bb tab_id=\u00bb1635506431806-afc59564-1028&#8243;][vc_column_text css=\u00bb.vc_custom_1757343201313{padding-left: 25px !important;}\u00bb]<a class=\"small-bold-text\" href=\"https:\/\/www.atlasrleye.com\/es\/persistencia-de-la-vascularizacion-fetal\/persistencia-de-la-vascularizacion-fetal-videos\/\"> <span class=\"mr-1 text-gray\">8.5 &#8211; Persistencia de la Vascularizaci\u00f3n Fetal<\/span> <\/a>[\/vc_column_text][\/vc_tta_section][vc_tta_section title=\u00bb9 &#8211; TUMORES DE RETINA Y COROIDES\u00bb tab_id=\u00bb1636632883096-c2c9ed67-9b78&#8243;][vc_column_text css=\u00bb.vc_custom_1757343224844{padding-left: 25px !important;}\u00bb]<a class=\"small-bold-text\" href=\"https:\/\/www.atlasrleye.com\/es\/melanoma-de-la-uvea\/melanoma-de-la-uvea-videos\/\"> <span class=\"mr-1 text-gray\">9.3 &#8211; Melanoma de la Uvea<\/span> <\/a>[\/vc_column_text][\/vc_tta_section][vc_tta_section title=\u00bb10 &#8211; RETINOPAT\u00cdAS TRAUM\u00c1TICAS E T\u00d3XICAS\u00bb tab_id=\u00bb1636632808103-ebb9ab69-b1fc\u00bb][vc_column_text css=\u00bb.vc_custom_1757343265704{padding-left: 25px !important;}\u00bb]<a class=\"small-bold-text\" href=\"https:\/\/www.atlasrleye.com\/es\/cuerpos-estranos-intraoculares\/cuerpos-estranos-intraoculares-videos\/\"> <span class=\"mr-1 text-gray\">10.6 &#8211; Cuerpos Estra\u00f1os Intraoculares<\/span><\/a><br \/><a class=\"small-bold-text\" href=\"https:\/\/www.atlasrleye.com\/es\/desprendimiento-de-retina\/desprendimiento-de-retina-videos\/\"> <span class=\"mr-1 text-gray\">10.7 &#8211; Desprendimiento de Retina<\/span><\/a><br \/><a class=\"small-bold-text\" href=\"https:\/\/www.atlasrleye.com\/es\/sindrome-de-terson\/sindrome-de-terson-videos\/\"> <span class=\"mr-1 text-gray\">10.8 &#8211; S\u00edndrome de Terson<\/span><\/a>[\/vc_column_text][\/vc_tta_section][vc_tta_section title=\u00bb11 &#8211; ENFERMEDADES DE LA RETINA PERIF\u00c9RICA\u00bb tab_id=\u00bb1757342595079-fe59d78f-4180&#8243;][\/vc_tta_section][vc_tta_section title=\u00bb12 &#8211; ENFERMEDADES DEL NERVIO \u00d3PTICO\u00bb tab_id=\u00bb1635513667903-88e5ccf5-18e6&#8243;][vc_column_text css=\u00bb.vc_custom_1757343286704{padding-left: 25px !important;}\u00bb]<a class=\"small-bold-text\" href=\"https:\/\/www.atlasrleye.com\/es\/fosetas-congenitas-del-disco-optico\/fosetas-congenitas-del-disco-optico-videos\/\"> <span class=\"mr-1 text-gray\">12.1 &#8211; Fosetas Cong\u00e9nitas del Disco \u00d3ptico<\/span><\/a>[\/vc_column_text][\/vc_tta_section][vc_tta_section title=\u00bb13 &#8211; ENFERMEDADES DEL V\u00cdTREO\u00bb tab_id=\u00bb1636632249290-b772874d-0933&#8243;][vc_column_text css=\u00bb.vc_custom_1757343307763{padding-left: 25px !important;}\u00bb]<a class=\"small-bold-text\" href=\"https:\/\/www.atlasrleye.com\/es\/hialosis-asteroide\/hialosis-asteroide-videos\/\"> <span class=\"mr-1 text-gray\">13.1 &#8211; Hialosis Asteroide<\/span><\/a>[\/vc_column_text][\/vc_tta_section][vc_tta_section title=\u00bb14 &#8211; OTROS CASOS CL\u00cdNICOS\u00bb tab_id=\u00bb1636632808670-a28fb046-8c67&#8243;][vc_column_text][\/vc_column_text][\/vc_tta_section][\/vc_tta_accordion][\/vc_column][\/vc_row]<\/p>\n<\/div>","protected":false},"excerpt":{"rendered":"<p>[vc_row][vc_column width=\u00bb1\/3&#8243;][vc_column_text css=\u00bb\u00bb][\/vc_column_text][\/vc_column][vc_column width=\u00bb2\/3&#8243;][vc_tta_accordion style=\u00bbmodern\u00bb shape=\u00bbsquare\u00bb gap=\u00bb3&#8243; c_icon=\u00bbchevron\u00bb active_section=\u00bb90&#8243; collapsible_all=\u00bbtrue\u00bb title=\u00bbV\u00eddeos\u00bb][vc_tta_section title=\u00bb1 &#8211; ENFERMEDADES MACULARES\u00bb tab_id=\u00bb1636632711938-40a9cd41-6444&#8243;][vc_column_text css=\u00bb.vc_custom_1758282145546{padding-left: 25px !important;}\u00bb] 1.1 &#8211; Membranas Epirretinianas 1.2 &#8211; Membranas Epirretinianas en Ni\u00f1os 1.3 &#8211; Agujero Macular Idiop\u00e1tico 1.4 &#8211; S\u00edndrome de Tracci\u00f3n V\u00edtreorretiniana[\/vc_column_text][\/vc_tta_section][vc_tta_section [&hellip;]<\/p>\n","protected":false},"author":1,"featured_media":0,"parent":0,"menu_order":0,"comment_status":"closed","ping_status":"closed","template":"","meta":{"_monsterinsights_skip_tracking":false,"_monsterinsights_sitenote_active":false,"_monsterinsights_sitenote_note":"","_monsterinsights_sitenote_category":0,"footnotes":""},"class_list":["post-81448","page","type-page","status-publish","hentry"],"_links":{"self":[{"href":"https:\/\/www.atlasrleye.com\/es\/wp-json\/wp\/v2\/pages\/81448","targetHints":{"allow":["GET"]}}],"collection":[{"href":"https:\/\/www.atlasrleye.com\/es\/wp-json\/wp\/v2\/pages"}],"about":[{"href":"https:\/\/www.atlasrleye.com\/es\/wp-json\/wp\/v2\/types\/page"}],"author":[{"embeddable":true,"href":"https:\/\/www.atlasrleye.com\/es\/wp-json\/wp\/v2\/users\/1"}],"replies":[{"embeddable":true,"href":"https:\/\/www.atlasrleye.com\/es\/wp-json\/wp\/v2\/comments?post=81448"}],"version-history":[{"count":12,"href":"https:\/\/www.atlasrleye.com\/es\/wp-json\/wp\/v2\/pages\/81448\/revisions"}],"predecessor-version":[{"id":119285,"href":"https:\/\/www.atlasrleye.com\/es\/wp-json\/wp\/v2\/pages\/81448\/revisions\/119285"}],"wp:attachment":[{"href":"https:\/\/www.atlasrleye.com\/es\/wp-json\/wp\/v2\/media?parent=81448"}],"curies":[{"name":"wp","href":"https:\/\/api.w.org\/{rel}","templated":true}]}}