{"id":81430,"date":"2021-01-06T16:55:58","date_gmt":"2021-01-06T16:55:58","guid":{"rendered":"https:\/\/www.atlasrleye.com\/inicio\/"},"modified":"2026-03-30T12:07:25","modified_gmt":"2026-03-30T12:07:25","slug":"inicio","status":"publish","type":"page","link":"https:\/\/www.atlasrleye.com\/es\/","title":{"rendered":"Inicio"},"content":{"rendered":"<div class=\"wpb-content-wrapper\"><p>[vc_row css=\u00bb.vc_custom_1731028165986{margin-left: 10px !important;}\u00bb][vc_column width=\u00bb3\/5&#8243;]<div class=\"ult-spacer spacer-69d5585fec901\" data-id=\"69d5585fec901\" data-height=\"0\" data-height-mobile=\"0\" data-height-tab=\"0\" data-height-tab-portrait=\"\" data-height-mobile-landscape=\"\" style=\"clear:both;display:block;\"><\/div>[vc_column_text css=\u00bb\u00bb]<\/p>\n<h2><span style=\"color: #b71d71;\">Atlas RL-eye<\/span><\/h2>\n<p>&nbsp;<\/p>\n<h3>Bienvenidos!<\/h3>\n<p>&nbsp;<\/p>\n<p style=\"text-align: justify; font-size: 17px;\">El Atlas RL-eye es una base de datos de Oftalmolog\u00eda en l\u00ednea, de acceso gratuito, editada por especialistas del Centro Quir\u00fargico de Coimbra.<br \/>\nCada caso cl\u00ednico se presenta con todos los Ex\u00e1menes Diagn\u00f3sticos Complementarios, realizados con la tecnolog\u00eda m\u00e1s avanzada (Zeiss, Heidelberg, Sony y Optos). Cada imagen es importante y fundamental para la evaluaci\u00f3n, comprensi\u00f3n y seguimiento de cada paciente.<br \/>\nAdem\u00e1s del diagn\u00f3stico, se muestra el tratamiento, la cirug\u00eda (cuando es necesaria), la evoluci\u00f3n y la recuperaci\u00f3n. Se convierte, por tanto, en un atlas \u00fanico y poderoso, en la ense\u00f1anza y el aprendizaje, tanto para el paciente, \u00e1vido de informaci\u00f3n fiable, como para los estudiantes, profesionales de la salud y en especial para cualquier oftalm\u00f3logo.<br \/>\nEs un atlas que se va desarrollando y actualizando constantemente.<\/p>\n<p>[\/vc_column_text][\/vc_column][vc_column css_animation=\u00bbnone\u00bb width=\u00bb2\/5&#8243;]<div class=\"ult-spacer spacer-69d5585fec97a\" data-id=\"69d5585fec97a\" data-height=\"0\" data-height-mobile=\"0\" data-height-tab=\"0\" data-height-tab-portrait=\"\" data-height-mobile-landscape=\"\" style=\"clear:both;display:block;\"><\/div>[vc_column_text css=\u00bb.vc_custom_1734487362076{margin-bottom: 0px !important;}\u00bb]<\/p>\n<h2 style=\"text-align: center;\"><span style=\"color: #b71d71;\">Publicaciones Recientes<br \/>\n<\/span><\/h2>\n<p>[\/vc_column_text][vc_posts_slider count=\u00bball\u00bb interval=\u00bb5&#8243; slides_content=\u00bbteaser\u00bb slides_title=\u00bb1&#8243; link=\u00bbcustom_link\u00bb custom_links=\u00bb#E-8_aHR0cHMlM0ElMkYlMkZ3d3cuYXRsYXNybGV5ZS5jb20lMkZhdGxhcyUyRiUyMzE3NTA1MzA1MTA1MDMtMjkxMDczMGYtMGE2YiUyQ2h0dHBzJTNBJTJGJTJGd3d3LmF0bGFzcmxleWUuY29tJTJGYXRsYXMlMkYlMjMxNzUwNTMwNTEwNTAzLTI5MTA3MzBmLTBhNmIlMkNodHRwcyUzQSUyRiUyRnd3dy5hdGxhc3JsZXllLmNvbSUyRmRvZW5jYXMtdmFzY3VsYXJlcy1kYS1yZXRpbmElMkZvY2x1c2FvLWRhLXZlaWEtY2VudHJhbC1kYS1yZXRpbmElMkZjYXNvLWNsaW5pY28tOSUyRiUyQ2h0dHBzJTNBJTJGJTJGd3d3LmF0bGFzcmxleWUuY29tJTJGc2luZHJvbWFzLWUtZGlzdHJvZmlhcy1yZXRpbmlhbmFzJTJGYXRyb2ZpYS1jb3Jpb3JyZXRpbmlhbmEtcGlnbWVudGFkYS1wYXJhdmVub3NhJTJGY2Fzby1jbGluaWNvLTElMkYlMkNodHRwcyUzQSUyRiUyRnd3dy5hdGxhc3JsZXllLmNvbSUyRnNpbmRyb21hcy1lLWRpc3Ryb2ZpYXMtcmV0aW5pYW5hcyUyRmF0cm9maWEtZ2lyYXRhJTJGY2Fzby1jbGluaWNvLTIlMkYlMkNodHRwcyUzQSUyRiUyRnd3dy5hdGxhc3JsZXllLmNvbSUyRmRvZW5jYXMtbWFjdWxhcmVzJTJGZm92ZW9zY2hpc2lzLW1pb3BpY2ElMkZjYXNvLWNsaW5pY28tNyUyRiUyQ2h0dHBzJTNBJTJGJTJGd3d3LmF0bGFzcmxleWUuY29tJTJGcmV0aW5vcGF0aWFzLXRyYXVtYXRpY2FzLWUtdG94aWNhcyUyRmNvcnBvcy1lc3RyYW5ob3MtaW50cmFvY3VsYXJlcyUyRmNhc28tY2xpbmljby0zJTJGJTJDaHR0cHMlM0ElMkYlMkZ3d3cuYXRsYXNybGV5ZS5jb20lMkZyZXRpbm9wYXRpYXMtdHJhdW1hdGljYXMtZS10b3hpY2FzJTJGcnVwdHVyYS1kYXMtZmlicmFzLXpvbnVsYXJlcyUyRmNhc28tY2xpbmljby0xJTJGJTJDaHR0cHMlM0ElMkYlMkZ3d3cuYXRsYXNybGV5ZS5jb20lMkZkb2VuY2FzLXZhc2N1bGFyZXMtZGEtcmV0aW5hJTJGYW5lbWlhLWRlLWNlbHVsYXMtZmFsY2lmb3JtZXMlMkZjYXNvLWNsaW5pY28tMSUyRiUyQ2h0dHBzJTNBJTJGJTJGd3d3LmF0bGFzcmxleWUuY29tJTJGcmV0aW5vcGF0aWEtZGlhYmV0aWNhJTJGcmV0aW5vcGF0aWEtZGlhYmV0aWNhLXByb2xpZmVyYXRpdmEtdGlwby1pJTJGY2Fzby1jbGluaWNvLTEyJTJGJTJDaHR0cHMlM0ElMkYlMkZ3d3cuYXRsYXNybGV5ZS5jb20lMkZyZXRpbm9wYXRpYS1kaWFiZXRpY2ElMkZyZXRpbm9wYXRpYS1kaWFiZXRpY2EtcHJvbGlmZXJhdGl2YS10aXBvLWlpJTJGY2Fzby1jbGluaWNvLTYlMkYlMkNodHRwcyUzQSUyRiUyRnd3dy5hdGxhc3JsZXllLmNvbSUyRnJldGlub3BhdGlhLWRpYWJldGljYSUyRnJldGlub3BhdGlhLWRpYWJldGljYS1wcm9saWZlcmF0aXZhLXRpcG8taSUyRmNhc28tY2xpbmljby0xMSUyRiUyQ2h0dHBzJTNBJTJGJTJGd3d3LmF0bGFzcmxleWUuY29tJTJGcmV0aW5vcGF0aWFzLXRyYXVtYXRpY2FzLWUtdG94aWNhcyUyRmRlc2NvbGFtZW50by1kYS1yZXRpbmElMkZjYXNvLWNsaW5pY28tNSUyRiUyQ2h0dHBzJTNBJTJGJTJGd3d3LmF0bGFzcmxleWUuY29tJTJGZG9lbmNhcy1tYWN1bGFyZXMlMkZzaW5kcm9tYS1kZS10cmFjY2FvLXZpdHJlb21hY3VsYXIlMkZjYXNvLWNsaW5pY28tOSUyRiUyQ2h0dHBzJTNBJTJGJTJGd3d3LmF0bGFzcmxleWUuY29tJTJGZG9lbmNhcy1kYS1yZXRpbmEtcGVyaWZlcmljYSUyRmRlc2NvbGFtZW50by1yZWdtYXRvZ2VuaW8tZGEtcmV0aW5hJTJGY2Fzby1jbGluaWNvLTE4JTJGJTJDaHR0cHMlM0ElMkYlMkZ3d3cuYXRsYXNybGV5ZS5jb20lMkZkb2VuY2FzLWRhLXJldGluYS1wZXJpZmVyaWNhJTJGZGVzY29sYW1lbnRvLXJlZ21hdG9nZW5pby1kYS1yZXRpbmElMkZjYXNvLWNsaW5pY28tMTclMkYlMkNodHRwcyUzQSUyRiUyRnd3dy5hdGxhc3JsZXllLmNvbSUyRmRvZW5jYXMtbWFjdWxhcmVzJTJGZm92ZW9zY2hpc2lzLW1pb3BpY2ElMkZjYXNvLWNsaW5pY28tNCUyRiUyQ2h0dHBzJTNBJTJGJTJGd3d3LmF0bGFzcmxleWUuY29tJTJGZG9lbmNhcy1tYWN1bGFyZXMlMkZtaW9waWEtZGVnZW5lcmF0aXZhJTJGY2Fzby1jbGluaWNvLTklMkYlMkNodHRwcyUzQSUyRiUyRnd3dy5hdGxhc3JsZXllLmNvbSUyRmRvZW5jYXMtdmFzY3VsYXJlcy1kYS1yZXRpbmElMkZvY2x1c2FvLWRhLXZlaWEtY2VudHJhbC1kYS1yZXRpbmElMkZjYXNvLWNsaW5pY28tOCUyRiUyQ2h0dHBzJTNBJTJGJTJGd3d3LmF0bGFzcmxleWUuY29tJTJGZG9lbmNhcy1kby1uZXJ2by1vcHRpY28lMkZmb3NzZXRhcy1jb25nZW5pdGFzLWRvLWRpc2NvLW9wdGljbyUyRmNhc28tY2xpbmljby01JTJGJTJDaHR0cHMlM0ElMkYlMkZ3d3cuYXRsYXNybGV5ZS5jb20lMkZkb2VuY2FzLW1hY3VsYXJlcyUyRm1lbWJyYW5hcy1lcGlycmV0aW5pYW5hcyUyRmNhc28tY2xpbmljby0xNCUyRiUyQ2h0dHBzJTNBJTJGJTJGd3d3LmF0bGFzcmxleWUuY29tJTJGZG9lbmNhcy1tYWN1bGFyZXMlMkZtZW1icmFuYXMtZXBpcnJldGluaWFuYXMlMkZjYXNvLWNsaW5pY28tMTMlMkYlMkNodHRwcyUzQSUyRiUyRnd3dy5hdGxhc3JsZXllLmNvbSUyRmRvZW5jYXMtY29uZ2VuaXRhcy1lLXBlZGlhdHJpY2FzLWRhLXJldGluYSUyRmNvbG9ib21hLWNvcmlvcnJldGluaWFubyUyRmNhc28tY2xpbmljby0zJTJGJTJDaHR0cHMlM0ElMkYlMkZ3d3cuYXRsYXNybGV5ZS5jb20lMkZkb2VuY2FzLWNvbmdlbml0YXMtZS1wZWRpYXRyaWNhcy1kYS1yZXRpbmElMkZkb2VuY2EtZGUtY29hdHMlMkZjYXNvLWNsaW5pY28tMiUyRg==\u00bb orderby=\u00bbdate\u00bb css=\u00bb.vc_custom_1757586123121{margin-bottom: 10px !important;margin-left: 30px !important;}\u00bb posttypes=\u00bbpost\u00bb categories=\u00bbPagina Principal,\u00bb el_class=\u00bbpublicacoes\u00bb][\/vc_column][\/vc_row][vc_row content_placement=\u00bbmiddle\u00bb enable_overlay=\u00bbenable_overlay_value\u00bb overlay_color=\u00bb#8224e3&#8243; css=\u00bb.vc_custom_1711628176428{background-image: url(https:\/\/www.atlasrleye.com\/wp-content\/uploads\/2023\/01\/andgodsaid-1-e1675191928496.png?id=77965) !important;background-position: center !important;background-repeat: no-repeat !important;background-size: contain !important;}\u00bb el_class=\u00bbccc\u00bb][vc_column width=\u00bb1\/2&#8243;][vc_column_text]<\/p>\n<h1 style=\"text-align: center;\"><div class=\"ult-spacer spacer-69d5585fec9c1\" data-id=\"69d5585fec9c1\" data-height=\"10\" data-height-mobile=\"10\" data-height-tab=\"10\" data-height-tab-portrait=\"\" data-height-mobile-landscape=\"\" style=\"clear:both;display:block;\"><\/div>[vc_column_text css_animation=\u00bbnone\u00bb]<\/h1>\n<div class=\"ult-spacer spacer-69d5585feca08\" data-id=\"69d5585feca08\" data-height=\"10\" data-height-mobile=\"10\" data-height-tab=\"10\" data-height-tab-portrait=\"\" data-height-mobile-landscape=\"\" style=\"clear:both;display:block;\"><\/div>[vc_column_text css_animation=\u00bbnone\u00bb]<\/p>\n<div class=\"ult-spacer spacer-69d5585feca49\" data-id=\"69d5585feca49\" data-height=\"10\" data-height-mobile=\"10\" data-height-tab=\"10\" data-height-tab-portrait=\"\" data-height-mobile-landscape=\"\" style=\"clear:both;display:block;\"><\/div>[vc_column_text css_animation=\u00bbnone\u00bb]<\/p>\n<h1 style=\"text-align: center;\"><\/h1>\n<h1 style=\"text-align: center;\"><\/h1>\n<h1 style=\"text-align: center;\"><\/h1>\n<h1 style=\"text-align: center;\"><\/h1>\n<h1 style=\"text-align: center;\"><\/h1>\n<h1 style=\"text-align: center;\"><\/h1>\n<h1 style=\"text-align: center;\"><\/h1>\n<h1 style=\"text-align: center;\"><\/h1>\n<h1 style=\"text-align: center;\"><\/h1>\n<h1 style=\"text-align: center;\"><\/h1>\n<h1 style=\"text-align: center;\"><\/h1>\n<h1 style=\"text-align: center;\"><\/h1>\n<h1 style=\"text-align: center;\"><\/h1>\n<h1 style=\"text-align: center;\"><\/h1>\n<h1 style=\"text-align: center;\"><\/h1>\n<h1 style=\"text-align: center;\"><\/h1>\n<h1 style=\"text-align: center;\"><\/h1>\n<h1 style=\"text-align: center;\"><\/h1>\n<h1 style=\"text-align: center;\"><\/h1>\n<h1 style=\"text-align: center;\"><\/h1>\n<h1 style=\"text-align: center;\"><\/h1>\n<h1 style=\"text-align: center;\"><\/h1>\n<h1 style=\"text-align: center;\"><\/h1>\n<p>[\/vc_column_text][\/vc_column][vc_column width=\u00bb1\/2&#8243;][vc_column_text]<\/p>\n<h1 style=\"text-align: center;\"><div class=\"ult-spacer spacer-69d5585feca90\" data-id=\"69d5585feca90\" data-height=\"10\" data-height-mobile=\"10\" data-height-tab=\"10\" data-height-tab-portrait=\"\" data-height-mobile-landscape=\"\" style=\"clear:both;display:block;\"><\/div>[vc_column_text css_animation=\u00bbnone\u00bb]<\/h1>\n<div class=\"ult-spacer spacer-69d5585fecad3\" data-id=\"69d5585fecad3\" data-height=\"10\" data-height-mobile=\"10\" data-height-tab=\"10\" data-height-tab-portrait=\"\" data-height-mobile-landscape=\"\" style=\"clear:both;display:block;\"><\/div>[vc_column_text css_animation=\u00bbnone\u00bb]<\/p>\n<div class=\"ult-spacer spacer-69d5585fecb0e\" data-id=\"69d5585fecb0e\" data-height=\"10\" data-height-mobile=\"10\" data-height-tab=\"10\" data-height-tab-portrait=\"\" data-height-mobile-landscape=\"\" style=\"clear:both;display:block;\"><\/div>[vc_column_text css_animation=\u00bbnone\u00bb]<\/p>\n<h1 style=\"text-align: center;\"><\/h1>\n<h1 style=\"text-align: center;\"><\/h1>\n<h1 style=\"text-align: center;\"><\/h1>\n<h1 style=\"text-align: center;\"><\/h1>\n<h1 style=\"text-align: center;\"><\/h1>\n<h1 style=\"text-align: center;\"><\/h1>\n<h1 style=\"text-align: center;\"><\/h1>\n<h1 style=\"text-align: center;\"><\/h1>\n<h1 style=\"text-align: center;\"><\/h1>\n<h1 style=\"text-align: center;\"><\/h1>\n<h1 style=\"text-align: center;\"><\/h1>\n<h1 style=\"text-align: center;\"><\/h1>\n<h1 style=\"text-align: center;\"><\/h1>\n<h1 style=\"text-align: center;\"><\/h1>\n<h1 style=\"text-align: center;\"><\/h1>\n<h1 style=\"text-align: center;\"><\/h1>\n<h1 style=\"text-align: center;\"><\/h1>\n<h1 style=\"text-align: center;\"><\/h1>\n<h1 style=\"text-align: center;\"><\/h1>\n<h1 style=\"text-align: center;\"><\/h1>\n<h1 style=\"text-align: center;\"><\/h1>\n<h1 style=\"text-align: center;\"><\/h1>\n<h1 style=\"text-align: center;\"><\/h1>\n<p>[\/vc_column_text][\/vc_column][\/vc_row][vc_row][vc_column width=\u00bb1\/3&#8243;][vc_column_text css=\u00bb.vc_custom_1734487691189{margin-bottom: 15px !important;}\u00bb]<div class=\"ult_pricing_table_wrap ult_design_2  ult-cs-black  \">\n\t\t\t\t\t<div class=\"ult_pricing_table  \" style=\"\"><div id=\"price-table-wrap-5978\" class=\"ult_pricing_heading\" style=\"\">\n\t\t\t\t\t\t\t<h3  data-ultimate-target='#price-table-wrap-5978 .cust-headformat'  data-responsive-json-new='{\"font-size\":\"\",\"line-height\":\"\"}'  class=\"price-heading ult-responsive cust-headformat\" style=\"font-weight:normal;\">Enfermedades<\/h3><\/div><!--ult_pricing_heading--><div class=\"ult_price_body_block\">\n\t\t\t\t\t\t\t<div class=\"ult_price_body\">\n\t\t\t\t\t\t\t\t<div id=\"price-table-wrap-4650\" class=\"ult_price\">\n\t\t\t\t\t\t\t\t\t<span  data-ultimate-target='#price-table-wrap-4650 .ult_price_figure'  data-responsive-json-new='{\"font-size\":\"\",\"line-height\":\"\"}'  class=\"ult_price_figure ult-responsive\" style=\"font-weight:normal;\">128<\/span>\n\t\t\t\t\t\t\t\t\t<span  data-ultimate-target='#price-table-wrap-4650 .ult_price_term'  data-responsive-json-new='{\"font-size\":\"\",\"line-height\":\"\"}'  class=\"ult_price_term ult-responsive\" style=\"font-weight:normal;\"><\/span>\n\t\t\t\t\t\t\t\t<\/div>\n\t\t\t\t\t\t\t<\/div>\n\t\t\t\t\t\t<\/div><!--ult_price_body_block--><div id=\"price-table-features-wrap-8829\" class=\"ult_price_features ult-responsive\"  data-ultimate-target='#price-table-features-wrap-8829'  data-responsive-json-new='{\"font-size\":\"\",\"line-height\":\"\"}'  style=\"font-weight:normal;\">\n\t\t\t\t\t\t\t\n\t\t\t\t\t\t<\/div><!--ult_price_features--><div class=\"ult_clr\"><\/div>\n\t\t\t<\/div><!--pricing_table-->\n\t\t<\/div><!--pricing_table_wrap-->[\/vc_column_text][\/vc_column][vc_column width=\u00bb1\/3&#8243;][vc_column_text css=\u00bb.vc_custom_1734487704228{margin-bottom: 15px !important;}\u00bb]<div class=\"ult_pricing_table_wrap ult_design_2  ult-cs-black  \">\n\t\t\t\t\t<div class=\"ult_pricing_table  \" style=\"\"><div id=\"price-table-wrap-5603\" class=\"ult_pricing_heading\" style=\"\">\n\t\t\t\t\t\t\t<h3  data-ultimate-target='#price-table-wrap-5603 .cust-headformat'  data-responsive-json-new='{\"font-size\":\"\",\"line-height\":\"\"}'  class=\"price-heading ult-responsive cust-headformat\" style=\"font-weight:normal;\">Casos Cl\u00ednicos<\/h3><\/div><!--ult_pricing_heading--><div class=\"ult_price_body_block\">\n\t\t\t\t\t\t\t<div class=\"ult_price_body\">\n\t\t\t\t\t\t\t\t<div id=\"price-table-wrap-9711\" class=\"ult_price\">\n\t\t\t\t\t\t\t\t\t<span  data-ultimate-target='#price-table-wrap-9711 .ult_price_figure'  data-responsive-json-new='{\"font-size\":\"\",\"line-height\":\"\"}'  class=\"ult_price_figure ult-responsive\" style=\"font-weight:normal;\">370<\/span>\n\t\t\t\t\t\t\t\t\t<span  data-ultimate-target='#price-table-wrap-9711 .ult_price_term'  data-responsive-json-new='{\"font-size\":\"\",\"line-height\":\"\"}'  class=\"ult_price_term ult-responsive\" style=\"font-weight:normal;\"><\/span>\n\t\t\t\t\t\t\t\t<\/div>\n\t\t\t\t\t\t\t<\/div>\n\t\t\t\t\t\t<\/div><!--ult_price_body_block--><div id=\"price-table-features-wrap-2262\" class=\"ult_price_features ult-responsive\"  data-ultimate-target='#price-table-features-wrap-2262'  data-responsive-json-new='{\"font-size\":\"\",\"line-height\":\"\"}'  style=\"font-weight:normal;\">\n\t\t\t\t\t\t\t\n\t\t\t\t\t\t<\/div><!--ult_price_features--><div class=\"ult_clr\"><\/div>\n\t\t\t<\/div><!--pricing_table-->\n\t\t<\/div><!--pricing_table_wrap-->[\/vc_column_text][\/vc_column][vc_column width=\u00bb1\/3&#8243;][vc_column_text css=\u00bb.vc_custom_1734487713524{margin-bottom: 15px !important;}\u00bb]<div class=\"ult_pricing_table_wrap ult_design_2  ult-cs-black  \">\n\t\t\t\t\t<div class=\"ult_pricing_table  \" style=\"\"><div id=\"price-table-wrap-4166\" class=\"ult_pricing_heading\" style=\"\">\n\t\t\t\t\t\t\t<h3  data-ultimate-target='#price-table-wrap-4166 .cust-headformat'  data-responsive-json-new='{\"font-size\":\"\",\"line-height\":\"\"}'  class=\"price-heading ult-responsive cust-headformat\" style=\"font-weight:normal;\">V\u00eddeos<\/h3><\/div><!--ult_pricing_heading--><div class=\"ult_price_body_block\">\n\t\t\t\t\t\t\t<div class=\"ult_price_body\">\n\t\t\t\t\t\t\t\t<div id=\"price-table-wrap-9422\" class=\"ult_price\">\n\t\t\t\t\t\t\t\t\t<span  data-ultimate-target='#price-table-wrap-9422 .ult_price_figure'  data-responsive-json-new='{\"font-size\":\"\",\"line-height\":\"\"}'  class=\"ult_price_figure ult-responsive\" style=\"font-weight:normal;\">40<\/span>\n\t\t\t\t\t\t\t\t\t<span  data-ultimate-target='#price-table-wrap-9422 .ult_price_term'  data-responsive-json-new='{\"font-size\":\"\",\"line-height\":\"\"}'  class=\"ult_price_term ult-responsive\" style=\"font-weight:normal;\"><\/span>\n\t\t\t\t\t\t\t\t<\/div>\n\t\t\t\t\t\t\t<\/div>\n\t\t\t\t\t\t<\/div><!--ult_price_body_block--><div id=\"price-table-features-wrap-9379\" class=\"ult_price_features ult-responsive\"  data-ultimate-target='#price-table-features-wrap-9379'  data-responsive-json-new='{\"font-size\":\"\",\"line-height\":\"\"}'  style=\"font-weight:normal;\">\n\t\t\t\t\t\t\t\n\t\t\t\t\t\t<\/div><!--ult_price_features--><div class=\"ult_clr\"><\/div>\n\t\t\t<\/div><!--pricing_table-->\n\t\t<\/div><!--pricing_table_wrap-->[\/vc_column_text][\/vc_column][\/vc_row][vc_row][vc_column][vc_column_text css=\u00bb\u00bb]<\/p>\n<h2><span style=\"color: #b71d71;\">Destacados<\/span><\/h2>\n<p>[\/vc_column_text][\/vc_column][\/vc_row][vc_row][vc_column][vc_masonry_grid post_type=\u00bbpost\u00bb max_items=\u00bb3&#8243; gap=\u00bb20&#8243; css=\u00bb\u00bb grid_id=\u00bbvc_gid:1774870515305-04f81e52-64e9-9&#8243; taxonomies=\u00bb115&#8243;][\/vc_column][\/vc_row][vc_row][vc_column][vc_column_text css=\u00bb\u00bb][\/vc_column_text][\/vc_column][\/vc_row]<\/p>\n<\/div>","protected":false},"excerpt":{"rendered":"<p>[vc_row css=\u00bb.vc_custom_1731028165986{margin-left: 10px !important;}\u00bb][vc_column width=\u00bb3\/5&#8243;][vc_column_text css=\u00bb\u00bb] Atlas RL-eye &nbsp; Bienvenidos! &nbsp; El Atlas RL-eye es una base de datos de Oftalmolog\u00eda en l\u00ednea, de acceso gratuito, editada por especialistas del Centro Quir\u00fargico de Coimbra. Cada caso cl\u00ednico se presenta con [&hellip;]<\/p>\n","protected":false},"author":1,"featured_media":114117,"parent":0,"menu_order":0,"comment_status":"closed","ping_status":"closed","template":"","meta":{"_monsterinsights_skip_tracking":false,"_monsterinsights_sitenote_active":false,"_monsterinsights_sitenote_note":"","_monsterinsights_sitenote_category":0,"footnotes":""},"class_list":["post-81430","page","type-page","status-publish","has-post-thumbnail","hentry"],"_links":{"self":[{"href":"https:\/\/www.atlasrleye.com\/es\/wp-json\/wp\/v2\/pages\/81430","targetHints":{"allow":["GET"]}}],"collection":[{"href":"https:\/\/www.atlasrleye.com\/es\/wp-json\/wp\/v2\/pages"}],"about":[{"href":"https:\/\/www.atlasrleye.com\/es\/wp-json\/wp\/v2\/types\/page"}],"author":[{"embeddable":true,"href":"https:\/\/www.atlasrleye.com\/es\/wp-json\/wp\/v2\/users\/1"}],"replies":[{"embeddable":true,"href":"https:\/\/www.atlasrleye.com\/es\/wp-json\/wp\/v2\/comments?post=81430"}],"version-history":[{"count":87,"href":"https:\/\/www.atlasrleye.com\/es\/wp-json\/wp\/v2\/pages\/81430\/revisions"}],"predecessor-version":[{"id":122134,"href":"https:\/\/www.atlasrleye.com\/es\/wp-json\/wp\/v2\/pages\/81430\/revisions\/122134"}],"wp:featuredmedia":[{"embeddable":true,"href":"https:\/\/www.atlasrleye.com\/es\/wp-json\/wp\/v2\/media\/114117"}],"wp:attachment":[{"href":"https:\/\/www.atlasrleye.com\/es\/wp-json\/wp\/v2\/media?parent=81430"}],"curies":[{"name":"wp","href":"https:\/\/api.w.org\/{rel}","templated":true}]}}