{"id":76099,"date":"2022-01-19T11:49:39","date_gmt":"2022-01-19T11:49:39","guid":{"rendered":"https:\/\/www.atlasrleye.com\/glaucoma-neovascular\/caso-clinico-1\/"},"modified":"2024-02-15T21:48:01","modified_gmt":"2024-02-15T21:48:01","slug":"caso-clinico-1","status":"publish","type":"page","link":"https:\/\/www.atlasrleye.com\/es\/glaucoma-neovascular\/caso-clinico-1\/","title":{"rendered":"Caso Cl\u00ednico 1"},"content":{"rendered":"<div class=\"wpb-content-wrapper\"><p>[vc_row][vc_column][vc_custom_heading text=\u00bbENFERMEDADES VASCULARES DE LA RETINA\u00bb font_container=\u00bbtag:h5|font_size:22px|text_align:center|color:%23000000&#8243; use_theme_fonts=\u00bbyes\u00bb link=\u00bburl:https%3A%2F%2Fwww.atlasrleye.com%2Fes%2Fatlas%2F%231636632711328-9e751f35-9f1e|\u00bb][vc_text_separator title=\u00bb\u00bb i_icon_fontawesome=\u00bbfas fa-eye\u00bb i_color=\u00bbcustom\u00bb i_size=\u00bblg\u00bb color=\u00bbcustom\u00bb border_width=\u00bb8&#8243; add_icon=\u00bbtrue\u00bb css=\u00bb.vc_custom_1637080776101{margin-bottom: -5px !important;}\u00bb accent_color=\u00bb#bababa\u00bb i_custom_color=\u00bb#bababa\u00bb][vc_custom_heading text=\u00bbGlaucoma Neovascular &#8211; Caso Cl\u00ednico 1&#8243; font_container=\u00bbtag:h1|text_align:center|color:%235f1b52&#8243; use_theme_fonts=\u00bbyes\u00bb link=\u00bburl:https%3A%2F%2Fwww.atlasrleye.com%2Fes%2Fglaucoma-neovascular%2F|title:GLAUCOMA%20NEOVASCULAR|\u00bb]<div class=\"ult-spacer spacer-69e92f2f09f1a\" data-id=\"69e92f2f09f1a\" data-height=\"70\" data-height-mobile=\"70\" data-height-tab=\"70\" data-height-tab-portrait=\"\" data-height-mobile-landscape=\"\" style=\"clear:both;display:block;\"><\/div>[\/vc_column][\/vc_row][vc_row][vc_column]<div class=\"ult-spacer spacer-69e92f2f09f99\" data-id=\"69e92f2f09f99\" data-height=\"10\" data-height-mobile=\"10\" data-height-tab=\"10\" data-height-tab-portrait=\"\" data-height-mobile-landscape=\"\" style=\"clear:both;display:block;\"><\/div><div class=\"ult-spacer spacer-69e92f2f09ff0\" data-id=\"69e92f2f09ff0\" data-height=\"20\" data-height-mobile=\"20\" data-height-tab=\"20\" data-height-tab-portrait=\"\" data-height-mobile-landscape=\"\" style=\"clear:both;display:block;\"><\/div>[\/vc_column][\/vc_row][vc_row gap=\u00bb35&#8243; equal_height=\u00bbyes\u00bb][vc_column width=\u00bb1\/2&#8243;][vc_row_inner][vc_column_inner][vc_column_text]<\/p>\n<p style=\"font-size: 18px; text-align: justify;\"><span style=\"color: #000000;\"><img loading=\"lazy\" decoding=\"async\" class=\" wp-image-16056 alignleft\" src=\"https:\/\/www.atlasrleye.com\/wp-content\/uploads\/2022\/01\/o01-ti12-2148012-20110523-001-2-300x199.jpg\" alt=\"\" width=\"227\" height=\"151\">Fotograf\u00eda del segmento anterior con glaucoma neovascular, en un paciente de 72 a\u00f1os de edad y diabetes diagnosticada hace 15 a\u00f1os. No conoce el teste HbA1c. HbA1c=6,6%. N\u00f3tese la grave neovascularizaci\u00f3n del iris y ectropion uveae.<\/span><\/p>\n<p>[\/vc_column_text][\/vc_column_inner][\/vc_row_inner][\/vc_column][vc_column width=\u00bb1\/2&#8243;][vc_row_inner][vc_column_inner][vc_column_text]<\/p>\n<p style=\"text-align: justify; font-size: 18px;\"><span style=\"color: #000000;\"><img loading=\"lazy\" decoding=\"async\" class=\" wp-image-16054 alignleft\" src=\"https:\/\/www.atlasrleye.com\/wp-content\/uploads\/2022\/01\/o02-ti12-2148012-20110609-002-300x199.jpg\" alt=\"\" width=\"223\" height=\"148\">Fotograf\u00eda del segmento anterior mostrando regresi\u00f3n de la neovascularizaci\u00f3n del iris.<\/span><\/p>\n<p>[\/vc_column_text][\/vc_column_inner][\/vc_row_inner][\/vc_column][\/vc_row][vc_row][vc_column][vc_column_text]<\/p>\n<h3><span style=\"color: #5f1b52;\">Evaluaciones<br \/>\n<\/span><\/h3>\n<p>[\/vc_column_text][vc_tta_accordion active_section=\u00bb99&#8243; no_fill=\u00bbtrue\u00bb collapsible_all=\u00bbtrue\u00bb][vc_tta_section i_icon_fontawesome=\u00bbfar fa-calendar-alt\u00bb add_icon=\u00bbtrue\u00bb title=\u00bb1\u00aa Evaluaci\u00f3n &#8211; 18 05 2011&#8243; tab_id=\u00bb1641394922374-47016b7f-6668&#8243;][vc_row_inner][vc_column_inner][vc_column_text]<\/p>\n<div class=\"row py-1\">\n<div class=\"col-12 border-bottom border-gray-light\">\n<p style=\"font-size: 18px;\">Angiograf\u00eda con fluoresce\u00edna<\/p>\n<div style=\"text-indent: 20px;\">\n<p style=\"font-size: 14px; text-align: justify;\"><span style=\"color: #000000;\">Isquemia retiniana severa.<\/span><\/p>\n<\/div>\n<\/div>\n<\/div>\n<p>[\/vc_column_text][vc_gallery type=\u00bbimage_grid\u00bb images=\u00bb42548,42545,42554,42599,42602&#8243; img_size=\u00bb193&#215;206&#8243; css=\u00bb.vc_custom_1708033235246{margin-top: -30px !important;}\u00bb][\/vc_column_inner][\/vc_row_inner][vc_row_inner][vc_column_inner width=\u00bb1\/3&#8243;][vc_column_text]<\/p>\n<div class=\"row py-1\">\n<div class=\"col-12 border-bottom border-gray-light\">\n<p style=\"font-size: 18px;\">Autofluorescencia<\/p>\n<\/div>\n<\/div>\n<p>[\/vc_column_text][vc_gallery type=\u00bbimage_grid\u00bb images=\u00bb42611&#8243; img_size=\u00bb193&#215;206&#8243;][\/vc_column_inner][vc_column_inner width=\u00bb1\/3&#8243;][vc_column_text]<\/p>\n<div class=\"row py-1\">\n<div class=\"col-12 border-bottom border-gray-light\">\n<p style=\"font-size: 18px;\">Infrarrojo<\/p>\n<\/div>\n<\/div>\n<p>[\/vc_column_text][vc_gallery type=\u00bbimage_grid\u00bb images=\u00bb42581&#8243; img_size=\u00bb193&#215;206&#8243;][\/vc_column_inner][vc_column_inner width=\u00bb1\/3&#8243;][vc_column_text]<\/p>\n<div class=\"row py-1\">\n<div class=\"col-12 border-bottom border-gray-light\">\n<p style=\"font-size: 18px;\">Biometr\u00eda<\/p>\n<\/div>\n<\/div>\n<p>[\/vc_column_text][vc_gallery type=\u00bbimage_grid\u00bb images=\u00bb42587&#8243; img_size=\u00bb228&#215;206&#8243;][\/vc_column_inner][\/vc_row_inner][vc_row_inner][vc_column_inner][vc_column_text]<\/p>\n<div class=\"row py-1\">\n<div class=\"col-12 border-bottom border-gray-light\">\n<p style=\"font-size: 18px;\">Fotograf\u00eda del segmento anterior<\/p>\n<div style=\"text-indent: 20px;\">\n<p style=\"font-size: 14px; text-align: justify;\"><span style=\"color: #000000;\">N\u00f3tese la grave neovascularizaci\u00f3n de iris, ectropion grave, correctopia y sinequia posterior a las 5pm.<\/span><\/p>\n<\/div>\n<\/div>\n<\/div>\n<p>[\/vc_column_text][vc_gallery type=\u00bbimage_grid\u00bb images=\u00bb42605&#8243; img_size=\u00bb300&#215;206&#8243; css=\u00bb.vc_custom_1708033267633{margin-top: -30px !important;}\u00bb][\/vc_column_inner][\/vc_row_inner][vc_row_inner][vc_column_inner][vc_column_text]<\/p>\n<div class=\"row py-1\">\n<div class=\"col-12 border-bottom border-gray-light\">\n<p style=\"font-size: 18px;\">Microperimetr\u00eda<\/p>\n<\/div>\n<\/div>\n<p>[\/vc_column_text][vc_gallery type=\u00bbimage_grid\u00bb images=\u00bb42593,42590&#8243; img_size=\u00bb287&#215;206&#8243;][\/vc_column_inner][\/vc_row_inner][vc_row_inner][vc_column_inner][vc_column_text]<\/p>\n<div class=\"row py-1\">\n<div class=\"col-12 border-bottom border-gray-light\">\n<p style=\"font-size: 18px;\">OCT (B-Scan) longitudinal<\/p>\n<\/div>\n<\/div>\n<p>[\/vc_column_text][vc_gallery type=\u00bbimage_grid\u00bb images=\u00bb42560,42557,42569,42572,42563,42551,42566,42578&#8243; img_size=\u00bb410&#215;110&#8243;][\/vc_column_inner][\/vc_row_inner][vc_row_inner][vc_column_inner width=\u00bb3\/4&#8243;][vc_column_text]<\/p>\n<div class=\"row py-1\">\n<div class=\"col-12 border-bottom border-gray-light\">\n<p style=\"font-size: 18px;\">Retinograf\u00eda en color<\/p>\n<\/div>\n<\/div>\n<p>[\/vc_column_text][vc_gallery type=\u00bbimage_grid\u00bb images=\u00bb42608,42584,42575&#8243; img_size=\u00bb251&#215;206&#8243;][\/vc_column_inner][vc_column_inner width=\u00bb1\/4&#8243;][vc_column_text]<\/p>\n<div class=\"row py-1\">\n<div class=\"col-12 border-bottom border-gray-light\">\n<p style=\"font-size: 18px;\">Tonometr\u00eda<\/p>\n<\/div>\n<\/div>\n<p>[\/vc_column_text][vc_gallery type=\u00bbimage_grid\u00bb images=\u00bb42596&#8243; img_size=\u00bb206&#215;206&#8243;][\/vc_column_inner][\/vc_row_inner][\/vc_tta_section][vc_tta_section i_icon_fontawesome=\u00bbfar fa-calendar-alt\u00bb add_icon=\u00bbtrue\u00bb title=\u00bb2\u00aa Evaluaci\u00f3n &#8211; 23 05 2011&#8243; tab_id=\u00bb1642593375143-52a03a2d-40ae\u00bb][vc_row_inner][vc_column_inner][vc_column_text]<\/p>\n<div class=\"row py-1\">\n<div class=\"col-12 border-bottom border-gray-light\">\n<p style=\"font-size: 18px;\">Fotograf\u00eda del segmento anterior<\/p>\n<div style=\"text-indent: 20px;\">\n<p style=\"font-size: 14px; text-align: justify;\"><span style=\"color: #000000;\">Tres dias despu\u00e9s de inyeci\u00f3n intraocular de bevacizumab. N\u00f3tese la reducci\u00f3n de la neovascularizaci\u00f3n del iris.<\/span><\/p>\n<\/div>\n<\/div>\n<\/div>\n<p>[\/vc_column_text][vc_gallery type=\u00bbimage_grid\u00bb images=\u00bb42614,42620,42617&#8243; img_size=\u00bb300&#215;206&#8243; css=\u00bb.vc_custom_1708033327046{margin-top: -30px !important;}\u00bb][\/vc_column_inner][\/vc_row_inner][\/vc_tta_section][vc_tta_section i_icon_fontawesome=\u00bbfar fa-calendar-alt\u00bb add_icon=\u00bbtrue\u00bb title=\u00bb3\u00aa Evaluaci\u00f3n &#8211; pos-operatorio &#8211; 01 06 2011&#8243; tab_id=\u00bb1641474772469-8c7e7552-9953&#8243;][vc_row_inner][vc_column_inner width=\u00bb3\/6&#8243;][vc_column_text]<\/p>\n<div class=\"row py-1\">\n<div class=\"col-12 border-bottom border-gray-light\">\n<p style=\"font-size: 18px;\">Ecograf\u00eda<\/p>\n<\/div>\n<\/div>\n<p>[\/vc_column_text][vc_gallery type=\u00bbimage_grid\u00bb images=\u00bb42656,42659&#8243; img_size=\u00bb274&#215;206&#8243;][\/vc_column_inner][vc_column_inner width=\u00bb2\/6&#8243;][vc_column_text]<\/p>\n<div class=\"row py-1\">\n<div class=\"col-12 border-bottom border-gray-light\">\n<p style=\"font-size: 18px;\">Infrarrojo<\/p>\n<\/div>\n<\/div>\n<p>[\/vc_column_text][vc_gallery type=\u00bbimage_grid\u00bb images=\u00bb42635&#8243; img_size=\u00bb193&#215;206&#8243;][\/vc_column_inner][\/vc_row_inner][vc_row_inner][vc_column_inner][vc_column_text]<\/p>\n<div class=\"row py-1\">\n<div class=\"col-12 border-bottom border-gray-light\">\n<p style=\"font-size: 18px;\">Tonometr\u00eda<\/p>\n<\/div>\n<\/div>\n<p>[\/vc_column_text][vc_gallery type=\u00bbimage_grid\u00bb images=\u00bb42662&#8243; img_size=\u00bb500&#215;206&#8243;][\/vc_column_inner][\/vc_row_inner][vc_row_inner][vc_column_inner][vc_column_text]<\/p>\n<div class=\"row py-1\">\n<div class=\"col-12 border-bottom border-gray-light\">\n<p style=\"font-size: 18px;\">Fotograf\u00eda del segmento anterior<\/p>\n<div style=\"text-indent: 20px;\">\n<p style=\"font-size: 14px; text-align: justify;\"><span style=\"color: #000000;\">Un jour apr\u00e8s chirurgie de la cataracte, vitrectomie et photocoagulation au laser. Notez l&#8217;hyph\u00e9ma.<\/span><\/p>\n<\/div>\n<\/div>\n<\/div>\n<p>[\/vc_column_text][vc_gallery type=\u00bbimage_grid\u00bb images=\u00bb42623,42671,42668,42626&#8243; img_size=\u00bb300&#215;206&#8243; css=\u00bb.vc_custom_1708033362429{margin-top: -30px !important;}\u00bb][\/vc_column_inner][\/vc_row_inner][vc_row_inner][vc_column_inner][vc_column_text]<\/p>\n<div class=\"row py-1\">\n<div class=\"col-12 border-bottom border-gray-light\">\n<p style=\"font-size: 18px;\">OCT (B-Scan) longitudinal<\/p>\n<\/div>\n<\/div>\n<p>[\/vc_column_text][vc_gallery type=\u00bbimage_grid\u00bb images=\u00bb42638,42641,42647,42644&#8243; img_size=\u00bb410&#215;110&#8243;][\/vc_column_inner][\/vc_row_inner][vc_row_inner][vc_column_inner][vc_column_text]<\/p>\n<div class=\"row py-1\">\n<div class=\"col-12 border-bottom border-gray-light\">\n<p style=\"font-size: 18px;\">Retinograf\u00eda en color<\/p>\n<\/div>\n<\/div>\n<p>[\/vc_column_text][vc_gallery type=\u00bbimage_grid\u00bb images=\u00bb42665,42653,42632,42650&#8243; img_size=\u00bb251&#215;206&#8243;][vc_gallery type=\u00bbimage_grid\u00bb images=\u00bb42629&#8243; img_size=\u00bb251&#215;250&#8243;][\/vc_column_inner][\/vc_row_inner][\/vc_tta_section][vc_tta_section i_icon_fontawesome=\u00bbfar fa-calendar-alt\u00bb add_icon=\u00bbtrue\u00bb title=\u00bb4\u00aa evaluaci\u00f3n &#8211; 20 06 2011&#8243; tab_id=\u00bb1642073327885-f559fd1e-b481&#8243;][vc_row_inner][vc_column_inner width=\u00bb1\/3&#8243;][vc_column_text]<\/p>\n<div class=\"row py-1\">\n<div class=\"col-12 border-bottom border-gray-light\">\n<p style=\"font-size: 18px;\">Autofluorescencia<\/p>\n<\/div>\n<\/div>\n<p>[\/vc_column_text][vc_gallery type=\u00bbimage_grid\u00bb images=\u00bb42677&#8243; img_size=\u00bb193&#215;206&#8243;][\/vc_column_inner][vc_column_inner width=\u00bb1\/3&#8243;][vc_column_text]<\/p>\n<div class=\"row py-1\">\n<div class=\"col-12 border-bottom border-gray-light\">\n<p style=\"font-size: 18px;\">Infrarrojo<\/p>\n<\/div>\n<\/div>\n<p>[\/vc_column_text][vc_gallery type=\u00bbimage_grid\u00bb images=\u00bb42695&#8243; img_size=\u00bb193&#215;206&#8243;][\/vc_column_inner][vc_column_inner width=\u00bb1\/3&#8243;][vc_column_text]<\/p>\n<div class=\"row py-1\">\n<div class=\"col-12 border-bottom border-gray-light\">\n<p style=\"font-size: 18px;\">Red-free<\/p>\n<\/div>\n<\/div>\n<p>[\/vc_column_text][vc_gallery type=\u00bbimage_grid\u00bb images=\u00bb42674&#8243; img_size=\u00bb193&#215;206&#8243;][\/vc_column_inner][\/vc_row_inner][vc_row_inner][vc_column_inner][vc_column_text]<\/p>\n<div class=\"row py-1\">\n<div class=\"col-12 border-bottom border-gray-light\">\n<p style=\"font-size: 18px;\">Fotograf\u00eda del segmento anterior<\/p>\n<\/div>\n<\/div>\n<p>[\/vc_column_text][vc_gallery type=\u00bbimage_grid\u00bb images=\u00bb42698,42701&#8243; img_size=\u00bb300&#215;206&#8243;][\/vc_column_inner][\/vc_row_inner][vc_row_inner][vc_column_inner][vc_column_text]<\/p>\n<div class=\"row py-1\">\n<div class=\"col-12 border-bottom border-gray-light\">\n<p style=\"font-size: 18px;\">OCT (B-Scan) longitudinal<\/p>\n<\/div>\n<\/div>\n<p>[\/vc_column_text][vc_gallery type=\u00bbimage_grid\u00bb images=\u00bb42689,42692,42680,42683&#8243; img_size=\u00bb410&#215;110&#8243;][\/vc_column_inner][\/vc_row_inner][vc_row_inner][vc_column_inner][vc_column_text]<\/p>\n<div class=\"row py-1\">\n<div class=\"col-12 border-bottom border-gray-light\">\n<p style=\"font-size: 18px;\">Retinograf\u00eda en color<\/p>\n<\/div>\n<\/div>\n<p>[\/vc_column_text][vc_gallery type=\u00bbimage_grid\u00bb images=\u00bb42704,42686&#8243; img_size=\u00bb251&#215;206&#8243;][\/vc_column_inner][\/vc_row_inner][\/vc_tta_section][\/vc_tta_accordion][\/vc_column][\/vc_row]<\/p>\n<\/div>","protected":false},"excerpt":{"rendered":"<p>[vc_row][vc_column][vc_custom_heading text=\u00bbENFERMEDADES VASCULARES DE LA RETINA\u00bb font_container=\u00bbtag:h5|font_size:22px|text_align:center|color:%23000000&#8243; use_theme_fonts=\u00bbyes\u00bb link=\u00bburl:https%3A%2F%2Fwww.atlasrleye.com%2Fes%2Fatlas%2F%231636632711328-9e751f35-9f1e|\u00bb][vc_text_separator title=\u00bb\u00bb i_icon_fontawesome=\u00bbfas fa-eye\u00bb i_color=\u00bbcustom\u00bb i_size=\u00bblg\u00bb color=\u00bbcustom\u00bb border_width=\u00bb8&#8243; add_icon=\u00bbtrue\u00bb css=\u00bb.vc_custom_1637080776101{margin-bottom: -5px !important;}\u00bb accent_color=\u00bb#bababa\u00bb i_custom_color=\u00bb#bababa\u00bb][vc_custom_heading text=\u00bbGlaucoma Neovascular &#8211; Caso Cl\u00ednico 1&#8243; font_container=\u00bbtag:h1|text_align:center|color:%235f1b52&#8243; use_theme_fonts=\u00bbyes\u00bb link=\u00bburl:https%3A%2F%2Fwww.atlasrleye.com%2Fes%2Fglaucoma-neovascular%2F|title:GLAUCOMA%20NEOVASCULAR|\u00bb][\/vc_column][\/vc_row][vc_row][vc_column][\/vc_column][\/vc_row][vc_row gap=\u00bb35&#8243; equal_height=\u00bbyes\u00bb][vc_column width=\u00bb1\/2&#8243;][vc_row_inner][vc_column_inner][vc_column_text] Fotograf\u00eda del segmento anterior con glaucoma [&hellip;]<\/p>\n","protected":false},"author":3,"featured_media":0,"parent":76087,"menu_order":0,"comment_status":"closed","ping_status":"closed","template":"","meta":{"_monsterinsights_skip_tracking":false,"_monsterinsights_sitenote_active":false,"_monsterinsights_sitenote_note":"","_monsterinsights_sitenote_category":0,"footnotes":""},"class_list":["post-76099","page","type-page","status-publish","hentry"],"_links":{"self":[{"href":"https:\/\/www.atlasrleye.com\/es\/wp-json\/wp\/v2\/pages\/76099","targetHints":{"allow":["GET"]}}],"collection":[{"href":"https:\/\/www.atlasrleye.com\/es\/wp-json\/wp\/v2\/pages"}],"about":[{"href":"https:\/\/www.atlasrleye.com\/es\/wp-json\/wp\/v2\/types\/page"}],"author":[{"embeddable":true,"href":"https:\/\/www.atlasrleye.com\/es\/wp-json\/wp\/v2\/users\/3"}],"replies":[{"embeddable":true,"href":"https:\/\/www.atlasrleye.com\/es\/wp-json\/wp\/v2\/comments?post=76099"}],"version-history":[{"count":10,"href":"https:\/\/www.atlasrleye.com\/es\/wp-json\/wp\/v2\/pages\/76099\/revisions"}],"predecessor-version":[{"id":96216,"href":"https:\/\/www.atlasrleye.com\/es\/wp-json\/wp\/v2\/pages\/76099\/revisions\/96216"}],"up":[{"embeddable":true,"href":"https:\/\/www.atlasrleye.com\/es\/wp-json\/wp\/v2\/pages\/76087"}],"wp:attachment":[{"href":"https:\/\/www.atlasrleye.com\/es\/wp-json\/wp\/v2\/media?parent=76099"}],"curies":[{"name":"wp","href":"https:\/\/api.w.org\/{rel}","templated":true}]}}