{"id":75777,"date":"2021-11-19T17:07:30","date_gmt":"2021-11-19T17:07:30","guid":{"rendered":"https:\/\/www.atlasrleye.com\/sindrome-de-isquemia-ocular\/"},"modified":"2025-07-15T23:18:51","modified_gmt":"2025-07-15T23:18:51","slug":"sindrome-de-isquemia-ocular","status":"publish","type":"page","link":"https:\/\/www.atlasrleye.com\/es\/sindrome-de-isquemia-ocular\/","title":{"rendered":"S\u00cdNDROME DE ISQU\u00c9MIA OCULAR"},"content":{"rendered":"<div class=\"wpb-content-wrapper\"><p>[vc_row][vc_column][vc_custom_heading text=\u00bbENFERMEDADES VASCULARES DE LA RETINA\u00bb font_container=\u00bbtag:h5|font_size:22px|text_align:center|color:%23000000&#8243; use_theme_fonts=\u00bbyes\u00bb link=\u00bburl:https%3A%2F%2Fwww.atlasrleye.com%2Fes%2Fatlas%2F%231636632711328-9e751f35-9f1e|\u00bb][vc_text_separator title=\u00bb\u00bb i_icon_fontawesome=\u00bbfas fa-eye\u00bb i_color=\u00bbcustom\u00bb i_size=\u00bblg\u00bb color=\u00bbcustom\u00bb border_width=\u00bb8&#8243; css=\u00bb.vc_custom_1637080776101{margin-bottom: -5px !important;}\u00bb add_icon=\u00bbtrue\u00bb accent_color=\u00bb#bababa\u00bb i_custom_color=\u00bb#bababa\u00bb][vc_custom_heading source=\u00bbpost_title\u00bb font_container=\u00bbtag:h1|font_size:44px|text_align:center|color:%235f1b52&#8243; use_theme_fonts=\u00bbyes\u00bb]<div class=\"ult-spacer spacer-6a04d5f9ae77c\" data-id=\"6a04d5f9ae77c\" data-height=\"30\" data-height-mobile=\"0\" data-height-tab=\"\" data-height-tab-portrait=\"\" data-height-mobile-landscape=\"\" style=\"clear:both;display:block;\"><\/div>[\/vc_column][\/vc_row][vc_row][vc_column width=\u00bb3\/4&#8243;][vc_column_text]<\/p>\n<div class=\"w-100 middle-subtext text-justify hidden-text\">\n<p style=\"text-align: justify; font-size: 16px;\">El s\u00edndrome de isquemia ocular (OIS) es un estado de hipoperfusi\u00f3n causado por una enfermedad vascular. La causa m\u00e1s com\u00fan es la enfermedad ateroscler\u00f3tica de la arteria car\u00f3tida ipsilateral despu\u00e9s de producir estenosis. Los aneurismas disecantes de la car\u00f3tida, bien como la arteritis de las c\u00e9lulas gigantes, se han reportado como causa de estenosis grave de las car\u00f3tidas interna y com\u00fan. Cuando la estenosis alcanza el 70% del lumen vascular, las anomal\u00edas en el flujo son detectadas. Cuando alcanza el 50% del lumen de la car\u00f3tida, la perfusi\u00f3n de la arteria central de la retina ipsilateral es reducida para el 50%. Algunos casos de SIO pueden ser causados por la oclusi\u00f3n de la arteria oft\u00e1lmica ipsilateral. La oclusi\u00f3n cr\u00f3nica de la arteria central de la retina puede imitar los hallazgos de SIO.<\/p>\n<p style=\"text-align: justify; font-size: 16px;\">La SIO es m\u00e1s com\u00fan en hombres (2:1). La edad promedio al momento del diagn\u00f3stico es de 65 a\u00f1os, surgiendo generalmente entre la 6\u00aa y 9\u00aa d\u00e9cada de vida. Es bilateral en el 20% de los casos.<\/p>\n<p style=\"text-align: justify; font-size: 16px;\">Se manifiesta cl\u00ednicamente como una disminuci\u00f3n gradual de la agudeza visual a lo largo de d\u00edas o semanas (80%), amaurosis fugaz (15%) o p\u00e9rdida repentina de visi\u00f3n (12%). Otra queja com\u00fan es la recuperaci\u00f3n prolongada de la visi\u00f3n despu\u00e9s de la exposici\u00f3n a la luz intensa. El dolor ocular y periorbital est\u00e1n presentes en el 40% de los pacientes (debido a la isquemia del globo, aumento de la presi\u00f3n intraocular o isquemia de las meninges ipsilaterales).<\/p>\n<p style=\"text-align: justify; font-size: 16px;\">Los signos incluyen disminuci\u00f3n de la agudeza visual y vasos colaterales salientes del sistema de la car\u00f3tida externa para la interna. La observaci\u00f3n con la l\u00e1mpara de hendidura puede revelar edema de la cornea, c\u00e9lulas en la c\u00e1mara anterior y flare, pupila fija y rubeosis del iris. La presi\u00f3n intraocular puede ser elevada (compromiso de salida) o baja (disminuci\u00f3n de la perfusi\u00f3n del cuerpo ciliar). Los hallazgos en el segmento posterior incluyen estrechamiento arterial de la retina, venas retinianas dilatadas, hemorragias, microaneurismas y neovascularizaci\u00f3n del disco \u00f3ptico o de otra \u00e1rea de la retina.<\/p>\n<\/div>\n<p>[\/vc_column_text][\/vc_column][vc_column width=\u00bb1\/4&#8243;][vc_images_carousel images=\u00bb16578,16577&#8243; img_size=\u00bbmedium\u00bb speed=\u00bb2000&#8243; autoplay=\u00bbyes\u00bb hide_pagination_control=\u00bbyes\u00bb wrap=\u00bbyes\u00bb css=\u00bb.vc_custom_1751652343811{margin-bottom: 10px !important;}\u00bb]<div class=\"stats-block stats-left  \"><div class=\"aio-icon-left\"><div class=\"ult-just-icon-wrapper  \"><div class=\"align-icon\" style=\"text-align:center;\">\n<div class=\"aio-icon square \"  style=\"color:#333333;background:#ffffff;font-size:32px;display:inline-block;\">\n\t<i class=\"Defaults-eye\"><\/i>\n<\/div><\/div><\/div><\/div><div class=\"stats-desc\" id=\"counter-responsv-wrap-1647\"><div id=\"counter_28628571326a04d5f9ae905\" data-id=\"counter_28628571326a04d5f9ae905\"  data-ultimate-target='#counter-responsv-wrap-1647 .stats-number'  data-responsive-json-new='{\"font-size\":\"\",\"line-height\":\"\"}'  class=\"stats-number ult-responsive\" style=\"font-size:28px;  \" data-speed=\"3\" data-counter-value=\"1\" data-separator=\",\" data-decimal=\".\">0<\/div><div id=\"title-counter_28628571326a04d5f9ae905\"  data-ultimate-target='#counter-responsv-wrap-1647 .stats-text'  data-responsive-json-new='{\"font-size\":\"desktop:16px;\",\"line-height\":\"\"}'  class=\"stats-text ult-responsive\" style=\"font-size:px;  font-weight:bold;\">Casos Cl\u00ednicos<\/div><\/div><\/div>[\/vc_column][\/vc_row][vc_row][vc_column][vc_column_text]<\/p>\n<div class=\"w-100 middle-subtext text-justify hidden-text\">\n<p style=\"text-align: justify; font-size: 16px;\">La angiograf\u00eda con fluoresce\u00edna muestra en general una perfusi\u00f3n tard\u00eda de la coroides ( &gt; 5 segundos desde la primera presentaci\u00f3n del colorante hasta el llenado completo de la coroides). La impregnaci\u00f3n arterial tard\u00eda es tambi\u00e9n un hallazgo frecuente.<\/p>\n<p style=\"text-align: justify; font-size: 16px;\">La oftalmodinamometr\u00eda es positiva en los casos unilaterales. Una alternativa a este examen es una leve compresi\u00f3n digital en el globo, causando pulsaci\u00f3n arterial retiniana (si esta no est\u00e1 espont\u00e1neamente presente).<\/p>\n<p style=\"text-align: justify; font-size: 16px;\">El tratamiento incluye la fotocoagulaci\u00f3n panretiniana si no hay neovascularizaci\u00f3n del iris. La endarterectomia de la car\u00f3tida sist\u00e9mica puede beneficiar los pacientes sintom\u00e1ticos (infarto, AIT y amaurosis fugaz), o con una participaci\u00f3n superior al 70% del lumen arteriolar. El uso de la aspirina debe considerarse.<\/p>\n<\/div>\n<p>[\/vc_column_text][\/vc_column][\/vc_row][vc_row][vc_column][vc_column_text css=\u00bb.vc_custom_1751652360391{margin-bottom: 10px !important;}\u00bb]<\/p>\n<h1><strong><span style=\"color: #5f1b52;\">Casos Cl\u00ednicos<\/span><\/strong><\/h1>\n<p>[\/vc_column_text][\/vc_column][\/vc_row][vc_row][vc_column width=\u00bb1\/4&#8243;][vc_column_text css=\u00bb.vc_custom_1751652385361{margin-bottom: 0px !important;}\u00bb]<\/p>\n<h4 style=\"text-align: left;\"><a href=\"https:\/\/www.atlasrleye.com\/es\/sindrome-de-isquemia-ocular\/caso-clinico-1\/\">Caso Cl\u00ednico 1<\/a><\/h4>\n<p>[\/vc_column_text][vc_gallery type=\u00bbimage_grid\u00bb images=\u00bb16578,16577&#8243; img_size=\u00bb140&#8243; css=\u00bb.vc_custom_1752621424651{margin-bottom: 10px !important;margin-left: -20px !important;}\u00bb][vc_row_inner][vc_column_inner width=\u00bb1\/5&#8243; offset=\u00bbvc_col-xs-1\/5&#8243;]<div class=\"aio-icon-component    style_1\"><div id=\"Info-box-wrap-3491\" class=\"aio-icon-box default-icon\" style=\"\"  ><div class=\"aio-icon-default\"><div class=\"ult-just-icon-wrapper  \"><div class=\"align-icon\" style=\"text-align:center;\">\n<div class=\"aio-icon none \"  style=\"color:#5f1b52;font-size:16px;display:inline-block;\">\n\t<i class=\"Defaults-calendar\"><\/i>\n<\/div><\/div><\/div><\/div><div class=\"aio-icon-header\" ><h3 class=\"aio-icon-title ult-responsive\"  data-ultimate-target='#Info-box-wrap-3491 .aio-icon-title'  data-responsive-json-new='{\"font-size\":\"\",\"line-height\":\"\"}'  style=\"color:#5f1b52;\">1<\/h3><\/div> <!-- header --><\/div> <!-- aio-icon-box --><\/div> <!-- aio-icon-component -->[\/vc_column_inner][vc_column_inner width=\u00bb1\/5&#8243; offset=\u00bbvc_col-xs-1\/5&#8243;]<div class=\"aio-icon-component    style_1\"><div id=\"Info-box-wrap-4674\" class=\"aio-icon-box default-icon\" style=\"\"  ><div class=\"aio-icon-default\"><div class=\"ult-just-icon-wrapper  \"><div class=\"align-icon\" style=\"text-align:center;\">\n<div class=\"aio-icon none \"  style=\"color:#5f1b52;font-size:16px;display:inline-block;\">\n\t<i class=\"Defaults-camera\"><\/i>\n<\/div><\/div><\/div><\/div><div class=\"aio-icon-header\" ><h3 class=\"aio-icon-title ult-responsive\"  data-ultimate-target='#Info-box-wrap-4674 .aio-icon-title'  data-responsive-json-new='{\"font-size\":\"\",\"line-height\":\"\"}'  style=\"color:#5f1b52;\">31<\/h3><\/div> <!-- header --><\/div> <!-- aio-icon-box --><\/div> <!-- aio-icon-component -->[\/vc_column_inner][vc_column_inner width=\u00bb1\/5&#8243; offset=\u00bbvc_col-xs-1\/5&#8243;]<div class=\"aio-icon-component    style_1\"><div id=\"Info-box-wrap-2412\" class=\"aio-icon-box default-icon\" style=\"\"  ><div class=\"aio-icon-default\"><div class=\"ult-just-icon-wrapper  \"><div class=\"align-icon\" style=\"text-align:center;\">\n<div class=\"aio-icon none \"  style=\"color:#5f1b52;font-size:16px;display:inline-block;\">\n\t<i class=\"Defaults-film\"><\/i>\n<\/div><\/div><\/div><\/div><div class=\"aio-icon-header\" ><h3 class=\"aio-icon-title ult-responsive\"  data-ultimate-target='#Info-box-wrap-2412 .aio-icon-title'  data-responsive-json-new='{\"font-size\":\"\",\"line-height\":\"\"}'  style=\"color:#5f1b52;\">0<\/h3><\/div> <!-- header --><\/div> <!-- aio-icon-box --><\/div> <!-- aio-icon-component -->[\/vc_column_inner][\/vc_row_inner][\/vc_column][\/vc_row]<\/p>\n<\/div>","protected":false},"excerpt":{"rendered":"<p>[vc_row][vc_column][vc_custom_heading text=\u00bbENFERMEDADES VASCULARES DE LA RETINA\u00bb font_container=\u00bbtag:h5|font_size:22px|text_align:center|color:%23000000&#8243; use_theme_fonts=\u00bbyes\u00bb link=\u00bburl:https%3A%2F%2Fwww.atlasrleye.com%2Fes%2Fatlas%2F%231636632711328-9e751f35-9f1e|\u00bb][vc_text_separator title=\u00bb\u00bb i_icon_fontawesome=\u00bbfas fa-eye\u00bb i_color=\u00bbcustom\u00bb i_size=\u00bblg\u00bb color=\u00bbcustom\u00bb border_width=\u00bb8&#8243; css=\u00bb.vc_custom_1637080776101{margin-bottom: -5px !important;}\u00bb add_icon=\u00bbtrue\u00bb accent_color=\u00bb#bababa\u00bb i_custom_color=\u00bb#bababa\u00bb][vc_custom_heading source=\u00bbpost_title\u00bb font_container=\u00bbtag:h1|font_size:44px|text_align:center|color:%235f1b52&#8243; use_theme_fonts=\u00bbyes\u00bb][\/vc_column][\/vc_row][vc_row][vc_column width=\u00bb3\/4&#8243;][vc_column_text] El s\u00edndrome de isquemia ocular (OIS) es un estado de hipoperfusi\u00f3n causado por una [&hellip;]<\/p>\n","protected":false},"author":3,"featured_media":0,"parent":0,"menu_order":0,"comment_status":"closed","ping_status":"closed","template":"","meta":{"_monsterinsights_skip_tracking":false,"_monsterinsights_sitenote_active":false,"_monsterinsights_sitenote_note":"","_monsterinsights_sitenote_category":0,"footnotes":""},"class_list":["post-75777","page","type-page","status-publish","hentry"],"_links":{"self":[{"href":"https:\/\/www.atlasrleye.com\/es\/wp-json\/wp\/v2\/pages\/75777","targetHints":{"allow":["GET"]}}],"collection":[{"href":"https:\/\/www.atlasrleye.com\/es\/wp-json\/wp\/v2\/pages"}],"about":[{"href":"https:\/\/www.atlasrleye.com\/es\/wp-json\/wp\/v2\/types\/page"}],"author":[{"embeddable":true,"href":"https:\/\/www.atlasrleye.com\/es\/wp-json\/wp\/v2\/users\/3"}],"replies":[{"embeddable":true,"href":"https:\/\/www.atlasrleye.com\/es\/wp-json\/wp\/v2\/comments?post=75777"}],"version-history":[{"count":6,"href":"https:\/\/www.atlasrleye.com\/es\/wp-json\/wp\/v2\/pages\/75777\/revisions"}],"predecessor-version":[{"id":118466,"href":"https:\/\/www.atlasrleye.com\/es\/wp-json\/wp\/v2\/pages\/75777\/revisions\/118466"}],"wp:attachment":[{"href":"https:\/\/www.atlasrleye.com\/es\/wp-json\/wp\/v2\/media?parent=75777"}],"curies":[{"name":"wp","href":"https:\/\/api.w.org\/{rel}","templated":true}]}}