{"id":75409,"date":"2021-11-22T13:28:12","date_gmt":"2021-11-22T13:28:12","guid":{"rendered":"https:\/\/www.atlasrleye.com\/perforacion-de-la-cornea-queratopatia-por-exposicion\/"},"modified":"2025-07-15T23:32:22","modified_gmt":"2025-07-15T23:32:22","slug":"perforacion-de-la-cornea-queratopatia-por-exposicion","status":"publish","type":"page","link":"https:\/\/www.atlasrleye.com\/es\/perforacion-de-la-cornea-queratopatia-por-exposicion\/","title":{"rendered":"PERFORACI\u00d3N DE LA C\u00d3RNEA &#8211; QUERATOPAT\u00cdA POR EXPOSICI\u00d3N"},"content":{"rendered":"<div class=\"wpb-content-wrapper\"><p>[vc_row][vc_column][vc_custom_heading text=\u00bbOTROS CASOS CL\u00cdNICOS\u00bb font_container=\u00bbtag:h5|font_size:22px|text_align:center|color:%23000000&#8243; use_theme_fonts=\u00bbyes\u00bb link=\u00bburl:https%3A%2F%2Fwww.atlasrleye.com%2Fes%2Fatlas%2F%231636632710444-966418f9-f7fa|\u00bb][vc_text_separator title=\u00bb\u00bb i_icon_fontawesome=\u00bbfas fa-eye\u00bb i_color=\u00bbcustom\u00bb i_size=\u00bblg\u00bb color=\u00bbcustom\u00bb border_width=\u00bb8&#8243; css=\u00bb.vc_custom_1637080776101{margin-bottom: -5px !important;}\u00bb add_icon=\u00bbtrue\u00bb accent_color=\u00bb#bababa\u00bb i_custom_color=\u00bb#bababa\u00bb][vc_custom_heading source=\u00bbpost_title\u00bb font_container=\u00bbtag:h1|font_size:44px|text_align:center|color:%235f1b52&#8243; use_theme_fonts=\u00bbyes\u00bb]<div class=\"ult-spacer spacer-69f27754acd47\" data-id=\"69f27754acd47\" data-height=\"30\" data-height-mobile=\"0\" data-height-tab=\"\" data-height-tab-portrait=\"\" data-height-mobile-landscape=\"\" style=\"clear:both;display:block;\"><\/div>[\/vc_column][\/vc_row][vc_row][vc_column width=\u00bb3\/4&#8243;][vc_column_text]<\/p>\n<div class=\"w-100 middle-subtext text-justify hidden-text\">\n<p style=\"text-align: justify; font-size: 16px;\">La Queratopat\u00eda por Exposici\u00f3n (QE) es una afecci\u00f3n de la superficie ocular que resulta de la ausencia de una pel\u00edcula lagrimal adecuada, que causa la ruptura del epitelio corneal. Los f\u00e1rmacos utilizados en anestesia, tales como sedantes y bloqueadores neuromusculares pueden causar un cierre incompleto de los p\u00e1rpados durante el sue\u00f1o anest\u00e9sico y, en consecuencia, una distribuci\u00f3n inadecuada de la pel\u00edcula lagrimal. Pueden ocurrir \u00falceras corneales, infecci\u00f3n e incluso perforaci\u00f3n de la c\u00f3rnea en casos severos.<\/p>\n<p style=\"text-align: justify; font-size: 16px;\">Pacientes en unidades de cuidados intensivos (UCI) y en estado cr\u00edtico tienen un mayor riesgo de desarrollar QE. Se debe tener cuidado durante la cirug\u00eda de anestesia general y durante su estancia en la UCI.<\/p>\n<\/div>\n<p>[\/vc_column_text][\/vc_column][vc_column width=\u00bb1\/4&#8243;][vc_images_carousel images=\u00bb16705,16704&#8243; img_size=\u00bbmedium\u00bb speed=\u00bb2000&#8243; autoplay=\u00bbyes\u00bb hide_pagination_control=\u00bbyes\u00bb wrap=\u00bbyes\u00bb css=\u00bb.vc_custom_1752586180361{margin-bottom: 10px !important;}\u00bb]<div class=\"stats-block stats-left  \"><div class=\"aio-icon-left\"><div class=\"ult-just-icon-wrapper  \"><div class=\"align-icon\" style=\"text-align:center;\">\n<div class=\"aio-icon square \"  style=\"color:#333333;background:#ffffff;font-size:32px;display:inline-block;\">\n\t<i class=\"Defaults-eye\"><\/i>\n<\/div><\/div><\/div><\/div><div class=\"stats-desc\" id=\"counter-responsv-wrap-1107\"><div id=\"counter_136302376569f27754acfc6\" data-id=\"counter_136302376569f27754acfc6\"  data-ultimate-target='#counter-responsv-wrap-1107 .stats-number'  data-responsive-json-new='{\"font-size\":\"\",\"line-height\":\"\"}'  class=\"stats-number ult-responsive\" style=\"font-size:28px;  \" data-speed=\"3\" data-counter-value=\"1\" data-separator=\",\" data-decimal=\".\">0<\/div><div id=\"title-counter_136302376569f27754acfc6\"  data-ultimate-target='#counter-responsv-wrap-1107 .stats-text'  data-responsive-json-new='{\"font-size\":\"desktop:16px;\",\"line-height\":\"\"}'  class=\"stats-text ult-responsive\" style=\"font-size:px;  font-weight:bold;\">Casos Cl\u00ednicos<\/div><\/div><\/div>[\/vc_column][\/vc_row][vc_row][vc_column][vc_column_text css=\u00bb.vc_custom_1752586190021{margin-bottom: 10px !important;}\u00bb]<\/p>\n<h1><strong><span style=\"color: #5f1b52;\">Casos Cl\u00ednicos<\/span><\/strong><\/h1>\n<p>[\/vc_column_text][\/vc_column][\/vc_row][vc_row][vc_column width=\u00bb1\/4&#8243;][vc_column_text css=\u00bb.vc_custom_1752586208622{margin-bottom: 0px !important;}\u00bb]<\/p>\n<h4 style=\"text-align: left;\"><a href=\"https:\/\/www.atlasrleye.com\/es\/perforacion-de-la-cornea-queratopatia-por-exposicion\/caso-clinico-1\/\">Caso Cl\u00ednico 1<\/a><\/h4>\n<p>[\/vc_column_text][vc_gallery type=\u00bbimage_grid\u00bb images=\u00bb16705,16704&#8243; img_size=\u00bb140&#8243; css=\u00bb.vc_custom_1752622249471{margin-bottom: 10px !important;margin-left: -20px !important;}\u00bb][vc_row_inner][vc_column_inner width=\u00bb1\/5&#8243; offset=\u00bbvc_col-xs-1\/5&#8243;]<div class=\"aio-icon-component    style_1\"><div id=\"Info-box-wrap-2323\" class=\"aio-icon-box default-icon\" style=\"\"  ><div class=\"aio-icon-default\"><div class=\"ult-just-icon-wrapper  \"><div class=\"align-icon\" style=\"text-align:center;\">\n<div class=\"aio-icon none \"  style=\"color:#5f1b52;font-size:16px;display:inline-block;\">\n\t<i class=\"Defaults-calendar\"><\/i>\n<\/div><\/div><\/div><\/div><div class=\"aio-icon-header\" ><h3 class=\"aio-icon-title ult-responsive\"  data-ultimate-target='#Info-box-wrap-2323 .aio-icon-title'  data-responsive-json-new='{\"font-size\":\"\",\"line-height\":\"\"}'  style=\"color:#5f1b52;\">10<\/h3><\/div> <!-- header --><\/div> <!-- aio-icon-box --><\/div> <!-- aio-icon-component -->[\/vc_column_inner][vc_column_inner width=\u00bb1\/5&#8243; offset=\u00bbvc_col-xs-1\/5&#8243;]<div class=\"aio-icon-component    style_1\"><div id=\"Info-box-wrap-3542\" class=\"aio-icon-box default-icon\" style=\"\"  ><div class=\"aio-icon-default\"><div class=\"ult-just-icon-wrapper  \"><div class=\"align-icon\" style=\"text-align:center;\">\n<div class=\"aio-icon none \"  style=\"color:#5f1b52;font-size:16px;display:inline-block;\">\n\t<i class=\"Defaults-camera\"><\/i>\n<\/div><\/div><\/div><\/div><div class=\"aio-icon-header\" ><h3 class=\"aio-icon-title ult-responsive\"  data-ultimate-target='#Info-box-wrap-3542 .aio-icon-title'  data-responsive-json-new='{\"font-size\":\"\",\"line-height\":\"\"}'  style=\"color:#5f1b52;\">64<\/h3><\/div> <!-- header --><\/div> <!-- aio-icon-box --><\/div> <!-- aio-icon-component -->[\/vc_column_inner][vc_column_inner width=\u00bb1\/5&#8243; offset=\u00bbvc_col-xs-1\/5&#8243;]<div class=\"aio-icon-component    style_1\"><div id=\"Info-box-wrap-3775\" class=\"aio-icon-box default-icon\" style=\"\"  ><div class=\"aio-icon-default\"><div class=\"ult-just-icon-wrapper  \"><div class=\"align-icon\" style=\"text-align:center;\">\n<div class=\"aio-icon none \"  style=\"color:#5f1b52;font-size:16px;display:inline-block;\">\n\t<i class=\"Defaults-film\"><\/i>\n<\/div><\/div><\/div><\/div><div class=\"aio-icon-header\" ><h3 class=\"aio-icon-title ult-responsive\"  data-ultimate-target='#Info-box-wrap-3775 .aio-icon-title'  data-responsive-json-new='{\"font-size\":\"\",\"line-height\":\"\"}'  style=\"color:#5f1b52;\">0<\/h3><\/div> <!-- header --><\/div> <!-- aio-icon-box --><\/div> <!-- aio-icon-component -->[\/vc_column_inner][\/vc_row_inner][\/vc_column][\/vc_row]<\/p>\n<\/div>","protected":false},"excerpt":{"rendered":"<p>[vc_row][vc_column][vc_custom_heading text=\u00bbOTROS CASOS CL\u00cdNICOS\u00bb font_container=\u00bbtag:h5|font_size:22px|text_align:center|color:%23000000&#8243; use_theme_fonts=\u00bbyes\u00bb link=\u00bburl:https%3A%2F%2Fwww.atlasrleye.com%2Fes%2Fatlas%2F%231636632710444-966418f9-f7fa|\u00bb][vc_text_separator title=\u00bb\u00bb i_icon_fontawesome=\u00bbfas fa-eye\u00bb i_color=\u00bbcustom\u00bb i_size=\u00bblg\u00bb color=\u00bbcustom\u00bb border_width=\u00bb8&#8243; css=\u00bb.vc_custom_1637080776101{margin-bottom: -5px !important;}\u00bb add_icon=\u00bbtrue\u00bb accent_color=\u00bb#bababa\u00bb i_custom_color=\u00bb#bababa\u00bb][vc_custom_heading source=\u00bbpost_title\u00bb font_container=\u00bbtag:h1|font_size:44px|text_align:center|color:%235f1b52&#8243; use_theme_fonts=\u00bbyes\u00bb][\/vc_column][\/vc_row][vc_row][vc_column width=\u00bb3\/4&#8243;][vc_column_text] La Queratopat\u00eda por Exposici\u00f3n (QE) es una afecci\u00f3n de la superficie ocular que resulta de la [&hellip;]<\/p>\n","protected":false},"author":3,"featured_media":0,"parent":0,"menu_order":0,"comment_status":"closed","ping_status":"closed","template":"","meta":{"_monsterinsights_skip_tracking":false,"_monsterinsights_sitenote_active":false,"_monsterinsights_sitenote_note":"","_monsterinsights_sitenote_category":0,"footnotes":""},"class_list":["post-75409","page","type-page","status-publish","hentry"],"_links":{"self":[{"href":"https:\/\/www.atlasrleye.com\/es\/wp-json\/wp\/v2\/pages\/75409","targetHints":{"allow":["GET"]}}],"collection":[{"href":"https:\/\/www.atlasrleye.com\/es\/wp-json\/wp\/v2\/pages"}],"about":[{"href":"https:\/\/www.atlasrleye.com\/es\/wp-json\/wp\/v2\/types\/page"}],"author":[{"embeddable":true,"href":"https:\/\/www.atlasrleye.com\/es\/wp-json\/wp\/v2\/users\/3"}],"replies":[{"embeddable":true,"href":"https:\/\/www.atlasrleye.com\/es\/wp-json\/wp\/v2\/comments?post=75409"}],"version-history":[{"count":7,"href":"https:\/\/www.atlasrleye.com\/es\/wp-json\/wp\/v2\/pages\/75409\/revisions"}],"predecessor-version":[{"id":118490,"href":"https:\/\/www.atlasrleye.com\/es\/wp-json\/wp\/v2\/pages\/75409\/revisions\/118490"}],"wp:attachment":[{"href":"https:\/\/www.atlasrleye.com\/es\/wp-json\/wp\/v2\/media?parent=75409"}],"curies":[{"name":"wp","href":"https:\/\/api.w.org\/{rel}","templated":true}]}}