{"id":75080,"date":"2021-11-22T15:13:35","date_gmt":"2021-11-22T15:13:35","guid":{"rendered":"https:\/\/www.atlasrleye.com\/maculopatia-solar\/"},"modified":"2025-07-15T19:01:47","modified_gmt":"2025-07-15T19:01:47","slug":"maculopatia-solar","status":"publish","type":"page","link":"https:\/\/www.atlasrleye.com\/es\/maculopatia-solar\/","title":{"rendered":"MACULOPAT\u00cdA SOLAR"},"content":{"rendered":"<div class=\"wpb-content-wrapper\"><p>[vc_row][vc_column][vc_custom_heading text=\u00bbRETINOPAT\u00cdAS TRAUM\u00c1TICAS Y T\u00d3XICAS\u00bb font_container=\u00bbtag:h5|font_size:22px|text_align:center|color:%23000000&#8243; use_theme_fonts=\u00bbyes\u00bb link=\u00bburl:https%3A%2F%2Fwww.atlasrleye.com%2Fes%2Fatlas%2F%231636632808103-ebb9ab69-b1fc|\u00bb][vc_text_separator title=\u00bb\u00bb i_icon_fontawesome=\u00bbfas fa-eye\u00bb i_color=\u00bbcustom\u00bb i_size=\u00bblg\u00bb color=\u00bbcustom\u00bb border_width=\u00bb8&#8243; css=\u00bb.vc_custom_1637080776101{margin-bottom: -5px !important;}\u00bb add_icon=\u00bbtrue\u00bb accent_color=\u00bb#bababa\u00bb i_custom_color=\u00bb#bababa\u00bb][vc_custom_heading source=\u00bbpost_title\u00bb font_container=\u00bbtag:h1|font_size:44px|text_align:center|color:%235f1b52&#8243; use_theme_fonts=\u00bbyes\u00bb]<div class=\"ult-spacer spacer-69e631049832c\" data-id=\"69e631049832c\" data-height=\"30\" data-height-mobile=\"0\" data-height-tab=\"\" data-height-tab-portrait=\"\" data-height-mobile-landscape=\"\" style=\"clear:both;display:block;\"><\/div>[\/vc_column][\/vc_row][vc_row][vc_column width=\u00bb3\/4&#8243;][vc_column_text]<\/p>\n<div class=\"w-100 middle-subtext text-justify hidden-text\">\n<p style=\"text-align: justify; font-size: 16px;\">La retinopat\u00eda solar es una lesi\u00f3n en la retina provocada por la observaci\u00f3n directa al sol por un periodo de tiempo excesivo sin protecci\u00f3n ocular, durante un eclipse solar o en un d\u00eda normal. Mismo con la pupila cerrada, la observaci\u00f3n por m\u00e1s de 90 segundos excede el l\u00edmite para las lesiones fotoqu\u00edmicas en la retina. Es com\u00fan en los j\u00f3venes bajo la influencia de drogas psicotr\u00f3picas o rituales religiosos.<\/p>\n<p style=\"text-align: justify; font-size: 16px;\">Los s\u00edntomas incluyen disminuci\u00f3n de la visi\u00f3n, metamorfopsias, fotofobia, discromatopsia, escotomas, cefaleas y dolor en las primeras horas despu\u00e9s de la exposici\u00f3n solar.<\/p>\n<p style=\"text-align: justify; font-size: 16px;\">Esta maculopat\u00eda es generalmente bilateral pero con una lesi\u00f3n m\u00e1s grave en el ojo dominante. En el inicio, el fondo de ojo es normal pero despu\u00e9s de 24 horas presenta una lesi\u00f3n foveolar de color blanco-amarillento. La lesi\u00f3n puede desaparecer despu\u00e9s de un periodo de 1 a 2 semanas o desarrollar una depresi\u00f3n o un agujero lamelar foveolar.<\/p>\n<p style=\"text-align: justify; font-size: 16px;\">No hay tratamiento para la retinopat\u00eda solar.<\/p>\n<p style=\"text-align: justify; font-size: 16px;\">La mayor\u00eda de los pacientes mejora despu\u00e9s de algunas semanas mas no son necesarios algunos meses para recuperar la visi\u00f3n habitual. En varios casos, hay una marcada alteraci\u00f3n del epitelio pigmentado y solamente recuperaci\u00f3n parcial de la agudeza visual.<\/p>\n<\/div>\n<p>[\/vc_column_text][\/vc_column][vc_column width=\u00bb1\/4&#8243;][vc_images_carousel images=\u00bb20360,20359,20358,20357&#8243; img_size=\u00bbmedium\u00bb speed=\u00bb2000&#8243; autoplay=\u00bbyes\u00bb hide_pagination_control=\u00bbyes\u00bb wrap=\u00bbyes\u00bb css=\u00bb.vc_custom_1752605993853{margin-bottom: 10px !important;}\u00bb]<div class=\"stats-block stats-left  \"><div class=\"aio-icon-left\"><div class=\"ult-just-icon-wrapper  \"><div class=\"align-icon\" style=\"text-align:center;\">\n<div class=\"aio-icon square \"  style=\"color:#333333;background:#ffffff;font-size:32px;display:inline-block;\">\n\t<i class=\"Defaults-eye\"><\/i>\n<\/div><\/div><\/div><\/div><div class=\"stats-desc\" id=\"counter-responsv-wrap-2538\"><div id=\"counter_276048332069e6310498566\" data-id=\"counter_276048332069e6310498566\"  data-ultimate-target='#counter-responsv-wrap-2538 .stats-number'  data-responsive-json-new='{\"font-size\":\"\",\"line-height\":\"\"}'  class=\"stats-number ult-responsive\" style=\"font-size:28px;  \" data-speed=\"3\" data-counter-value=\"2\" data-separator=\",\" data-decimal=\".\">0<\/div><div id=\"title-counter_276048332069e6310498566\"  data-ultimate-target='#counter-responsv-wrap-2538 .stats-text'  data-responsive-json-new='{\"font-size\":\"desktop:16px;\",\"line-height\":\"\"}'  class=\"stats-text ult-responsive\" style=\"font-size:px;  font-weight:bold;\">Casos Cl\u00ednicos<\/div><\/div><\/div>[\/vc_column][\/vc_row][vc_row][vc_column][vc_column_text css=\u00bb.vc_custom_1752605424863{margin-bottom: 10px !important;}\u00bb]<\/p>\n<h1><strong><span style=\"color: #5f1b52;\">Casos Cl\u00ednicos<\/span><\/strong><\/h1>\n<p>[\/vc_column_text][\/vc_column][\/vc_row][vc_row][vc_column width=\u00bb1\/4&#8243;][vc_column_text css=\u00bb.vc_custom_1752605604026{margin-bottom: 0px !important;}\u00bb]<\/p>\n<h4 style=\"text-align: left;\"><a href=\"https:\/\/www.atlasrleye.com\/es\/maculopatia-solar\/caso-clinico-1\/\">Caso Cl\u00ednico 1<\/a><\/h4>\n<p>[\/vc_column_text][vc_gallery type=\u00bbimage_grid\u00bb images=\u00bb20360,20359&#8243; img_size=\u00bb280&#215;65&#8243; css=\u00bb.vc_custom_1752605747268{margin-bottom: 10px !important;margin-left: -20px !important;}\u00bb][vc_row_inner][vc_column_inner width=\u00bb1\/5&#8243; offset=\u00bbvc_col-xs-1\/5&#8243;]<div class=\"aio-icon-component    style_1\"><div id=\"Info-box-wrap-6821\" class=\"aio-icon-box default-icon\" style=\"\"  ><div class=\"aio-icon-default\"><div class=\"ult-just-icon-wrapper  \"><div class=\"align-icon\" style=\"text-align:center;\">\n<div class=\"aio-icon none \"  style=\"color:#5f1b52;font-size:16px;display:inline-block;\">\n\t<i class=\"Defaults-calendar\"><\/i>\n<\/div><\/div><\/div><\/div><div class=\"aio-icon-header\" ><h3 class=\"aio-icon-title ult-responsive\"  data-ultimate-target='#Info-box-wrap-6821 .aio-icon-title'  data-responsive-json-new='{\"font-size\":\"\",\"line-height\":\"\"}'  style=\"color:#5f1b52;\">1<\/h3><\/div> <!-- header --><\/div> <!-- aio-icon-box --><\/div> <!-- aio-icon-component -->[\/vc_column_inner][vc_column_inner width=\u00bb1\/5&#8243; offset=\u00bbvc_col-xs-1\/5&#8243;]<div class=\"aio-icon-component    style_1\"><div id=\"Info-box-wrap-7222\" class=\"aio-icon-box default-icon\" style=\"\"  ><div class=\"aio-icon-default\"><div class=\"ult-just-icon-wrapper  \"><div class=\"align-icon\" style=\"text-align:center;\">\n<div class=\"aio-icon none \"  style=\"color:#5f1b52;font-size:16px;display:inline-block;\">\n\t<i class=\"Defaults-camera\"><\/i>\n<\/div><\/div><\/div><\/div><div class=\"aio-icon-header\" ><h3 class=\"aio-icon-title ult-responsive\"  data-ultimate-target='#Info-box-wrap-7222 .aio-icon-title'  data-responsive-json-new='{\"font-size\":\"\",\"line-height\":\"\"}'  style=\"color:#5f1b52;\">16<\/h3><\/div> <!-- header --><\/div> <!-- aio-icon-box --><\/div> <!-- aio-icon-component -->[\/vc_column_inner][vc_column_inner width=\u00bb1\/5&#8243; offset=\u00bbvc_col-xs-1\/5&#8243;]<div class=\"aio-icon-component    style_1\"><div id=\"Info-box-wrap-4625\" class=\"aio-icon-box default-icon\" style=\"\"  ><div class=\"aio-icon-default\"><div class=\"ult-just-icon-wrapper  \"><div class=\"align-icon\" style=\"text-align:center;\">\n<div class=\"aio-icon none \"  style=\"color:#5f1b52;font-size:16px;display:inline-block;\">\n\t<i class=\"Defaults-film\"><\/i>\n<\/div><\/div><\/div><\/div><div class=\"aio-icon-header\" ><h3 class=\"aio-icon-title ult-responsive\"  data-ultimate-target='#Info-box-wrap-4625 .aio-icon-title'  data-responsive-json-new='{\"font-size\":\"\",\"line-height\":\"\"}'  style=\"color:#5f1b52;\">0<\/h3><\/div> <!-- header --><\/div> <!-- aio-icon-box --><\/div> <!-- aio-icon-component -->[\/vc_column_inner][\/vc_row_inner][\/vc_column][vc_column width=\u00bb1\/4&#8243;][vc_column_text css=\u00bb.vc_custom_1752605704517{margin-bottom: 0px !important;}\u00bb]<\/p>\n<h4 style=\"text-align: left;\"><a href=\"https:\/\/www.atlasrleye.com\/es\/maculopatia-solar\/caso-clinico-2\/\">Caso Cl\u00ednico 2<\/a><\/h4>\n<p>[\/vc_column_text][vc_gallery type=\u00bbimage_grid\u00bb images=\u00bb20358,20357&#8243; img_size=\u00bb140&#8243; css=\u00bb.vc_custom_1752605883978{margin-bottom: 10px !important;margin-left: -20px !important;}\u00bb][vc_row_inner][vc_column_inner width=\u00bb1\/5&#8243; offset=\u00bbvc_col-xs-1\/5&#8243;]<div class=\"aio-icon-component    style_1\"><div id=\"Info-box-wrap-9713\" class=\"aio-icon-box default-icon\" style=\"\"  ><div class=\"aio-icon-default\"><div class=\"ult-just-icon-wrapper  \"><div class=\"align-icon\" style=\"text-align:center;\">\n<div class=\"aio-icon none \"  style=\"color:#5f1b52;font-size:16px;display:inline-block;\">\n\t<i class=\"Defaults-calendar\"><\/i>\n<\/div><\/div><\/div><\/div><div class=\"aio-icon-header\" ><h3 class=\"aio-icon-title ult-responsive\"  data-ultimate-target='#Info-box-wrap-9713 .aio-icon-title'  data-responsive-json-new='{\"font-size\":\"\",\"line-height\":\"\"}'  style=\"color:#5f1b52;\">1<\/h3><\/div> <!-- header --><\/div> <!-- aio-icon-box --><\/div> <!-- aio-icon-component -->[\/vc_column_inner][vc_column_inner width=\u00bb1\/5&#8243; offset=\u00bbvc_col-xs-1\/5&#8243;]<div class=\"aio-icon-component    style_1\"><div id=\"Info-box-wrap-1424\" class=\"aio-icon-box default-icon\" style=\"\"  ><div class=\"aio-icon-default\"><div class=\"ult-just-icon-wrapper  \"><div class=\"align-icon\" style=\"text-align:center;\">\n<div class=\"aio-icon none \"  style=\"color:#5f1b52;font-size:16px;display:inline-block;\">\n\t<i class=\"Defaults-camera\"><\/i>\n<\/div><\/div><\/div><\/div><div class=\"aio-icon-header\" ><h3 class=\"aio-icon-title ult-responsive\"  data-ultimate-target='#Info-box-wrap-1424 .aio-icon-title'  data-responsive-json-new='{\"font-size\":\"\",\"line-height\":\"\"}'  style=\"color:#5f1b52;\">12<\/h3><\/div> <!-- header --><\/div> <!-- aio-icon-box --><\/div> <!-- aio-icon-component -->[\/vc_column_inner][vc_column_inner width=\u00bb1\/5&#8243; offset=\u00bbvc_col-xs-1\/5&#8243;]<div class=\"aio-icon-component    style_1\"><div id=\"Info-box-wrap-5841\" class=\"aio-icon-box default-icon\" style=\"\"  ><div class=\"aio-icon-default\"><div class=\"ult-just-icon-wrapper  \"><div class=\"align-icon\" style=\"text-align:center;\">\n<div class=\"aio-icon none \"  style=\"color:#5f1b52;font-size:16px;display:inline-block;\">\n\t<i class=\"Defaults-film\"><\/i>\n<\/div><\/div><\/div><\/div><div class=\"aio-icon-header\" ><h3 class=\"aio-icon-title ult-responsive\"  data-ultimate-target='#Info-box-wrap-5841 .aio-icon-title'  data-responsive-json-new='{\"font-size\":\"\",\"line-height\":\"\"}'  style=\"color:#5f1b52;\">0<\/h3><\/div> <!-- header --><\/div> <!-- aio-icon-box --><\/div> <!-- aio-icon-component -->[\/vc_column_inner][\/vc_row_inner][\/vc_column][\/vc_row]<\/p>\n<\/div>","protected":false},"excerpt":{"rendered":"<p>[vc_row][vc_column][vc_custom_heading text=\u00bbRETINOPAT\u00cdAS TRAUM\u00c1TICAS Y T\u00d3XICAS\u00bb font_container=\u00bbtag:h5|font_size:22px|text_align:center|color:%23000000&#8243; use_theme_fonts=\u00bbyes\u00bb link=\u00bburl:https%3A%2F%2Fwww.atlasrleye.com%2Fes%2Fatlas%2F%231636632808103-ebb9ab69-b1fc|\u00bb][vc_text_separator title=\u00bb\u00bb i_icon_fontawesome=\u00bbfas fa-eye\u00bb i_color=\u00bbcustom\u00bb i_size=\u00bblg\u00bb color=\u00bbcustom\u00bb border_width=\u00bb8&#8243; css=\u00bb.vc_custom_1637080776101{margin-bottom: -5px !important;}\u00bb add_icon=\u00bbtrue\u00bb accent_color=\u00bb#bababa\u00bb i_custom_color=\u00bb#bababa\u00bb][vc_custom_heading source=\u00bbpost_title\u00bb font_container=\u00bbtag:h1|font_size:44px|text_align:center|color:%235f1b52&#8243; use_theme_fonts=\u00bbyes\u00bb][\/vc_column][\/vc_row][vc_row][vc_column width=\u00bb3\/4&#8243;][vc_column_text] La retinopat\u00eda solar es una lesi\u00f3n en la retina provocada por la observaci\u00f3n directa al [&hellip;]<\/p>\n","protected":false},"author":3,"featured_media":0,"parent":0,"menu_order":0,"comment_status":"closed","ping_status":"closed","template":"","meta":{"_monsterinsights_skip_tracking":false,"_monsterinsights_sitenote_active":false,"_monsterinsights_sitenote_note":"","_monsterinsights_sitenote_category":0,"footnotes":""},"class_list":["post-75080","page","type-page","status-publish","hentry"],"_links":{"self":[{"href":"https:\/\/www.atlasrleye.com\/es\/wp-json\/wp\/v2\/pages\/75080","targetHints":{"allow":["GET"]}}],"collection":[{"href":"https:\/\/www.atlasrleye.com\/es\/wp-json\/wp\/v2\/pages"}],"about":[{"href":"https:\/\/www.atlasrleye.com\/es\/wp-json\/wp\/v2\/types\/page"}],"author":[{"embeddable":true,"href":"https:\/\/www.atlasrleye.com\/es\/wp-json\/wp\/v2\/users\/3"}],"replies":[{"embeddable":true,"href":"https:\/\/www.atlasrleye.com\/es\/wp-json\/wp\/v2\/comments?post=75080"}],"version-history":[{"count":8,"href":"https:\/\/www.atlasrleye.com\/es\/wp-json\/wp\/v2\/pages\/75080\/revisions"}],"predecessor-version":[{"id":118313,"href":"https:\/\/www.atlasrleye.com\/es\/wp-json\/wp\/v2\/pages\/75080\/revisions\/118313"}],"wp:attachment":[{"href":"https:\/\/www.atlasrleye.com\/es\/wp-json\/wp\/v2\/media?parent=75080"}],"curies":[{"name":"wp","href":"https:\/\/api.w.org\/{rel}","templated":true}]}}