{"id":74925,"date":"2021-11-22T15:27:58","date_gmt":"2021-11-22T15:27:58","guid":{"rendered":"https:\/\/www.atlasrleye.com\/sindrome-de-terson\/"},"modified":"2025-09-12T00:39:19","modified_gmt":"2025-09-12T00:39:19","slug":"sindrome-de-terson","status":"publish","type":"page","link":"https:\/\/www.atlasrleye.com\/es\/sindrome-de-terson\/","title":{"rendered":"S\u00cdNDROME DE TERSON"},"content":{"rendered":"<div class=\"wpb-content-wrapper\"><p>[vc_row][vc_column][vc_custom_heading text=\u00bbRETINOPAT\u00cdAS TRAUM\u00c1TICAS Y T\u00d3XICAS\u00bb font_container=\u00bbtag:h5|font_size:22px|text_align:center|color:%23000000&#8243; use_theme_fonts=\u00bbyes\u00bb link=\u00bburl:https%3A%2F%2Fwww.atlasrleye.com%2Fes%2Fatlas%2F%231636632808103-ebb9ab69-b1fc|\u00bb][vc_text_separator title=\u00bb\u00bb i_icon_fontawesome=\u00bbfas fa-eye\u00bb i_color=\u00bbcustom\u00bb i_size=\u00bblg\u00bb color=\u00bbcustom\u00bb border_width=\u00bb8&#8243; css=\u00bb.vc_custom_1637080776101{margin-bottom: -5px !important;}\u00bb add_icon=\u00bbtrue\u00bb accent_color=\u00bb#bababa\u00bb i_custom_color=\u00bb#bababa\u00bb][vc_custom_heading source=\u00bbpost_title\u00bb font_container=\u00bbtag:h1|font_size:44px|text_align:center|color:%235f1b52&#8243; use_theme_fonts=\u00bbyes\u00bb]<div class=\"ult-spacer spacer-6a04b9452155c\" data-id=\"6a04b9452155c\" data-height=\"30\" data-height-mobile=\"0\" data-height-tab=\"\" data-height-tab-portrait=\"\" data-height-mobile-landscape=\"\" style=\"clear:both;display:block;\"><\/div>[\/vc_column][\/vc_row][vc_row][vc_column width=\u00bb3\/4&#8243;][vc_column_text css=\u00bb.vc_custom_1752605111571{margin-bottom: 0px !important;}\u00bb]<\/p>\n<div class=\"w-100 middle-subtext text-justify hidden-text\">\n<p style=\"text-align: justify; font-size: 16px;\">El s\u00edndrome de Terson se caracteriza por la presencia de hemorragia intraocular, secundaria a hemorragia subaracnoidea (m\u00e1s com\u00fan) o subdural. Hay varias hip\u00f3tesis para explicar este hecho. En general, se acepta que el l\u00edquido en el compartimento intracraneal extravascular causa un aumento de la presi\u00f3n intracraneal que, en consecuencia, conduce a un aumento de la presi\u00f3n intraluminal en los canales venosos que drenan el globo ocular. A su vez, este aumento conduce a una ruptura de las venas intraoculares y hemorragia.<\/p>\n<p style=\"text-align: justify; font-size: 16px;\">La hemorragia puede ser subretiniana, intrarretiniana, prerretiniana (subhyaloid) o intrav\u00edtrea. El sangrado tambi\u00e9n puede resultar en un quiste macular hemorr\u00e1gico (HCM). La HCM est\u00e1 presente en m\u00e1s del 40% de los pacientes con s\u00edndrome de Terson. Se han descrito dos tipos de HCM. HCM submembranosa, con sangre acumulada bajo MLI, y HCM prerretiniana, con sangre localizada entre MLI e hialoide posterior. El quiste puede tener varias apariencias seg\u00fan la edad. Inicialmente es rojo, volvi\u00e9ndose blanco con la reabsorci\u00f3n de sangre, y transparente cuando se completa su reabsorci\u00f3n.<\/p>\n<p style=\"text-align: justify; font-size: 16px;\">La hemorragia intraocular, en el contexto de la hemorragia intracraneal, tiene implicaciones para el pron\u00f3stico. En pacientes con hemorragia subaracnoidea y s\u00edndrome de Terson, la mortalidad es dos veces mayor que en pacientes con hemorragia intraocular. El riesgo de coma en un paciente con hemorragia intracraneal y s\u00edndrome de Terson se duplica en comparaci\u00f3n con los casos que no tienen hemorragia intraocular. Por esta raz\u00f3n, el examen de pacientes con hemorragia subaracnoidea o subdural bajo midriasis es obligatorio.<\/p>\n<\/div>\n<p>[\/vc_column_text][\/vc_column][vc_column width=\u00bb1\/4&#8243;][vc_images_carousel images=\u00bb20411,20410&#8243; img_size=\u00bbmedium\u00bb speed=\u00bb2000&#8243; autoplay=\u00bbyes\u00bb hide_pagination_control=\u00bbyes\u00bb wrap=\u00bbyes\u00bb css=\u00bb.vc_custom_1752605017329{margin-bottom: 10px !important;}\u00bb]<div class=\"stats-block stats-left  \"><div class=\"aio-icon-left\"><div class=\"ult-just-icon-wrapper  \"><div class=\"align-icon\" style=\"text-align:center;\">\n<div class=\"aio-icon square \"  style=\"color:#333333;background:#ffffff;font-size:32px;display:inline-block;\">\n\t<i class=\"Defaults-eye\"><\/i>\n<\/div><\/div><\/div><\/div><div class=\"stats-desc\" id=\"counter-responsv-wrap-6705\"><div id=\"counter_35204621126a04b945216d1\" data-id=\"counter_35204621126a04b945216d1\"  data-ultimate-target='#counter-responsv-wrap-6705 .stats-number'  data-responsive-json-new='{\"font-size\":\"\",\"line-height\":\"\"}'  class=\"stats-number ult-responsive\" style=\"font-size:28px;  \" data-speed=\"3\" data-counter-value=\"1\" data-separator=\",\" data-decimal=\".\">0<\/div><div id=\"title-counter_35204621126a04b945216d1\"  data-ultimate-target='#counter-responsv-wrap-6705 .stats-text'  data-responsive-json-new='{\"font-size\":\"desktop:16px;\",\"line-height\":\"\"}'  class=\"stats-text ult-responsive\" style=\"font-size:px;  font-weight:bold;\">Casos Cl\u00ednicos<\/div><\/div><\/div>[\/vc_column][\/vc_row][vc_row][vc_column][vc_column_text]<\/p>\n<div class=\"w-100 middle-subtext text-justify hidden-text\">\n<p style=\"text-align: justify; font-size: 16px;\">Las complicaciones oculares del s\u00edndrome de Terson incluyen: formaci\u00f3n de membranas epirretinianas, ambliop\u00eda, vitreorretinopat\u00eda proliferativa y desprendimiento de retina.<\/p>\n<p style=\"text-align: justify; font-size: 16px;\">Incluso sin ninguna intervenci\u00f3n, el pron\u00f3stico es bueno. El tratamiento debe considerarse teniendo en cuenta las caracter\u00edsticas del paciente, la agudeza visual y los hallazgos en segundo plano. La vitrectom\u00eda de pars planas es el procedimiento habitual para las hemorragias densas. Si existe HCM y de acuerdo a sus caracter\u00edsticas, se realiza vitrectom\u00eda y una posible capa de MLI (con HCM pre-retiniana).<\/p>\n<\/div>\n<p>[\/vc_column_text][\/vc_column][\/vc_row][vc_row][vc_column][vc_column_text css=\u00bb.vc_custom_1752605124799{margin-bottom: 10px !important;}\u00bb]<\/p>\n<h1><strong><span style=\"color: #5f1b52;\">Casos Cl\u00ednicos<\/span><\/strong><\/h1>\n<p>[\/vc_column_text][\/vc_column][\/vc_row][vc_row][vc_column width=\u00bb1\/4&#8243;][vc_column_text css=\u00bb.vc_custom_1752605139921{margin-bottom: 0px !important;}\u00bb]<\/p>\n<h4 style=\"text-align: left;\"><a href=\"https:\/\/www.atlasrleye.com\/es\/sindrome-de-terson\/caso-clinico-1\/\">Caso Cl\u00ednico 1<\/a><\/h4>\n<p>[\/vc_column_text][vc_gallery type=\u00bbimage_grid\u00bb images=\u00bb20410,20411&#8243; img_size=\u00bb140&#8243; css=\u00bb.vc_custom_1752619461589{margin-bottom: 10px !important;margin-left: -20px !important;}\u00bb][vc_row_inner][vc_column_inner width=\u00bb1\/5&#8243; offset=\u00bbvc_col-xs-1\/5&#8243;]<div class=\"aio-icon-component    style_1\"><div id=\"Info-box-wrap-4346\" class=\"aio-icon-box default-icon\" style=\"\"  ><div class=\"aio-icon-default\"><div class=\"ult-just-icon-wrapper  \"><div class=\"align-icon\" style=\"text-align:center;\">\n<div class=\"aio-icon none \"  style=\"color:#5f1b52;font-size:16px;display:inline-block;\">\n\t<i class=\"Defaults-calendar\"><\/i>\n<\/div><\/div><\/div><\/div><div class=\"aio-icon-header\" ><h3 class=\"aio-icon-title ult-responsive\"  data-ultimate-target='#Info-box-wrap-4346 .aio-icon-title'  data-responsive-json-new='{\"font-size\":\"\",\"line-height\":\"\"}'  style=\"color:#5f1b52;\">8<\/h3><\/div> <!-- header --><\/div> <!-- aio-icon-box --><\/div> <!-- aio-icon-component -->[\/vc_column_inner][vc_column_inner width=\u00bb1\/5&#8243; offset=\u00bbvc_col-xs-1\/5&#8243;]<div class=\"aio-icon-component    style_1\"><div id=\"Info-box-wrap-9662\" class=\"aio-icon-box default-icon\" style=\"\"  ><div class=\"aio-icon-default\"><div class=\"ult-just-icon-wrapper  \"><div class=\"align-icon\" style=\"text-align:center;\">\n<div class=\"aio-icon none \"  style=\"color:#5f1b52;font-size:16px;display:inline-block;\">\n\t<i class=\"Defaults-camera\"><\/i>\n<\/div><\/div><\/div><\/div><div class=\"aio-icon-header\" ><h3 class=\"aio-icon-title ult-responsive\"  data-ultimate-target='#Info-box-wrap-9662 .aio-icon-title'  data-responsive-json-new='{\"font-size\":\"\",\"line-height\":\"\"}'  style=\"color:#5f1b52;\">101<\/h3><\/div> <!-- header --><\/div> <!-- aio-icon-box --><\/div> <!-- aio-icon-component -->[\/vc_column_inner][vc_column_inner width=\u00bb1\/5&#8243; offset=\u00bbvc_col-xs-1\/5&#8243;]<div class=\"aio-icon-component    style_1\"><div id=\"Info-box-wrap-8451\" class=\"aio-icon-box default-icon\" style=\"\"  ><div class=\"aio-icon-default\"><div class=\"ult-just-icon-wrapper  \"><div class=\"align-icon\" style=\"text-align:center;\">\n<div class=\"aio-icon none \"  style=\"color:#5f1b52;font-size:16px;display:inline-block;\">\n\t<i class=\"Defaults-film\"><\/i>\n<\/div><\/div><\/div><\/div><div class=\"aio-icon-header\" ><h3 class=\"aio-icon-title ult-responsive\"  data-ultimate-target='#Info-box-wrap-8451 .aio-icon-title'  data-responsive-json-new='{\"font-size\":\"\",\"line-height\":\"\"}'  style=\"color:#5f1b52;\">1<\/h3><\/div> <!-- header --><\/div> <!-- aio-icon-box --><\/div> <!-- aio-icon-component -->[\/vc_column_inner][\/vc_row_inner][\/vc_column][\/vc_row]<\/p>\n<\/div>","protected":false},"excerpt":{"rendered":"<p>[vc_row][vc_column][vc_custom_heading text=\u00bbRETINOPAT\u00cdAS TRAUM\u00c1TICAS Y T\u00d3XICAS\u00bb font_container=\u00bbtag:h5|font_size:22px|text_align:center|color:%23000000&#8243; use_theme_fonts=\u00bbyes\u00bb link=\u00bburl:https%3A%2F%2Fwww.atlasrleye.com%2Fes%2Fatlas%2F%231636632808103-ebb9ab69-b1fc|\u00bb][vc_text_separator title=\u00bb\u00bb i_icon_fontawesome=\u00bbfas fa-eye\u00bb i_color=\u00bbcustom\u00bb i_size=\u00bblg\u00bb color=\u00bbcustom\u00bb border_width=\u00bb8&#8243; css=\u00bb.vc_custom_1637080776101{margin-bottom: -5px !important;}\u00bb add_icon=\u00bbtrue\u00bb accent_color=\u00bb#bababa\u00bb i_custom_color=\u00bb#bababa\u00bb][vc_custom_heading source=\u00bbpost_title\u00bb font_container=\u00bbtag:h1|font_size:44px|text_align:center|color:%235f1b52&#8243; use_theme_fonts=\u00bbyes\u00bb][\/vc_column][\/vc_row][vc_row][vc_column width=\u00bb3\/4&#8243;][vc_column_text css=\u00bb.vc_custom_1752605111571{margin-bottom: 0px !important;}\u00bb] El s\u00edndrome de Terson se caracteriza por la presencia de hemorragia intraocular, [&hellip;]<\/p>\n","protected":false},"author":3,"featured_media":0,"parent":0,"menu_order":0,"comment_status":"closed","ping_status":"closed","template":"","meta":{"_monsterinsights_skip_tracking":false,"_monsterinsights_sitenote_active":false,"_monsterinsights_sitenote_note":"","_monsterinsights_sitenote_category":0,"footnotes":""},"class_list":["post-74925","page","type-page","status-publish","hentry"],"_links":{"self":[{"href":"https:\/\/www.atlasrleye.com\/es\/wp-json\/wp\/v2\/pages\/74925","targetHints":{"allow":["GET"]}}],"collection":[{"href":"https:\/\/www.atlasrleye.com\/es\/wp-json\/wp\/v2\/pages"}],"about":[{"href":"https:\/\/www.atlasrleye.com\/es\/wp-json\/wp\/v2\/types\/page"}],"author":[{"embeddable":true,"href":"https:\/\/www.atlasrleye.com\/es\/wp-json\/wp\/v2\/users\/3"}],"replies":[{"embeddable":true,"href":"https:\/\/www.atlasrleye.com\/es\/wp-json\/wp\/v2\/comments?post=74925"}],"version-history":[{"count":10,"href":"https:\/\/www.atlasrleye.com\/es\/wp-json\/wp\/v2\/pages\/74925\/revisions"}],"predecessor-version":[{"id":119271,"href":"https:\/\/www.atlasrleye.com\/es\/wp-json\/wp\/v2\/pages\/74925\/revisions\/119271"}],"wp:attachment":[{"href":"https:\/\/www.atlasrleye.com\/es\/wp-json\/wp\/v2\/media?parent=74925"}],"curies":[{"name":"wp","href":"https:\/\/api.w.org\/{rel}","templated":true}]}}