{"id":73645,"date":"2022-01-31T14:32:53","date_gmt":"2022-01-31T14:32:53","guid":{"rendered":"https:\/\/www.atlasrleye.com\/hipertrofia-congenita-del-epitelio-pigmentario-de-la-retina\/caso-clinico-1\/"},"modified":"2024-08-22T16:13:39","modified_gmt":"2024-08-22T16:13:39","slug":"caso-clinico-1","status":"publish","type":"page","link":"https:\/\/www.atlasrleye.com\/es\/hipertrofia-congenita-del-epitelio-pigmentario-de-la-retina\/caso-clinico-1\/","title":{"rendered":"Caso cl\u00ednico 1"},"content":{"rendered":"<div class=\"wpb-content-wrapper\"><p>[vc_row][vc_column][vc_custom_heading text=\u00bbTUMORES DE RETINA Y COROIDES\u00bb font_container=\u00bbtag:h5|font_size:22px|text_align:center|color:%23000000&#8243; use_theme_fonts=\u00bbyes\u00bb link=\u00bburl:https%3A%2F%2Fwww.atlasrleye.com%2Fes%2Fatlas%2F%231636632883096-c2c9ed67-9b78|\u00bb][vc_text_separator title=\u00bb\u00bb i_icon_fontawesome=\u00bbfas fa-eye\u00bb i_color=\u00bbcustom\u00bb i_size=\u00bblg\u00bb color=\u00bbcustom\u00bb border_width=\u00bb8&#8243; css=\u00bb.vc_custom_1637080776101{margin-bottom: -5px !important;}\u00bb add_icon=\u00bbtrue\u00bb accent_color=\u00bb#bababa\u00bb i_custom_color=\u00bb#bababa\u00bb][vc_custom_heading text=\u00bbHipertrofia cong\u00e9nita del epitelio pigmentario de la retina &#8211; Caso cl\u00ednico 1&#8243; font_container=\u00bbtag:h1|text_align:center|color:%235f1b52&#8243; use_theme_fonts=\u00bbyes\u00bb link=\u00bburl:https%3A%2F%2Fwww.atlasrleye.com%2Fes%2Fhipertrofia-congenita-del-epitelio-pigmentario-de-la-retina%2F|title:HIPERTROFIA%20CONGENITA%20DEL%20EPITELIO%20PIGMENTARIO%20DE%20LA%20RETINA|\u00bb]<div class=\"ult-spacer spacer-6a04cc6e208ec\" data-id=\"6a04cc6e208ec\" data-height=\"70\" data-height-mobile=\"70\" data-height-tab=\"70\" data-height-tab-portrait=\"\" data-height-mobile-landscape=\"\" style=\"clear:both;display:block;\"><\/div>[\/vc_column][\/vc_row][vc_row][vc_column]<div class=\"ult-spacer spacer-6a04cc6e20965\" data-id=\"6a04cc6e20965\" data-height=\"10\" data-height-mobile=\"10\" data-height-tab=\"10\" data-height-tab-portrait=\"\" data-height-mobile-landscape=\"\" style=\"clear:both;display:block;\"><\/div><div class=\"ult-spacer spacer-6a04cc6e209b7\" data-id=\"6a04cc6e209b7\" data-height=\"20\" data-height-mobile=\"20\" data-height-tab=\"20\" data-height-tab-portrait=\"\" data-height-mobile-landscape=\"\" style=\"clear:both;display:block;\"><\/div>[\/vc_column][\/vc_row][vc_row gap=\u00bb35&#8243; equal_height=\u00bbyes\u00bb][vc_column width=\u00bb1\/2&#8243;][vc_row_inner][vc_column_inner width=\u00bb1\/2&#8243;][vc_single_image image=\u00bb111509&#8243; img_size=\u00bb280&#215;210&#8243; alignment=\u00bbcenter\u00bb onclick=\u00bblink_image\u00bb css=\u00bb\u00bb][\/vc_column_inner][vc_column_inner width=\u00bb1\/2&#8243;][vc_column_text css=\u00bb\u00bb]<\/p>\n<p style=\"font-size: 18px; text-align: justify;\"><span style=\"color: #000000;\">Retinografia de campo amplio en un paciente de 78 a\u00f1os de edad, mostrando hipertrofia cong\u00e9nita del epitelio pigmentario de la retina en el cuadrante temporal superior.<\/span><\/p>\n<p>[\/vc_column_text][\/vc_column_inner][\/vc_row_inner][\/vc_column][vc_column width=\u00bb1\/2&#8243;][vc_row_inner][vc_column_inner width=\u00bb1\/2&#8243;][vc_single_image image=\u00bb111513&#8243; img_size=\u00bb280&#215;210&#8243; alignment=\u00bbcenter\u00bb onclick=\u00bblink_image\u00bb css=\u00bb\u00bb][\/vc_column_inner][vc_column_inner width=\u00bb1\/2&#8243;][vc_column_text css=\u00bb\u00bb]<\/p>\n<p style=\"text-align: justify; font-size: 18px;\"><span style=\"color: #000000;\">Ecografia B-scan en el mismo caso de hipertrofia del epitelio pigmentario de la retina<\/span><\/p>\n<p>[\/vc_column_text][\/vc_column_inner][\/vc_row_inner][\/vc_column][\/vc_row][vc_row][vc_column][vc_column_text]<\/p>\n<h3><span style=\"color: #5f1b52;\">Evaluaciones <\/span><\/h3>\n<p>[\/vc_column_text][vc_tta_accordion active_section=\u00bb99&#8243; no_fill=\u00bbtrue\u00bb collapsible_all=\u00bbtrue\u00bb][vc_tta_section i_icon_fontawesome=\u00bbfar fa-calendar-alt\u00bb add_icon=\u00bbtrue\u00bb title=\u00bb1\u00aa Evaluaci\u00f3n &#8211; 02 02 2011&#8243; tab_id=\u00bb1643640245052-658959f9-bf42&#8243;][vc_row_inner][vc_column_inner width=\u00bb1\/2&#8243;][vc_column_text]<\/p>\n<div class=\"row py-1\">\n<div class=\"col-12 border-bottom border-gray-light\">\n<p style=\"font-size: 18px;\">Ecograf\u00eda<\/p>\n<\/div>\n<\/div>\n<p>[\/vc_column_text][vc_gallery type=\u00bbimage_grid\u00bb images=\u00bb111485&#8243; img_size=\u00bb274&#215;206&#8243; css=\u00bb\u00bb][\/vc_column_inner][vc_column_inner width=\u00bb1\/2&#8243;][vc_column_text]<\/p>\n<div class=\"row py-1\">\n<div class=\"col-12 border-bottom border-gray-light\">\n<p style=\"font-size: 18px;\">Retinograf\u00eda color<\/p>\n<\/div>\n<\/div>\n<p>[\/vc_column_text][vc_gallery type=\u00bbimage_grid\u00bb images=\u00bb111489&#8243; img_size=\u00bb251&#215;206&#8243; css=\u00bb\u00bb][\/vc_column_inner][\/vc_row_inner][\/vc_tta_section][vc_tta_section i_icon_fontawesome=\u00bbfar fa-calendar-alt\u00bb add_icon=\u00bbtrue\u00bb title=\u00bb2\u00aa Evaluaci\u00f3n &#8211; 08 03 2012&#8243; tab_id=\u00bb1643635707493-46e99cea-b7b1&#8243;][vc_row_inner][vc_column_inner][vc_column_text css=\u00bb\u00bb]<\/p>\n<div class=\"row py-1\">\n<div class=\"col-12 border-bottom border-gray-light\">\n<p style=\"font-size: 18px;\">Angiograf\u00eda con fluoresce\u00edna<\/p>\n<div style=\"text-indent: 20px;\">\n<p style=\"font-size: 14px; text-align: justify;\"><span style=\"color: #000000;\">Fuga temporal perif\u00e9rica.<\/span><\/p>\n<\/div>\n<\/div>\n<\/div>\n<p>[\/vc_column_text][vc_gallery type=\u00bbimage_grid\u00bb images=\u00bb111497,111501,111505&#8243; img_size=\u00bb251&#215;206&#8243; css=\u00bb.vc_custom_1724342722409{margin-top: -30px !important;}\u00bb][\/vc_column_inner][\/vc_row_inner][vc_row_inner][vc_column_inner][vc_column_text css=\u00bb\u00bb]<\/p>\n<div class=\"row py-1\">\n<div class=\"col-12 border-bottom border-gray-light\">\n<p style=\"font-size: 18px;\">Retinograf\u00eda color<\/p>\n<div style=\"text-indent: 20px;\">\n<p style=\"font-size: 14px; text-align: justify;\"><span style=\"color: #000000;\">La retinografia de campo amplio, 1 a\u00f1o despu\u00e9s, muestra que la lesi\u00f3n no presenta cambios de tama\u00f1o.<\/span><\/p>\n<\/div>\n<\/div>\n<\/div>\n<p>[\/vc_column_text][vc_gallery type=\u00bbimage_grid\u00bb images=\u00bb111493&#8243; img_size=\u00bb251&#215;206&#8243; css=\u00bb.vc_custom_1724342680754{margin-top: -30px !important;}\u00bb][\/vc_column_inner][\/vc_row_inner][\/vc_tta_section][\/vc_tta_accordion][\/vc_column][\/vc_row]<\/p>\n<\/div>","protected":false},"excerpt":{"rendered":"<p>[vc_row][vc_column][vc_custom_heading text=\u00bbTUMORES DE RETINA Y COROIDES\u00bb font_container=\u00bbtag:h5|font_size:22px|text_align:center|color:%23000000&#8243; use_theme_fonts=\u00bbyes\u00bb link=\u00bburl:https%3A%2F%2Fwww.atlasrleye.com%2Fes%2Fatlas%2F%231636632883096-c2c9ed67-9b78|\u00bb][vc_text_separator title=\u00bb\u00bb i_icon_fontawesome=\u00bbfas fa-eye\u00bb i_color=\u00bbcustom\u00bb i_size=\u00bblg\u00bb color=\u00bbcustom\u00bb border_width=\u00bb8&#8243; css=\u00bb.vc_custom_1637080776101{margin-bottom: -5px !important;}\u00bb add_icon=\u00bbtrue\u00bb accent_color=\u00bb#bababa\u00bb i_custom_color=\u00bb#bababa\u00bb][vc_custom_heading text=\u00bbHipertrofia cong\u00e9nita del epitelio pigmentario de la retina &#8211; Caso cl\u00ednico 1&#8243; font_container=\u00bbtag:h1|text_align:center|color:%235f1b52&#8243; use_theme_fonts=\u00bbyes\u00bb link=\u00bburl:https%3A%2F%2Fwww.atlasrleye.com%2Fes%2Fhipertrofia-congenita-del-epitelio-pigmentario-de-la-retina%2F|title:HIPERTROFIA%20CONGENITA%20DEL%20EPITELIO%20PIGMENTARIO%20DE%20LA%20RETINA|\u00bb][\/vc_column][\/vc_row][vc_row][vc_column][\/vc_column][\/vc_row][vc_row gap=\u00bb35&#8243; equal_height=\u00bbyes\u00bb][vc_column width=\u00bb1\/2&#8243;][vc_row_inner][vc_column_inner [&hellip;]<\/p>\n","protected":false},"author":3,"featured_media":0,"parent":73607,"menu_order":0,"comment_status":"closed","ping_status":"closed","template":"","meta":{"_monsterinsights_skip_tracking":false,"_monsterinsights_sitenote_active":false,"_monsterinsights_sitenote_note":"","_monsterinsights_sitenote_category":0,"footnotes":""},"class_list":["post-73645","page","type-page","status-publish","hentry"],"_links":{"self":[{"href":"https:\/\/www.atlasrleye.com\/es\/wp-json\/wp\/v2\/pages\/73645","targetHints":{"allow":["GET"]}}],"collection":[{"href":"https:\/\/www.atlasrleye.com\/es\/wp-json\/wp\/v2\/pages"}],"about":[{"href":"https:\/\/www.atlasrleye.com\/es\/wp-json\/wp\/v2\/types\/page"}],"author":[{"embeddable":true,"href":"https:\/\/www.atlasrleye.com\/es\/wp-json\/wp\/v2\/users\/3"}],"replies":[{"embeddable":true,"href":"https:\/\/www.atlasrleye.com\/es\/wp-json\/wp\/v2\/comments?post=73645"}],"version-history":[{"count":15,"href":"https:\/\/www.atlasrleye.com\/es\/wp-json\/wp\/v2\/pages\/73645\/revisions"}],"predecessor-version":[{"id":111523,"href":"https:\/\/www.atlasrleye.com\/es\/wp-json\/wp\/v2\/pages\/73645\/revisions\/111523"}],"up":[{"embeddable":true,"href":"https:\/\/www.atlasrleye.com\/es\/wp-json\/wp\/v2\/pages\/73607"}],"wp:attachment":[{"href":"https:\/\/www.atlasrleye.com\/es\/wp-json\/wp\/v2\/media?parent=73645"}],"curies":[{"name":"wp","href":"https:\/\/api.w.org\/{rel}","templated":true}]}}