{"id":73321,"date":"2021-11-24T11:54:26","date_gmt":"2021-11-24T11:54:26","guid":{"rendered":"https:\/\/www.atlasrleye.com\/nevus-de-la-coroides\/"},"modified":"2025-07-15T16:27:43","modified_gmt":"2025-07-15T16:27:43","slug":"nevus-de-la-coroides","status":"publish","type":"page","link":"https:\/\/www.atlasrleye.com\/es\/nevus-de-la-coroides\/","title":{"rendered":"NEVUS DE LA COROIDES"},"content":{"rendered":"<div class=\"wpb-content-wrapper\"><p>[vc_row][vc_column][vc_custom_heading text=\u00bbTUMORES DE RETINA Y COROIDES\u00bb font_container=\u00bbtag:h5|font_size:22px|text_align:center|color:%23000000&#8243; use_theme_fonts=\u00bbyes\u00bb link=\u00bburl:https%3A%2F%2Fwww.atlasrleye.com%2Fes%2Fatlas%2F%231636632883096-c2c9ed67-9b78|\u00bb][vc_text_separator title=\u00bb\u00bb i_icon_fontawesome=\u00bbfas fa-eye\u00bb i_color=\u00bbcustom\u00bb i_size=\u00bblg\u00bb color=\u00bbcustom\u00bb border_width=\u00bb8&#8243; css=\u00bb.vc_custom_1637080776101{margin-bottom: -5px !important;}\u00bb add_icon=\u00bbtrue\u00bb accent_color=\u00bb#bababa\u00bb i_custom_color=\u00bb#bababa\u00bb][vc_custom_heading source=\u00bbpost_title\u00bb font_container=\u00bbtag:h1|font_size:44px|text_align:center|color:%235f1b52&#8243; use_theme_fonts=\u00bbyes\u00bb]<div class=\"ult-spacer spacer-6a03d28142475\" data-id=\"6a03d28142475\" data-height=\"30\" data-height-mobile=\"0\" data-height-tab=\"\" data-height-tab-portrait=\"\" data-height-mobile-landscape=\"\" style=\"clear:both;display:block;\"><\/div>[\/vc_column][\/vc_row][vc_row][vc_column width=\u00bb3\/4&#8243;][vc_column_text css=\u00bb\u00bb]<\/p>\n<div class=\"w-100 middle-subtext text-justify hidden-text\">\n<p style=\"text-align: justify; font-size: 16px;\">El nevus de coroides es un tumor melanoc\u00edtico benigno que se presenta como una lesi\u00f3n oscura marr\u00f3n-gris\u00e1cea, plana, observada con m\u00e1s frecuencia en la regi\u00f3n pos-ecuatorial, muchas veces con drusas sobrepuestas y un anillo amarillo alrededor de la base (halo).<\/p>\n<p style=\"text-align: justify; font-size: 16px;\">Se pueden observar nevus m\u00faltiples en pacientes con neurofibromatosis.<\/p>\n<p style=\"text-align: justify; font-size: 16px;\">El nevus puede crecer durante la pubertad pero en adultos su crecimiento debe vigiarse. La probabilidad de un nevus se transformar en un melanoma es extremamente baja (1\/20000) Se presentar l\u00edquido subretiniano o pigmento naranja sugiere una masa activa y puede ser un signo precoz de transformaci\u00f3n en una lesi\u00f3n maligna.<\/p>\n<p style=\"text-align: justify; font-size: 16px;\">Puede desarrollarse una membrana neovascular coroidea asociada con exudaci\u00f3n o hemorragia.<\/p>\n<p style=\"text-align: justify; font-size: 16px;\">Las caracter\u00edsticas de la angiograf\u00eda con fluoresce\u00edna var\u00edan con el grado de pigmentaci\u00f3n. Cuando el nevus invade o substitu\u00ed parte de la coriocapilar, las lesiones son hipofluorescentes.<\/p>\n<p style=\"font-size: 16px;\">Diagn\u00f3stico Diferencial:<\/p>\n<ul>\n<li style=\"font-size: 16px;\">Choroidal melanoma<\/li>\n<li style=\"font-size: 16px;\">Combined hamartoma<\/li>\n<li style=\"font-size: 16px;\">Congenital hypertrophy of the RPE<\/li>\n<li style=\"font-size: 16px;\">Hyperplasia of the RPE<\/li>\n<li style=\"font-size: 16px;\">Subretinal hemorrhage.<\/li>\n<\/ul>\n<\/div>\n<p>[\/vc_column_text][\/vc_column][vc_column width=\u00bb1\/4&#8243;][vc_images_carousel images=\u00bb22369,22368&#8243; img_size=\u00bbmedium\u00bb speed=\u00bb2000&#8243; autoplay=\u00bbyes\u00bb hide_pagination_control=\u00bbyes\u00bb wrap=\u00bbyes\u00bb css=\u00bb.vc_custom_1752596479179{margin-bottom: 10px !important;}\u00bb]<div class=\"stats-block stats-left  \"><div class=\"aio-icon-left\"><div class=\"ult-just-icon-wrapper  \"><div class=\"align-icon\" style=\"text-align:center;\">\n<div class=\"aio-icon square \"  style=\"color:#333333;background:#ffffff;font-size:32px;display:inline-block;\">\n\t<i class=\"Defaults-eye\"><\/i>\n<\/div><\/div><\/div><\/div><div class=\"stats-desc\" id=\"counter-responsv-wrap-5709\"><div id=\"counter_37177037966a03d281427b2\" data-id=\"counter_37177037966a03d281427b2\"  data-ultimate-target='#counter-responsv-wrap-5709 .stats-number'  data-responsive-json-new='{\"font-size\":\"\",\"line-height\":\"\"}'  class=\"stats-number ult-responsive\" style=\"font-size:28px;  \" data-speed=\"3\" data-counter-value=\"1\" data-separator=\",\" data-decimal=\".\">0<\/div><div id=\"title-counter_37177037966a03d281427b2\"  data-ultimate-target='#counter-responsv-wrap-5709 .stats-text'  data-responsive-json-new='{\"font-size\":\"desktop:16px;\",\"line-height\":\"\"}'  class=\"stats-text ult-responsive\" style=\"font-size:px;  font-weight:bold;\">Casos Cl\u00ednicos<\/div><\/div><\/div>[\/vc_column][\/vc_row][vc_row][vc_column][vc_column_text css=\u00bb.vc_custom_1752596487859{margin-bottom: 10px !important;}\u00bb]<\/p>\n<h1><strong><span style=\"color: #5f1b52;\">Casos Cl\u00ednicos<\/span><\/strong><\/h1>\n<p>[\/vc_column_text][\/vc_column][\/vc_row][vc_row][vc_column width=\u00bb1\/4&#8243;][vc_column_text css=\u00bb.vc_custom_1752596510888{margin-bottom: 0px !important;}\u00bb]<\/p>\n<h4 style=\"text-align: left;\"><a title=\"Caso Cl\u00ednico 1\" href=\"https:\/\/www.atlasrleye.com\/es\/nevus-de-la-coroides\/caso-clinico-1\/\">Caso Cl\u00ednico 1<\/a><\/h4>\n<p>[\/vc_column_text][vc_gallery type=\u00bbimage_grid\u00bb images=\u00bb22369,22054&#8243; img_size=\u00bb150&#8243; css=\u00bb.vc_custom_1752596604641{margin-bottom: 10px !important;margin-left: -20px !important;}\u00bb][vc_row_inner][vc_column_inner width=\u00bb1\/5&#8243; offset=\u00bbvc_col-xs-1\/5&#8243;]<div class=\"aio-icon-component    style_1\"><div id=\"Info-box-wrap-2667\" class=\"aio-icon-box default-icon\" style=\"\"  ><div class=\"aio-icon-default\"><div class=\"ult-just-icon-wrapper  \"><div class=\"align-icon\" style=\"text-align:center;\">\n<div class=\"aio-icon none \"  style=\"color:#5f1b52;font-size:16px;display:inline-block;\">\n\t<i class=\"Defaults-calendar\"><\/i>\n<\/div><\/div><\/div><\/div><div class=\"aio-icon-header\" ><h3 class=\"aio-icon-title ult-responsive\"  data-ultimate-target='#Info-box-wrap-2667 .aio-icon-title'  data-responsive-json-new='{\"font-size\":\"\",\"line-height\":\"\"}'  style=\"color:#5f1b52;\">1<\/h3><\/div> <!-- header --><\/div> <!-- aio-icon-box --><\/div> <!-- aio-icon-component -->[\/vc_column_inner][vc_column_inner width=\u00bb1\/5&#8243; offset=\u00bbvc_col-xs-1\/5&#8243;]<div class=\"aio-icon-component    style_1\"><div id=\"Info-box-wrap-9313\" class=\"aio-icon-box default-icon\" style=\"\"  ><div class=\"aio-icon-default\"><div class=\"ult-just-icon-wrapper  \"><div class=\"align-icon\" style=\"text-align:center;\">\n<div class=\"aio-icon none \"  style=\"color:#5f1b52;font-size:16px;display:inline-block;\">\n\t<i class=\"Defaults-camera\"><\/i>\n<\/div><\/div><\/div><\/div><div class=\"aio-icon-header\" ><h3 class=\"aio-icon-title ult-responsive\"  data-ultimate-target='#Info-box-wrap-9313 .aio-icon-title'  data-responsive-json-new='{\"font-size\":\"\",\"line-height\":\"\"}'  style=\"color:#5f1b52;\">28<\/h3><\/div> <!-- header --><\/div> <!-- aio-icon-box --><\/div> <!-- aio-icon-component -->[\/vc_column_inner][vc_column_inner width=\u00bb1\/5&#8243; offset=\u00bbvc_col-xs-1\/5&#8243;]<div class=\"aio-icon-component    style_1\"><div id=\"Info-box-wrap-1754\" class=\"aio-icon-box default-icon\" style=\"\"  ><div class=\"aio-icon-default\"><div class=\"ult-just-icon-wrapper  \"><div class=\"align-icon\" style=\"text-align:center;\">\n<div class=\"aio-icon none \"  style=\"color:#5f1b52;font-size:16px;display:inline-block;\">\n\t<i class=\"Defaults-film\"><\/i>\n<\/div><\/div><\/div><\/div><div class=\"aio-icon-header\" ><h3 class=\"aio-icon-title ult-responsive\"  data-ultimate-target='#Info-box-wrap-1754 .aio-icon-title'  data-responsive-json-new='{\"font-size\":\"\",\"line-height\":\"\"}'  style=\"color:#5f1b52;\">0<\/h3><\/div> <!-- header --><\/div> <!-- aio-icon-box --><\/div> <!-- aio-icon-component -->[\/vc_column_inner][\/vc_row_inner][\/vc_column][\/vc_row]<\/p>\n<\/div>","protected":false},"excerpt":{"rendered":"<p>[vc_row][vc_column][vc_custom_heading text=\u00bbTUMORES DE RETINA Y COROIDES\u00bb font_container=\u00bbtag:h5|font_size:22px|text_align:center|color:%23000000&#8243; use_theme_fonts=\u00bbyes\u00bb link=\u00bburl:https%3A%2F%2Fwww.atlasrleye.com%2Fes%2Fatlas%2F%231636632883096-c2c9ed67-9b78|\u00bb][vc_text_separator title=\u00bb\u00bb i_icon_fontawesome=\u00bbfas fa-eye\u00bb i_color=\u00bbcustom\u00bb i_size=\u00bblg\u00bb color=\u00bbcustom\u00bb border_width=\u00bb8&#8243; css=\u00bb.vc_custom_1637080776101{margin-bottom: -5px !important;}\u00bb add_icon=\u00bbtrue\u00bb accent_color=\u00bb#bababa\u00bb i_custom_color=\u00bb#bababa\u00bb][vc_custom_heading source=\u00bbpost_title\u00bb font_container=\u00bbtag:h1|font_size:44px|text_align:center|color:%235f1b52&#8243; use_theme_fonts=\u00bbyes\u00bb][\/vc_column][\/vc_row][vc_row][vc_column width=\u00bb3\/4&#8243;][vc_column_text css=\u00bb\u00bb] El nevus de coroides es un tumor melanoc\u00edtico benigno que se presenta como [&hellip;]<\/p>\n","protected":false},"author":3,"featured_media":0,"parent":0,"menu_order":0,"comment_status":"closed","ping_status":"closed","template":"","meta":{"_monsterinsights_skip_tracking":false,"_monsterinsights_sitenote_active":false,"_monsterinsights_sitenote_note":"","_monsterinsights_sitenote_category":0,"footnotes":""},"class_list":["post-73321","page","type-page","status-publish","hentry"],"_links":{"self":[{"href":"https:\/\/www.atlasrleye.com\/es\/wp-json\/wp\/v2\/pages\/73321","targetHints":{"allow":["GET"]}}],"collection":[{"href":"https:\/\/www.atlasrleye.com\/es\/wp-json\/wp\/v2\/pages"}],"about":[{"href":"https:\/\/www.atlasrleye.com\/es\/wp-json\/wp\/v2\/types\/page"}],"author":[{"embeddable":true,"href":"https:\/\/www.atlasrleye.com\/es\/wp-json\/wp\/v2\/users\/3"}],"replies":[{"embeddable":true,"href":"https:\/\/www.atlasrleye.com\/es\/wp-json\/wp\/v2\/comments?post=73321"}],"version-history":[{"count":15,"href":"https:\/\/www.atlasrleye.com\/es\/wp-json\/wp\/v2\/pages\/73321\/revisions"}],"predecessor-version":[{"id":118249,"href":"https:\/\/www.atlasrleye.com\/es\/wp-json\/wp\/v2\/pages\/73321\/revisions\/118249"}],"wp:attachment":[{"href":"https:\/\/www.atlasrleye.com\/es\/wp-json\/wp\/v2\/media?parent=73321"}],"curies":[{"name":"wp","href":"https:\/\/api.w.org\/{rel}","templated":true}]}}