{"id":72227,"date":"2021-11-18T12:04:55","date_gmt":"2021-11-18T12:04:55","guid":{"rendered":"https:\/\/www.atlasrleye.com\/neuropatia-optica-isquemica-anterior\/"},"modified":"2025-07-22T00:30:18","modified_gmt":"2025-07-22T00:30:18","slug":"neuropatia-optica-isquemica-anterior","status":"publish","type":"page","link":"https:\/\/www.atlasrleye.com\/es\/neuropatia-optica-isquemica-anterior\/","title":{"rendered":"NEUROPAT\u00cdA \u00d3PTICA ISQU\u00c9MICA ANTERIOR"},"content":{"rendered":"<div class=\"wpb-content-wrapper\"><p>[vc_row][vc_column][vc_custom_heading text=\u00bbENFERMEDADES DEL NERVIO \u00d3PTICO\u00bb font_container=\u00bbtag:h5|font_size:22px|text_align:center|color:%23000000&#8243; use_theme_fonts=\u00bbyes\u00bb link=\u00bburl:https%3A%2F%2Fwww.atlasrleye.com%2Fes%2Fatlas%2F%231635513667903-88e5ccf5-18e6|\u00bb][vc_text_separator title=\u00bb\u00bb i_icon_fontawesome=\u00bbfas fa-eye\u00bb i_color=\u00bbcustom\u00bb i_size=\u00bblg\u00bb color=\u00bbcustom\u00bb border_width=\u00bb8&#8243; css=\u00bb.vc_custom_1637080776101{margin-bottom: -5px !important;}\u00bb add_icon=\u00bbtrue\u00bb accent_color=\u00bb#bababa\u00bb i_custom_color=\u00bb#bababa\u00bb][vc_custom_heading source=\u00bbpost_title\u00bb font_container=\u00bbtag:h1|font_size:44px|text_align:center|color:%235f1b52&#8243; use_theme_fonts=\u00bbyes\u00bb]<div class=\"ult-spacer spacer-6a04d5890e569\" data-id=\"6a04d5890e569\" data-height=\"30\" data-height-mobile=\"0\" data-height-tab=\"\" data-height-tab-portrait=\"\" data-height-mobile-landscape=\"\" style=\"clear:both;display:block;\"><\/div>[\/vc_column][\/vc_row][vc_row][vc_column width=\u00bb3\/4&#8243;][vc_column_text css=\u00bb\u00bb]<\/p>\n<p style=\"text-align: justify; font-size: 16px;\">La neuropat\u00eda \u00f3ptica isqu\u00e9mica anterior (NOIA) es una alteraci\u00f3n isqu\u00e9mica de la cabeza del nervio \u00f3ptico. Es caracterizada por pierda de visi\u00f3n unilateral y dolor, que se desarrolla en un periodo de horas o d\u00edas. Est\u00e1 en general presente un defecto pupilar aferente relativo, a menos que haya una neuropat\u00eda \u00f3ptica bilateral y un defecto en el campo visual que normalmente es altitudinal o arqueado.  <\/p>\n<p style=\"text-align: justify; font-size: 16px;\">Se debe hacer la distinci\u00f3n entre dos cuadros cl\u00ednicos que tienen terap\u00e9uticas diferentes y implicaciones en el pron\u00f3stico: la neuropat\u00eda \u00f3ptica isqu\u00e9mica anterior arter\u00edtica (NOIAA) y la neuropat\u00eda \u00f3ptica isqu\u00e9mica no arter\u00edtica (NOIAN).<\/p>\n<p style=\"text-align: justify; font-size: 16px;\">La NOIAN representa 5% de los casos de NOIA. Es una situaci\u00f3n grave con oclusi\u00f3n de arterias ciliares cortas posteriores por un proceso inflamatorio. El diagn\u00f3stico se hace cerca de los 70 a\u00f1os de edad.  <\/p>\n<p style=\"text-align: justify; font-size: 16px;\">Una buena historia cl\u00ednica es fundamental en este grupo de pacientes. La NOIAN es frecuentemente acompa\u00f1ada por malestar, anorexia y pierda de peso, fiebre, dolores articulares y musculares. Los pacientes pueden presentar cefaleas y una hipersensibilidad del cuero cabelludo en el territorio de la arteria temporal. El s\u00edntoma especifico m\u00e1s com\u00fan la claudicaci\u00f3n de la mand\u00edbula. El s\u00edndrome de polimialgia reum\u00e1tica es frecuentemente asociado a NOIA. La agudeza visual se ve seriamente comprometida, siendo&lt; 20\/200 en 60% de los pacientes.     <\/p>\n<p style=\"text-align: justify; font-size: 16px;\">El examen de fondo revela un edema de disco \u00f3ptico, p\u00e1lido y puede presentar manchas algodonosas. La isquemia de coroides es frecuente y se manifiesta con palidez peripapilar y edema y en la angiograf\u00eda con fluoresce\u00edna por un retraso de perfusi\u00f3n.  Los niveles de prote\u00edna C reactiva y de la velocidad de sedimentaci\u00f3n de los eritrocitos son en general elevados.<\/p>\n<p style=\"text-align: justify; font-size: 16px;\">El diagn\u00f3stico puede ser confirmado por una biopsia de la arteria temporal que muestra destrucci\u00f3n inflamatoria de la junci\u00f3n media-intima, con o sin c\u00e9lulas gigantes. Una biopsia positiva confirma el diagn\u00f3stico per se es negativa el diagn\u00f3stico no es excluido. <\/p>\n<p style=\"text-align: justify; font-size: 16px;\">Cuando hay una fuerte sospecha cl\u00ednica, el tratamiento debe ser iniciado lo m\u00e1s brevemente posible con una dosis alta de corticoesteroides.<\/p>\n<p style=\"text-align: justify; font-size: 16px;\">El tratamiento temprano no mejora la visi\u00f3n del ojo afectado pero evita complicaciones sist\u00e9micas y preserva el ojo contralateral (implicado en 95% de los casos, en d\u00edas o semanas sin tratamiento).<\/p>\n<p style=\"text-align: justify; font-size: 16px;\">La NOIAN es m\u00e1s frecuente y corresponde a 90-95% de casos de NOIA. El diagn\u00f3stico es hecho cerca de los 60 a\u00f1os de edad. La p\u00e9rdida de visi\u00f3n es menos grave do que en NOIA, con 60% de pacientes presentando agudeza visual &gt; 20\/200. Los pacientes se quejan frecuentemente de p\u00e9rdida de visi\u00f3n al despertar. El examen de fondo muestra un edema de disco \u00f3ptico, difuso o sectorial, p\u00e1lido o hiper\u00e9mico. La observaci\u00f3n del ojo adelfo muestra un disco \u00f3ptico peque\u00f1o que en general se vuelve atr\u00f3fica tras 4-8 semanas. La angiograf\u00eda con fluoresce\u00edna muestra un retraso en la perfusi\u00f3n en cerca de 75% de los casos. Los factores de riesgo para la NOIAN incluyen la hipertensi\u00f3n arterial, diabetes mellitus, tabaquismo y dislipidemias.<\/p>\n<p style=\"text-align: justify; font-size: 16px;\">No hay tratamiento probado para la NOIAN o para la profilaxis del otro ojo.<\/p>\n<p>[\/vc_column_text][\/vc_column][vc_column width=\u00bb1\/4&#8243;][vc_images_carousel images=\u00bb8064,8063&#8243; img_size=\u00bbmedium\u00bb speed=\u00bb2000&#8243; autoplay=\u00bbyes\u00bb hide_pagination_control=\u00bbyes\u00bb wrap=\u00bbyes\u00bb css=\u00bb.vc_custom_1748566642422{margin-bottom: 10px !important;}\u00bb]<div class=\"stats-block stats-left  \"><div class=\"aio-icon-left\"><div class=\"ult-just-icon-wrapper  \"><div class=\"align-icon\" style=\"text-align:center;\">\n<div class=\"aio-icon square \"  style=\"color:#333333;background:#ffffff;font-size:32px;display:inline-block;\">\n\t<i class=\"Defaults-eye\"><\/i>\n<\/div><\/div><\/div><\/div><div class=\"stats-desc\" id=\"counter-responsv-wrap-4169\"><div id=\"counter_23382671946a04d5890e801\" data-id=\"counter_23382671946a04d5890e801\"  data-ultimate-target='#counter-responsv-wrap-4169 .stats-number'  data-responsive-json-new='{\"font-size\":\"\",\"line-height\":\"\"}'  class=\"stats-number ult-responsive\" style=\"font-size:28px;  \" data-speed=\"3\" data-counter-value=\"1\" data-separator=\",\" data-decimal=\".\">0<\/div><div id=\"title-counter_23382671946a04d5890e801\"  data-ultimate-target='#counter-responsv-wrap-4169 .stats-text'  data-responsive-json-new='{\"font-size\":\"desktop:16px;\",\"line-height\":\"\"}'  class=\"stats-text ult-responsive\" style=\"font-size:px;  font-weight:bold;\">Casos Cl\u00ednicos<\/div><\/div><\/div>[\/vc_column][\/vc_row][vc_row][vc_column][vc_column_text css=\u00bb.vc_custom_1748566664640{margin-bottom: 10px !important;}\u00bb]<\/p>\n<h1><strong><span style=\"color: #5f1b52;\">Casos Cl\u00ednicos<\/span><\/strong><\/h1>\n<p>[\/vc_column_text][\/vc_column][\/vc_row][vc_row][vc_column width=\u00bb1\/4&#8243;][vc_column_text css=\u00bb.vc_custom_1748566686261{margin-bottom: 0px !important;}\u00bb]<\/p>\n<h4 style=\"text-align: left;\"><a href=\"https:\/\/www.atlasrleye.com\/es\/neuropatia-optica-isquemica-anterior\/caso-clinico-1\/\">Caso Cl\u00ednico 1<\/a><\/h4>\n<p>[\/vc_column_text][vc_gallery type=\u00bbimage_grid\u00bb images=\u00bb8063,8064&#8243; img_size=\u00bb140&#8243; css=\u00bb.vc_custom_1753144142689{margin-bottom: 10px !important;margin-left: -20px !important;}\u00bb][vc_row_inner][vc_column_inner width=\u00bb1\/5&#8243; offset=\u00bbvc_col-xs-1\/5&#8243;]<div class=\"aio-icon-component    style_1\"><div id=\"Info-box-wrap-7384\" class=\"aio-icon-box default-icon\" style=\"\"  ><div class=\"aio-icon-default\"><div class=\"ult-just-icon-wrapper  \"><div class=\"align-icon\" style=\"text-align:center;\">\n<div class=\"aio-icon none \"  style=\"color:#5f1b52;font-size:16px;display:inline-block;\">\n\t<i class=\"Defaults-calendar\"><\/i>\n<\/div><\/div><\/div><\/div><div class=\"aio-icon-header\" ><h3 class=\"aio-icon-title ult-responsive\"  data-ultimate-target='#Info-box-wrap-7384 .aio-icon-title'  data-responsive-json-new='{\"font-size\":\"\",\"line-height\":\"\"}'  style=\"color:#5f1b52;\">3<\/h3><\/div> <!-- header --><\/div> <!-- aio-icon-box --><\/div> <!-- aio-icon-component -->[\/vc_column_inner][vc_column_inner width=\u00bb1\/5&#8243; offset=\u00bbvc_col-xs-1\/5&#8243;]<div class=\"aio-icon-component    style_1\"><div id=\"Info-box-wrap-8683\" class=\"aio-icon-box default-icon\" style=\"\"  ><div class=\"aio-icon-default\"><div class=\"ult-just-icon-wrapper  \"><div class=\"align-icon\" style=\"text-align:center;\">\n<div class=\"aio-icon none \"  style=\"color:#5f1b52;font-size:16px;display:inline-block;\">\n\t<i class=\"Defaults-camera\"><\/i>\n<\/div><\/div><\/div><\/div><div class=\"aio-icon-header\" ><h3 class=\"aio-icon-title ult-responsive\"  data-ultimate-target='#Info-box-wrap-8683 .aio-icon-title'  data-responsive-json-new='{\"font-size\":\"\",\"line-height\":\"\"}'  style=\"color:#5f1b52;\">40<\/h3><\/div> <!-- header --><\/div> <!-- aio-icon-box --><\/div> <!-- aio-icon-component -->[\/vc_column_inner][vc_column_inner width=\u00bb1\/5&#8243; offset=\u00bbvc_col-xs-1\/5&#8243;]<div class=\"aio-icon-component    style_1\"><div id=\"Info-box-wrap-3835\" class=\"aio-icon-box default-icon\" style=\"\"  ><div class=\"aio-icon-default\"><div class=\"ult-just-icon-wrapper  \"><div class=\"align-icon\" style=\"text-align:center;\">\n<div class=\"aio-icon none \"  style=\"color:#5f1b52;font-size:16px;display:inline-block;\">\n\t<i class=\"Defaults-film\"><\/i>\n<\/div><\/div><\/div><\/div><div class=\"aio-icon-header\" ><h3 class=\"aio-icon-title ult-responsive\"  data-ultimate-target='#Info-box-wrap-3835 .aio-icon-title'  data-responsive-json-new='{\"font-size\":\"\",\"line-height\":\"\"}'  style=\"color:#5f1b52;\">0<\/h3><\/div> <!-- header --><\/div> <!-- aio-icon-box --><\/div> <!-- aio-icon-component -->[\/vc_column_inner][\/vc_row_inner][\/vc_column][\/vc_row]<\/p>\n<\/div>","protected":false},"excerpt":{"rendered":"<p>[vc_row][vc_column][vc_custom_heading text=\u00bbENFERMEDADES DEL NERVIO \u00d3PTICO\u00bb font_container=\u00bbtag:h5|font_size:22px|text_align:center|color:%23000000&#8243; use_theme_fonts=\u00bbyes\u00bb link=\u00bburl:https%3A%2F%2Fwww.atlasrleye.com%2Fes%2Fatlas%2F%231635513667903-88e5ccf5-18e6|\u00bb][vc_text_separator title=\u00bb\u00bb i_icon_fontawesome=\u00bbfas fa-eye\u00bb i_color=\u00bbcustom\u00bb i_size=\u00bblg\u00bb color=\u00bbcustom\u00bb border_width=\u00bb8&#8243; css=\u00bb.vc_custom_1637080776101{margin-bottom: -5px !important;}\u00bb add_icon=\u00bbtrue\u00bb accent_color=\u00bb#bababa\u00bb i_custom_color=\u00bb#bababa\u00bb][vc_custom_heading source=\u00bbpost_title\u00bb font_container=\u00bbtag:h1|font_size:44px|text_align:center|color:%235f1b52&#8243; use_theme_fonts=\u00bbyes\u00bb][\/vc_column][\/vc_row][vc_row][vc_column width=\u00bb3\/4&#8243;][vc_column_text css=\u00bb\u00bb] La neuropat\u00eda \u00f3ptica isqu\u00e9mica anterior (NOIA) es una alteraci\u00f3n isqu\u00e9mica de la cabeza del [&hellip;]<\/p>\n","protected":false},"author":3,"featured_media":0,"parent":0,"menu_order":0,"comment_status":"closed","ping_status":"closed","template":"","meta":{"_monsterinsights_skip_tracking":false,"_monsterinsights_sitenote_active":false,"_monsterinsights_sitenote_note":"","_monsterinsights_sitenote_category":0,"footnotes":""},"class_list":["post-72227","page","type-page","status-publish","hentry"],"_links":{"self":[{"href":"https:\/\/www.atlasrleye.com\/es\/wp-json\/wp\/v2\/pages\/72227","targetHints":{"allow":["GET"]}}],"collection":[{"href":"https:\/\/www.atlasrleye.com\/es\/wp-json\/wp\/v2\/pages"}],"about":[{"href":"https:\/\/www.atlasrleye.com\/es\/wp-json\/wp\/v2\/types\/page"}],"author":[{"embeddable":true,"href":"https:\/\/www.atlasrleye.com\/es\/wp-json\/wp\/v2\/users\/3"}],"replies":[{"embeddable":true,"href":"https:\/\/www.atlasrleye.com\/es\/wp-json\/wp\/v2\/comments?post=72227"}],"version-history":[{"count":9,"href":"https:\/\/www.atlasrleye.com\/es\/wp-json\/wp\/v2\/pages\/72227\/revisions"}],"predecessor-version":[{"id":118566,"href":"https:\/\/www.atlasrleye.com\/es\/wp-json\/wp\/v2\/pages\/72227\/revisions\/118566"}],"wp:attachment":[{"href":"https:\/\/www.atlasrleye.com\/es\/wp-json\/wp\/v2\/media?parent=72227"}],"curies":[{"name":"wp","href":"https:\/\/api.w.org\/{rel}","templated":true}]}}