{"id":106807,"date":"2024-04-22T15:09:05","date_gmt":"2024-04-22T15:09:05","guid":{"rendered":"https:\/\/www.atlasrleye.com\/?page_id=106807"},"modified":"2024-04-26T14:57:08","modified_gmt":"2024-04-26T14:57:08","slug":"fosa-congenita-del-disco-optico-enfoque-terapeutico-y-quirurgico-innovador-en-el-centro-cirurgico-de-coimbra","status":"publish","type":"page","link":"https:\/\/www.atlasrleye.com\/es\/fosa-congenita-del-disco-optico-enfoque-terapeutico-y-quirurgico-innovador-en-el-centro-cirurgico-de-coimbra\/","title":{"rendered":"Fosa Cong\u00e9nita del Disco \u00d3ptico: Enfoque Terap\u00e9utico y Quir\u00fargico Innovador, en el Centro Cir\u00fargico de Coimbra"},"content":{"rendered":"<div class=\"wpb-content-wrapper\"><p>[vc_row][vc_column][vc_custom_heading text=\u00bbFOSA CONG\u00c9NITA DEL DISCO \u00d3PTICO: ENFOQUE TERAP\u00c9UTICO Y QUIR\u00daRGICO INNOVADOR, EN EL CENTRO CIR\u00daRGICO DE COIMBRA\u00bb font_container=\u00bbtag:h5|font_size:44px|text_align:center|color:%235f1b52&#8243; google_fonts=\u00bbfont_family:Average%20Sans%3Aregular|font_style:400%20regular%3A400%3Anormal\u00bb]<div class=\"ult-spacer spacer-69e21cfb4618a\" data-id=\"69e21cfb4618a\" data-height=\"70\" data-height-mobile=\"70\" data-height-tab=\"70\" data-height-tab-portrait=\"\" data-height-mobile-landscape=\"\" style=\"clear:both;display:block;\"><\/div>[\/vc_column][\/vc_row][vc_row][vc_column width=\u00bb2\/3&#8243;][vc_column_text]<\/p>\n<div class=\"w-100 middle-subtext text-justify hidden-text\">\n<p style=\"text-align: justify; font-size: 16px;\">La fosa \u00f3ptica es una anomal\u00eda rara de la papila, de etiopatogenia desconocida, que se presenta frecuentemente con desprendimiento seroso de retina en la zona macular y con alteraciones retinianas similares a la esquisis, parecendo haber una comunicaci\u00f3n entre la retina y la fosa.<\/p>\n<p style=\"text-align: justify; font-size: 16px;\">Hasta la fecha, la baja incidencia y complejidad de esta patolog\u00eda no han permitido la selecci\u00f3n de un tratamiento \u00f3ptimo.<\/p>\n<p style=\"text-align: justify; font-size: 16px;\">Un nuevo abordaje quir\u00fargico permiti\u00f3 la recuperaci\u00f3n anat\u00f3mica y funcional de la retina de estos pacientes: vitrectom\u00eda y taponamiento con gas, que son esenciales para el drenaje del l\u00edquido subretiniano a trav\u00e9s de la fosa; sellar la fosa con un fragmento de escler\u00f3tica para evitar que entre l\u00edquido en la retina.<\/p>\n<p style=\"text-align: justify; font-size: 16px;\">A la vista de los resultados obtenidos, presentados en este atlas y en los art\u00edculos que se indican a continuaci\u00f3n, la t\u00e9cnica aqu\u00ed utilizada es, en nuestra opini\u00f3n, m\u00e1s eficaz en determinados casos de Fosa \u00d3ptica.<\/p>\n<p style=\"text-align: justify; font-size: 16px;\"><a href=\"https:\/\/www.atlasrleye.com\/es\/fosetas-congenitas-del-disco-optico\/\">FOSAS CONG\u00c9NITAS DEL DISCO \u00d3PTICO \u2013 Atlas RL Eye<\/a><\/p>\n<p style=\"text-align: justify; font-size: 16px;\"><a href=\"https:\/\/spoftalmologia.pt\/wp-content\/uploads\/2011\/07\/revista_spo_n3_2011_pp.273-282.pdf\">Optic PIT: Revis\u00e3o de Casos Cir\u00fargicos e Abordagem Terap\u00eautica Inovadora . Ana Travassos, Isaura Regadas, Robert van Velze, M\u00e1rio Alfaiate, Eduardo Silva, Rui Proen\u00e7a, Rufino Silva, Ant\u00f3nio Travassos. Hospitais da Universidade de Coimbra, Centro Cir\u00fargico de Coimbra. Revista da Sociedade Portuguesa de Oftalmologia \u2013 2012, Vol35: pp 273-282. Figura1 (spoftalmologia.pt)<\/a><\/p>\n<p style=\"text-align: justify; font-size: 16px;\"><a href=\"https:\/\/journals.lww.com\/retinajournal\/citation\/2013\/09000\/optic_pit__novel_surgical_management_of.27.aspx\">Travassos AS, Regadas I, Alfaiate M, Silva ED, Proen\u00e7a R, Travassos A. Optic pit: novel surgical management of complicated cases. Retina. 2013 Sep;33(8):1708-14. DOI: 10.1097\/IAE.0b013e31828e699c PMID: 23644559.<\/a><\/p>\n<p>&nbsp;<\/p>\n<\/div>\n<p>[\/vc_column_text][\/vc_column][vc_column css_animation=\u00bbnone\u00bb width=\u00bb1\/3&#8243;][vc_single_image image=\u00bb106788&#8243; img_size=\u00bbfull\u00bb onclick=\u00bbcustom_link\u00bb img_link_target=\u00bb_blank\u00bb link=\u00bbhttps:\/\/www.atlasrleye.com\/wp-content\/uploads\/2024\/03\/WP_Glaucoma-Automatic-Diagnosis-1.pdf\u00bb][\/vc_column][\/vc_row]<\/p>\n<\/div>","protected":false},"excerpt":{"rendered":"<p>[vc_row][vc_column][vc_custom_heading text=\u00bbFOSA CONG\u00c9NITA DEL DISCO \u00d3PTICO: ENFOQUE TERAP\u00c9UTICO Y QUIR\u00daRGICO INNOVADOR, EN EL CENTRO CIR\u00daRGICO DE COIMBRA\u00bb font_container=\u00bbtag:h5|font_size:44px|text_align:center|color:%235f1b52&#8243; google_fonts=\u00bbfont_family:Average%20Sans%3Aregular|font_style:400%20regular%3A400%3Anormal\u00bb][\/vc_column][\/vc_row][vc_row][vc_column width=\u00bb2\/3&#8243;][vc_column_text] La fosa \u00f3ptica es una anomal\u00eda rara de la papila, de etiopatogenia desconocida, que se presenta frecuentemente con desprendimiento seroso [&hellip;]<\/p>\n","protected":false},"author":3,"featured_media":0,"parent":0,"menu_order":0,"comment_status":"closed","ping_status":"closed","template":"","meta":{"_monsterinsights_skip_tracking":false,"_monsterinsights_sitenote_active":false,"_monsterinsights_sitenote_note":"","_monsterinsights_sitenote_category":0,"footnotes":""},"class_list":["post-106807","page","type-page","status-publish","hentry"],"_links":{"self":[{"href":"https:\/\/www.atlasrleye.com\/es\/wp-json\/wp\/v2\/pages\/106807","targetHints":{"allow":["GET"]}}],"collection":[{"href":"https:\/\/www.atlasrleye.com\/es\/wp-json\/wp\/v2\/pages"}],"about":[{"href":"https:\/\/www.atlasrleye.com\/es\/wp-json\/wp\/v2\/types\/page"}],"author":[{"embeddable":true,"href":"https:\/\/www.atlasrleye.com\/es\/wp-json\/wp\/v2\/users\/3"}],"replies":[{"embeddable":true,"href":"https:\/\/www.atlasrleye.com\/es\/wp-json\/wp\/v2\/comments?post=106807"}],"version-history":[{"count":10,"href":"https:\/\/www.atlasrleye.com\/es\/wp-json\/wp\/v2\/pages\/106807\/revisions"}],"predecessor-version":[{"id":107144,"href":"https:\/\/www.atlasrleye.com\/es\/wp-json\/wp\/v2\/pages\/106807\/revisions\/107144"}],"wp:attachment":[{"href":"https:\/\/www.atlasrleye.com\/es\/wp-json\/wp\/v2\/media?parent=106807"}],"curies":[{"name":"wp","href":"https:\/\/api.w.org\/{rel}","templated":true}]}}