{"id":106793,"date":"2024-04-22T14:52:29","date_gmt":"2024-04-22T14:52:29","guid":{"rendered":"https:\/\/www.atlasrleye.com\/?page_id=106793"},"modified":"2024-04-23T10:09:10","modified_gmt":"2024-04-23T10:09:10","slug":"altice-labs-centro-cirurgico-de-coimbra","status":"publish","type":"page","link":"https:\/\/www.atlasrleye.com\/es\/altice-labs-centro-cirurgico-de-coimbra\/","title":{"rendered":"ALTICE LABS \u2013 CENTRO CIR\u00daRGICO DE COIMBRA"},"content":{"rendered":"<div class=\"wpb-content-wrapper\"><p>[vc_row][vc_column][vc_custom_heading text=\u00bbALTICE LABS \u2013 CENTRO CIR\u00daRGICO DE COIMBRA\u00bb font_container=\u00bbtag:h5|font_size:44px|text_align:center|color:%235f1b52&#8243; google_fonts=\u00bbfont_family:Average%20Sans%3Aregular|font_style:400%20regular%3A400%3Anormal\u00bb]<div class=\"ult-spacer spacer-69f627cb5e541\" data-id=\"69f627cb5e541\" data-height=\"70\" data-height-mobile=\"70\" data-height-tab=\"70\" data-height-tab-portrait=\"\" data-height-mobile-landscape=\"\" style=\"clear:both;display:block;\"><\/div>[\/vc_column][\/vc_row][vc_row][vc_column width=\u00bb2\/3&#8243;][vc_column_text]<\/p>\n<div class=\"w-100 middle-subtext text-justify hidden-text\">\n<p style=\"text-align: justify; font-size: 16px;\">La Altice Labs, en colaboraci\u00f3n con el Centro Cir\u00fargico de Coimbra (CCC), est\u00e1 desarrollando actualmente un software para el diagn\u00f3stico del glaucoma en sus primeras etapas, que se describe en el art\u00edculo presentado.<\/p>\n<p style=\"text-align: justify; font-size: 16px;\">Esta enfermedad a menudo pasa desapercibida debido a la ausencia de s\u00edntomas perceptibles en una etapa temprana. El glaucoma es de naturaleza progresiva y conduce a una p\u00e9rdida gradual de la visi\u00f3n perif\u00e9rica y central que no es recuperable y, cuando no se trata, puede progresar a la ceguera total e irreversible.<\/p>\n<p style=\"text-align: justify; font-size: 16px;\">El trabajo desarrollado busca crear un sistema de \u00abMachine Learning\u00bb, a trav\u00e9s de algoritmos que extraen patrones de grandes cantidades de datos presentes en los ex\u00e1menes oculares de pacientes anonimizados del CCC. La integraci\u00f3n de esta t\u00e9cnica de Inteligencia Artificial en la pr\u00e1ctica cl\u00ednica tiene un gran potencial para revolucionar la detecci\u00f3n precoz y el tratamiento de esta enfermedad.<\/p>\n<p style=\"text-align: justify; font-size: 16px;\">Nota: El Centro Cir\u00fargico de Coimbra participa en este estudio sin fines de lucro.<\/p>\n<\/div>\n<p>[\/vc_column_text][\/vc_column][vc_column css_animation=\u00bbnone\u00bb width=\u00bb1\/3&#8243;][vc_single_image image=\u00bb102784&#8243; img_size=\u00bbfull\u00bb onclick=\u00bbcustom_link\u00bb img_link_target=\u00bb_blank\u00bb link=\u00bbhttps:\/\/www.atlasrleye.com\/wp-content\/uploads\/2024\/03\/WP_Glaucoma-Automatic-Diagnosis-1.pdf\u00bb][vc_custom_heading text=\u00bbM\u00e1s informaci\u00f3n (PDF)\u00bb font_container=\u00bbtag:h1|font_size:14|text_align:center\u00bb css=\u00bb.vc_custom_1709680347374{margin-top: -30px !important;}\u00bb][\/vc_column][\/vc_row]<\/p>\n<\/div>","protected":false},"excerpt":{"rendered":"<p>[vc_row][vc_column][vc_custom_heading text=\u00bbALTICE LABS \u2013 CENTRO CIR\u00daRGICO DE COIMBRA\u00bb font_container=\u00bbtag:h5|font_size:44px|text_align:center|color:%235f1b52&#8243; google_fonts=\u00bbfont_family:Average%20Sans%3Aregular|font_style:400%20regular%3A400%3Anormal\u00bb][\/vc_column][\/vc_row][vc_row][vc_column width=\u00bb2\/3&#8243;][vc_column_text] La Altice Labs, en colaboraci\u00f3n con el Centro Cir\u00fargico de Coimbra (CCC), est\u00e1 desarrollando actualmente un software para el diagn\u00f3stico del glaucoma en sus primeras etapas, que se describe [&hellip;]<\/p>\n","protected":false},"author":3,"featured_media":0,"parent":0,"menu_order":0,"comment_status":"closed","ping_status":"closed","template":"","meta":{"_monsterinsights_skip_tracking":false,"_monsterinsights_sitenote_active":false,"_monsterinsights_sitenote_note":"","_monsterinsights_sitenote_category":0,"footnotes":""},"class_list":["post-106793","page","type-page","status-publish","hentry"],"_links":{"self":[{"href":"https:\/\/www.atlasrleye.com\/es\/wp-json\/wp\/v2\/pages\/106793","targetHints":{"allow":["GET"]}}],"collection":[{"href":"https:\/\/www.atlasrleye.com\/es\/wp-json\/wp\/v2\/pages"}],"about":[{"href":"https:\/\/www.atlasrleye.com\/es\/wp-json\/wp\/v2\/types\/page"}],"author":[{"embeddable":true,"href":"https:\/\/www.atlasrleye.com\/es\/wp-json\/wp\/v2\/users\/3"}],"replies":[{"embeddable":true,"href":"https:\/\/www.atlasrleye.com\/es\/wp-json\/wp\/v2\/comments?post=106793"}],"version-history":[{"count":10,"href":"https:\/\/www.atlasrleye.com\/es\/wp-json\/wp\/v2\/pages\/106793\/revisions"}],"predecessor-version":[{"id":106865,"href":"https:\/\/www.atlasrleye.com\/es\/wp-json\/wp\/v2\/pages\/106793\/revisions\/106865"}],"wp:attachment":[{"href":"https:\/\/www.atlasrleye.com\/es\/wp-json\/wp\/v2\/media?parent=106793"}],"curies":[{"name":"wp","href":"https:\/\/api.w.org\/{rel}","templated":true}]}}