{"id":102056,"date":"2024-03-03T22:46:50","date_gmt":"2024-03-03T22:46:50","guid":{"rendered":"https:\/\/www.atlasrleye.com\/?page_id=102056"},"modified":"2024-03-31T14:25:48","modified_gmt":"2024-03-31T14:25:48","slug":"caso-clinico-17","status":"publish","type":"page","link":"https:\/\/www.atlasrleye.com\/es\/desprendimiento-regmatogeno-de-retina\/caso-clinico-17\/","title":{"rendered":"Caso Cl\u00ednico 17"},"content":{"rendered":"<div class=\"wpb-content-wrapper\"><p>[vc_row][vc_column][vc_custom_heading text=\u00bbENFERMEDADES DE LA RETINA PERIF\u00c9RICA\u00bb font_container=\u00bbtag:h5|font_size:22px|text_align:center|color:%23000000&#8243; use_theme_fonts=\u00bbyes\u00bb link=\u00bburl:https%3A%2F%2Fwww.atlasrleye.com%2Fes%2Fatlas%2F%231635513661731-3ad1a8f3-3c4e|\u00bb][vc_text_separator title=\u00bb\u00bb i_icon_fontawesome=\u00bbfas fa-eye\u00bb i_color=\u00bbcustom\u00bb i_size=\u00bblg\u00bb color=\u00bbcustom\u00bb border_width=\u00bb8&#8243; add_icon=\u00bbtrue\u00bb css=\u00bb.vc_custom_1637080776101{margin-bottom: -5px !important;}\u00bb accent_color=\u00bb#bababa\u00bb i_custom_color=\u00bb#bababa\u00bb][vc_custom_heading text=\u00bbDesprendimiento Regmat\u00f3geno de Retina &#8211; Caso Cl\u00ednico 17&#8243; font_container=\u00bbtag:h1|text_align:center|color:%235f1b52&#8243; use_theme_fonts=\u00bbyes\u00bb link=\u00bburl:https%3A%2F%2Fwww.atlasrleye.com%2Fes%2Fdesprendimiento-regmatogeno-de-retina%2F|title:DESPRENDIMIENTO%20REGMAT%C3%93GENO%20DE%20RETINA|\u00bb]<div class=\"ult-spacer spacer-69e4fd16e1896\" data-id=\"69e4fd16e1896\" data-height=\"70\" data-height-mobile=\"70\" data-height-tab=\"70\" data-height-tab-portrait=\"\" data-height-mobile-landscape=\"\" style=\"clear:both;display:block;\"><\/div>[\/vc_column][\/vc_row][vc_row][vc_column]<div class=\"ult-spacer spacer-69e4fd16e1918\" data-id=\"69e4fd16e1918\" data-height=\"10\" data-height-mobile=\"10\" data-height-tab=\"10\" data-height-tab-portrait=\"\" data-height-mobile-landscape=\"\" style=\"clear:both;display:block;\"><\/div><div class=\"ult-spacer spacer-69e4fd16e1966\" data-id=\"69e4fd16e1966\" data-height=\"20\" data-height-mobile=\"20\" data-height-tab=\"20\" data-height-tab-portrait=\"\" data-height-mobile-landscape=\"\" style=\"clear:both;display:block;\"><\/div>[\/vc_column][\/vc_row][vc_row gap=\u00bb35&#8243; equal_height=\u00bbyes\u00bb][vc_column width=\u00bb1\/2&#8243;][vc_row_inner][vc_column_inner width=\u00bb1\/2&#8243;][vc_single_image image=\u00bb101256&#8243; img_size=\u00bbmedium\u00bb alignment=\u00bbcenter\u00bb onclick=\u00bblink_image\u00bb][\/vc_column_inner][vc_column_inner width=\u00bb1\/2&#8243; css=\u00bb.vc_custom_1643647792058{margin-top: -10px !important;}\u00bb][vc_column_text]<\/p>\n<p style=\"font-size: 18px; text-align: justify;\"><span style=\"color: #000000;\">Desprendimiento con un desgarro gigante y inversi\u00f3n de la retina con bordes enrollados. Desprendimiento de la macula. El paciente, de 50 a\u00f1os de edad, se quej\u00f3 de fotopsias desde hace 2 semanas.<\/span><\/p>\n<p>[\/vc_column_text][\/vc_column_inner][\/vc_row_inner][\/vc_column][vc_column width=\u00bb1\/2&#8243;][vc_row_inner][vc_column_inner width=\u00bb1\/2&#8243;][vc_single_image image=\u00bb101377&#8243; img_size=\u00bbmedium\u00bb alignment=\u00bbcenter\u00bb onclick=\u00bblink_image\u00bb][\/vc_column_inner][vc_column_inner width=\u00bb1\/2&#8243; css=\u00bb.vc_custom_1643647798973{margin-top: -10px !important;}\u00bb][vc_column_text]<\/p>\n<p style=\"text-align: justify; font-size: 18px;\"><span style=\"color: #000000;\">MAVC: 20\/20.<\/span><\/p>\n<p>[\/vc_column_text][\/vc_column_inner][\/vc_row_inner][\/vc_column][\/vc_row][vc_row][vc_column][vc_column_text]<\/p>\n<h3><span style=\"color: #5f1b52;\">Evaluaciones<br \/>\n<\/span><\/h3>\n<p>[\/vc_column_text][vc_tta_accordion active_section=\u00bb99&#8243; no_fill=\u00bbtrue\u00bb collapsible_all=\u00bbtrue\u00bb][vc_tta_section i_icon_fontawesome=\u00bbfar fa-calendar-alt\u00bb add_icon=\u00bbtrue\u00bb title=\u00bb1\u00aa Evaluaci\u00f3n &#8211; 08 10 2020&#8243; tab_id=\u00bb1661969207528-d85c171c-e0d0&#8243;][vc_row_inner][vc_column_inner][vc_column_text]<\/p>\n<div class=\"row py-1\">\n<div class=\"col-12 border-bottom border-gray-light\">\n<p style=\"font-size: 18px;\">Fotograf\u00eda del segmento anterior<\/p>\n<div style=\"text-indent: 20px;\">\n<p style=\"font-size: 14px; text-align: justify;\"><span style=\"color: #000000;\">OI: Distrofia corneal de \u00abcrocodile shagreen\u00bb; catarata.<\/span><\/p>\n<\/div>\n<\/div>\n<\/div>\n<p>[\/vc_column_text][vc_gallery type=\u00bbimage_grid\u00bb images=\u00bb101248,101252&#8243; img_size=\u00bb323&#215;206&#8243; css=\u00bb.vc_custom_1709505353742{margin-top: -30px !important;}\u00bb][\/vc_column_inner][\/vc_row_inner][vc_row_inner][vc_column_inner][vc_column_text]<\/p>\n<div class=\"row py-1\">\n<div class=\"col-12 border-bottom border-gray-light\">\n<p style=\"font-size: 18px;\">Retinograf\u00eda color<\/p>\n<div style=\"text-indent: 20px;\">\n<p style=\"font-size: 14px; text-align: justify;\"><span style=\"color: #000000;\">Desgarro gigante y inversi\u00f3n de la retina con bordes enrollados. Desprendimiento de la macula. Hipercelularidad v\u00edtrea.<\/span><\/p>\n<\/div>\n<\/div>\n<\/div>\n<p>[\/vc_column_text][vc_gallery type=\u00bbimage_grid\u00bb images=\u00bb101256,101260&#8243; img_size=\u00bb251&#215;206&#8243; css=\u00bb.vc_custom_1709505429498{margin-top: -30px !important;}\u00bb][\/vc_column_inner][\/vc_row_inner][\/vc_tta_section][vc_tta_section i_icon_fontawesome=\u00bbfar fa-calendar-alt\u00bb add_icon=\u00bbtrue\u00bb title=\u00bb2\u00aa Evaluaci\u00f3n &#8211; pos-operatorio &#8211; 11 11 2020&#8243; tab_id=\u00bb1662651584760-185add94-bcf2&#8243;][vc_row_inner][vc_column_inner width=\u00bb1\/5&#8243;][vc_column_text]<\/p>\n<div class=\"row py-1\">\n<div class=\"col-12 border-bottom border-gray-light\">\n<p style=\"font-size: 18px;\">Autofluorescencia<\/p>\n<\/div>\n<\/div>\n<p>[\/vc_column_text][vc_gallery type=\u00bbimage_grid\u00bb images=\u00bb101305&#8243; img_size=\u00bb193*206&#8243;][\/vc_column_inner][vc_column_inner width=\u00bb1\/5&#8243;][vc_column_text]<\/p>\n<div class=\"row py-1\">\n<div class=\"col-12 border-bottom border-gray-light\">\n<p style=\"font-size: 18px;\">Infrarrojo<\/p>\n<\/div>\n<\/div>\n<p>[\/vc_column_text][vc_gallery type=\u00bbimage_grid\u00bb images=\u00bb101277&#8243; img_size=\u00bb193&#215;206&#8243;][\/vc_column_inner][vc_column_inner width=\u00bb3\/5&#8243;][vc_column_text]<\/p>\n<div class=\"row py-1\">\n<div class=\"col-12 border-bottom border-gray-light\">\n<p style=\"font-size: 18px;\">Fotograf\u00eda del segmento anterior<\/p>\n<\/div>\n<\/div>\n<p>[\/vc_column_text][vc_gallery type=\u00bbimage_grid\u00bb images=\u00bb101293,101297&#8243; img_size=\u00bb323&#215;206&#8243;][\/vc_column_inner][\/vc_row_inner][vc_row_inner][vc_column_inner][vc_column_text]<\/p>\n<div class=\"row py-1\">\n<div class=\"col-12 border-bottom border-gray-light\">\n<p style=\"font-size: 18px;\">OCT (B-Scan) longitudinal<\/p>\n<\/div>\n<\/div>\n<p>[\/vc_column_text][vc_gallery type=\u00bbimage_grid\u00bb images=\u00bb101309,101264,101268,101272&#8243; img_size=\u00bb307&#215;110&#8243;][\/vc_column_inner][\/vc_row_inner][vc_row_inner][vc_column_inner][vc_column_text]<\/p>\n<div class=\"row py-1\">\n<div class=\"col-12 border-bottom border-gray-light\">\n<p style=\"font-size: 18px;\">Retinograf\u00eda color<\/p>\n<div style=\"text-indent: 20px;\">\n<p style=\"font-size: 14px; text-align: justify;\"><span style=\"color: #000000;\">Un mes despu\u00e9s de la cirug\u00eda (vitrectomia via pars plana, facoemulsificaci\u00f3n y LIO) . MAVC: 20\/20 OI.<\/span><\/p>\n<\/div>\n<\/div>\n<\/div>\n<p>[\/vc_column_text][vc_gallery type=\u00bbimage_grid\u00bb images=\u00bb101301&#8243; img_size=\u00bb251&#215;206&#8243; css=\u00bb.vc_custom_1709505609545{margin-top: -30px !important;}\u00bb][\/vc_column_inner][\/vc_row_inner][\/vc_tta_section][vc_tta_section i_icon_fontawesome=\u00bbfar fa-calendar-alt\u00bb add_icon=\u00bbtrue\u00bb title=\u00bb3\u00aa Evaluaci\u00f3n &#8211; 01 02 2021&#8243; tab_id=\u00bb1709505643116-cb0b999a-5c54&#8243;][vc_row_inner][vc_column_inner width=\u00bb1\/3&#8243;][vc_column_text]<\/p>\n<div class=\"row py-1\">\n<div class=\"col-12 border-bottom border-gray-light\">\n<p style=\"font-size: 18px;\">Autofluorescencia<\/p>\n<\/div>\n<\/div>\n<p>[\/vc_column_text][vc_gallery type=\u00bbimage_grid\u00bb images=\u00bb101321&#8243; img_size=\u00bb251&#215;206&#8243;][\/vc_column_inner][vc_column_inner width=\u00bb1\/3&#8243;][vc_column_text]<\/p>\n<div class=\"row py-1\">\n<div class=\"col-12 border-bottom border-gray-light\">\n<p style=\"font-size: 18px;\">Infrarrojo<\/p>\n<\/div>\n<\/div>\n<p>[\/vc_column_text][vc_gallery type=\u00bbimage_grid\u00bb images=\u00bb101317&#8243; img_size=\u00bb193&#215;206&#8243;][\/vc_column_inner][vc_column_inner width=\u00bb1\/3&#8243;][vc_column_text]<\/p>\n<div class=\"row py-1\">\n<div class=\"col-12 border-bottom border-gray-light\">\n<p style=\"font-size: 18px;\">Retinograf\u00eda color<\/p>\n<\/div>\n<\/div>\n<p>[\/vc_column_text][vc_gallery type=\u00bbimage_grid\u00bb images=\u00bb101325&#8243; img_size=\u00bb251&#215;206&#8243;][\/vc_column_inner][\/vc_row_inner][vc_row_inner][vc_column_inner][vc_column_text]<\/p>\n<div class=\"row py-1\">\n<div class=\"col-12 border-bottom border-gray-light\">\n<p style=\"font-size: 18px;\">OCT (B-Scan) longitudinal<\/p>\n<div style=\"text-indent: 20px;\">\n<p style=\"font-size: 14px; text-align: justify;\"><span style=\"color: #000000;\">Edema macular cistoide. AV: 20\/50c OI. PIO: 11mmHg. Tratamiento con implante intrav\u00edtreo de dexametasona.<\/span><\/p>\n<\/div>\n<\/div>\n<\/div>\n<p>[\/vc_column_text][vc_gallery type=\u00bbimage_grid\u00bb images=\u00bb101329,101333,101337,101313&#8243; img_size=\u00bb307&#215;110&#8243; css=\u00bb.vc_custom_1709684250159{margin-top: -30px !important;}\u00bb][\/vc_column_inner][\/vc_row_inner][\/vc_tta_section][vc_tta_section i_icon_fontawesome=\u00bbfar fa-calendar-alt\u00bb add_icon=\u00bbtrue\u00bb title=\u00bb4\u00aa Evaluaci\u00f3n &#8211; 22 11 2022&#8243; tab_id=\u00bb1709505783626-49f9d219-c617&#8243;][vc_row_inner][vc_column_inner width=\u00bb1\/3&#8243;][vc_column_text]<\/p>\n<div class=\"row py-1\">\n<div class=\"col-12 border-bottom border-gray-light\">\n<p style=\"font-size: 18px;\">Autofluorescencia<\/p>\n<\/div>\n<\/div>\n<p>[\/vc_column_text][vc_gallery type=\u00bbimage_grid\u00bb images=\u00bb101357&#8243; img_size=\u00bb251&#215;206&#8243;][\/vc_column_inner][vc_column_inner width=\u00bb1\/3&#8243;][vc_column_text]<\/p>\n<div class=\"row py-1\">\n<div class=\"col-12 border-bottom border-gray-light\">\n<p style=\"font-size: 18px;\">Infrarrojo<\/p>\n<\/div>\n<\/div>\n<p>[\/vc_column_text][vc_gallery type=\u00bbimage_grid\u00bb images=\u00bb101361&#8243; img_size=\u00bb193&#215;206&#8243;][\/vc_column_inner][vc_column_inner width=\u00bb1\/3&#8243;][vc_column_text]<\/p>\n<div class=\"row py-1\">\n<div class=\"col-12 border-bottom border-gray-light\">\n<p style=\"font-size: 18px;\">Retinograf\u00eda color<\/p>\n<\/div>\n<\/div>\n<p>[\/vc_column_text][vc_gallery type=\u00bbimage_grid\u00bb images=\u00bb101353&#8243; img_size=\u00bb251&#215;206&#8243;][\/vc_column_inner][\/vc_row_inner][vc_row_inner][vc_column_inner][vc_column_text]<\/p>\n<div class=\"row py-1\">\n<div class=\"col-12 border-bottom border-gray-light\">\n<p style=\"font-size: 18px;\">OCT (B-Scan) longitudinal<\/p>\n<div style=\"text-indent: 20px;\">\n<p style=\"font-size: 14px; text-align: justify;\"><span style=\"color: #000000;\">Edema macular cistoide severo. AV: 20\/40 OI. TO: 10mmHg. Tratamiento con inyecci\u00f3n sub tenon posterior de Triamcinolona.<\/span><\/p>\n<\/div>\n<\/div>\n<\/div>\n<p>[\/vc_column_text][vc_gallery type=\u00bbimage_grid\u00bb images=\u00bb101365,101341,101345,101349&#8243; img_size=\u00bb307&#215;110&#8243; css=\u00bb.vc_custom_1709505872272{margin-top: -30px !important;}\u00bb][\/vc_column_inner][\/vc_row_inner][\/vc_tta_section][vc_tta_section i_icon_fontawesome=\u00bbfar fa-calendar-alt\u00bb add_icon=\u00bbtrue\u00bb title=\u00bb5\u00aa Evaluaci\u00f3n &#8211; 20 11 2023&#8243; tab_id=\u00bb1709505886677-43261a14-a3d2&#8243;][vc_row_inner][vc_column_inner width=\u00bb1\/3&#8243;][vc_column_text]<\/p>\n<div class=\"row py-1\">\n<div class=\"col-12 border-bottom border-gray-light\">\n<p style=\"font-size: 18px;\">Autofluorescencia<\/p>\n<\/div>\n<\/div>\n<p>[\/vc_column_text][vc_gallery type=\u00bbimage_grid\u00bb images=\u00bb101381&#8243; img_size=\u00bb251&#215;206&#8243;][\/vc_column_inner][vc_column_inner width=\u00bb1\/3&#8243;][vc_column_text]<\/p>\n<div class=\"row py-1\">\n<div class=\"col-12 border-bottom border-gray-light\">\n<p style=\"font-size: 18px;\">Infrarrojo<\/p>\n<\/div>\n<\/div>\n<p>[\/vc_column_text][vc_gallery type=\u00bbimage_grid\u00bb images=\u00bb101373&#8243; img_size=\u00bb193&#215;206&#8243;][\/vc_column_inner][vc_column_inner width=\u00bb1\/3&#8243;][vc_column_text]<\/p>\n<div class=\"row py-1\">\n<div class=\"col-12 border-bottom border-gray-light\">\n<p style=\"font-size: 18px;\">Retinograf\u00eda color<\/p>\n<div style=\"text-indent: 20px;\">\n<p style=\"font-size: 14px; text-align: justify;\"><span style=\"color: #000000;\">MAVC: 20\/20. PIO OI: 13mmHg.<\/span><\/p>\n<\/div>\n<\/div>\n<\/div>\n<p>[\/vc_column_text][vc_gallery type=\u00bbimage_grid\u00bb images=\u00bb101377&#8243; img_size=\u00bb251&#215;206&#8243; css=\u00bb.vc_custom_1709506000348{margin-top: -30px !important;}\u00bb][\/vc_column_inner][\/vc_row_inner][vc_row_inner][vc_column_inner][vc_column_text]<\/p>\n<div class=\"row py-1\">\n<div class=\"col-12 border-bottom border-gray-light\">\n<p style=\"font-size: 18px;\">OCT (B-Scan) longitudinal<\/p>\n<\/div>\n<\/div>\n<p>[\/vc_column_text][vc_gallery type=\u00bbimage_grid\u00bb images=\u00bb101385,101389,101393,101369&#8243; img_size=\u00bb307&#215;110&#8243;][\/vc_column_inner][\/vc_row_inner][\/vc_tta_section][\/vc_tta_accordion][\/vc_column][\/vc_row]<\/p>\n<\/div>","protected":false},"excerpt":{"rendered":"<p>[vc_row][vc_column][vc_custom_heading text=\u00bbENFERMEDADES DE LA RETINA PERIF\u00c9RICA\u00bb font_container=\u00bbtag:h5|font_size:22px|text_align:center|color:%23000000&#8243; use_theme_fonts=\u00bbyes\u00bb link=\u00bburl:https%3A%2F%2Fwww.atlasrleye.com%2Fes%2Fatlas%2F%231635513661731-3ad1a8f3-3c4e|\u00bb][vc_text_separator title=\u00bb\u00bb i_icon_fontawesome=\u00bbfas fa-eye\u00bb i_color=\u00bbcustom\u00bb i_size=\u00bblg\u00bb color=\u00bbcustom\u00bb border_width=\u00bb8&#8243; add_icon=\u00bbtrue\u00bb css=\u00bb.vc_custom_1637080776101{margin-bottom: -5px !important;}\u00bb accent_color=\u00bb#bababa\u00bb i_custom_color=\u00bb#bababa\u00bb][vc_custom_heading text=\u00bbDesprendimiento Regmat\u00f3geno de Retina &#8211; Caso Cl\u00ednico 17&#8243; font_container=\u00bbtag:h1|text_align:center|color:%235f1b52&#8243; use_theme_fonts=\u00bbyes\u00bb link=\u00bburl:https%3A%2F%2Fwww.atlasrleye.com%2Fes%2Fdesprendimiento-regmatogeno-de-retina%2F|title:DESPRENDIMIENTO%20REGMAT%C3%93GENO%20DE%20RETINA|\u00bb][\/vc_column][\/vc_row][vc_row][vc_column][\/vc_column][\/vc_row][vc_row gap=\u00bb35&#8243; equal_height=\u00bbyes\u00bb][vc_column width=\u00bb1\/2&#8243;][vc_row_inner][vc_column_inner width=\u00bb1\/2&#8243;][vc_single_image image=\u00bb101256&#8243; img_size=\u00bbmedium\u00bb alignment=\u00bbcenter\u00bb [&hellip;]<\/p>\n","protected":false},"author":3,"featured_media":0,"parent":71945,"menu_order":0,"comment_status":"closed","ping_status":"closed","template":"","meta":{"_monsterinsights_skip_tracking":false,"_monsterinsights_sitenote_active":false,"_monsterinsights_sitenote_note":"","_monsterinsights_sitenote_category":0,"footnotes":""},"class_list":["post-102056","page","type-page","status-publish","hentry"],"_links":{"self":[{"href":"https:\/\/www.atlasrleye.com\/es\/wp-json\/wp\/v2\/pages\/102056","targetHints":{"allow":["GET"]}}],"collection":[{"href":"https:\/\/www.atlasrleye.com\/es\/wp-json\/wp\/v2\/pages"}],"about":[{"href":"https:\/\/www.atlasrleye.com\/es\/wp-json\/wp\/v2\/types\/page"}],"author":[{"embeddable":true,"href":"https:\/\/www.atlasrleye.com\/es\/wp-json\/wp\/v2\/users\/3"}],"replies":[{"embeddable":true,"href":"https:\/\/www.atlasrleye.com\/es\/wp-json\/wp\/v2\/comments?post=102056"}],"version-history":[{"count":16,"href":"https:\/\/www.atlasrleye.com\/es\/wp-json\/wp\/v2\/pages\/102056\/revisions"}],"predecessor-version":[{"id":106574,"href":"https:\/\/www.atlasrleye.com\/es\/wp-json\/wp\/v2\/pages\/102056\/revisions\/106574"}],"up":[{"embeddable":true,"href":"https:\/\/www.atlasrleye.com\/es\/wp-json\/wp\/v2\/pages\/71945"}],"wp:attachment":[{"href":"https:\/\/www.atlasrleye.com\/es\/wp-json\/wp\/v2\/media?parent=102056"}],"curies":[{"name":"wp","href":"https:\/\/api.w.org\/{rel}","templated":true}]}}