{"id":72175,"date":"2021-11-18T11:59:17","date_gmt":"2021-11-18T11:59:17","guid":{"rendered":"https:\/\/www.atlasrleye.com\/optic-disc-pits-and-associated-serous-macular-detachments\/"},"modified":"2026-02-27T12:23:34","modified_gmt":"2026-02-27T12:23:34","slug":"optic-disc-pits-and-associated-serous-macular-detachments","status":"publish","type":"page","link":"https:\/\/www.atlasrleye.com\/en\/optic-disc-pits-and-associated-serous-macular-detachments\/","title":{"rendered":"OPTIC DISC PITS AND ASSOCIATED SEROUS MACULAR DETACHMENTS"},"content":{"rendered":"<div class=\"wpb-content-wrapper\"><p>[vc_row][vc_column][vc_custom_heading text=&#8221;OPTIC NERVE DISEASES&#8221; font_container=&#8221;tag:h5|font_size:22px|text_align:center|color:%23000000&#8243; use_theme_fonts=&#8221;yes&#8221; css=&#8221;&#8221; link=&#8221;url:https%3A%2F%2Fwww.atlasrleye.com%2Fen%2Fatlas%2F%231635513667903-88e5ccf5-18e6|&#8221;][vc_text_separator title=&#8221;&#8221; i_icon_fontawesome=&#8221;fas fa-eye&#8221; i_color=&#8221;custom&#8221; i_size=&#8221;lg&#8221; color=&#8221;custom&#8221; border_width=&#8221;8&#8243; css=&#8221;.vc_custom_1637080776101{margin-bottom: -5px !important;}&#8221; add_icon=&#8221;true&#8221; accent_color=&#8221;#bababa&#8221; i_custom_color=&#8221;#bababa&#8221;][vc_custom_heading source=&#8221;post_title&#8221; font_container=&#8221;tag:h1|font_size:44px|text_align:center|color:%235f1b52&#8243; use_theme_fonts=&#8221;yes&#8221;]<div class=\"ult-spacer spacer-6a03b03b3fecf\" data-id=\"6a03b03b3fecf\" data-height=\"30\" data-height-mobile=\"0\" data-height-tab=\"\" data-height-tab-portrait=\"\" data-height-mobile-landscape=\"\" style=\"clear:both;display:block;\"><\/div>[\/vc_column][\/vc_row][vc_row][vc_column width=&#8221;3\/4&#8243;][vc_column_text css=&#8221;&#8221;]<\/p>\n<p style=\"text-align: justify; font-size: 16px;\">Congenital pit of the optic disc appears as a localized oval or round depression within the nerve head.<\/p>\n<p style=\"text-align: justify; font-size: 16px;\">Approximately 40% of eyes with congenital optic pit have an associated serous retinal detachment at one time or another, frequently involving the macular region. Chronic retinal detachment can result in lamellar macular holes, cystic retinal degeneration, or retinal pigment epithelial atrophy. <\/p>\n<p style=\"text-align: justify; font-size: 16px;\">Optical coherence tomography generally reveals a bi-laminar structure, with schisis-like retinal changes overlying a central neurosensory retinal detachment, usually confined to the posterior pole and contiguous with the optic disc.<\/p>\n<p style=\"text-align: justify; font-size: 16px;\">The origin of the subregional fluid is uncertain: there is speculation that it may arise from the cerebrospinal fluid, the liquefied vitreous, the choroid or the orbit, made easier by vitreous tractions.<\/p>\n<p style=\"text-align: justify; font-size: 16px;\">In our studies, vitrectomy seems essential in removing these vitreous tractions and we conclude that the anatomical repair may be easier if communication between the pit and the retinal layers is sealed<\/p>\n<p>&nbsp;<\/p>\n<p style=\"text-align: justify; font-size: 16px;\">References<\/p>\n<p style=\"text-align: justify; font-size: 14px;\">Brown GC, Tasman WS: Congenital Anomalies of the Optic Disc. New York, Grune and Stratton, 1983, pp 95-191.<\/p>\n<p style=\"text-align: justify; font-size: 14px;\">Optic PIT: Revis\u00e3o de Casos Cir\u00fargicos e Abordagem Terap\u00eautica Inovadora.Ana Travassos, Isaura Regadas, Robert van Velze, M\u00e1rio Alfaiate, Eduardo Silva, Rui Proen\u00e7a, Rufino Silva, Ant\u00f3nio Travassos.Hospitais da Universidade de Coimbra, Centro Cir\u00fargico de Coimbra.Revista da Sociedade Portuguesa de Oftalmologia \u2013 2012, Vol35: pp 273-282. (spoftalmologia.pt) <\/p>\n<p style=\"text-align: justify; font-size: 14px;\">Travassos AS, Regadas I, Alfaiate M, Silva ED, Proen\u00e7a R, Travassos A. Optic pit: novel surgical management of complicated cases. Retina. 2013 Sep;33(8):1708-14. DOI: 10.1097\/IAE.0b013e31828e699c PMID: 23644559.<\/p>\n<p>[\/vc_column_text][\/vc_column][vc_column width=&#8221;1\/4&#8243;][vc_images_carousel images=&#8221;31719,31716,31713,31710,31707,31704,31725,31722,91536,91540&#8243; img_size=&#8221;medium&#8221; speed=&#8221;2000&#8243; autoplay=&#8221;yes&#8221; hide_pagination_control=&#8221;yes&#8221; wrap=&#8221;yes&#8221; css=&#8221;.vc_custom_1748563426750{margin-bottom: 10px !important;}&#8221;]<div class=\"stats-block stats-left  \"><div class=\"aio-icon-left\"><div class=\"ult-just-icon-wrapper  \"><div class=\"align-icon\" style=\"text-align:center;\">\n<div class=\"aio-icon square \"  style=\"color:#333333;background:#ffffff;font-size:32px;display:inline-block;\">\n\t<i class=\"Defaults-eye\"><\/i>\n<\/div><\/div><\/div><\/div><div class=\"stats-desc\" id=\"counter-responsv-wrap-9897\"><div id=\"counter_32441080356a03b03b40071\" data-id=\"counter_32441080356a03b03b40071\"  data-ultimate-target='#counter-responsv-wrap-9897 .stats-number'  data-responsive-json-new='{\"font-size\":\"\",\"line-height\":\"\"}'  class=\"stats-number ult-responsive\" style=\"font-size:28px;  \" data-speed=\"3\" data-counter-value=\"5\" data-separator=\",\" data-decimal=\".\">0<\/div><div id=\"title-counter_32441080356a03b03b40071\"  data-ultimate-target='#counter-responsv-wrap-9897 .stats-text'  data-responsive-json-new='{\"font-size\":\"desktop:16px;\",\"line-height\":\"\"}'  class=\"stats-text ult-responsive\" style=\"font-size:px;  font-weight:bold;\">Clinical Cases<\/div><\/div><\/div>[\/vc_column][\/vc_row][vc_row][vc_column][vc_column_text css=&#8221;.vc_custom_1748563460309{margin-bottom: 10px !important;}&#8221;]<\/p>\n<h1><strong><span style=\"color: #5f1b52;\">Clinical Cases<\/span><\/strong><\/h1>\n<p>[\/vc_column_text][\/vc_column][\/vc_row][vc_row][vc_column width=&#8221;1\/4&#8243;][vc_column_text css=&#8221;.vc_custom_1748563471720{margin-bottom: 0px !important;}&#8221;]<\/p>\n<h4 style=\"text-align: left;\"><a href=\"https:\/\/www.atlasrleye.com\/en\/optic-disc-pits-and-associated-serous-macular-detachments\/clinical-case-1\/\">Clinical Case 1<\/a><\/h4>\n<p>[\/vc_column_text][vc_gallery type=&#8221;image_grid&#8221; images=&#8221;31719,31716&#8243; img_size=&#8221;140&#8243; css=&#8221;.vc_custom_1753143840004{margin-bottom: 10px !important;margin-left: -20px !important;}&#8221;][vc_row_inner][vc_column_inner width=&#8221;1\/5&#8243; offset=&#8221;vc_col-xs-1\/5&#8243;]<div class=\"aio-icon-component    style_1\"><div id=\"Info-box-wrap-2252\" class=\"aio-icon-box default-icon\" style=\"\"  ><div class=\"aio-icon-default\"><div class=\"ult-just-icon-wrapper  \"><div class=\"align-icon\" style=\"text-align:center;\">\n<div class=\"aio-icon none \"  style=\"color:#5f1b52;font-size:16px;display:inline-block;\">\n\t<i class=\"Defaults-calendar\"><\/i>\n<\/div><\/div><\/div><\/div><div class=\"aio-icon-header\" ><h3 class=\"aio-icon-title ult-responsive\"  data-ultimate-target='#Info-box-wrap-2252 .aio-icon-title'  data-responsive-json-new='{\"font-size\":\"\",\"line-height\":\"\"}'  style=\"color:#5f1b52;\">15<\/h3><\/div> <!-- header --><\/div> <!-- aio-icon-box --><\/div> <!-- aio-icon-component -->[\/vc_column_inner][vc_column_inner width=&#8221;1\/5&#8243; offset=&#8221;vc_col-xs-1\/5&#8243;]<div class=\"aio-icon-component    style_1\"><div id=\"Info-box-wrap-3465\" class=\"aio-icon-box default-icon\" style=\"\"  ><div class=\"aio-icon-default\"><div class=\"ult-just-icon-wrapper  \"><div class=\"align-icon\" style=\"text-align:center;\">\n<div class=\"aio-icon none \"  style=\"color:#5f1b52;font-size:16px;display:inline-block;\">\n\t<i class=\"Defaults-camera\"><\/i>\n<\/div><\/div><\/div><\/div><div class=\"aio-icon-header\" ><h3 class=\"aio-icon-title ult-responsive\"  data-ultimate-target='#Info-box-wrap-3465 .aio-icon-title'  data-responsive-json-new='{\"font-size\":\"\",\"line-height\":\"\"}'  style=\"color:#5f1b52;\">186<\/h3><\/div> <!-- header --><\/div> <!-- aio-icon-box --><\/div> <!-- aio-icon-component -->[\/vc_column_inner][vc_column_inner width=&#8221;1\/5&#8243; offset=&#8221;vc_col-xs-1\/5&#8243;]<div class=\"aio-icon-component    style_1\"><div id=\"Info-box-wrap-3618\" class=\"aio-icon-box default-icon\" style=\"\"  ><div class=\"aio-icon-default\"><div class=\"ult-just-icon-wrapper  \"><div class=\"align-icon\" style=\"text-align:center;\">\n<div class=\"aio-icon none \"  style=\"color:#5f1b52;font-size:16px;display:inline-block;\">\n\t<i class=\"Defaults-film\"><\/i>\n<\/div><\/div><\/div><\/div><div class=\"aio-icon-header\" ><h3 class=\"aio-icon-title ult-responsive\"  data-ultimate-target='#Info-box-wrap-3618 .aio-icon-title'  data-responsive-json-new='{\"font-size\":\"\",\"line-height\":\"\"}'  style=\"color:#5f1b52;\">2<\/h3><\/div> <!-- header --><\/div> <!-- aio-icon-box --><\/div> <!-- aio-icon-component -->[\/vc_column_inner][\/vc_row_inner][\/vc_column][vc_column width=&#8221;1\/4&#8243;][vc_column_text css=&#8221;.vc_custom_1748563561151{margin-bottom: 0px !important;}&#8221;]<\/p>\n<h4 style=\"text-align: left;\"><a href=\"https:\/\/www.atlasrleye.com\/en\/optic-disc-pits-and-associated-serous-macular-detachments\/clinical-case-2\/\">Clinical Case 2<\/a><\/h4>\n<p>[\/vc_column_text][vc_gallery type=&#8221;image_grid&#8221; images=&#8221;31713,31710&#8243; img_size=&#8221;140&#8243; css=&#8221;.vc_custom_1753143846124{margin-bottom: 10px !important;margin-left: -20px !important;}&#8221;][vc_row_inner][vc_column_inner width=&#8221;1\/5&#8243; offset=&#8221;vc_col-xs-1\/5&#8243;]<div class=\"aio-icon-component    style_1\"><div id=\"Info-box-wrap-8208\" class=\"aio-icon-box default-icon\" style=\"\"  ><div class=\"aio-icon-default\"><div class=\"ult-just-icon-wrapper  \"><div class=\"align-icon\" style=\"text-align:center;\">\n<div class=\"aio-icon none \"  style=\"color:#5f1b52;font-size:16px;display:inline-block;\">\n\t<i class=\"Defaults-calendar\"><\/i>\n<\/div><\/div><\/div><\/div><div class=\"aio-icon-header\" ><h3 class=\"aio-icon-title ult-responsive\"  data-ultimate-target='#Info-box-wrap-8208 .aio-icon-title'  data-responsive-json-new='{\"font-size\":\"\",\"line-height\":\"\"}'  style=\"color:#5f1b52;\">15<\/h3><\/div> <!-- header --><\/div> <!-- aio-icon-box --><\/div> <!-- aio-icon-component -->[\/vc_column_inner][vc_column_inner width=&#8221;1\/5&#8243; offset=&#8221;vc_col-xs-1\/5&#8243;]<div class=\"aio-icon-component    style_1\"><div id=\"Info-box-wrap-1206\" class=\"aio-icon-box default-icon\" style=\"\"  ><div class=\"aio-icon-default\"><div class=\"ult-just-icon-wrapper  \"><div class=\"align-icon\" style=\"text-align:center;\">\n<div class=\"aio-icon none \"  style=\"color:#5f1b52;font-size:16px;display:inline-block;\">\n\t<i class=\"Defaults-camera\"><\/i>\n<\/div><\/div><\/div><\/div><div class=\"aio-icon-header\" ><h3 class=\"aio-icon-title ult-responsive\"  data-ultimate-target='#Info-box-wrap-1206 .aio-icon-title'  data-responsive-json-new='{\"font-size\":\"\",\"line-height\":\"\"}'  style=\"color:#5f1b52;\">421<\/h3><\/div> <!-- header --><\/div> <!-- aio-icon-box --><\/div> <!-- aio-icon-component -->[\/vc_column_inner][vc_column_inner width=&#8221;1\/5&#8243; offset=&#8221;vc_col-xs-1\/5&#8243;]<div class=\"aio-icon-component    style_1\"><div id=\"Info-box-wrap-6866\" class=\"aio-icon-box default-icon\" style=\"\"  ><div class=\"aio-icon-default\"><div class=\"ult-just-icon-wrapper  \"><div class=\"align-icon\" style=\"text-align:center;\">\n<div class=\"aio-icon none \"  style=\"color:#5f1b52;font-size:16px;display:inline-block;\">\n\t<i class=\"Defaults-film\"><\/i>\n<\/div><\/div><\/div><\/div><div class=\"aio-icon-header\" ><h3 class=\"aio-icon-title ult-responsive\"  data-ultimate-target='#Info-box-wrap-6866 .aio-icon-title'  data-responsive-json-new='{\"font-size\":\"\",\"line-height\":\"\"}'  style=\"color:#5f1b52;\">0<\/h3><\/div> <!-- header --><\/div> <!-- aio-icon-box --><\/div> <!-- aio-icon-component -->[\/vc_column_inner][\/vc_row_inner][\/vc_column][vc_column width=&#8221;1\/4&#8243;][vc_column_text css=&#8221;.vc_custom_1748563613532{margin-bottom: 0px !important;}&#8221;]<\/p>\n<h4 style=\"text-align: left;\"><a href=\"https:\/\/www.atlasrleye.com\/en\/optic-disc-pits-and-associated-serous-macular-detachments\/clinical-case-3\/\">Clinical Case 3<\/a><\/h4>\n<p>[\/vc_column_text][vc_gallery type=&#8221;image_grid&#8221; images=&#8221;31707,31704&#8243; img_size=&#8221;140&#8243; css=&#8221;.vc_custom_1753143853145{margin-bottom: 10px !important;margin-left: -20px !important;}&#8221;][vc_row_inner][vc_column_inner width=&#8221;1\/5&#8243; offset=&#8221;vc_col-xs-1\/5&#8243;]<div class=\"aio-icon-component    style_1\"><div id=\"Info-box-wrap-5381\" class=\"aio-icon-box default-icon\" style=\"\"  ><div class=\"aio-icon-default\"><div class=\"ult-just-icon-wrapper  \"><div class=\"align-icon\" style=\"text-align:center;\">\n<div class=\"aio-icon none \"  style=\"color:#5f1b52;font-size:16px;display:inline-block;\">\n\t<i class=\"Defaults-calendar\"><\/i>\n<\/div><\/div><\/div><\/div><div class=\"aio-icon-header\" ><h3 class=\"aio-icon-title ult-responsive\"  data-ultimate-target='#Info-box-wrap-5381 .aio-icon-title'  data-responsive-json-new='{\"font-size\":\"\",\"line-height\":\"\"}'  style=\"color:#5f1b52;\">12<\/h3><\/div> <!-- header --><\/div> <!-- aio-icon-box --><\/div> <!-- aio-icon-component -->[\/vc_column_inner][vc_column_inner width=&#8221;1\/5&#8243; offset=&#8221;vc_col-xs-1\/5&#8243;]<div class=\"aio-icon-component    style_1\"><div id=\"Info-box-wrap-7258\" class=\"aio-icon-box default-icon\" style=\"\"  ><div class=\"aio-icon-default\"><div class=\"ult-just-icon-wrapper  \"><div class=\"align-icon\" style=\"text-align:center;\">\n<div class=\"aio-icon none \"  style=\"color:#5f1b52;font-size:16px;display:inline-block;\">\n\t<i class=\"Defaults-camera\"><\/i>\n<\/div><\/div><\/div><\/div><div class=\"aio-icon-header\" ><h3 class=\"aio-icon-title ult-responsive\"  data-ultimate-target='#Info-box-wrap-7258 .aio-icon-title'  data-responsive-json-new='{\"font-size\":\"\",\"line-height\":\"\"}'  style=\"color:#5f1b52;\">242<\/h3><\/div> <!-- header --><\/div> <!-- aio-icon-box --><\/div> <!-- aio-icon-component -->[\/vc_column_inner][vc_column_inner width=&#8221;1\/5&#8243; offset=&#8221;vc_col-xs-1\/5&#8243;]<div class=\"aio-icon-component    style_1\"><div id=\"Info-box-wrap-2982\" class=\"aio-icon-box default-icon\" style=\"\"  ><div class=\"aio-icon-default\"><div class=\"ult-just-icon-wrapper  \"><div class=\"align-icon\" style=\"text-align:center;\">\n<div class=\"aio-icon none \"  style=\"color:#5f1b52;font-size:16px;display:inline-block;\">\n\t<i class=\"Defaults-film\"><\/i>\n<\/div><\/div><\/div><\/div><div class=\"aio-icon-header\" ><h3 class=\"aio-icon-title ult-responsive\"  data-ultimate-target='#Info-box-wrap-2982 .aio-icon-title'  data-responsive-json-new='{\"font-size\":\"\",\"line-height\":\"\"}'  style=\"color:#5f1b52;\">0<\/h3><\/div> <!-- header --><\/div> <!-- aio-icon-box --><\/div> <!-- aio-icon-component -->[\/vc_column_inner][\/vc_row_inner][\/vc_column][vc_column width=&#8221;1\/4&#8243;][vc_column_text css=&#8221;.vc_custom_1748563710143{margin-bottom: 0px !important;}&#8221;]<\/p>\n<h4 style=\"text-align: left;\"><a href=\"https:\/\/www.atlasrleye.com\/en\/optic-disc-pits-and-associated-serous-macular-detachments\/clinical-case-4\/\">Clinical Case 4<\/a><\/h4>\n<p>[\/vc_column_text][vc_gallery type=&#8221;image_grid&#8221; images=&#8221;31725,31722&#8243; img_size=&#8221;140&#8243; css=&#8221;.vc_custom_1753143859633{margin-bottom: 10px !important;margin-left: -20px !important;}&#8221;][vc_row_inner][vc_column_inner width=&#8221;1\/5&#8243; offset=&#8221;vc_col-xs-1\/5&#8243;]<div class=\"aio-icon-component    style_1\"><div id=\"Info-box-wrap-8293\" class=\"aio-icon-box default-icon\" style=\"\"  ><div class=\"aio-icon-default\"><div class=\"ult-just-icon-wrapper  \"><div class=\"align-icon\" style=\"text-align:center;\">\n<div class=\"aio-icon none \"  style=\"color:#5f1b52;font-size:16px;display:inline-block;\">\n\t<i class=\"Defaults-calendar\"><\/i>\n<\/div><\/div><\/div><\/div><div class=\"aio-icon-header\" ><h3 class=\"aio-icon-title ult-responsive\"  data-ultimate-target='#Info-box-wrap-8293 .aio-icon-title'  data-responsive-json-new='{\"font-size\":\"\",\"line-height\":\"\"}'  style=\"color:#5f1b52;\">8<\/h3><\/div> <!-- header --><\/div> <!-- aio-icon-box --><\/div> <!-- aio-icon-component -->[\/vc_column_inner][vc_column_inner width=&#8221;1\/5&#8243; offset=&#8221;vc_col-xs-1\/5&#8243;]<div class=\"aio-icon-component    style_1\"><div id=\"Info-box-wrap-9592\" class=\"aio-icon-box default-icon\" style=\"\"  ><div class=\"aio-icon-default\"><div class=\"ult-just-icon-wrapper  \"><div class=\"align-icon\" style=\"text-align:center;\">\n<div class=\"aio-icon none \"  style=\"color:#5f1b52;font-size:16px;display:inline-block;\">\n\t<i class=\"Defaults-camera\"><\/i>\n<\/div><\/div><\/div><\/div><div class=\"aio-icon-header\" ><h3 class=\"aio-icon-title ult-responsive\"  data-ultimate-target='#Info-box-wrap-9592 .aio-icon-title'  data-responsive-json-new='{\"font-size\":\"\",\"line-height\":\"\"}'  style=\"color:#5f1b52;\">82<\/h3><\/div> <!-- header --><\/div> <!-- aio-icon-box --><\/div> <!-- aio-icon-component -->[\/vc_column_inner][vc_column_inner width=&#8221;1\/5&#8243; offset=&#8221;vc_col-xs-1\/5&#8243;]<div class=\"aio-icon-component    style_1\"><div id=\"Info-box-wrap-7291\" class=\"aio-icon-box default-icon\" style=\"\"  ><div class=\"aio-icon-default\"><div class=\"ult-just-icon-wrapper  \"><div class=\"align-icon\" style=\"text-align:center;\">\n<div class=\"aio-icon none \"  style=\"color:#5f1b52;font-size:16px;display:inline-block;\">\n\t<i class=\"Defaults-film\"><\/i>\n<\/div><\/div><\/div><\/div><div class=\"aio-icon-header\" ><h3 class=\"aio-icon-title ult-responsive\"  data-ultimate-target='#Info-box-wrap-7291 .aio-icon-title'  data-responsive-json-new='{\"font-size\":\"\",\"line-height\":\"\"}'  style=\"color:#5f1b52;\">0<\/h3><\/div> <!-- header --><\/div> <!-- aio-icon-box --><\/div> <!-- aio-icon-component -->[\/vc_column_inner][\/vc_row_inner][\/vc_column][\/vc_row][vc_row][vc_column width=&#8221;1\/4&#8243;][vc_column_text css=&#8221;.vc_custom_1748563744703{margin-bottom: 0px !important;}&#8221;]<\/p>\n<h4 style=\"text-align: left;\"><a href=\"https:\/\/www.atlasrleye.com\/en\/optic-disc-pits-and-associated-serous-macular-detachments\/clinical-case-5\/\">Clinical Case 5<\/a><\/h4>\n<p>[\/vc_column_text][vc_gallery type=&#8221;image_grid&#8221; images=&#8221;91540,91536&#8243; img_size=&#8221;140&#8243; css=&#8221;.vc_custom_1753143867353{margin-bottom: 10px !important;margin-left: -20px !important;}&#8221;][vc_row_inner][vc_column_inner width=&#8221;1\/5&#8243; offset=&#8221;vc_col-xs-1\/5&#8243;]<div class=\"aio-icon-component    style_1\"><div id=\"Info-box-wrap-2027\" class=\"aio-icon-box default-icon\" style=\"\"  ><div class=\"aio-icon-default\"><div class=\"ult-just-icon-wrapper  \"><div class=\"align-icon\" style=\"text-align:center;\">\n<div class=\"aio-icon none \"  style=\"color:#5f1b52;font-size:16px;display:inline-block;\">\n\t<i class=\"Defaults-calendar\"><\/i>\n<\/div><\/div><\/div><\/div><div class=\"aio-icon-header\" ><h3 class=\"aio-icon-title ult-responsive\"  data-ultimate-target='#Info-box-wrap-2027 .aio-icon-title'  data-responsive-json-new='{\"font-size\":\"\",\"line-height\":\"\"}'  style=\"color:#5f1b52;\">3<\/h3><\/div> <!-- header --><\/div> <!-- aio-icon-box --><\/div> <!-- aio-icon-component -->[\/vc_column_inner][vc_column_inner width=&#8221;1\/5&#8243; offset=&#8221;vc_col-xs-1\/5&#8243;]<div class=\"aio-icon-component    style_1\"><div id=\"Info-box-wrap-2714\" class=\"aio-icon-box default-icon\" style=\"\"  ><div class=\"aio-icon-default\"><div class=\"ult-just-icon-wrapper  \"><div class=\"align-icon\" style=\"text-align:center;\">\n<div class=\"aio-icon none \"  style=\"color:#5f1b52;font-size:16px;display:inline-block;\">\n\t<i class=\"Defaults-camera\"><\/i>\n<\/div><\/div><\/div><\/div><div class=\"aio-icon-header\" ><h3 class=\"aio-icon-title ult-responsive\"  data-ultimate-target='#Info-box-wrap-2714 .aio-icon-title'  data-responsive-json-new='{\"font-size\":\"\",\"line-height\":\"\"}'  style=\"color:#5f1b52;\">47<\/h3><\/div> <!-- header --><\/div> <!-- aio-icon-box --><\/div> <!-- aio-icon-component -->[\/vc_column_inner][vc_column_inner width=&#8221;1\/5&#8243; offset=&#8221;vc_col-xs-1\/5&#8243;]<div class=\"aio-icon-component    style_1\"><div id=\"Info-box-wrap-4154\" class=\"aio-icon-box default-icon\" style=\"\"  ><div class=\"aio-icon-default\"><div class=\"ult-just-icon-wrapper  \"><div class=\"align-icon\" style=\"text-align:center;\">\n<div class=\"aio-icon none \"  style=\"color:#5f1b52;font-size:16px;display:inline-block;\">\n\t<i class=\"Defaults-film\"><\/i>\n<\/div><\/div><\/div><\/div><div class=\"aio-icon-header\" ><h3 class=\"aio-icon-title ult-responsive\"  data-ultimate-target='#Info-box-wrap-4154 .aio-icon-title'  data-responsive-json-new='{\"font-size\":\"\",\"line-height\":\"\"}'  style=\"color:#5f1b52;\">0<\/h3><\/div> <!-- header --><\/div> <!-- aio-icon-box --><\/div> <!-- aio-icon-component -->[\/vc_column_inner][\/vc_row_inner][\/vc_column][\/vc_row]<\/p>\n<\/div>","protected":false},"excerpt":{"rendered":"<p>[vc_row][vc_column][vc_custom_heading text=&#8221;OPTIC NERVE DISEASES&#8221; font_container=&#8221;tag:h5|font_size:22px|text_align:center|color:%23000000&#8243; use_theme_fonts=&#8221;yes&#8221; css=&#8221;&#8221; link=&#8221;url:https%3A%2F%2Fwww.atlasrleye.com%2Fen%2Fatlas%2F%231635513667903-88e5ccf5-18e6|&#8221;][vc_text_separator title=&#8221;&#8221; i_icon_fontawesome=&#8221;fas fa-eye&#8221; i_color=&#8221;custom&#8221; i_size=&#8221;lg&#8221; color=&#8221;custom&#8221; border_width=&#8221;8&#8243; css=&#8221;.vc_custom_1637080776101{margin-bottom: -5px !important;}&#8221; add_icon=&#8221;true&#8221; accent_color=&#8221;#bababa&#8221; i_custom_color=&#8221;#bababa&#8221;][vc_custom_heading source=&#8221;post_title&#8221; font_container=&#8221;tag:h1|font_size:44px|text_align:center|color:%235f1b52&#8243; use_theme_fonts=&#8221;yes&#8221;][\/vc_column][\/vc_row][vc_row][vc_column width=&#8221;3\/4&#8243;][vc_column_text css=&#8221;&#8221;] Congenital pit of the optic disc appears as a localized oval or round depression [&hellip;]<\/p>\n","protected":false},"author":3,"featured_media":0,"parent":0,"menu_order":0,"comment_status":"closed","ping_status":"closed","template":"","meta":{"_monsterinsights_skip_tracking":false,"_monsterinsights_sitenote_active":false,"_monsterinsights_sitenote_note":"","_monsterinsights_sitenote_category":0,"footnotes":""},"class_list":["post-72175","page","type-page","status-publish","hentry"],"_links":{"self":[{"href":"https:\/\/www.atlasrleye.com\/en\/wp-json\/wp\/v2\/pages\/72175","targetHints":{"allow":["GET"]}}],"collection":[{"href":"https:\/\/www.atlasrleye.com\/en\/wp-json\/wp\/v2\/pages"}],"about":[{"href":"https:\/\/www.atlasrleye.com\/en\/wp-json\/wp\/v2\/types\/page"}],"author":[{"embeddable":true,"href":"https:\/\/www.atlasrleye.com\/en\/wp-json\/wp\/v2\/users\/3"}],"replies":[{"embeddable":true,"href":"https:\/\/www.atlasrleye.com\/en\/wp-json\/wp\/v2\/comments?post=72175"}],"version-history":[{"count":45,"href":"https:\/\/www.atlasrleye.com\/en\/wp-json\/wp\/v2\/pages\/72175\/revisions"}],"predecessor-version":[{"id":121732,"href":"https:\/\/www.atlasrleye.com\/en\/wp-json\/wp\/v2\/pages\/72175\/revisions\/121732"}],"wp:attachment":[{"href":"https:\/\/www.atlasrleye.com\/en\/wp-json\/wp\/v2\/media?parent=72175"}],"curies":[{"name":"wp","href":"https:\/\/api.w.org\/{rel}","templated":true}]}}