{"id":111830,"date":"2024-09-12T10:17:44","date_gmt":"2024-09-12T10:17:44","guid":{"rendered":"https:\/\/www.atlasrleye.com\/?page_id=111830"},"modified":"2024-09-12T13:58:42","modified_gmt":"2024-09-12T13:58:42","slug":"exhibition-a-look-on-vision-inside-the-human-eye","status":"publish","type":"page","link":"https:\/\/www.atlasrleye.com\/en\/exhibition-a-look-on-vision-inside-the-human-eye\/","title":{"rendered":"Exhibition &#8220;A Look On Vision \u2013 Inside the Human Eye&#8221;"},"content":{"rendered":"<div class=\"wpb-content-wrapper\"><p>[vc_row][vc_column][vc_custom_heading text=&#8221;Exhibition &quot;A Look On Vision \u2013 Inside the Human Eye&quot;&#8221; font_container=&#8221;tag:h5|font_size:44px|text_align:center|color:%235f1b52&#8243; google_fonts=&#8221;font_family:Average%20Sans%3Aregular|font_style:400%20regular%3A400%3Anormal&#8221; css=&#8221;&#8221;]<div class=\"ult-spacer spacer-6a039ed61c560\" data-id=\"6a039ed61c560\" data-height=\"70\" data-height-mobile=\"70\" data-height-tab=\"70\" data-height-tab-portrait=\"\" data-height-mobile-landscape=\"\" style=\"clear:both;display:block;\"><\/div>[\/vc_column][\/vc_row][vc_row][vc_column][vc_column_text css=&#8221;&#8221;]<\/p>\n<div class=\"w-100 middle-subtext text-justify hidden-text\">\n<p style=\"text-align: justify; font-size: 16px;\">The &#8220;A Look On Vision&#8221; exhibition shows real images of the human eye captured at the Coimbra Surgical Center. The search for the best image and the details necessary for a good diagnosis provided extraordinary photographs either because of their sharpness, color and dimension, or because they reveal textures and structures that were otherwise not perceptible. We come across the rare and unusual, transporting us to a work of art or something of the everyday.  <\/p>\n<p style=\"text-align: justify; font-size: 16px;\">The photographs on display are an innovative means of communication between science and art, combining sensitivity with creativity. If we consider art an exclusive manifestation of human nature, then we will better understand the reasons that bring these two universes together. <\/p>\n<p style=\"text-align: justify; font-size: 16px;\">This exhibition took place at the Centro Cir\u00fargico de Coimbra, Coimbra Science Museum, Museum of Natural History and Science, in Lisbon, and in numerous town councils across our country. It also traveled to the Langone Medical Center gallery at New York University, in the USA, to the European School in Luxembourg, to the exhibition hall of the Instituto Santo Ant\u00f3nio in Rome, Italy and to Domus, House of Man in La Coru\u00f1a, Spain. <\/p>\n<p style=\"text-align: justify; font-size: 16px;\">You can visit her at: <a href=\"https:\/\/ccci.pt\/wp-content\/uploads\/2020\/08\/Catalogo-5.pdf\">https:\/\/ccci.pt\/wp-content\/uploads\/2020\/08\/Catalogo-5.pdf<\/a><\/p>\n<p style=\"text-align: justify; font-size: 16px;\">About the exhibition: <a href=\"https:\/\/www.expovisoes.com\/about\/\">https:\/\/www.expovisoes.com\/about\/<\/a><\/p>\n<\/div>\n<p>[\/vc_column_text][\/vc_column][\/vc_row][vc_row][vc_column width=&#8221;1\/3&#8243;][vc_column_text css=&#8221;.vc_custom_1726140107321{margin-bottom: -10px !important;}&#8221;]<\/p>\n<h6 style=\"text-align: left;\">Vila Nova de Foz C\u00f4a, Centro Cultural- 2019 &#8211; Portugal<\/h6>\n<p>[\/vc_column_text][vc_gallery type=&#8221;image_grid&#8221; images=&#8221;111877&#8243; img_size=&#8221;500*350&#8243; css=&#8221;&#8221;][\/vc_column][vc_column width=&#8221;1\/3&#8243;][vc_column_text css=&#8221;.vc_custom_1726141223691{margin-bottom: -10px !important;}&#8221;]<\/p>\n<h6 style=\"text-align: left;\">Graciosa, Museu da Graciosa- 2017- Portugal<\/h6>\n<p>[\/vc_column_text][vc_gallery type=&#8221;image_grid&#8221; images=&#8221;111841&#8243; img_size=&#8221;500*350&#8243; css=&#8221;&#8221;][\/vc_column][vc_column width=&#8221;1\/3&#8243;][vc_column_text css=&#8221;.vc_custom_1726141511674{margin-bottom: -5px !important;}&#8221;]<\/p>\n<h6 style=\"text-align: left;\">Ponta Delgada, Campus da Universidade &#8211; 2016- Portugal<\/h6>\n<p>[\/vc_column_text][vc_gallery interval=&#8221;3&#8243; images=&#8221;111857&#8243; img_size=&#8221;500*350&#8243; css=&#8221;&#8221;][\/vc_column][\/vc_row][vc_row][vc_column width=&#8221;1\/3&#8243;][vc_column_text css=&#8221;.vc_custom_1726141519954{margin-bottom: -5px !important;}&#8221;]<\/p>\n<h6 style=\"text-align: left;\">Coimbra, Museu da Ci\u00eancia- 2015- Portugal<\/h6>\n<p>[\/vc_column_text][vc_gallery interval=&#8221;3&#8243; images=&#8221;111885&#8243; img_size=&#8221;500*350&#8243; css=&#8221;&#8221;][\/vc_column][vc_column width=&#8221;1\/3&#8243;][vc_column_text css=&#8221;.vc_custom_1726141529746{margin-bottom: -5px !important;}&#8221;]<\/p>\n<h6 style=\"text-align: left;\">NewYork, NYU Langone-2015 &#8211; USA<\/h6>\n<p>[\/vc_column_text][vc_gallery interval=&#8221;3&#8243; images=&#8221;111853&#8243; img_size=&#8221;500*350&#8243; css=&#8221;&#8221;][\/vc_column][vc_column width=&#8221;1\/3&#8243;][vc_column_text css=&#8221;.vc_custom_1726141537034{margin-bottom: -5px !important;}&#8221;]<\/p>\n<h6 style=\"text-align: left;\">Proen\u00e7a-a-Nova, Caf\u00e9 com Ci\u00eancia &#8211; 2015- Portugal<\/h6>\n<p>[\/vc_column_text][vc_gallery interval=&#8221;3&#8243; images=&#8221;111865&#8243; img_size=&#8221;500*350&#8243; css=&#8221;&#8221;][\/vc_column][\/vc_row][vc_row][vc_column width=&#8221;1\/3&#8243;][vc_column_text css=&#8221;.vc_custom_1726141578404{margin-bottom: -5px !important;}&#8221;]<\/p>\n<h6 style=\"text-align: left;\">Roma, Instituto Portugu\u00eas de Santo Ant\u00f3nio-2015- Italia<\/h6>\n<p>[\/vc_column_text][vc_gallery interval=&#8221;3&#8243; images=&#8221;111869&#8243; img_size=&#8221;500*350&#8243; css=&#8221;&#8221;][\/vc_column][vc_column width=&#8221;1\/3&#8243;][vc_column_text css=&#8221;.vc_custom_1726141586683{margin-bottom: -5px !important;}&#8221;]<\/p>\n<h6 style=\"text-align: left;\">Portalegre, Castelo de Portalegre- 2014 &#8211; Portugal<\/h6>\n<p>[\/vc_column_text][vc_gallery interval=&#8221;3&#8243; images=&#8221;111861&#8243; img_size=&#8221;500*350&#8243; css=&#8221;&#8221;][\/vc_column][vc_column width=&#8221;1\/3&#8243;][vc_column_text css=&#8221;.vc_custom_1726141592435{margin-bottom: -5px !important;}&#8221;]<\/p>\n<h6 style=\"text-align: left;\">Centro Cir\u00fargico de Coimbra -2014- Portugal<\/h6>\n<p>[\/vc_column_text][vc_gallery interval=&#8221;3&#8243; images=&#8221;111881&#8243; img_size=&#8221;500*350&#8243; css=&#8221;&#8221;][\/vc_column][\/vc_row][vc_row][vc_column width=&#8221;1\/3&#8243;][vc_column_text css=&#8221;.vc_custom_1726141598042{margin-bottom: -5px !important;}&#8221;]<\/p>\n<h6 style=\"text-align: left;\">Lisboa, Museu de Hist\u00f3ria Natural &#8211; 2014- Portugal<\/h6>\n<p>[\/vc_column_text][vc_gallery interval=&#8221;3&#8243; images=&#8221;111845&#8243; img_size=&#8221;500*350&#8243; css=&#8221;&#8221;][\/vc_column][vc_column width=&#8221;1\/3&#8243;][vc_column_text css=&#8221;.vc_custom_1726141608700{margin-bottom: -5px !important;}&#8221;]<\/p>\n<h6 style=\"text-align: left;\">Luxembourg, Escola Europeia, 2014- Luxembourg<\/h6>\n<p>[\/vc_column_text][vc_gallery interval=&#8221;3&#8243; images=&#8221;111849&#8243; img_size=&#8221;500*350&#8243; css=&#8221;&#8221;][\/vc_column][vc_column width=&#8221;1\/3&#8243;][vc_column_text css=&#8221;.vc_custom_1726141603042{margin-bottom: -5px !important;}&#8221;]<\/p>\n<h6 style=\"text-align: left;\">Santiago do Cac\u00e9m &#8211; 2013- Portugal<\/h6>\n<p>[\/vc_column_text][vc_gallery interval=&#8221;3&#8243; images=&#8221;111873&#8243; img_size=&#8221;500*350&#8243; css=&#8221;&#8221;][\/vc_column][\/vc_row]<\/p>\n<\/div>","protected":false},"excerpt":{"rendered":"<p>[vc_row][vc_column][vc_custom_heading text=&#8221;Exhibition &quot;A Look On Vision \u2013 Inside the Human Eye&quot;&#8221; font_container=&#8221;tag:h5|font_size:44px|text_align:center|color:%235f1b52&#8243; google_fonts=&#8221;font_family:Average%20Sans%3Aregular|font_style:400%20regular%3A400%3Anormal&#8221; css=&#8221;&#8221;][\/vc_column][\/vc_row][vc_row][vc_column][vc_column_text css=&#8221;&#8221;] The &#8220;A Look On Vision&#8221; exhibition shows real images of the human eye captured at the Coimbra Surgical Center. The search for the best image [&hellip;]<\/p>\n","protected":false},"author":3,"featured_media":0,"parent":0,"menu_order":0,"comment_status":"closed","ping_status":"closed","template":"","meta":{"_monsterinsights_skip_tracking":false,"_monsterinsights_sitenote_active":false,"_monsterinsights_sitenote_note":"","_monsterinsights_sitenote_category":0,"footnotes":""},"class_list":["post-111830","page","type-page","status-publish","hentry"],"_links":{"self":[{"href":"https:\/\/www.atlasrleye.com\/en\/wp-json\/wp\/v2\/pages\/111830","targetHints":{"allow":["GET"]}}],"collection":[{"href":"https:\/\/www.atlasrleye.com\/en\/wp-json\/wp\/v2\/pages"}],"about":[{"href":"https:\/\/www.atlasrleye.com\/en\/wp-json\/wp\/v2\/types\/page"}],"author":[{"embeddable":true,"href":"https:\/\/www.atlasrleye.com\/en\/wp-json\/wp\/v2\/users\/3"}],"replies":[{"embeddable":true,"href":"https:\/\/www.atlasrleye.com\/en\/wp-json\/wp\/v2\/comments?post=111830"}],"version-history":[{"count":6,"href":"https:\/\/www.atlasrleye.com\/en\/wp-json\/wp\/v2\/pages\/111830\/revisions"}],"predecessor-version":[{"id":111900,"href":"https:\/\/www.atlasrleye.com\/en\/wp-json\/wp\/v2\/pages\/111830\/revisions\/111900"}],"wp:attachment":[{"href":"https:\/\/www.atlasrleye.com\/en\/wp-json\/wp\/v2\/media?parent=111830"}],"curies":[{"name":"wp","href":"https:\/\/api.w.org\/{rel}","templated":true}]}}