{"id":106806,"date":"2024-04-22T15:09:05","date_gmt":"2024-04-22T15:09:05","guid":{"rendered":"https:\/\/www.atlasrleye.com\/?page_id=106806"},"modified":"2024-04-26T14:56:12","modified_gmt":"2024-04-26T14:56:12","slug":"optic-pit-innovative-therapeutic-and-surgical-approach-at-centro-cirurgico-de-coimbra","status":"publish","type":"page","link":"https:\/\/www.atlasrleye.com\/en\/optic-pit-innovative-therapeutic-and-surgical-approach-at-centro-cirurgico-de-coimbra\/","title":{"rendered":"Optic Pit: Innovative Therapeutic and Surgical Approach at Centro Cir\u00fargico de Coimbra"},"content":{"rendered":"<div class=\"wpb-content-wrapper\"><p>[vc_row][vc_column][vc_custom_heading text=&#8221;OPTIC PIT: INNOVATICE THERAPEUTIC AND SURGICAL APPROACH AT CENTRO CIR\u00daRGICO DE COIMBRA&#8221; font_container=&#8221;tag:h5|font_size:44px|text_align:center|color:%235f1b52&#8243; google_fonts=&#8221;font_family:Average%20Sans%3Aregular|font_style:400%20regular%3A400%3Anormal&#8221;]<div class=\"ult-spacer spacer-69e9d38177bf3\" data-id=\"69e9d38177bf3\" data-height=\"70\" data-height-mobile=\"70\" data-height-tab=\"70\" data-height-tab-portrait=\"\" data-height-mobile-landscape=\"\" style=\"clear:both;display:block;\"><\/div>[\/vc_column][\/vc_row][vc_row][vc_column width=&#8221;2\/3&#8243;][vc_column_text]<\/p>\n<div class=\"w-100 middle-subtext text-justify hidden-text\">\n<p style=\"text-align: justify; font-size: 16px;\">Optic Pit is a rare abnormality of the papilla, of unknown etiopathogenesis, which often presents with serous retinal detachment in the macular area and with schisis-like retinal abnormalities and there appears to be communication between the retina and the pit.<\/p>\n<p style=\"text-align: justify; font-size: 16px;\">To date, the low incidence and complexity of this pathology have not made it possible to select an optimal treatment.<\/p>\n<p style=\"text-align: justify; font-size: 16px;\">A novel surgical approach allowed anatomical and functional recovery of the retina of these patients: vitrectomy and gas tamponade, which are essential for drainage of subretinal fluid through the pit; sealing the pit with a scleral piece to prevent liquid from entering the retina.<\/p>\n<p style=\"text-align: justify; font-size: 16px;\">In view of the results obtained, presented in this atlas and in the articles indicated below, the technique used here is, in our opinion, more effective in certain cases of Optic Pit.<\/p>\n<p style=\"text-align: justify; font-size: 16px;\"><a href=\"https:\/\/www.atlasrleye.com\/en\/optic-disc-pits-and-associated-serous-macular-detachments\/\">OPTIC DISC PITS AND ASSOCIATED SEROUS MACULAR DETACHMENTS \u2013 Atlas RL Eye<\/a><\/p>\n<p style=\"text-align: justify; font-size: 16px;\"><a href=\"https:\/\/spoftalmologia.pt\/wp-content\/uploads\/2011\/07\/revista_spo_n3_2011_pp.273-282.pdf\">Optic PIT: Revis\u00e3o de Casos Cir\u00fargicos e Abordagem Terap\u00eautica Inovadora . Ana Travassos, Isaura Regadas, Robert van Velze, M\u00e1rio Alfaiate, Eduardo Silva, Rui Proen\u00e7a, Rufino Silva, Ant\u00f3nio Travassos. Hospitais da Universidade de Coimbra, Centro Cir\u00fargico de Coimbra. Revista da Sociedade Portuguesa de Oftalmologia \u2013 2012, Vol35: pp 273-282. Figura1 (spoftalmologia.pt)<\/a><\/p>\n<p style=\"text-align: justify; font-size: 16px;\"><a href=\"https:\/\/journals.lww.com\/retinajournal\/citation\/2013\/09000\/optic_pit__novel_surgical_management_of.27.aspx\">Travassos AS, Regadas I, Alfaiate M, Silva ED, Proen\u00e7a R, Travassos A. Optic pit: novel surgical management of complicated cases. Retina. 2013 Sep;33(8):1708-14. DOI: 10.1097\/IAE.0b013e31828e699c PMID: 23644559.<\/a><\/p>\n<p>&nbsp;<\/p>\n<\/div>\n<p>[\/vc_column_text][\/vc_column][vc_column css_animation=&#8221;none&#8221; width=&#8221;1\/3&#8243;][vc_single_image image=&#8221;106786&#8243; img_size=&#8221;full&#8221; onclick=&#8221;custom_link&#8221; img_link_target=&#8221;_blank&#8221; link=&#8221;https:\/\/www.atlasrleye.com\/wp-content\/uploads\/2024\/03\/WP_Glaucoma-Automatic-Diagnosis-1.pdf&#8221;][\/vc_column][\/vc_row]<\/p>\n<\/div>","protected":false},"excerpt":{"rendered":"<p>[vc_row][vc_column][vc_custom_heading text=&#8221;OPTIC PIT: INNOVATICE THERAPEUTIC AND SURGICAL APPROACH AT CENTRO CIR\u00daRGICO DE COIMBRA&#8221; font_container=&#8221;tag:h5|font_size:44px|text_align:center|color:%235f1b52&#8243; google_fonts=&#8221;font_family:Average%20Sans%3Aregular|font_style:400%20regular%3A400%3Anormal&#8221;][\/vc_column][\/vc_row][vc_row][vc_column width=&#8221;2\/3&#8243;][vc_column_text] Optic Pit is a rare abnormality of the papilla, of unknown etiopathogenesis, which often presents with serous retinal detachment in the macular area and [&hellip;]<\/p>\n","protected":false},"author":3,"featured_media":0,"parent":0,"menu_order":0,"comment_status":"closed","ping_status":"closed","template":"","meta":{"_monsterinsights_skip_tracking":false,"_monsterinsights_sitenote_active":false,"_monsterinsights_sitenote_note":"","_monsterinsights_sitenote_category":0,"footnotes":""},"class_list":["post-106806","page","type-page","status-publish","hentry"],"_links":{"self":[{"href":"https:\/\/www.atlasrleye.com\/en\/wp-json\/wp\/v2\/pages\/106806","targetHints":{"allow":["GET"]}}],"collection":[{"href":"https:\/\/www.atlasrleye.com\/en\/wp-json\/wp\/v2\/pages"}],"about":[{"href":"https:\/\/www.atlasrleye.com\/en\/wp-json\/wp\/v2\/types\/page"}],"author":[{"embeddable":true,"href":"https:\/\/www.atlasrleye.com\/en\/wp-json\/wp\/v2\/users\/3"}],"replies":[{"embeddable":true,"href":"https:\/\/www.atlasrleye.com\/en\/wp-json\/wp\/v2\/comments?post=106806"}],"version-history":[{"count":10,"href":"https:\/\/www.atlasrleye.com\/en\/wp-json\/wp\/v2\/pages\/106806\/revisions"}],"predecessor-version":[{"id":107138,"href":"https:\/\/www.atlasrleye.com\/en\/wp-json\/wp\/v2\/pages\/106806\/revisions\/107138"}],"wp:attachment":[{"href":"https:\/\/www.atlasrleye.com\/en\/wp-json\/wp\/v2\/media?parent=106806"}],"curies":[{"name":"wp","href":"https:\/\/api.w.org\/{rel}","templated":true}]}}